{"id":9327,"date":"2026-05-07T15:56:51","date_gmt":"2026-05-07T13:56:51","guid":{"rendered":"https:\/\/fhu-premimpact.org\/?page_id=9327"},"modified":"2026-05-07T15:56:54","modified_gmt":"2026-05-07T13:56:54","slug":"vers-un-futur-vaccin-contre-la-meningite-bacterienne-du-nouveau-ne-copie-copie-3-copie-copie-copie-2","status":"publish","type":"page","link":"https:\/\/fhu-premimpact.org\/en\/focus\/vers-un-futur-vaccin-contre-la-meningite-bacterienne-du-nouveau-ne-copie-copie-3-copie-copie-copie-2\/","title":{"rendered":"Deux phtalates pr\u00e9sents dans les plastiques seraient associ\u00e9s chacun \u00e0 environ 8% des naissances pr\u00e9matur\u00e9es"},"content":{"rendered":"\n<p>LONDRES, 10 avril 2026 &#8211; L&#8217;exposition aux phtalates de di-2-\u00e9thylhexyle (DEHP) et de diisononyle (DINP), pr\u00e9sents dans les plastiques, serait associ\u00e9e pour chacun \u00e0 environ 8% des naissances pr\u00e9matur\u00e9es au niveau mondial, avec de fortes variations selon les zones g\u00e9ographiques, selon une \u00e9tude publi\u00e9e dans The Lancet.<\/p>\n\n\n\n<p>Des \u00e9tudes ant\u00e9rieures ont \u00e9tabli un lien entre l&#8217;exposition aux phtalates, largement utilis\u00e9s comme plastifiants, et un risque accru de naissance pr\u00e9matur\u00e9e, principalement par le biais de m\u00e9canismes impliquant une perturbation endocrinienne, des processus inflammatoires et un dysfonctionnement placentaire, mais ces travaux se limitaient \u00e0 des \u00e9tudes individuelles ou \u00e0 des cohortes r\u00e9gionales sans estimation du fardeau mondial des naissances pr\u00e9matur\u00e9es attribuables au DEHP ou \u00e0 l&#8217;un de ses substituts, rappellent Sara Hyman de la Grossman School of Medicine \u00e0 New York et ses coll\u00e8gues.<\/p>\n\n\n\n<p>Pour \u00e9valuer ce fardeau, ils ont utilis\u00e9 des estimations d&#8217;exposition datant de 2018 issues d&#8217;enqu\u00eates de biosurveillance en population g\u00e9n\u00e9rale et de m\u00e9ta-analyses dans les r\u00e9gions ne disposant pas de telles donn\u00e9es. Les r\u00e9sultats d&#8217;une \u00e9tude de cohorte ant\u00e9rieure leur ont servi pour chiffrer le risque \u00e0 partir des donn\u00e9es r\u00e9gionales d&#8217;exposition.<\/p>\n\n\n\n<p>Les chercheurs ont choisi d&#8217;\u00e9tudier l&#8217;impact du DEHP, consid\u00e9r\u00e9 comme un perturbateur endocrinien et qui \u00e9tait l&#8217;un des phtalates les plus utilis\u00e9s, notamment pour assouplir le plastique, mais a \u00e9t\u00e9 retir\u00e9 progressivement du march\u00e9 europ\u00e9en entre 2014 et 2015 pour certains usages (alimentaires, cosm\u00e9tiques et en pu\u00e9riculture).<\/p>\n\n\n\n<p>Les principaux r\u00e9sultats du mod\u00e8le montrent que l&#8217;exposition au DEHP contribue \u00e0 environ 8,7% des naissances pr\u00e9matur\u00e9es \u00e0 l&#8217;\u00e9chelle mondiale, avec 6,7 millions d&#8217;ann\u00e9es de vie perdues, 1,23 million d&#8217;ann\u00e9es v\u00e9cues avec incapacit\u00e9 et 74.300 d\u00e9c\u00e8s n\u00e9onatals.<\/p>\n\n\n\n<p>Ils se sont \u00e9galement int\u00e9ress\u00e9s au DINP. Pour ce phtalate, les estimations sugg\u00e8rent un fardeau comparable, avec 8,3% des naissances pr\u00e9matur\u00e9es attribuables, une perte de 5,8 millions d&#8217;ann\u00e9es de vie, 1,34 million d&#8217;ann\u00e9es v\u00e9cues avec incapacit\u00e9 et 64.000 d\u00e9c\u00e8s n\u00e9onatals.<\/p>\n\n\n\n<p>Afin de prendre en compte les incertitudes li\u00e9es \u00e0 l&#8217;extrapolation d&#8217;effets mesur\u00e9s aux \u00c9tats-Unis, les estimations issues de quatre m\u00e9ta-analyses mondiales ant\u00e9rieures ont \u00e9galement \u00e9t\u00e9 utilis\u00e9es pour calculer des intervalles d&#8217;incertitude. Ceux-ci montrent que les estimations pourraient \u00eatre jusqu&#8217;\u00e0 quatre fois plus faibles pour le DEHP et 10 fois plus faibles pour le DINP, soulignant la n\u00e9cessit\u00e9 de recherches suppl\u00e9mentaires pour affiner l&#8217;\u00e9valuation de la morbidit\u00e9 et de la mortalit\u00e9 associ\u00e9es au DINP.<\/p>\n\n\n\n<p>Les chercheurs ont par ailleurs montr\u00e9 que le fardeau des naissances pr\u00e9matur\u00e9es attribuables \u00e0 ces phtalates est principalement support\u00e9 par le Moyen-Orient, l&#8217;Am\u00e9rique latine, l&#8217;Asie du Sud et l&#8217;Afrique, tant en mati\u00e8re de morbidit\u00e9 que de mortalit\u00e9, avec par exemple respectivement 10,6%, 8,2%, 7,9% et 7,3% des naissances pr\u00e9matur\u00e9es attribuables au DEHP contre 3,3% aux \u00c9tats-Unis et 4,6% en Europe. Ces zones sont connues pour avoir une forte production de plastiques et une importante accumulation de d\u00e9chets. Elles pr\u00e9sentent \u00e9galement les taux de base de naissances pr\u00e9matur\u00e9es les plus \u00e9lev\u00e9s.<\/p>\n\n\n\n<p>&#8220;La mise en \u0153uvre de mesures r\u00e9glementaires visant \u00e0 limiter l&#8217;exposition aux phtalates en tant que classe [et non individuellement] pourrait contribuer \u00e0 r\u00e9duire le fardeau mondial des naissances pr\u00e9matur\u00e9es, en particulier dans les r\u00e9gions \u00e0 haut risque, caract\u00e9ris\u00e9es par une r\u00e9glementation limit\u00e9e et une industrie plastique en expansion&#8221;, concluent les chercheurs.<\/p>\n\n\n\n<p>(The Lancet, publication en ligne du 30 mars&lt;<a href=\"https:\/\/www.thelancet.com\/journals\/eclinm\/article\/PIIS2589-5370(26)00089-1\/fulltext\">https:\/\/www.thelancet.com\/journals\/eclinm\/article\/PIIS2589-5370(26)00089-1\/fulltext<\/a>&gt;)<\/p>\n","protected":false},"excerpt":{"rendered":"<p>LONDRES, 10 avril 2026 &#8211; L&#8217;exposition aux phtalates de di-2-\u00e9thylhexyle (DEHP) et de diisononyle (DINP), pr\u00e9sents dans les plastiques, serait associ\u00e9e pour chacun \u00e0 environ 8% des naissances pr\u00e9matur\u00e9es au niveau mondial, avec de fortes variations selon les zones g\u00e9ographiques, selon une \u00e9tude publi\u00e9e dans The Lancet. Des \u00e9tudes ant\u00e9rieures ont \u00e9tabli un lien entre [&hellip;]<\/p>\n","protected":false},"author":87,"featured_media":0,"parent":151,"menu_order":0,"comment_status":"closed","ping_status":"closed","template":"","meta":{"_editorskit_title_hidden":false,"_editorskit_reading_time":0,"_editorskit_is_block_options_detached":false,"_editorskit_block_options_position":"{}","_uag_custom_page_level_css":"","footnotes":""},"class_list":["post-9327","page","type-page","status-publish","hentry"],"yoast_head":"<!-- This site is optimized with the Yoast SEO plugin v27.2 - https:\/\/yoast.com\/product\/yoast-seo-wordpress\/ -->\n<title>Deux phtalates pr\u00e9sents dans les plastiques seraient associ\u00e9s chacun \u00e0 environ 8% des naissances pr\u00e9matur\u00e9es - FHU Prem&#039;IMPACT<\/title>\n<meta name=\"robots\" content=\"index, follow, max-snippet:-1, max-image-preview:large, max-video-preview:-1\" \/>\n<link rel=\"canonical\" href=\"https:\/\/fhu-premimpact.org\/en\/focus\/vers-un-futur-vaccin-contre-la-meningite-bacterienne-du-nouveau-ne-copie-copie-3-copie-copie-copie-2\/\" \/>\n<meta property=\"og:locale\" content=\"en_US\" \/>\n<meta property=\"og:type\" content=\"article\" \/>\n<meta property=\"og:title\" content=\"Deux phtalates pr\u00e9sents dans les plastiques seraient associ\u00e9s chacun \u00e0 environ 8% des naissances pr\u00e9matur\u00e9es - FHU Prem&#039;IMPACT\" \/>\n<meta property=\"og:description\" content=\"LONDRES, 10 avril 2026 &#8211; L&#8217;exposition aux phtalates de di-2-\u00e9thylhexyle (DEHP) et de diisononyle (DINP), pr\u00e9sents dans les plastiques, serait associ\u00e9e pour chacun \u00e0 environ 8% des naissances pr\u00e9matur\u00e9es au niveau mondial, avec de fortes variations selon les zones g\u00e9ographiques, selon une \u00e9tude publi\u00e9e dans The Lancet. Des \u00e9tudes ant\u00e9rieures ont \u00e9tabli un lien entre [&hellip;]\" \/>\n<meta property=\"og:url\" content=\"https:\/\/fhu-premimpact.org\/en\/focus\/vers-un-futur-vaccin-contre-la-meningite-bacterienne-du-nouveau-ne-copie-copie-3-copie-copie-copie-2\/\" \/>\n<meta property=\"og:site_name\" content=\"FHU Prem&#039;IMPACT\" \/>\n<meta property=\"article:modified_time\" content=\"2026-05-07T13:56:54+00:00\" \/>\n<meta name=\"twitter:card\" content=\"summary_large_image\" \/>\n<meta name=\"twitter:label1\" content=\"Est. reading time\" \/>\n\t<meta name=\"twitter:data1\" content=\"3 minutes\" \/>\n<script type=\"application\/ld+json\" class=\"yoast-schema-graph\">{\"@context\":\"https:\/\/schema.org\",\"@graph\":[{\"@type\":\"WebPage\",\"@id\":\"https:\/\/fhu-premimpact.org\/en\/focus\/vers-un-futur-vaccin-contre-la-meningite-bacterienne-du-nouveau-ne-copie-copie-3-copie-copie-copie-2\/\",\"url\":\"https:\/\/fhu-premimpact.org\/en\/focus\/vers-un-futur-vaccin-contre-la-meningite-bacterienne-du-nouveau-ne-copie-copie-3-copie-copie-copie-2\/\",\"name\":\"Deux phtalates pr\u00e9sents dans les plastiques seraient associ\u00e9s chacun \u00e0 environ 8% des naissances pr\u00e9matur\u00e9es - FHU Prem&#039;IMPACT\",\"isPartOf\":{\"@id\":\"https:\/\/fhu-premimpact.org\/en\/#website\"},\"datePublished\":\"2026-05-07T13:56:51+00:00\",\"dateModified\":\"2026-05-07T13:56:54+00:00\",\"breadcrumb\":{\"@id\":\"https:\/\/fhu-premimpact.org\/en\/focus\/vers-un-futur-vaccin-contre-la-meningite-bacterienne-du-nouveau-ne-copie-copie-3-copie-copie-copie-2\/#breadcrumb\"},\"inLanguage\":\"en-US\",\"potentialAction\":[{\"@type\":\"ReadAction\",\"target\":[\"https:\/\/fhu-premimpact.org\/en\/focus\/vers-un-futur-vaccin-contre-la-meningite-bacterienne-du-nouveau-ne-copie-copie-3-copie-copie-copie-2\/\"]}]},{\"@type\":\"BreadcrumbList\",\"@id\":\"https:\/\/fhu-premimpact.org\/en\/focus\/vers-un-futur-vaccin-contre-la-meningite-bacterienne-du-nouveau-ne-copie-copie-3-copie-copie-copie-2\/#breadcrumb\",\"itemListElement\":[{\"@type\":\"ListItem\",\"position\":1,\"name\":\"Accueil\",\"item\":\"https:\/\/fhu-premimpact.org\/en\/\"},{\"@type\":\"ListItem\",\"position\":2,\"name\":\"Focus\",\"item\":\"https:\/\/fhu-premimpact.org\/en\/focus\/\"},{\"@type\":\"ListItem\",\"position\":3,\"name\":\"Deux phtalates pr\u00e9sents dans les plastiques seraient associ\u00e9s chacun \u00e0 environ 8% des naissances pr\u00e9matur\u00e9es\"}]},{\"@type\":\"WebSite\",\"@id\":\"https:\/\/fhu-premimpact.org\/en\/#website\",\"url\":\"https:\/\/fhu-premimpact.org\/en\/\",\"name\":\"FHU PREM'IMPACT\",\"description\":\"Perinatal inflammation and prematurity\",\"publisher\":{\"@id\":\"https:\/\/fhu-premimpact.org\/en\/#organization\"},\"potentialAction\":[{\"@type\":\"SearchAction\",\"target\":{\"@type\":\"EntryPoint\",\"urlTemplate\":\"https:\/\/fhu-premimpact.org\/en\/?s={search_term_string}\"},\"query-input\":{\"@type\":\"PropertyValueSpecification\",\"valueRequired\":true,\"valueName\":\"search_term_string\"}}],\"inLanguage\":\"en-US\"},{\"@type\":\"Organization\",\"@id\":\"https:\/\/fhu-premimpact.org\/en\/#organization\",\"name\":\"FHU PREM'IMPACT\",\"url\":\"https:\/\/fhu-premimpact.org\/en\/\",\"logo\":{\"@type\":\"ImageObject\",\"inLanguage\":\"en-US\",\"@id\":\"https:\/\/fhu-premimpact.org\/en\/#\/schema\/logo\/image\/\",\"url\":\"https:\/\/fhu-premimpact.org\/wp-content\/uploads\/2025\/03\/logo-grand-centre-fhupremimpact.jpg\",\"contentUrl\":\"https:\/\/fhu-premimpact.org\/wp-content\/uploads\/2025\/03\/logo-grand-centre-fhupremimpact.jpg\",\"width\":1280,\"height\":720,\"caption\":\"FHU PREM'IMPACT\"},\"image\":{\"@id\":\"https:\/\/fhu-premimpact.org\/en\/#\/schema\/logo\/image\/\"},\"sameAs\":[\"https:\/\/www.instagram.com\/fhupremimpact\/\",\"https:\/\/www.linkedin.com\/in\/fhu-prem-impact-ap-hp-inserm-universit-paris-cit-70b911253\/\"]}]}<\/script>\n<!-- \/ Yoast SEO plugin. -->","yoast_head_json":{"title":"Deux phtalates pr\u00e9sents dans les plastiques seraient associ\u00e9s chacun \u00e0 environ 8% des naissances pr\u00e9matur\u00e9es - FHU Prem&#039;IMPACT","robots":{"index":"index","follow":"follow","max-snippet":"max-snippet:-1","max-image-preview":"max-image-preview:large","max-video-preview":"max-video-preview:-1"},"canonical":"https:\/\/fhu-premimpact.org\/en\/focus\/vers-un-futur-vaccin-contre-la-meningite-bacterienne-du-nouveau-ne-copie-copie-3-copie-copie-copie-2\/","og_locale":"en_US","og_type":"article","og_title":"Deux phtalates pr\u00e9sents dans les plastiques seraient associ\u00e9s chacun \u00e0 environ 8% des naissances pr\u00e9matur\u00e9es - FHU Prem&#039;IMPACT","og_description":"LONDRES, 10 avril 2026 &#8211; L&#8217;exposition aux phtalates de di-2-\u00e9thylhexyle (DEHP) et de diisononyle (DINP), pr\u00e9sents dans les plastiques, serait associ\u00e9e pour chacun \u00e0 environ 8% des naissances pr\u00e9matur\u00e9es au niveau mondial, avec de fortes variations selon les zones g\u00e9ographiques, selon une \u00e9tude publi\u00e9e dans The Lancet. Des \u00e9tudes ant\u00e9rieures ont \u00e9tabli un lien entre [&hellip;]","og_url":"https:\/\/fhu-premimpact.org\/en\/focus\/vers-un-futur-vaccin-contre-la-meningite-bacterienne-du-nouveau-ne-copie-copie-3-copie-copie-copie-2\/","og_site_name":"FHU Prem&#039;IMPACT","article_modified_time":"2026-05-07T13:56:54+00:00","twitter_card":"summary_large_image","twitter_misc":{"Est. reading time":"3 minutes"},"schema":{"@context":"https:\/\/schema.org","@graph":[{"@type":"WebPage","@id":"https:\/\/fhu-premimpact.org\/en\/focus\/vers-un-futur-vaccin-contre-la-meningite-bacterienne-du-nouveau-ne-copie-copie-3-copie-copie-copie-2\/","url":"https:\/\/fhu-premimpact.org\/en\/focus\/vers-un-futur-vaccin-contre-la-meningite-bacterienne-du-nouveau-ne-copie-copie-3-copie-copie-copie-2\/","name":"Deux phtalates pr\u00e9sents dans les plastiques seraient associ\u00e9s chacun \u00e0 environ 8% des naissances pr\u00e9matur\u00e9es - FHU Prem&#039;IMPACT","isPartOf":{"@id":"https:\/\/fhu-premimpact.org\/en\/#website"},"datePublished":"2026-05-07T13:56:51+00:00","dateModified":"2026-05-07T13:56:54+00:00","breadcrumb":{"@id":"https:\/\/fhu-premimpact.org\/en\/focus\/vers-un-futur-vaccin-contre-la-meningite-bacterienne-du-nouveau-ne-copie-copie-3-copie-copie-copie-2\/#breadcrumb"},"inLanguage":"en-US","potentialAction":[{"@type":"ReadAction","target":["https:\/\/fhu-premimpact.org\/en\/focus\/vers-un-futur-vaccin-contre-la-meningite-bacterienne-du-nouveau-ne-copie-copie-3-copie-copie-copie-2\/"]}]},{"@type":"BreadcrumbList","@id":"https:\/\/fhu-premimpact.org\/en\/focus\/vers-un-futur-vaccin-contre-la-meningite-bacterienne-du-nouveau-ne-copie-copie-3-copie-copie-copie-2\/#breadcrumb","itemListElement":[{"@type":"ListItem","position":1,"name":"Accueil","item":"https:\/\/fhu-premimpact.org\/en\/"},{"@type":"ListItem","position":2,"name":"Focus","item":"https:\/\/fhu-premimpact.org\/en\/focus\/"},{"@type":"ListItem","position":3,"name":"Deux phtalates pr\u00e9sents dans les plastiques seraient associ\u00e9s chacun \u00e0 environ 8% des naissances pr\u00e9matur\u00e9es"}]},{"@type":"WebSite","@id":"https:\/\/fhu-premimpact.org\/en\/#website","url":"https:\/\/fhu-premimpact.org\/en\/","name":"FHU PREM'IMPACT","description":"Perinatal inflammation and prematurity","publisher":{"@id":"https:\/\/fhu-premimpact.org\/en\/#organization"},"potentialAction":[{"@type":"SearchAction","target":{"@type":"EntryPoint","urlTemplate":"https:\/\/fhu-premimpact.org\/en\/?s={search_term_string}"},"query-input":{"@type":"PropertyValueSpecification","valueRequired":true,"valueName":"search_term_string"}}],"inLanguage":"en-US"},{"@type":"Organization","@id":"https:\/\/fhu-premimpact.org\/en\/#organization","name":"FHU PREM'IMPACT","url":"https:\/\/fhu-premimpact.org\/en\/","logo":{"@type":"ImageObject","inLanguage":"en-US","@id":"https:\/\/fhu-premimpact.org\/en\/#\/schema\/logo\/image\/","url":"https:\/\/fhu-premimpact.org\/wp-content\/uploads\/2025\/03\/logo-grand-centre-fhupremimpact.jpg","contentUrl":"https:\/\/fhu-premimpact.org\/wp-content\/uploads\/2025\/03\/logo-grand-centre-fhupremimpact.jpg","width":1280,"height":720,"caption":"FHU PREM'IMPACT"},"image":{"@id":"https:\/\/fhu-premimpact.org\/en\/#\/schema\/logo\/image\/"},"sameAs":["https:\/\/www.instagram.com\/fhupremimpact\/","https:\/\/www.linkedin.com\/in\/fhu-prem-impact-ap-hp-inserm-universit-paris-cit-70b911253\/"]}]}},"uagb_featured_image_src":{"full":false,"thumbnail":false,"medium":false,"medium_large":false,"large":false,"1536x1536":false,"2048x2048":false,"post-thumbnail":false,"twentytwenty-fullscreen":false},"uagb_author_info":{"display_name":"Laurence Lecomte","author_link":"https:\/\/fhu-premimpact.org\/en\/author\/laurence-lecomte\/"},"uagb_comment_info":0,"uagb_excerpt":"LONDRES, 10 avril 2026 &#8211; L&#8217;exposition aux phtalates de di-2-\u00e9thylhexyle (DEHP) et de diisononyle (DINP), pr\u00e9sents dans les plastiques, serait associ\u00e9e pour chacun \u00e0 environ 8% des naissances pr\u00e9matur\u00e9es au niveau mondial, avec de fortes variations selon les zones g\u00e9ographiques, selon une \u00e9tude publi\u00e9e dans The Lancet. Des \u00e9tudes ant\u00e9rieures ont \u00e9tabli un lien entre&hellip;","_links":{"self":[{"href":"https:\/\/fhu-premimpact.org\/en\/wp-json\/wp\/v2\/pages\/9327","targetHints":{"allow":["GET"]}}],"collection":[{"href":"https:\/\/fhu-premimpact.org\/en\/wp-json\/wp\/v2\/pages"}],"about":[{"href":"https:\/\/fhu-premimpact.org\/en\/wp-json\/wp\/v2\/types\/page"}],"author":[{"embeddable":true,"href":"https:\/\/fhu-premimpact.org\/en\/wp-json\/wp\/v2\/users\/87"}],"replies":[{"embeddable":true,"href":"https:\/\/fhu-premimpact.org\/en\/wp-json\/wp\/v2\/comments?post=9327"}],"version-history":[{"count":1,"href":"https:\/\/fhu-premimpact.org\/en\/wp-json\/wp\/v2\/pages\/9327\/revisions"}],"predecessor-version":[{"id":9328,"href":"https:\/\/fhu-premimpact.org\/en\/wp-json\/wp\/v2\/pages\/9327\/revisions\/9328"}],"up":[{"embeddable":true,"href":"https:\/\/fhu-premimpact.org\/en\/wp-json\/wp\/v2\/pages\/151"}],"wp:attachment":[{"href":"https:\/\/fhu-premimpact.org\/en\/wp-json\/wp\/v2\/media?parent=9327"}],"curies":[{"name":"wp","href":"https:\/\/api.w.org\/{rel}","templated":true}]}}