{"id":9319,"date":"2026-05-07T15:23:20","date_gmt":"2026-05-07T13:23:20","guid":{"rendered":"https:\/\/fhu-premimpact.org\/?page_id=9319"},"modified":"2026-05-07T15:23:22","modified_gmt":"2026-05-07T13:23:22","slug":"vers-un-futur-vaccin-contre-la-meningite-bacterienne-du-nouveau-ne-copie-copie-3-copie-copie-copie","status":"publish","type":"page","link":"https:\/\/fhu-premimpact.org\/en\/focus\/vers-un-futur-vaccin-contre-la-meningite-bacterienne-du-nouveau-ne-copie-copie-3-copie-copie-copie\/","title":{"rendered":"La st\u00e9atose h\u00e9patique associ\u00e9e \u00e0 une hausse du risque d&#8217;accouchement tr\u00e8s pr\u00e9matur\u00e9 et d&#8217;hypertension gravidique"},"content":{"rendered":"\n<p>WASHINGTON, 24 avril 2026 &#8211; Les femmes souffrant d&#8217;une st\u00e9atose h\u00e9patique pendant leur grossesse ont un risque accru d&#8217;hypertension gravidique et d&#8217;accouchement tr\u00e8s pr\u00e9matur\u00e9 (avant 32 semaines d&#8217;am\u00e9norrh\u00e9e), selon une \u00e9tude prospective publi\u00e9e dans Clinical Gastroenterology and Hepatology.<\/p>\n\n\n\n<p>Des \u00e9tudes ant\u00e9rieures ont sugg\u00e9r\u00e9 que pendant la grossesse, une st\u00e9atose h\u00e9patique associ\u00e9e (MASLD) ou non (SLD) \u00e0 un dysfonctionnement m\u00e9tabolique pourrait augmenter le risque de pr\u00e9\u00e9clampsie, d&#8217;accouchement pr\u00e9matur\u00e9 et de diab\u00e8te gestationnel, mais ces \u00e9tudes utilisaient des d\u00e9finitions de la SLD diff\u00e9rentes de la nomenclature actuelle et elles \u00e9taient principalement r\u00e9trospectives ou transversales, observent Tatyana Kushner du Weill Cornell Medicine \u00e0 New York et ses coll\u00e8gues.<\/p>\n\n\n\n<p>Pour mieux d\u00e9crire la pr\u00e9valence de la SLD et ses complications \u00e9ventuelles pendant la grossesse, ils ont men\u00e9 une \u00e9tude prospective monocentrique appel\u00e9e FLIP (Fatty Liver In Pregnancy), qui a inclus 1.194 femmes enceintes au deuxi\u00e8me trimestre de grossesse entre d\u00e9cembre 2019 et novembre 2024.<\/p>\n\n\n\n<p>Une SLD a \u00e9t\u00e9 trouv\u00e9e par \u00e9chographie chez 19,8% de ces femmes (97% sans diagnostic ant\u00e9rieur), avec des crit\u00e8res correspondant \u00e0 une MASLD (SLD associ\u00e9e \u00e0 un facteur de risque m\u00e9tabolique) dans 87% des cas.<\/p>\n\n\n\n<p>La SLD a \u00e9t\u00e9 associ\u00e9e de mani\u00e8re ind\u00e9pendante \u00e0 une hausse du risque d&#8217;hypertension gravidique et d&#8217;accouchement tr\u00e8s pr\u00e9matur\u00e9, avec des odds ratio (OR, mesure approchant le risque relatif) respectivement \u00e0 1,5 et 3,9.<\/p>\n\n\n\n<p>Une SLD mod\u00e9r\u00e9e \u00e0 s\u00e9v\u00e8re augmentait \u00e9galement le risque de diab\u00e8te gestationnel (OR \u00e0 2,4) et une SLD avec une corpulence normale augmentait le risque de nouveau-n\u00e9s de petite taille par rapport \u00e0 leur \u00e2ge gestationnel (OR \u00e0 3,5).<\/p>\n\n\n\n<p>Aucune association significative n&#8217;a \u00e9t\u00e9 trouv\u00e9e avec la pr\u00e9-\u00e9clampsie.<\/p>\n\n\n\n<p>La SLD pendant la grossesse semble constituer un marqueur de risque m\u00e9tabolique \u00e0 long terme actuellement sous-estim\u00e9, concluent les chercheurs. Pour eux, la grossesse repr\u00e9sente une &#8220;opportunit\u00e9 unique d&#8217;identifier les patientes \u00e0 risque et de mettre en \u0153uvre des interventions visant \u00e0 optimiser la sant\u00e9 maternelle avant, pendant et apr\u00e8s l&#8217;accouchement&#8221;.<\/p>\n\n\n\n<p>(Clinical Gastroenterology and Hepatology, publication en ligne du 20 avril&lt;<a href=\"https:\/\/www.cghjournal.org\/article\/S1542-3565(26)00287-9\/fulltext\">https:\/\/www.cghjournal.org\/article\/S1542-3565(26)00287-9\/fulltext<\/a>&gt;)<\/p>\n","protected":false},"excerpt":{"rendered":"<p>WASHINGTON, 24 avril 2026 &#8211; Les femmes souffrant d&#8217;une st\u00e9atose h\u00e9patique pendant leur grossesse ont un risque accru d&#8217;hypertension gravidique et d&#8217;accouchement tr\u00e8s pr\u00e9matur\u00e9 (avant 32 semaines d&#8217;am\u00e9norrh\u00e9e), selon une \u00e9tude prospective publi\u00e9e dans Clinical Gastroenterology and Hepatology. Des \u00e9tudes ant\u00e9rieures ont sugg\u00e9r\u00e9 que pendant la grossesse, une st\u00e9atose h\u00e9patique associ\u00e9e (MASLD) ou non (SLD) [&hellip;]<\/p>\n","protected":false},"author":87,"featured_media":0,"parent":151,"menu_order":3,"comment_status":"closed","ping_status":"closed","template":"","meta":{"_editorskit_title_hidden":false,"_editorskit_reading_time":0,"_editorskit_is_block_options_detached":false,"_editorskit_block_options_position":"{}","_uag_custom_page_level_css":"","footnotes":""},"class_list":["post-9319","page","type-page","status-publish","hentry"],"yoast_head":"<!-- This site is optimized with the Yoast SEO plugin v27.2 - https:\/\/yoast.com\/product\/yoast-seo-wordpress\/ -->\n<title>La st\u00e9atose h\u00e9patique associ\u00e9e \u00e0 une hausse du risque d&#039;accouchement tr\u00e8s pr\u00e9matur\u00e9 et d&#039;hypertension gravidique - FHU Prem&#039;IMPACT<\/title>\n<meta name=\"robots\" content=\"index, follow, max-snippet:-1, max-image-preview:large, max-video-preview:-1\" \/>\n<link rel=\"canonical\" href=\"https:\/\/fhu-premimpact.org\/en\/focus\/vers-un-futur-vaccin-contre-la-meningite-bacterienne-du-nouveau-ne-copie-copie-3-copie-copie-copie\/\" \/>\n<meta property=\"og:locale\" content=\"en_US\" \/>\n<meta property=\"og:type\" content=\"article\" \/>\n<meta property=\"og:title\" content=\"La st\u00e9atose h\u00e9patique associ\u00e9e \u00e0 une hausse du risque d&#039;accouchement tr\u00e8s pr\u00e9matur\u00e9 et d&#039;hypertension gravidique - FHU Prem&#039;IMPACT\" \/>\n<meta property=\"og:description\" content=\"WASHINGTON, 24 avril 2026 &#8211; Les femmes souffrant d&#8217;une st\u00e9atose h\u00e9patique pendant leur grossesse ont un risque accru d&#8217;hypertension gravidique et d&#8217;accouchement tr\u00e8s pr\u00e9matur\u00e9 (avant 32 semaines d&#8217;am\u00e9norrh\u00e9e), selon une \u00e9tude prospective publi\u00e9e dans Clinical Gastroenterology and Hepatology. Des \u00e9tudes ant\u00e9rieures ont sugg\u00e9r\u00e9 que pendant la grossesse, une st\u00e9atose h\u00e9patique associ\u00e9e (MASLD) ou non (SLD) [&hellip;]\" \/>\n<meta property=\"og:url\" content=\"https:\/\/fhu-premimpact.org\/en\/focus\/vers-un-futur-vaccin-contre-la-meningite-bacterienne-du-nouveau-ne-copie-copie-3-copie-copie-copie\/\" \/>\n<meta property=\"og:site_name\" content=\"FHU Prem&#039;IMPACT\" \/>\n<meta property=\"article:modified_time\" content=\"2026-05-07T13:23:22+00:00\" \/>\n<meta name=\"twitter:card\" content=\"summary_large_image\" \/>\n<meta name=\"twitter:label1\" content=\"Est. reading time\" \/>\n\t<meta name=\"twitter:data1\" content=\"2 minutes\" \/>\n<script type=\"application\/ld+json\" class=\"yoast-schema-graph\">{\"@context\":\"https:\/\/schema.org\",\"@graph\":[{\"@type\":\"WebPage\",\"@id\":\"https:\/\/fhu-premimpact.org\/en\/focus\/vers-un-futur-vaccin-contre-la-meningite-bacterienne-du-nouveau-ne-copie-copie-3-copie-copie-copie\/\",\"url\":\"https:\/\/fhu-premimpact.org\/en\/focus\/vers-un-futur-vaccin-contre-la-meningite-bacterienne-du-nouveau-ne-copie-copie-3-copie-copie-copie\/\",\"name\":\"La st\u00e9atose h\u00e9patique associ\u00e9e \u00e0 une hausse du risque d'accouchement tr\u00e8s pr\u00e9matur\u00e9 et d'hypertension gravidique - FHU Prem&#039;IMPACT\",\"isPartOf\":{\"@id\":\"https:\/\/fhu-premimpact.org\/en\/#website\"},\"datePublished\":\"2026-05-07T13:23:20+00:00\",\"dateModified\":\"2026-05-07T13:23:22+00:00\",\"breadcrumb\":{\"@id\":\"https:\/\/fhu-premimpact.org\/en\/focus\/vers-un-futur-vaccin-contre-la-meningite-bacterienne-du-nouveau-ne-copie-copie-3-copie-copie-copie\/#breadcrumb\"},\"inLanguage\":\"en-US\",\"potentialAction\":[{\"@type\":\"ReadAction\",\"target\":[\"https:\/\/fhu-premimpact.org\/en\/focus\/vers-un-futur-vaccin-contre-la-meningite-bacterienne-du-nouveau-ne-copie-copie-3-copie-copie-copie\/\"]}]},{\"@type\":\"BreadcrumbList\",\"@id\":\"https:\/\/fhu-premimpact.org\/en\/focus\/vers-un-futur-vaccin-contre-la-meningite-bacterienne-du-nouveau-ne-copie-copie-3-copie-copie-copie\/#breadcrumb\",\"itemListElement\":[{\"@type\":\"ListItem\",\"position\":1,\"name\":\"Accueil\",\"item\":\"https:\/\/fhu-premimpact.org\/en\/\"},{\"@type\":\"ListItem\",\"position\":2,\"name\":\"Focus\",\"item\":\"https:\/\/fhu-premimpact.org\/en\/focus\/\"},{\"@type\":\"ListItem\",\"position\":3,\"name\":\"La st\u00e9atose h\u00e9patique associ\u00e9e \u00e0 une hausse du risque d&rsquo;accouchement tr\u00e8s pr\u00e9matur\u00e9 et d&rsquo;hypertension gravidique\"}]},{\"@type\":\"WebSite\",\"@id\":\"https:\/\/fhu-premimpact.org\/en\/#website\",\"url\":\"https:\/\/fhu-premimpact.org\/en\/\",\"name\":\"FHU PREM'IMPACT\",\"description\":\"Perinatal inflammation and prematurity\",\"publisher\":{\"@id\":\"https:\/\/fhu-premimpact.org\/en\/#organization\"},\"potentialAction\":[{\"@type\":\"SearchAction\",\"target\":{\"@type\":\"EntryPoint\",\"urlTemplate\":\"https:\/\/fhu-premimpact.org\/en\/?s={search_term_string}\"},\"query-input\":{\"@type\":\"PropertyValueSpecification\",\"valueRequired\":true,\"valueName\":\"search_term_string\"}}],\"inLanguage\":\"en-US\"},{\"@type\":\"Organization\",\"@id\":\"https:\/\/fhu-premimpact.org\/en\/#organization\",\"name\":\"FHU PREM'IMPACT\",\"url\":\"https:\/\/fhu-premimpact.org\/en\/\",\"logo\":{\"@type\":\"ImageObject\",\"inLanguage\":\"en-US\",\"@id\":\"https:\/\/fhu-premimpact.org\/en\/#\/schema\/logo\/image\/\",\"url\":\"https:\/\/fhu-premimpact.org\/wp-content\/uploads\/2025\/03\/logo-grand-centre-fhupremimpact.jpg\",\"contentUrl\":\"https:\/\/fhu-premimpact.org\/wp-content\/uploads\/2025\/03\/logo-grand-centre-fhupremimpact.jpg\",\"width\":1280,\"height\":720,\"caption\":\"FHU PREM'IMPACT\"},\"image\":{\"@id\":\"https:\/\/fhu-premimpact.org\/en\/#\/schema\/logo\/image\/\"},\"sameAs\":[\"https:\/\/www.instagram.com\/fhupremimpact\/\",\"https:\/\/www.linkedin.com\/in\/fhu-prem-impact-ap-hp-inserm-universit-paris-cit-70b911253\/\"]}]}<\/script>\n<!-- \/ Yoast SEO plugin. -->","yoast_head_json":{"title":"La st\u00e9atose h\u00e9patique associ\u00e9e \u00e0 une hausse du risque d'accouchement tr\u00e8s pr\u00e9matur\u00e9 et d'hypertension gravidique - FHU Prem&#039;IMPACT","robots":{"index":"index","follow":"follow","max-snippet":"max-snippet:-1","max-image-preview":"max-image-preview:large","max-video-preview":"max-video-preview:-1"},"canonical":"https:\/\/fhu-premimpact.org\/en\/focus\/vers-un-futur-vaccin-contre-la-meningite-bacterienne-du-nouveau-ne-copie-copie-3-copie-copie-copie\/","og_locale":"en_US","og_type":"article","og_title":"La st\u00e9atose h\u00e9patique associ\u00e9e \u00e0 une hausse du risque d'accouchement tr\u00e8s pr\u00e9matur\u00e9 et d'hypertension gravidique - FHU Prem&#039;IMPACT","og_description":"WASHINGTON, 24 avril 2026 &#8211; Les femmes souffrant d&#8217;une st\u00e9atose h\u00e9patique pendant leur grossesse ont un risque accru d&#8217;hypertension gravidique et d&#8217;accouchement tr\u00e8s pr\u00e9matur\u00e9 (avant 32 semaines d&#8217;am\u00e9norrh\u00e9e), selon une \u00e9tude prospective publi\u00e9e dans Clinical Gastroenterology and Hepatology. Des \u00e9tudes ant\u00e9rieures ont sugg\u00e9r\u00e9 que pendant la grossesse, une st\u00e9atose h\u00e9patique associ\u00e9e (MASLD) ou non (SLD) [&hellip;]","og_url":"https:\/\/fhu-premimpact.org\/en\/focus\/vers-un-futur-vaccin-contre-la-meningite-bacterienne-du-nouveau-ne-copie-copie-3-copie-copie-copie\/","og_site_name":"FHU Prem&#039;IMPACT","article_modified_time":"2026-05-07T13:23:22+00:00","twitter_card":"summary_large_image","twitter_misc":{"Est. reading time":"2 minutes"},"schema":{"@context":"https:\/\/schema.org","@graph":[{"@type":"WebPage","@id":"https:\/\/fhu-premimpact.org\/en\/focus\/vers-un-futur-vaccin-contre-la-meningite-bacterienne-du-nouveau-ne-copie-copie-3-copie-copie-copie\/","url":"https:\/\/fhu-premimpact.org\/en\/focus\/vers-un-futur-vaccin-contre-la-meningite-bacterienne-du-nouveau-ne-copie-copie-3-copie-copie-copie\/","name":"La st\u00e9atose h\u00e9patique associ\u00e9e \u00e0 une hausse du risque d'accouchement tr\u00e8s pr\u00e9matur\u00e9 et d'hypertension gravidique - FHU Prem&#039;IMPACT","isPartOf":{"@id":"https:\/\/fhu-premimpact.org\/en\/#website"},"datePublished":"2026-05-07T13:23:20+00:00","dateModified":"2026-05-07T13:23:22+00:00","breadcrumb":{"@id":"https:\/\/fhu-premimpact.org\/en\/focus\/vers-un-futur-vaccin-contre-la-meningite-bacterienne-du-nouveau-ne-copie-copie-3-copie-copie-copie\/#breadcrumb"},"inLanguage":"en-US","potentialAction":[{"@type":"ReadAction","target":["https:\/\/fhu-premimpact.org\/en\/focus\/vers-un-futur-vaccin-contre-la-meningite-bacterienne-du-nouveau-ne-copie-copie-3-copie-copie-copie\/"]}]},{"@type":"BreadcrumbList","@id":"https:\/\/fhu-premimpact.org\/en\/focus\/vers-un-futur-vaccin-contre-la-meningite-bacterienne-du-nouveau-ne-copie-copie-3-copie-copie-copie\/#breadcrumb","itemListElement":[{"@type":"ListItem","position":1,"name":"Accueil","item":"https:\/\/fhu-premimpact.org\/en\/"},{"@type":"ListItem","position":2,"name":"Focus","item":"https:\/\/fhu-premimpact.org\/en\/focus\/"},{"@type":"ListItem","position":3,"name":"La st\u00e9atose h\u00e9patique associ\u00e9e \u00e0 une hausse du risque d&rsquo;accouchement tr\u00e8s pr\u00e9matur\u00e9 et d&rsquo;hypertension gravidique"}]},{"@type":"WebSite","@id":"https:\/\/fhu-premimpact.org\/en\/#website","url":"https:\/\/fhu-premimpact.org\/en\/","name":"FHU PREM'IMPACT","description":"Perinatal inflammation and prematurity","publisher":{"@id":"https:\/\/fhu-premimpact.org\/en\/#organization"},"potentialAction":[{"@type":"SearchAction","target":{"@type":"EntryPoint","urlTemplate":"https:\/\/fhu-premimpact.org\/en\/?s={search_term_string}"},"query-input":{"@type":"PropertyValueSpecification","valueRequired":true,"valueName":"search_term_string"}}],"inLanguage":"en-US"},{"@type":"Organization","@id":"https:\/\/fhu-premimpact.org\/en\/#organization","name":"FHU PREM'IMPACT","url":"https:\/\/fhu-premimpact.org\/en\/","logo":{"@type":"ImageObject","inLanguage":"en-US","@id":"https:\/\/fhu-premimpact.org\/en\/#\/schema\/logo\/image\/","url":"https:\/\/fhu-premimpact.org\/wp-content\/uploads\/2025\/03\/logo-grand-centre-fhupremimpact.jpg","contentUrl":"https:\/\/fhu-premimpact.org\/wp-content\/uploads\/2025\/03\/logo-grand-centre-fhupremimpact.jpg","width":1280,"height":720,"caption":"FHU PREM'IMPACT"},"image":{"@id":"https:\/\/fhu-premimpact.org\/en\/#\/schema\/logo\/image\/"},"sameAs":["https:\/\/www.instagram.com\/fhupremimpact\/","https:\/\/www.linkedin.com\/in\/fhu-prem-impact-ap-hp-inserm-universit-paris-cit-70b911253\/"]}]}},"uagb_featured_image_src":{"full":false,"thumbnail":false,"medium":false,"medium_large":false,"large":false,"1536x1536":false,"2048x2048":false,"post-thumbnail":false,"twentytwenty-fullscreen":false},"uagb_author_info":{"display_name":"Laurence Lecomte","author_link":"https:\/\/fhu-premimpact.org\/en\/author\/laurence-lecomte\/"},"uagb_comment_info":0,"uagb_excerpt":"WASHINGTON, 24 avril 2026 &#8211; Les femmes souffrant d&#8217;une st\u00e9atose h\u00e9patique pendant leur grossesse ont un risque accru d&#8217;hypertension gravidique et d&#8217;accouchement tr\u00e8s pr\u00e9matur\u00e9 (avant 32 semaines d&#8217;am\u00e9norrh\u00e9e), selon une \u00e9tude prospective publi\u00e9e dans Clinical Gastroenterology and Hepatology. Des \u00e9tudes ant\u00e9rieures ont sugg\u00e9r\u00e9 que pendant la grossesse, une st\u00e9atose h\u00e9patique associ\u00e9e (MASLD) ou non (SLD)&hellip;","_links":{"self":[{"href":"https:\/\/fhu-premimpact.org\/en\/wp-json\/wp\/v2\/pages\/9319","targetHints":{"allow":["GET"]}}],"collection":[{"href":"https:\/\/fhu-premimpact.org\/en\/wp-json\/wp\/v2\/pages"}],"about":[{"href":"https:\/\/fhu-premimpact.org\/en\/wp-json\/wp\/v2\/types\/page"}],"author":[{"embeddable":true,"href":"https:\/\/fhu-premimpact.org\/en\/wp-json\/wp\/v2\/users\/87"}],"replies":[{"embeddable":true,"href":"https:\/\/fhu-premimpact.org\/en\/wp-json\/wp\/v2\/comments?post=9319"}],"version-history":[{"count":1,"href":"https:\/\/fhu-premimpact.org\/en\/wp-json\/wp\/v2\/pages\/9319\/revisions"}],"predecessor-version":[{"id":9320,"href":"https:\/\/fhu-premimpact.org\/en\/wp-json\/wp\/v2\/pages\/9319\/revisions\/9320"}],"up":[{"embeddable":true,"href":"https:\/\/fhu-premimpact.org\/en\/wp-json\/wp\/v2\/pages\/151"}],"wp:attachment":[{"href":"https:\/\/fhu-premimpact.org\/en\/wp-json\/wp\/v2\/media?parent=9319"}],"curies":[{"name":"wp","href":"https:\/\/api.w.org\/{rel}","templated":true}]}}