{"id":9303,"date":"2026-05-05T11:30:06","date_gmt":"2026-05-05T09:30:06","guid":{"rendered":"https:\/\/fhu-premimpact.org\/?page_id=9303"},"modified":"2026-05-05T12:07:30","modified_gmt":"2026-05-05T10:07:30","slug":"les-autres-equipes-de-recherche","status":"publish","type":"page","link":"https:\/\/fhu-premimpact.org\/en\/les-autres-equipes-de-recherche\/","title":{"rendered":"Les autres \u00e9quipes de recherche"},"content":{"rendered":"\n<h2 class=\"wp-block-heading\">\u00c9cole sup\u00e9rieure de physique et de chimie industrielles de la ville de Paris<\/h2>\n\n\n\n<h3 class=\"wp-block-heading\">U1273 &#8220;Physics for Medicine&#8221; Dr Michael tanter er Dr Charlie D\u00e9m\u00e9n\u00e9<\/h3>\n\n\n\n<p>L&#8217;Institut Physique pour la M\u00e9decine (IPM) a \u00e9t\u00e9 fond\u00e9 en 2007 par Mickael Tanter avec une ambition unique : mettre la puissance de la physique au service de la m\u00e9decine.<\/p>\n\n\n\n<p>En tant qu&#8217;unit\u00e9 de recherche commune entre l&#8217;ESPCI Paris-PSL, l&#8217;Inserm et le CNRS, l&#8217;Institut Physique pour la M\u00e9decine a \u00e9t\u00e9 cr\u00e9\u00e9 avec la conviction que les avanc\u00e9es majeures en mati\u00e8re de sant\u00e9 naissent \u00e0 l&#8217;interface des disciplines, en particulier entre la physique fondamentale, l&#8217;ing\u00e9nierie et les sciences biom\u00e9dicales..<\/p>\n\n\n\n<p>D\u00e8s ses premi\u00e8res ann\u00e9es, ses travaux se sont port\u00e9s sur l\u2019imagerie ultrasonore ultra-rapide \u2014 une technologie r\u00e9volutionnaire qui permet une imagerie en temps r\u00e9el \u00e0 des milliers d\u2019images par seconde, bien au-del\u00e0 des capacit\u00e9s de l\u2019\u00e9chographie conventionnelle. Cette innovation a ouvert la voie \u00e0 des applications cliniques enti\u00e8rement nouvelles, de l\u2019imagerie c\u00e9r\u00e9brale fonctionnelle au diagnostic cardiovasculaire, et a jet\u00e9 les bases du d\u00e9veloppement d\u2019approches th\u00e9rapeutiques bas\u00e9es sur les ultrasons.<\/p>\n\n\n\n<p>Depuis 2016, ESPCI h\u00e9berge un acc\u00e9l\u00e9rateur de recherche technologique (ART) unique en son genre, d\u00e9di\u00e9 \u00e0 l&#8217;\u00e9chographie biom\u00e9dicale. L&#8217;ART est compos\u00e9 d&#8217;une \u00e9quipe d&#8217;ing\u00e9nieurs sp\u00e9cialis\u00e9s qui collaborent \u00e9troitement avec les chercheurs afin d&#8217;int\u00e9grer les d\u00e9couvertes de pointe dans des prototypes fonctionnels, permettant ainsi une utilisation fluide par les biologistes et les cliniciens.<\/p>\n\n\n\n<p>Le laboratoire a su pr\u00e9server une forte culture de recherche translationnelle, transf\u00e9rant activement ses d\u00e9couvertes du laboratoire au chevet du patient. Plusieurs start-ups ont \u00e9merg\u00e9 de cet \u00e9cosyst\u00e8me dynamique, fournissant des technologies m\u00e9dicales pour diverses applications de sant\u00e9, notamment le diagnostic du cancer, la neuroimagerie c\u00e9r\u00e9brale, la th\u00e9rapie cardiaque non invasive et le traitement des troubles c\u00e9r\u00e9braux. Ces initiatives refl\u00e8tent non seulement la productivit\u00e9 scientifique du laboratoire, mais aussi son engagement en faveur d\u2019un impact soci\u00e9tal par l\u2019innovation.<\/p>\n\n\n\n<h2 class=\"wp-block-heading\">Coll\u00e8ge de France<\/h2>\n\n\n\n<h3 class=\"wp-block-heading\">Centre interdisciplinaire de recherche en biologie au Coll\u00e8ge de France- CNRS UMR 7241, INSERM U1050 <\/h3>\n\n\n\n<h4 class=\"wp-block-heading\">Equipe \u00ab\u00a0Physique multi\u00e9chelle de la morphogen\u00e8se\u00a0\u00bb &#8211; Dr Herv\u00e9 Turlier<\/h4>\n\n\n\n<p>Cette \u00a0\u00e9quipe concentre ses efforts sur la mod\u00e9lisation physique et num\u00e9rique des premi\u00e8res\u00a0\u00e9tapes du d\u00e9veloppement embryonnaire en consid\u00e9rant l\u2019interaction de plusieurs \u00e9chelles, subcellulaires, cellulaire et multicellulaires, en \u00e9troite collaboration avec des biologistes en France et \u00e0 l\u2019\u00e9tranger.<\/p>\n\n\n\n<p>Leur projet pour les cinq prochaines ann\u00e9es est de r\u00e9tro-concevoir un jumeau num\u00e9rique de l\u2019embryon pr\u00e9coce, en combinant physique, m\u00e9canique et intelligence artificielle.<\/p>\n","protected":false},"excerpt":{"rendered":"<p>\u00c9cole sup\u00e9rieure de physique et de chimie industrielles de la ville de Paris U1273 &#8220;Physics for Medicine&#8221; Dr Michael tanter er Dr Charlie D\u00e9m\u00e9n\u00e9 L&#8217;Institut Physique pour la M\u00e9decine (IPM) a \u00e9t\u00e9 fond\u00e9 en 2007 par Mickael Tanter avec une ambition unique : mettre la puissance de la physique au service de la m\u00e9decine. En [&hellip;]<\/p>\n","protected":false},"author":87,"featured_media":0,"parent":0,"menu_order":0,"comment_status":"closed","ping_status":"closed","template":"","meta":{"_editorskit_title_hidden":false,"_editorskit_reading_time":0,"_editorskit_is_block_options_detached":false,"_editorskit_block_options_position":"{}","_uag_custom_page_level_css":"","footnotes":""},"class_list":["post-9303","page","type-page","status-publish","hentry"],"yoast_head":"<!-- This site is optimized with the Yoast SEO plugin v27.2 - https:\/\/yoast.com\/product\/yoast-seo-wordpress\/ -->\n<title>Les autres \u00e9quipes de recherche - FHU Prem&#039;IMPACT<\/title>\n<meta name=\"robots\" content=\"index, follow, max-snippet:-1, max-image-preview:large, max-video-preview:-1\" \/>\n<link rel=\"canonical\" href=\"https:\/\/fhu-premimpact.org\/en\/les-autres-equipes-de-recherche\/\" \/>\n<meta property=\"og:locale\" content=\"en_US\" \/>\n<meta property=\"og:type\" content=\"article\" \/>\n<meta property=\"og:title\" content=\"Les autres \u00e9quipes de recherche - FHU Prem&#039;IMPACT\" \/>\n<meta property=\"og:description\" content=\"\u00c9cole sup\u00e9rieure de physique et de chimie industrielles de la ville de Paris U1273 &#8220;Physics for Medicine&#8221; Dr Michael tanter er Dr Charlie D\u00e9m\u00e9n\u00e9 L&#8217;Institut Physique pour la M\u00e9decine (IPM) a \u00e9t\u00e9 fond\u00e9 en 2007 par Mickael Tanter avec une ambition unique : mettre la puissance de la physique au service de la m\u00e9decine. En [&hellip;]\" \/>\n<meta property=\"og:url\" content=\"https:\/\/fhu-premimpact.org\/en\/les-autres-equipes-de-recherche\/\" \/>\n<meta property=\"og:site_name\" content=\"FHU Prem&#039;IMPACT\" \/>\n<meta property=\"article:modified_time\" content=\"2026-05-05T10:07:30+00:00\" \/>\n<meta name=\"twitter:card\" content=\"summary_large_image\" \/>\n<meta name=\"twitter:label1\" content=\"Est. reading time\" \/>\n\t<meta name=\"twitter:data1\" content=\"2 minutes\" \/>\n<script type=\"application\/ld+json\" class=\"yoast-schema-graph\">{\"@context\":\"https:\/\/schema.org\",\"@graph\":[{\"@type\":\"WebPage\",\"@id\":\"https:\/\/fhu-premimpact.org\/en\/les-autres-equipes-de-recherche\/\",\"url\":\"https:\/\/fhu-premimpact.org\/en\/les-autres-equipes-de-recherche\/\",\"name\":\"Les autres \u00e9quipes de recherche - FHU Prem&#039;IMPACT\",\"isPartOf\":{\"@id\":\"https:\/\/fhu-premimpact.org\/en\/#website\"},\"datePublished\":\"2026-05-05T09:30:06+00:00\",\"dateModified\":\"2026-05-05T10:07:30+00:00\",\"breadcrumb\":{\"@id\":\"https:\/\/fhu-premimpact.org\/en\/les-autres-equipes-de-recherche\/#breadcrumb\"},\"inLanguage\":\"en-US\",\"potentialAction\":[{\"@type\":\"ReadAction\",\"target\":[\"https:\/\/fhu-premimpact.org\/en\/les-autres-equipes-de-recherche\/\"]}]},{\"@type\":\"BreadcrumbList\",\"@id\":\"https:\/\/fhu-premimpact.org\/en\/les-autres-equipes-de-recherche\/#breadcrumb\",\"itemListElement\":[{\"@type\":\"ListItem\",\"position\":1,\"name\":\"Accueil\",\"item\":\"https:\/\/fhu-premimpact.org\/en\/\"},{\"@type\":\"ListItem\",\"position\":2,\"name\":\"Les autres \u00e9quipes de recherche\"}]},{\"@type\":\"WebSite\",\"@id\":\"https:\/\/fhu-premimpact.org\/en\/#website\",\"url\":\"https:\/\/fhu-premimpact.org\/en\/\",\"name\":\"FHU PREM'IMPACT\",\"description\":\"Perinatal inflammation and prematurity\",\"publisher\":{\"@id\":\"https:\/\/fhu-premimpact.org\/en\/#organization\"},\"potentialAction\":[{\"@type\":\"SearchAction\",\"target\":{\"@type\":\"EntryPoint\",\"urlTemplate\":\"https:\/\/fhu-premimpact.org\/en\/?s={search_term_string}\"},\"query-input\":{\"@type\":\"PropertyValueSpecification\",\"valueRequired\":true,\"valueName\":\"search_term_string\"}}],\"inLanguage\":\"en-US\"},{\"@type\":\"Organization\",\"@id\":\"https:\/\/fhu-premimpact.org\/en\/#organization\",\"name\":\"FHU PREM'IMPACT\",\"url\":\"https:\/\/fhu-premimpact.org\/en\/\",\"logo\":{\"@type\":\"ImageObject\",\"inLanguage\":\"en-US\",\"@id\":\"https:\/\/fhu-premimpact.org\/en\/#\/schema\/logo\/image\/\",\"url\":\"https:\/\/fhu-premimpact.org\/wp-content\/uploads\/2025\/03\/logo-grand-centre-fhupremimpact.jpg\",\"contentUrl\":\"https:\/\/fhu-premimpact.org\/wp-content\/uploads\/2025\/03\/logo-grand-centre-fhupremimpact.jpg\",\"width\":1280,\"height\":720,\"caption\":\"FHU PREM'IMPACT\"},\"image\":{\"@id\":\"https:\/\/fhu-premimpact.org\/en\/#\/schema\/logo\/image\/\"},\"sameAs\":[\"https:\/\/www.instagram.com\/fhupremimpact\/\",\"https:\/\/www.linkedin.com\/in\/fhu-prem-impact-ap-hp-inserm-universit-paris-cit-70b911253\/\"]}]}<\/script>\n<!-- \/ Yoast SEO plugin. -->","yoast_head_json":{"title":"Les autres \u00e9quipes de recherche - FHU Prem&#039;IMPACT","robots":{"index":"index","follow":"follow","max-snippet":"max-snippet:-1","max-image-preview":"max-image-preview:large","max-video-preview":"max-video-preview:-1"},"canonical":"https:\/\/fhu-premimpact.org\/en\/les-autres-equipes-de-recherche\/","og_locale":"en_US","og_type":"article","og_title":"Les autres \u00e9quipes de recherche - FHU Prem&#039;IMPACT","og_description":"\u00c9cole sup\u00e9rieure de physique et de chimie industrielles de la ville de Paris U1273 &#8220;Physics for Medicine&#8221; Dr Michael tanter er Dr Charlie D\u00e9m\u00e9n\u00e9 L&#8217;Institut Physique pour la M\u00e9decine (IPM) a \u00e9t\u00e9 fond\u00e9 en 2007 par Mickael Tanter avec une ambition unique : mettre la puissance de la physique au service de la m\u00e9decine. En [&hellip;]","og_url":"https:\/\/fhu-premimpact.org\/en\/les-autres-equipes-de-recherche\/","og_site_name":"FHU Prem&#039;IMPACT","article_modified_time":"2026-05-05T10:07:30+00:00","twitter_card":"summary_large_image","twitter_misc":{"Est. reading time":"2 minutes"},"schema":{"@context":"https:\/\/schema.org","@graph":[{"@type":"WebPage","@id":"https:\/\/fhu-premimpact.org\/en\/les-autres-equipes-de-recherche\/","url":"https:\/\/fhu-premimpact.org\/en\/les-autres-equipes-de-recherche\/","name":"Les autres \u00e9quipes de recherche - FHU Prem&#039;IMPACT","isPartOf":{"@id":"https:\/\/fhu-premimpact.org\/en\/#website"},"datePublished":"2026-05-05T09:30:06+00:00","dateModified":"2026-05-05T10:07:30+00:00","breadcrumb":{"@id":"https:\/\/fhu-premimpact.org\/en\/les-autres-equipes-de-recherche\/#breadcrumb"},"inLanguage":"en-US","potentialAction":[{"@type":"ReadAction","target":["https:\/\/fhu-premimpact.org\/en\/les-autres-equipes-de-recherche\/"]}]},{"@type":"BreadcrumbList","@id":"https:\/\/fhu-premimpact.org\/en\/les-autres-equipes-de-recherche\/#breadcrumb","itemListElement":[{"@type":"ListItem","position":1,"name":"Accueil","item":"https:\/\/fhu-premimpact.org\/en\/"},{"@type":"ListItem","position":2,"name":"Les autres \u00e9quipes de recherche"}]},{"@type":"WebSite","@id":"https:\/\/fhu-premimpact.org\/en\/#website","url":"https:\/\/fhu-premimpact.org\/en\/","name":"FHU PREM'IMPACT","description":"Perinatal inflammation and prematurity","publisher":{"@id":"https:\/\/fhu-premimpact.org\/en\/#organization"},"potentialAction":[{"@type":"SearchAction","target":{"@type":"EntryPoint","urlTemplate":"https:\/\/fhu-premimpact.org\/en\/?s={search_term_string}"},"query-input":{"@type":"PropertyValueSpecification","valueRequired":true,"valueName":"search_term_string"}}],"inLanguage":"en-US"},{"@type":"Organization","@id":"https:\/\/fhu-premimpact.org\/en\/#organization","name":"FHU PREM'IMPACT","url":"https:\/\/fhu-premimpact.org\/en\/","logo":{"@type":"ImageObject","inLanguage":"en-US","@id":"https:\/\/fhu-premimpact.org\/en\/#\/schema\/logo\/image\/","url":"https:\/\/fhu-premimpact.org\/wp-content\/uploads\/2025\/03\/logo-grand-centre-fhupremimpact.jpg","contentUrl":"https:\/\/fhu-premimpact.org\/wp-content\/uploads\/2025\/03\/logo-grand-centre-fhupremimpact.jpg","width":1280,"height":720,"caption":"FHU PREM'IMPACT"},"image":{"@id":"https:\/\/fhu-premimpact.org\/en\/#\/schema\/logo\/image\/"},"sameAs":["https:\/\/www.instagram.com\/fhupremimpact\/","https:\/\/www.linkedin.com\/in\/fhu-prem-impact-ap-hp-inserm-universit-paris-cit-70b911253\/"]}]}},"uagb_featured_image_src":{"full":false,"thumbnail":false,"medium":false,"medium_large":false,"large":false,"1536x1536":false,"2048x2048":false,"post-thumbnail":false,"twentytwenty-fullscreen":false},"uagb_author_info":{"display_name":"Laurence Lecomte","author_link":"https:\/\/fhu-premimpact.org\/en\/author\/laurence-lecomte\/"},"uagb_comment_info":0,"uagb_excerpt":"\u00c9cole sup\u00e9rieure de physique et de chimie industrielles de la ville de Paris U1273 &#8220;Physics for Medicine&#8221; Dr Michael tanter er Dr Charlie D\u00e9m\u00e9n\u00e9 L&#8217;Institut Physique pour la M\u00e9decine (IPM) a \u00e9t\u00e9 fond\u00e9 en 2007 par Mickael Tanter avec une ambition unique : mettre la puissance de la physique au service de la m\u00e9decine. En&hellip;","_links":{"self":[{"href":"https:\/\/fhu-premimpact.org\/en\/wp-json\/wp\/v2\/pages\/9303","targetHints":{"allow":["GET"]}}],"collection":[{"href":"https:\/\/fhu-premimpact.org\/en\/wp-json\/wp\/v2\/pages"}],"about":[{"href":"https:\/\/fhu-premimpact.org\/en\/wp-json\/wp\/v2\/types\/page"}],"author":[{"embeddable":true,"href":"https:\/\/fhu-premimpact.org\/en\/wp-json\/wp\/v2\/users\/87"}],"replies":[{"embeddable":true,"href":"https:\/\/fhu-premimpact.org\/en\/wp-json\/wp\/v2\/comments?post=9303"}],"version-history":[{"count":2,"href":"https:\/\/fhu-premimpact.org\/en\/wp-json\/wp\/v2\/pages\/9303\/revisions"}],"predecessor-version":[{"id":9308,"href":"https:\/\/fhu-premimpact.org\/en\/wp-json\/wp\/v2\/pages\/9303\/revisions\/9308"}],"wp:attachment":[{"href":"https:\/\/fhu-premimpact.org\/en\/wp-json\/wp\/v2\/media?parent=9303"}],"curies":[{"name":"wp","href":"https:\/\/api.w.org\/{rel}","templated":true}]}}