{"id":9282,"date":"2026-05-04T15:52:52","date_gmt":"2026-05-04T13:52:52","guid":{"rendered":"https:\/\/fhu-premimpact.org\/?page_id=9282"},"modified":"2026-05-04T16:03:02","modified_gmt":"2026-05-04T14:03:02","slug":"les-equipes-de-luniversite-paris-cite","status":"publish","type":"page","link":"https:\/\/fhu-premimpact.org\/en\/les-equipes-de-luniversite-paris-cite\/","title":{"rendered":"les \u00e9quipes de l&#8217;Universit\u00e9 Paris Cit\u00e9"},"content":{"rendered":"\n<h2 class=\"wp-block-heading\">Paris Cit\u00e9 University, Sorbonne University- Institut des Cordeliers<\/h2>\n\n\n\n<h3 class=\"wp-block-heading\">UMRS1138, team \u201cPhysiopathology of Ocular Diseases: Therapeutic Innovations\u201d Pre Francine Behar Cohen<\/h3>\n\n\n\n<p><strong>L\u2019\u0153il est constitu\u00e9 de tissus transparents qui permettent la bonne transmission des photons vers les photor\u00e9cepteurs qui convertissent les photons en signaux \u00e9lectriques vers le cerveau. Comme le cerveau, l\u2019\u0153il est prot\u00e9g\u00e9 par des barri\u00e8res qui emp\u00eachent les m\u00e9dicaments syst\u00e9miques d\u2019atteindre les tissus oculaires.<\/strong><\/p>\n\n\n\n<p>Quelle que soit la cause primitive de la maladie, la vision est perdue par des m\u00e9canismes communs majeurs conduisant \u00e0 la perte de transparence des tissus, \u00e0 la mort des cellules visuelles et \u00e0 des r\u00e9actions tissulaires anormales telles que l\u2019inflammation, la fibrose et la n\u00e9ovascularisation.<\/p>\n\n\n\n<p>Les objectifs de notre \u00e9quipe sont d\u2019identifier des cibles mol\u00e9culaires r\u00e9gulatrices cl\u00e9s impliqu\u00e9es dans la pathogen\u00e8se des principaux m\u00e9canismes responsables de la perte de vision, accessibles \u00e0 la modulation par des m\u00e9dicaments, administr\u00e9s localement, et applicables \u00e0 des maladies d\u2019origines diverses. Nous d\u00e9veloppons une recherche translationnelle afin de r\u00e9pondre au n\u00e9cessaire besoin de th\u00e9rapies m\u00e9dicales innovantes.<\/p>\n\n\n\n<p>Les questions scientifiques qui sous-tendent nos travaux \u00e9mergent de probl\u00e8mes cliniques. Nous analysons \u00e9galement les m\u00e9canismes d\u2019action des m\u00e9dicaments couramment utilis\u00e9s en ophtalmologie ( par ex anti-VEGF et cortico\u00efdes), ainsi que les risques oculaires li\u00e9s \u00e0 l\u2019exposition aux modifications environnementales (exposition \u00e0 la lumi\u00e8re, perturbateurs endocriniens).<\/p>\n\n\n\n<p>Les recherches men\u00e9es par notre \u00e9quipe comblent le foss\u00e9 entre la d\u00e9couverte et la preuve de concept chez l\u2019homme.<\/p>\n\n\n\n<p>La valorisation est envisag\u00e9e pour permettre des d\u00e9veloppements ult\u00e9rieurs des recherches men\u00e9es par l\u2019\u00e9quipe.<\/p>\n\n\n\n<h2 class=\"wp-block-heading\">Paris Cit\u00e9 University &#8211; Institut de Recherche pour le D\u00e9veloppement (IRD)<\/h2>\n\n\n\n<h3 class=\"wp-block-heading\">UMR261, Team MERIT (Mother and child in tropical environment) -Dr Nicaise Ndam<\/h3>\n\n\n\n<p>L\u2019Unit\u00e9 MERIT \u00e0 tutelle principale IRD d\u00e9veloppe des travaux sur la sant\u00e9 des femmes enceintes et des enfants. Historiquement nos travaux portaient sur le paludisme, gestationnel et du jeune enfant, puis progressivement se sont ouverts aux autres infections tropicales et plus r\u00e9cemment aux maladies non transmissibles en lien avec la pollution de l\u2019air et le r\u00e9chauffement climatique principalement. Concernant les femmes enceintes, nous travaillons sur la mise en place d\u2019un vaccin contre le paludisme placentaire et avons port\u00e9 le premier essai de phase 1 du vaccin Var2CSA au B\u00e9nin en 2015. Les travaux se poursuivent pour am\u00e9liorer l\u2019antig\u00e9nicit\u00e9 de ce candidat vaccin. L\u2019UMR travaille \u00e9galement sur une version de vaccin combinant les antig\u00e8nes de divers stades de d\u00e9veloppement de P. falciparum, pour lequel il vient d\u2019obtenir un financement europ\u00e9en \u00e0 l\u2019appel EDCTP3, pour porter un premier candidat de ce vaccin multivalent en essai clinique de phase 3 au B\u00e9nin et dans 5 autres pays Africains (Ghana, Mali, Burkina Faso, Tanzanie et Kenya).&nbsp; Nous explorons \u00e9galement les cons\u00e9quences du paludisme gestationnel sur l\u2019issue de grossesse et le d\u00e9veloppement immunitaire du nouveau-n\u00e9. Pour cela, nous d\u00e9veloppons des travaux au B\u00e9nin en suivant des cohortes de femmes enceintes et leurs nouveau-n\u00e9s et explorons par des m\u00e9thodes de biologie (immunologie, g\u00e9nomique, transcriptomique, prot\u00e9omiques\u2026) le d\u00e9veloppement de la r\u00e9ponse immune dans les premiers mois de vie.<\/p>\n\n\n\n<p>Concernant le jeune enfant, l\u2019unit\u00e9 porte depuis de nombreuses ann\u00e9es des travaux (Projet OPTIMA \u2013 ANR 2023) d\u2019une part sur des biomarqueurs de s\u00e9v\u00e9rit\u00e9 afin d&#8217;am\u00e9liorer la prise en charge de ces enfants et de pr\u00e9venir la progression de la maladie et d\u2019autre part sur la dynamique de l\u2019infection au travers de la relation H\u00f4te-Pathog\u00e8ne.<\/p>\n\n\n\n<p>Concernant la pollution de l\u2019air, nous souhaitons explorer l\u2019effet combin\u00e9 (et interactif) de l\u2019exposition de la femme enceinte au paludisme gestationnel et \u00e0 la pollution sur l\u2019issue de grossesse (poids et terme de naissance), mais \u00e9galement sur le d\u00e9veloppement immunitaire du nouveau-n\u00e9, notamment sa r\u00e9ponse aux vaccins du PEV et anti palustre mis en place au B\u00e9nin.<\/p>\n\n\n\n<p>Ces travaux sont men\u00e9s gr\u00e2ce \u00e0 notre pr\u00e9sence au B\u00e9nin et, prochainement au Togo. Au B\u00e9nin, nous disposons de laboratoires de biologie bien \u00e9quip\u00e9s et d\u2019une puissance de calcul permettant de mener des analyses de biostatistiques et d\u2019\u00e9pid\u00e9miologie de pointe. Nos partenaires principaux sont l\u2019Institut de Recherche Clinique du B\u00e9nin (IRCB &#8211; Pr Achille Massougbodji) et le Centre Hospitalo-Universitaire M\u00e8re et Enfant de la Lagune (CHUMEL \u2013 Pr Jules Alao), tous deux membres de la FHU.<\/p>\n\n\n\n<h2 class=\"wp-block-heading\">Paris Cit\u00e9 University &#8211; GHU Paris centre AP-HP<\/h2>\n\n\n\n<h3 class=\"wp-block-heading\">3UMR 1343 Pharmacologie et \u00e9valuation des th\u00e9rapeutiques chez l&#8217;enfant et la femme enceinte -Pr Jean-Marc Tr\u00e9luyer<\/h3>\n\n\n\n<p>Descriptif \u00e0 venir<\/p>\n\n\n\n<h2 class=\"wp-block-heading\">Paris Cit\u00e9 University &#8211; Institut de psychologie<\/h2>\n\n\n\n<h3 class=\"wp-block-heading\">UR4057, Laboratoire de Psychopathologie et Processus de Sant\u00e9 &#8211; Pre Jaqueline Wendland)<\/h3>\n\n\n\n<p>Les \u00e9tudes s&#8217;effectuent dans les champs de la psychopathologie parentale p\u00e9rinatale et de la psychopathologie et d\u00e9veloppement de la petite enfance. Les recherches visent \u00e0 \u00e9tudier le processus de parentalit\u00e9 dans ses aspects typiques et atypiques, la qualit\u00e9 des interactions parents-b\u00e9b\u00e9\/jeune enfant et le d\u00e9veloppement pr\u00e9coce lorsque les (futurs) parents et leur (futur) enfant sont expos\u00e9s \u00e0 des facteurs de risque de nature psychopathologique (notamment impact de la d\u00e9pression, anxi\u00e9t\u00e9 et stress en p\u00e9riode p\u00e9rinatale, impact des troubles psychotiques et troubles de la personnalit\u00e9 sur les interactions parent-b\u00e9b\u00e9 et la parentalit\u00e9), sociale (ex. monoparentalit\u00e9, violence intra-familiale), environnementale (ex. expositions en milieu professionnel pendant la grossesse et le post-partum) et\/ou somatique (ex. complications de la grossesse). Nous proposons et testons \u00e9galement des mod\u00e8les d\u2019interventions pr\u00e9coces (ex. dans les milieux d&#8217;accueil du jeune enfant, tels que les cr\u00e8ches, les assistantes maternelles) et effectuons des validations d\u2019outils d\u2019\u00e9valuation utilis\u00e9s dans la recherche clinique en p\u00e9rinatalit\u00e9 et petite enfance (ex. outils de mesure : attachement pr\u00e9natal, v\u00e9cu de l&#8217;accouchement, anxi\u00e9t\u00e9 p\u00e9rinatale, bonding, sentiment de s\u00e9curit\u00e9 postnatale etc).<\/p>\n","protected":false},"excerpt":{"rendered":"<p>Paris Cit\u00e9 University, Sorbonne University- Institut des Cordeliers UMRS1138, team \u201cPhysiopathology of Ocular Diseases: Therapeutic Innovations\u201d Pre Francine Behar Cohen L\u2019\u0153il est constitu\u00e9 de tissus transparents qui permettent la bonne transmission des photons vers les photor\u00e9cepteurs qui convertissent les photons en signaux \u00e9lectriques vers le cerveau. Comme le cerveau, l\u2019\u0153il est prot\u00e9g\u00e9 par des barri\u00e8res [&hellip;]<\/p>\n","protected":false},"author":87,"featured_media":0,"parent":0,"menu_order":0,"comment_status":"closed","ping_status":"closed","template":"","meta":{"_editorskit_title_hidden":false,"_editorskit_reading_time":0,"_editorskit_is_block_options_detached":false,"_editorskit_block_options_position":"{}","_uag_custom_page_level_css":"","footnotes":""},"class_list":["post-9282","page","type-page","status-publish","hentry"],"yoast_head":"<!-- This site is optimized with the Yoast SEO plugin v27.2 - https:\/\/yoast.com\/product\/yoast-seo-wordpress\/ -->\n<title>les \u00e9quipes de l&#039;Universit\u00e9 Paris Cit\u00e9 - FHU Prem&#039;IMPACT<\/title>\n<meta name=\"robots\" content=\"index, follow, max-snippet:-1, max-image-preview:large, max-video-preview:-1\" \/>\n<link rel=\"canonical\" href=\"https:\/\/fhu-premimpact.org\/en\/les-equipes-de-luniversite-paris-cite\/\" \/>\n<meta property=\"og:locale\" content=\"en_US\" \/>\n<meta property=\"og:type\" content=\"article\" \/>\n<meta property=\"og:title\" content=\"les \u00e9quipes de l&#039;Universit\u00e9 Paris Cit\u00e9 - FHU Prem&#039;IMPACT\" \/>\n<meta property=\"og:description\" content=\"Paris Cit\u00e9 University, Sorbonne University- Institut des Cordeliers UMRS1138, team \u201cPhysiopathology of Ocular Diseases: Therapeutic Innovations\u201d Pre Francine Behar Cohen L\u2019\u0153il est constitu\u00e9 de tissus transparents qui permettent la bonne transmission des photons vers les photor\u00e9cepteurs qui convertissent les photons en signaux \u00e9lectriques vers le cerveau. Comme le cerveau, l\u2019\u0153il est prot\u00e9g\u00e9 par des barri\u00e8res [&hellip;]\" \/>\n<meta property=\"og:url\" content=\"https:\/\/fhu-premimpact.org\/en\/les-equipes-de-luniversite-paris-cite\/\" \/>\n<meta property=\"og:site_name\" content=\"FHU Prem&#039;IMPACT\" \/>\n<meta property=\"article:modified_time\" content=\"2026-05-04T14:03:02+00:00\" \/>\n<meta name=\"twitter:card\" content=\"summary_large_image\" \/>\n<meta name=\"twitter:label1\" content=\"Est. reading time\" \/>\n\t<meta name=\"twitter:data1\" content=\"5 minutes\" \/>\n<script type=\"application\/ld+json\" class=\"yoast-schema-graph\">{\"@context\":\"https:\/\/schema.org\",\"@graph\":[{\"@type\":\"WebPage\",\"@id\":\"https:\/\/fhu-premimpact.org\/en\/les-equipes-de-luniversite-paris-cite\/\",\"url\":\"https:\/\/fhu-premimpact.org\/en\/les-equipes-de-luniversite-paris-cite\/\",\"name\":\"les \u00e9quipes de l'Universit\u00e9 Paris Cit\u00e9 - FHU Prem&#039;IMPACT\",\"isPartOf\":{\"@id\":\"https:\/\/fhu-premimpact.org\/en\/#website\"},\"datePublished\":\"2026-05-04T13:52:52+00:00\",\"dateModified\":\"2026-05-04T14:03:02+00:00\",\"breadcrumb\":{\"@id\":\"https:\/\/fhu-premimpact.org\/en\/les-equipes-de-luniversite-paris-cite\/#breadcrumb\"},\"inLanguage\":\"en-US\",\"potentialAction\":[{\"@type\":\"ReadAction\",\"target\":[\"https:\/\/fhu-premimpact.org\/en\/les-equipes-de-luniversite-paris-cite\/\"]}]},{\"@type\":\"BreadcrumbList\",\"@id\":\"https:\/\/fhu-premimpact.org\/en\/les-equipes-de-luniversite-paris-cite\/#breadcrumb\",\"itemListElement\":[{\"@type\":\"ListItem\",\"position\":1,\"name\":\"Accueil\",\"item\":\"https:\/\/fhu-premimpact.org\/en\/\"},{\"@type\":\"ListItem\",\"position\":2,\"name\":\"les \u00e9quipes de l&rsquo;Universit\u00e9 Paris Cit\u00e9\"}]},{\"@type\":\"WebSite\",\"@id\":\"https:\/\/fhu-premimpact.org\/en\/#website\",\"url\":\"https:\/\/fhu-premimpact.org\/en\/\",\"name\":\"FHU PREM'IMPACT\",\"description\":\"Perinatal inflammation and prematurity\",\"publisher\":{\"@id\":\"https:\/\/fhu-premimpact.org\/en\/#organization\"},\"potentialAction\":[{\"@type\":\"SearchAction\",\"target\":{\"@type\":\"EntryPoint\",\"urlTemplate\":\"https:\/\/fhu-premimpact.org\/en\/?s={search_term_string}\"},\"query-input\":{\"@type\":\"PropertyValueSpecification\",\"valueRequired\":true,\"valueName\":\"search_term_string\"}}],\"inLanguage\":\"en-US\"},{\"@type\":\"Organization\",\"@id\":\"https:\/\/fhu-premimpact.org\/en\/#organization\",\"name\":\"FHU PREM'IMPACT\",\"url\":\"https:\/\/fhu-premimpact.org\/en\/\",\"logo\":{\"@type\":\"ImageObject\",\"inLanguage\":\"en-US\",\"@id\":\"https:\/\/fhu-premimpact.org\/en\/#\/schema\/logo\/image\/\",\"url\":\"https:\/\/fhu-premimpact.org\/wp-content\/uploads\/2025\/03\/logo-grand-centre-fhupremimpact.jpg\",\"contentUrl\":\"https:\/\/fhu-premimpact.org\/wp-content\/uploads\/2025\/03\/logo-grand-centre-fhupremimpact.jpg\",\"width\":1280,\"height\":720,\"caption\":\"FHU PREM'IMPACT\"},\"image\":{\"@id\":\"https:\/\/fhu-premimpact.org\/en\/#\/schema\/logo\/image\/\"},\"sameAs\":[\"https:\/\/www.instagram.com\/fhupremimpact\/\",\"https:\/\/www.linkedin.com\/in\/fhu-prem-impact-ap-hp-inserm-universit-paris-cit-70b911253\/\"]}]}<\/script>\n<!-- \/ Yoast SEO plugin. -->","yoast_head_json":{"title":"les \u00e9quipes de l'Universit\u00e9 Paris Cit\u00e9 - FHU Prem&#039;IMPACT","robots":{"index":"index","follow":"follow","max-snippet":"max-snippet:-1","max-image-preview":"max-image-preview:large","max-video-preview":"max-video-preview:-1"},"canonical":"https:\/\/fhu-premimpact.org\/en\/les-equipes-de-luniversite-paris-cite\/","og_locale":"en_US","og_type":"article","og_title":"les \u00e9quipes de l'Universit\u00e9 Paris Cit\u00e9 - FHU Prem&#039;IMPACT","og_description":"Paris Cit\u00e9 University, Sorbonne University- Institut des Cordeliers UMRS1138, team \u201cPhysiopathology of Ocular Diseases: Therapeutic Innovations\u201d Pre Francine Behar Cohen L\u2019\u0153il est constitu\u00e9 de tissus transparents qui permettent la bonne transmission des photons vers les photor\u00e9cepteurs qui convertissent les photons en signaux \u00e9lectriques vers le cerveau. Comme le cerveau, l\u2019\u0153il est prot\u00e9g\u00e9 par des barri\u00e8res [&hellip;]","og_url":"https:\/\/fhu-premimpact.org\/en\/les-equipes-de-luniversite-paris-cite\/","og_site_name":"FHU Prem&#039;IMPACT","article_modified_time":"2026-05-04T14:03:02+00:00","twitter_card":"summary_large_image","twitter_misc":{"Est. reading time":"5 minutes"},"schema":{"@context":"https:\/\/schema.org","@graph":[{"@type":"WebPage","@id":"https:\/\/fhu-premimpact.org\/en\/les-equipes-de-luniversite-paris-cite\/","url":"https:\/\/fhu-premimpact.org\/en\/les-equipes-de-luniversite-paris-cite\/","name":"les \u00e9quipes de l'Universit\u00e9 Paris Cit\u00e9 - FHU Prem&#039;IMPACT","isPartOf":{"@id":"https:\/\/fhu-premimpact.org\/en\/#website"},"datePublished":"2026-05-04T13:52:52+00:00","dateModified":"2026-05-04T14:03:02+00:00","breadcrumb":{"@id":"https:\/\/fhu-premimpact.org\/en\/les-equipes-de-luniversite-paris-cite\/#breadcrumb"},"inLanguage":"en-US","potentialAction":[{"@type":"ReadAction","target":["https:\/\/fhu-premimpact.org\/en\/les-equipes-de-luniversite-paris-cite\/"]}]},{"@type":"BreadcrumbList","@id":"https:\/\/fhu-premimpact.org\/en\/les-equipes-de-luniversite-paris-cite\/#breadcrumb","itemListElement":[{"@type":"ListItem","position":1,"name":"Accueil","item":"https:\/\/fhu-premimpact.org\/en\/"},{"@type":"ListItem","position":2,"name":"les \u00e9quipes de l&rsquo;Universit\u00e9 Paris Cit\u00e9"}]},{"@type":"WebSite","@id":"https:\/\/fhu-premimpact.org\/en\/#website","url":"https:\/\/fhu-premimpact.org\/en\/","name":"FHU PREM'IMPACT","description":"Perinatal inflammation and prematurity","publisher":{"@id":"https:\/\/fhu-premimpact.org\/en\/#organization"},"potentialAction":[{"@type":"SearchAction","target":{"@type":"EntryPoint","urlTemplate":"https:\/\/fhu-premimpact.org\/en\/?s={search_term_string}"},"query-input":{"@type":"PropertyValueSpecification","valueRequired":true,"valueName":"search_term_string"}}],"inLanguage":"en-US"},{"@type":"Organization","@id":"https:\/\/fhu-premimpact.org\/en\/#organization","name":"FHU PREM'IMPACT","url":"https:\/\/fhu-premimpact.org\/en\/","logo":{"@type":"ImageObject","inLanguage":"en-US","@id":"https:\/\/fhu-premimpact.org\/en\/#\/schema\/logo\/image\/","url":"https:\/\/fhu-premimpact.org\/wp-content\/uploads\/2025\/03\/logo-grand-centre-fhupremimpact.jpg","contentUrl":"https:\/\/fhu-premimpact.org\/wp-content\/uploads\/2025\/03\/logo-grand-centre-fhupremimpact.jpg","width":1280,"height":720,"caption":"FHU PREM'IMPACT"},"image":{"@id":"https:\/\/fhu-premimpact.org\/en\/#\/schema\/logo\/image\/"},"sameAs":["https:\/\/www.instagram.com\/fhupremimpact\/","https:\/\/www.linkedin.com\/in\/fhu-prem-impact-ap-hp-inserm-universit-paris-cit-70b911253\/"]}]}},"uagb_featured_image_src":{"full":false,"thumbnail":false,"medium":false,"medium_large":false,"large":false,"1536x1536":false,"2048x2048":false,"post-thumbnail":false,"twentytwenty-fullscreen":false},"uagb_author_info":{"display_name":"Laurence Lecomte","author_link":"https:\/\/fhu-premimpact.org\/en\/author\/laurence-lecomte\/"},"uagb_comment_info":0,"uagb_excerpt":"Paris Cit\u00e9 University, Sorbonne University- Institut des Cordeliers UMRS1138, team \u201cPhysiopathology of Ocular Diseases: Therapeutic Innovations\u201d Pre Francine Behar Cohen L\u2019\u0153il est constitu\u00e9 de tissus transparents qui permettent la bonne transmission des photons vers les photor\u00e9cepteurs qui convertissent les photons en signaux \u00e9lectriques vers le cerveau. Comme le cerveau, l\u2019\u0153il est prot\u00e9g\u00e9 par des barri\u00e8res&hellip;","_links":{"self":[{"href":"https:\/\/fhu-premimpact.org\/en\/wp-json\/wp\/v2\/pages\/9282","targetHints":{"allow":["GET"]}}],"collection":[{"href":"https:\/\/fhu-premimpact.org\/en\/wp-json\/wp\/v2\/pages"}],"about":[{"href":"https:\/\/fhu-premimpact.org\/en\/wp-json\/wp\/v2\/types\/page"}],"author":[{"embeddable":true,"href":"https:\/\/fhu-premimpact.org\/en\/wp-json\/wp\/v2\/users\/87"}],"replies":[{"embeddable":true,"href":"https:\/\/fhu-premimpact.org\/en\/wp-json\/wp\/v2\/comments?post=9282"}],"version-history":[{"count":3,"href":"https:\/\/fhu-premimpact.org\/en\/wp-json\/wp\/v2\/pages\/9282\/revisions"}],"predecessor-version":[{"id":9286,"href":"https:\/\/fhu-premimpact.org\/en\/wp-json\/wp\/v2\/pages\/9282\/revisions\/9286"}],"wp:attachment":[{"href":"https:\/\/fhu-premimpact.org\/en\/wp-json\/wp\/v2\/media?parent=9282"}],"curies":[{"name":"wp","href":"https:\/\/api.w.org\/{rel}","templated":true}]}}