{"id":9245,"date":"2025-09-15T11:26:36","date_gmt":"2025-09-15T09:26:36","guid":{"rendered":"https:\/\/fhu-premimpact.org\/?page_id=9245"},"modified":"2026-04-16T12:16:50","modified_gmt":"2026-04-16T10:16:50","slug":"vers-un-futur-vaccin-contre-la-meningite-bacterienne-du-nouveau-ne-copie-copie-3-copie-copie-4-copie","status":"publish","type":"page","link":"https:\/\/fhu-premimpact.org\/en\/focus\/vers-un-futur-vaccin-contre-la-meningite-bacterienne-du-nouveau-ne-copie-copie-3-copie-copie-4-copie\/","title":{"rendered":"Thrombocytop\u00e9nie s\u00e9v\u00e8re du pr\u00e9matur\u00e9: un outil de pr\u00e9diction dynamique des b\u00e9n\u00e9fices et risques li\u00e9s \u00e0\u00a0la\u00a0transfusion"},"content":{"rendered":"\n<p>WASHINGTON, 15 septembre 2025 &#8211; Un nouveau mod\u00e8le visant \u00e0 pr\u00e9dire de fa\u00e7on dynamique (toutes les deux heures) le risque d&#8217;h\u00e9morragie majeure ou de d\u00e9c\u00e8s chez les nouveau-n\u00e9s pr\u00e9matur\u00e9s atteints de thrombocytop\u00e9nie s\u00e9v\u00e8re, en pr\u00e9sence ou en l&#8217;absence d&#8217;une transfusion de plaquettes prophylactique, a \u00e9t\u00e9 d\u00e9velopp\u00e9 par une \u00e9quipe de chercheurs europ\u00e9ens, montrant des variations importantes entre individus<strong> <\/strong>sur la base de leurs caract\u00e9ristiques cliniques.<\/p>\n\n\n\n<p>Leurs travaux publi\u00e9s lundi dans le Journal of the American Medical Association (JAMA) &#8220;constituent une \u00e9tape importante dans la compr\u00e9hension des risques d&#8217;h\u00e9morragie majeure ou de d\u00e9c\u00e8s chez les nouveau-n\u00e9s et de toute modification potentielle apport\u00e9e par les diff\u00e9rentes strat\u00e9gies de transfusion de plaquettes&#8221;, estiment les auteurs d&#8217;un \u00e9ditorial accompagnant l&#8217;article.<\/p>\n\n\n\n<p>Les b\u00e9b\u00e9s pr\u00e9matur\u00e9s pr\u00e9sentant une thrombocytop\u00e9nie s\u00e9v\u00e8re re\u00e7oivent souvent des transfusions de plaquettes prophylactiques pour r\u00e9duire le risque h\u00e9morragique et de d\u00e9c\u00e8s. Celles-ci peuvent cependant, dans certains cas, \u00eatre d\u00e9l\u00e9t\u00e8res et avoir l&#8217;effet inverse, mais on ne sait pas \u00e0 quel moment ni chez quel enfant ces transfusions r\u00e9duisent le risque h\u00e9morragique et de d\u00e9c\u00e8s, soulignent Hilde van der Staaij du centre m\u00e9dical de Leyde (Pays-Bas) et ses coll\u00e8gues.<\/p>\n\n\n\n<p>Ils ont d\u00e9velopp\u00e9 et effectu\u00e9 une premi\u00e8re validation d&#8217;un mod\u00e8le pr\u00e9dictif dynamique des h\u00e9morragies majeures ou d\u00e9c\u00e8s sous deux sc\u00e9narios hypoth\u00e9tiques, \u00e0 savoir l&#8217;administration dans les six heures d&#8217;une transfusion de plaquettes prophylactique, ou pas de transfusion de plaquettes pr\u00e9vue dans les trois jours. Le risque \u00e9tait r\u00e9\u00e9valu\u00e9 dans ce mod\u00e8le toutes les deux heures, au cours de la premi\u00e8re semaine suivant le d\u00e9but de la thrombocytop\u00e9nie.<\/p>\n\n\n\n<p>Les facteurs pr\u00e9dictifs pris en compte \u00e9taient l&#8217;\u00e2ge gestationnel et post-natal, le petit poids pour l&#8217;\u00e2ge gestationnel, la pr\u00e9sence d&#8217;une ent\u00e9rocolite n\u00e9crosante, d&#8217;un sepsis, d&#8217;une ventilation m\u00e9canique, le recours \u00e0 des agents vaso-actifs, le taux de plaquettes et les ant\u00e9c\u00e9dents de transfusion de plaquettes.<\/p>\n\n\n\n<p>Leur mod\u00e8le a \u00e9t\u00e9 d\u00e9velopp\u00e9 sur une cohorte internationale multicentrique (1.042 nouveau-n\u00e9s) issue de 14&nbsp;unit\u00e9s de r\u00e9animation n\u00e9onatale, et l&#8217;\u00e9valuation du mod\u00e8le a \u00e9t\u00e9 r\u00e9alis\u00e9e sur une cohorte multicentrique nationale n\u00e9erlandaise (637 nouveau-n\u00e9s) issue de deux unit\u00e9s de r\u00e9animation n\u00e9onatales, distincte dans le temps.<\/p>\n\n\n\n<p>Le taux d&#8217;h\u00e9morragie majeure ou de d\u00e9c\u00e8s dans les trois jours \u00e9tait de 23% dans la cohorte de d\u00e9veloppement et de 21% dans la cohorte de validation.<\/p>\n\n\n\n<p>L&#8217;aire sous la courbe, refl\u00e9tant la proportion de pr\u00e9dictions correctes des risques \u00e9valu\u00e9s, \u00e9tait de 0,69 dans le sc\u00e9nario avec transfusion prophylactique et de 0,85 dans le sc\u00e9nario sans transfusion.<\/p>\n\n\n\n<p>Les risques estim\u00e9s \u00e9taient cependant extr\u00eamement variables selon la condition clinique de l&#8217;enfant au moment de la pr\u00e9diction, soulignent les auteurs.<\/p>\n\n\n\n<p>Les r\u00e9sultats indiquent que la transfusion de plaquettes prophylactique tend \u00e0 montrer une r\u00e9duction du risque d&#8217;h\u00e9morragie ou de d\u00e9c\u00e8s lorsque les taux de plaquettes pr\u00e9-transfusion sont les plus bas, et que cet effet diminue lorsque le taux de plaquettes augmente, en particulier pour le quintile correspondant \u00e0 des taux de plaquettes compris entre 20.000 et 30.000\/\u00b5L. Au-dessus, les r\u00e9sultats montrent un effet d\u00e9l\u00e9t\u00e8re de la transfusion prophylactique.<\/p>\n\n\n\n<p>Ces r\u00e9sultats &#8220;soutiennent le concept d&#8217;une courbe de seuil o\u00f9, au-dessus de certains taux de plaquettes, en tenant compte des autres facteurs cliniques sp\u00e9cifiques, les b\u00e9n\u00e9fices projet\u00e9s des [transfusions de] plaquettes tendent \u00e0 \u00eatre d\u00e9pass\u00e9s par les risques -plut\u00f4t qu&#8217;une simple absence d&#8217;effet&#8221;, commentent Ryan Metcalf de l&#8217;universit\u00e9 de l&#8217;Utah \u00e0 Salt Lake City et ses coll\u00e8gues dans l&#8217;\u00e9ditorial.<\/p>\n\n\n\n<p>Ces r\u00e9sultats sont globalement en ligne avec les recommandations internationales pour les nouveau-n\u00e9s pr\u00e9matur\u00e9s, ajoutent-ils.<\/p>\n\n\n\n<p>La valeur de ce mod\u00e8le pour guider les d\u00e9cisions individuelles de transfusion doit \u00eatre \u00e9valu\u00e9e dans d&#8217;autres \u00e9tudes, soulignent les auteurs de l&#8217;\u00e9tude.<\/p>\n\n\n\n<p>(JAMA, <a href=\"https:\/\/jamanetwork.com\/journals\/jama\/fullarticle\/10.1001\/jama.2025.14194?guestAccessKey=1510e8d1-6189-4c10-b923-325659f52145&amp;utm_source=for_the_media&amp;utm_medium=referral&amp;utm_campaign=ftm_links&amp;utm_content=tfl&amp;utm_term=091525\" target=\"_blank\" rel=\"noreferrer noopener\">publication en ligne du 15 septembre<\/a> et <a href=\"https:\/\/jamanetwork.com\/journals\/jama\/fullarticle\/10.1001\/jama.2025.14389?guestAccessKey=3d522d61-98d8-4b5b-ac50-dbb7057365f9&amp;utm_source=for_the_media&amp;utm_medium=referral&amp;utm_campaign=ftm_links&amp;utm_content=tfl&amp;utm_term=091525\" target=\"_blank\" rel=\"noreferrer noopener\">\u00e9ditorial<\/a>)<\/p>\n","protected":false},"excerpt":{"rendered":"<p>WASHINGTON, 15 septembre 2025 &#8211; Un nouveau mod\u00e8le visant \u00e0 pr\u00e9dire de fa\u00e7on dynamique (toutes les deux heures) le risque d&#8217;h\u00e9morragie majeure ou de d\u00e9c\u00e8s chez les nouveau-n\u00e9s pr\u00e9matur\u00e9s atteints de thrombocytop\u00e9nie s\u00e9v\u00e8re, en pr\u00e9sence ou en l&#8217;absence d&#8217;une transfusion de plaquettes prophylactique, a \u00e9t\u00e9 d\u00e9velopp\u00e9 par une \u00e9quipe de chercheurs europ\u00e9ens, montrant des variations [&hellip;]<\/p>\n","protected":false},"author":87,"featured_media":0,"parent":151,"menu_order":19,"comment_status":"closed","ping_status":"closed","template":"","meta":{"_editorskit_title_hidden":false,"_editorskit_reading_time":0,"_editorskit_is_block_options_detached":false,"_editorskit_block_options_position":"{}","_uag_custom_page_level_css":"","footnotes":""},"class_list":["post-9245","page","type-page","status-publish","hentry"],"yoast_head":"<!-- This site is optimized with the Yoast SEO plugin v27.2 - https:\/\/yoast.com\/product\/yoast-seo-wordpress\/ -->\n<title>Thrombocytop\u00e9nie s\u00e9v\u00e8re du pr\u00e9matur\u00e9: un outil de pr\u00e9diction dynamique des b\u00e9n\u00e9fices et risques li\u00e9s \u00e0\u00a0la\u00a0transfusion - FHU Prem&#039;IMPACT<\/title>\n<meta name=\"robots\" content=\"index, follow, max-snippet:-1, max-image-preview:large, max-video-preview:-1\" \/>\n<link rel=\"canonical\" href=\"https:\/\/fhu-premimpact.org\/en\/focus\/vers-un-futur-vaccin-contre-la-meningite-bacterienne-du-nouveau-ne-copie-copie-3-copie-copie-4-copie\/\" \/>\n<meta property=\"og:locale\" content=\"en_US\" \/>\n<meta property=\"og:type\" content=\"article\" \/>\n<meta property=\"og:title\" content=\"Thrombocytop\u00e9nie s\u00e9v\u00e8re du pr\u00e9matur\u00e9: un outil de pr\u00e9diction dynamique des b\u00e9n\u00e9fices et risques li\u00e9s \u00e0\u00a0la\u00a0transfusion - FHU Prem&#039;IMPACT\" \/>\n<meta property=\"og:description\" content=\"WASHINGTON, 15 septembre 2025 &#8211; Un nouveau mod\u00e8le visant \u00e0 pr\u00e9dire de fa\u00e7on dynamique (toutes les deux heures) le risque d&#8217;h\u00e9morragie majeure ou de d\u00e9c\u00e8s chez les nouveau-n\u00e9s pr\u00e9matur\u00e9s atteints de thrombocytop\u00e9nie s\u00e9v\u00e8re, en pr\u00e9sence ou en l&#8217;absence d&#8217;une transfusion de plaquettes prophylactique, a \u00e9t\u00e9 d\u00e9velopp\u00e9 par une \u00e9quipe de chercheurs europ\u00e9ens, montrant des variations [&hellip;]\" \/>\n<meta property=\"og:url\" content=\"https:\/\/fhu-premimpact.org\/en\/focus\/vers-un-futur-vaccin-contre-la-meningite-bacterienne-du-nouveau-ne-copie-copie-3-copie-copie-4-copie\/\" \/>\n<meta property=\"og:site_name\" content=\"FHU Prem&#039;IMPACT\" \/>\n<meta property=\"article:modified_time\" content=\"2026-04-16T10:16:50+00:00\" \/>\n<meta name=\"twitter:card\" content=\"summary_large_image\" \/>\n<meta name=\"twitter:label1\" content=\"Est. reading time\" \/>\n\t<meta name=\"twitter:data1\" content=\"4 minutes\" \/>\n<script type=\"application\/ld+json\" class=\"yoast-schema-graph\">{\"@context\":\"https:\/\/schema.org\",\"@graph\":[{\"@type\":\"WebPage\",\"@id\":\"https:\/\/fhu-premimpact.org\/en\/focus\/vers-un-futur-vaccin-contre-la-meningite-bacterienne-du-nouveau-ne-copie-copie-3-copie-copie-4-copie\/\",\"url\":\"https:\/\/fhu-premimpact.org\/en\/focus\/vers-un-futur-vaccin-contre-la-meningite-bacterienne-du-nouveau-ne-copie-copie-3-copie-copie-4-copie\/\",\"name\":\"Thrombocytop\u00e9nie s\u00e9v\u00e8re du pr\u00e9matur\u00e9: un outil de pr\u00e9diction dynamique des b\u00e9n\u00e9fices et risques li\u00e9s \u00e0\u00a0la\u00a0transfusion - FHU Prem&#039;IMPACT\",\"isPartOf\":{\"@id\":\"https:\/\/fhu-premimpact.org\/en\/#website\"},\"datePublished\":\"2025-09-15T09:26:36+00:00\",\"dateModified\":\"2026-04-16T10:16:50+00:00\",\"breadcrumb\":{\"@id\":\"https:\/\/fhu-premimpact.org\/en\/focus\/vers-un-futur-vaccin-contre-la-meningite-bacterienne-du-nouveau-ne-copie-copie-3-copie-copie-4-copie\/#breadcrumb\"},\"inLanguage\":\"en-US\",\"potentialAction\":[{\"@type\":\"ReadAction\",\"target\":[\"https:\/\/fhu-premimpact.org\/en\/focus\/vers-un-futur-vaccin-contre-la-meningite-bacterienne-du-nouveau-ne-copie-copie-3-copie-copie-4-copie\/\"]}]},{\"@type\":\"BreadcrumbList\",\"@id\":\"https:\/\/fhu-premimpact.org\/en\/focus\/vers-un-futur-vaccin-contre-la-meningite-bacterienne-du-nouveau-ne-copie-copie-3-copie-copie-4-copie\/#breadcrumb\",\"itemListElement\":[{\"@type\":\"ListItem\",\"position\":1,\"name\":\"Accueil\",\"item\":\"https:\/\/fhu-premimpact.org\/en\/\"},{\"@type\":\"ListItem\",\"position\":2,\"name\":\"Focus\",\"item\":\"https:\/\/fhu-premimpact.org\/en\/focus\/\"},{\"@type\":\"ListItem\",\"position\":3,\"name\":\"Thrombocytop\u00e9nie s\u00e9v\u00e8re du pr\u00e9matur\u00e9: un outil de pr\u00e9diction dynamique des b\u00e9n\u00e9fices et risques li\u00e9s \u00e0\u00a0la\u00a0transfusion\"}]},{\"@type\":\"WebSite\",\"@id\":\"https:\/\/fhu-premimpact.org\/en\/#website\",\"url\":\"https:\/\/fhu-premimpact.org\/en\/\",\"name\":\"FHU PREM'IMPACT\",\"description\":\"Perinatal inflammation and prematurity\",\"publisher\":{\"@id\":\"https:\/\/fhu-premimpact.org\/en\/#organization\"},\"potentialAction\":[{\"@type\":\"SearchAction\",\"target\":{\"@type\":\"EntryPoint\",\"urlTemplate\":\"https:\/\/fhu-premimpact.org\/en\/?s={search_term_string}\"},\"query-input\":{\"@type\":\"PropertyValueSpecification\",\"valueRequired\":true,\"valueName\":\"search_term_string\"}}],\"inLanguage\":\"en-US\"},{\"@type\":\"Organization\",\"@id\":\"https:\/\/fhu-premimpact.org\/en\/#organization\",\"name\":\"FHU PREM'IMPACT\",\"url\":\"https:\/\/fhu-premimpact.org\/en\/\",\"logo\":{\"@type\":\"ImageObject\",\"inLanguage\":\"en-US\",\"@id\":\"https:\/\/fhu-premimpact.org\/en\/#\/schema\/logo\/image\/\",\"url\":\"https:\/\/fhu-premimpact.org\/wp-content\/uploads\/2025\/03\/logo-grand-centre-fhupremimpact.jpg\",\"contentUrl\":\"https:\/\/fhu-premimpact.org\/wp-content\/uploads\/2025\/03\/logo-grand-centre-fhupremimpact.jpg\",\"width\":1280,\"height\":720,\"caption\":\"FHU PREM'IMPACT\"},\"image\":{\"@id\":\"https:\/\/fhu-premimpact.org\/en\/#\/schema\/logo\/image\/\"},\"sameAs\":[\"https:\/\/www.instagram.com\/fhupremimpact\/\",\"https:\/\/www.linkedin.com\/in\/fhu-prem-impact-ap-hp-inserm-universit-paris-cit-70b911253\/\"]}]}<\/script>\n<!-- \/ Yoast SEO plugin. -->","yoast_head_json":{"title":"Thrombocytop\u00e9nie s\u00e9v\u00e8re du pr\u00e9matur\u00e9: un outil de pr\u00e9diction dynamique des b\u00e9n\u00e9fices et risques li\u00e9s \u00e0\u00a0la\u00a0transfusion - FHU Prem&#039;IMPACT","robots":{"index":"index","follow":"follow","max-snippet":"max-snippet:-1","max-image-preview":"max-image-preview:large","max-video-preview":"max-video-preview:-1"},"canonical":"https:\/\/fhu-premimpact.org\/en\/focus\/vers-un-futur-vaccin-contre-la-meningite-bacterienne-du-nouveau-ne-copie-copie-3-copie-copie-4-copie\/","og_locale":"en_US","og_type":"article","og_title":"Thrombocytop\u00e9nie s\u00e9v\u00e8re du pr\u00e9matur\u00e9: un outil de pr\u00e9diction dynamique des b\u00e9n\u00e9fices et risques li\u00e9s \u00e0\u00a0la\u00a0transfusion - FHU Prem&#039;IMPACT","og_description":"WASHINGTON, 15 septembre 2025 &#8211; Un nouveau mod\u00e8le visant \u00e0 pr\u00e9dire de fa\u00e7on dynamique (toutes les deux heures) le risque d&#8217;h\u00e9morragie majeure ou de d\u00e9c\u00e8s chez les nouveau-n\u00e9s pr\u00e9matur\u00e9s atteints de thrombocytop\u00e9nie s\u00e9v\u00e8re, en pr\u00e9sence ou en l&#8217;absence d&#8217;une transfusion de plaquettes prophylactique, a \u00e9t\u00e9 d\u00e9velopp\u00e9 par une \u00e9quipe de chercheurs europ\u00e9ens, montrant des variations [&hellip;]","og_url":"https:\/\/fhu-premimpact.org\/en\/focus\/vers-un-futur-vaccin-contre-la-meningite-bacterienne-du-nouveau-ne-copie-copie-3-copie-copie-4-copie\/","og_site_name":"FHU Prem&#039;IMPACT","article_modified_time":"2026-04-16T10:16:50+00:00","twitter_card":"summary_large_image","twitter_misc":{"Est. reading time":"4 minutes"},"schema":{"@context":"https:\/\/schema.org","@graph":[{"@type":"WebPage","@id":"https:\/\/fhu-premimpact.org\/en\/focus\/vers-un-futur-vaccin-contre-la-meningite-bacterienne-du-nouveau-ne-copie-copie-3-copie-copie-4-copie\/","url":"https:\/\/fhu-premimpact.org\/en\/focus\/vers-un-futur-vaccin-contre-la-meningite-bacterienne-du-nouveau-ne-copie-copie-3-copie-copie-4-copie\/","name":"Thrombocytop\u00e9nie s\u00e9v\u00e8re du pr\u00e9matur\u00e9: un outil de pr\u00e9diction dynamique des b\u00e9n\u00e9fices et risques li\u00e9s \u00e0\u00a0la\u00a0transfusion - FHU Prem&#039;IMPACT","isPartOf":{"@id":"https:\/\/fhu-premimpact.org\/en\/#website"},"datePublished":"2025-09-15T09:26:36+00:00","dateModified":"2026-04-16T10:16:50+00:00","breadcrumb":{"@id":"https:\/\/fhu-premimpact.org\/en\/focus\/vers-un-futur-vaccin-contre-la-meningite-bacterienne-du-nouveau-ne-copie-copie-3-copie-copie-4-copie\/#breadcrumb"},"inLanguage":"en-US","potentialAction":[{"@type":"ReadAction","target":["https:\/\/fhu-premimpact.org\/en\/focus\/vers-un-futur-vaccin-contre-la-meningite-bacterienne-du-nouveau-ne-copie-copie-3-copie-copie-4-copie\/"]}]},{"@type":"BreadcrumbList","@id":"https:\/\/fhu-premimpact.org\/en\/focus\/vers-un-futur-vaccin-contre-la-meningite-bacterienne-du-nouveau-ne-copie-copie-3-copie-copie-4-copie\/#breadcrumb","itemListElement":[{"@type":"ListItem","position":1,"name":"Accueil","item":"https:\/\/fhu-premimpact.org\/en\/"},{"@type":"ListItem","position":2,"name":"Focus","item":"https:\/\/fhu-premimpact.org\/en\/focus\/"},{"@type":"ListItem","position":3,"name":"Thrombocytop\u00e9nie s\u00e9v\u00e8re du pr\u00e9matur\u00e9: un outil de pr\u00e9diction dynamique des b\u00e9n\u00e9fices et risques li\u00e9s \u00e0\u00a0la\u00a0transfusion"}]},{"@type":"WebSite","@id":"https:\/\/fhu-premimpact.org\/en\/#website","url":"https:\/\/fhu-premimpact.org\/en\/","name":"FHU PREM'IMPACT","description":"Perinatal inflammation and prematurity","publisher":{"@id":"https:\/\/fhu-premimpact.org\/en\/#organization"},"potentialAction":[{"@type":"SearchAction","target":{"@type":"EntryPoint","urlTemplate":"https:\/\/fhu-premimpact.org\/en\/?s={search_term_string}"},"query-input":{"@type":"PropertyValueSpecification","valueRequired":true,"valueName":"search_term_string"}}],"inLanguage":"en-US"},{"@type":"Organization","@id":"https:\/\/fhu-premimpact.org\/en\/#organization","name":"FHU PREM'IMPACT","url":"https:\/\/fhu-premimpact.org\/en\/","logo":{"@type":"ImageObject","inLanguage":"en-US","@id":"https:\/\/fhu-premimpact.org\/en\/#\/schema\/logo\/image\/","url":"https:\/\/fhu-premimpact.org\/wp-content\/uploads\/2025\/03\/logo-grand-centre-fhupremimpact.jpg","contentUrl":"https:\/\/fhu-premimpact.org\/wp-content\/uploads\/2025\/03\/logo-grand-centre-fhupremimpact.jpg","width":1280,"height":720,"caption":"FHU PREM'IMPACT"},"image":{"@id":"https:\/\/fhu-premimpact.org\/en\/#\/schema\/logo\/image\/"},"sameAs":["https:\/\/www.instagram.com\/fhupremimpact\/","https:\/\/www.linkedin.com\/in\/fhu-prem-impact-ap-hp-inserm-universit-paris-cit-70b911253\/"]}]}},"uagb_featured_image_src":{"full":false,"thumbnail":false,"medium":false,"medium_large":false,"large":false,"1536x1536":false,"2048x2048":false,"post-thumbnail":false,"twentytwenty-fullscreen":false},"uagb_author_info":{"display_name":"Laurence Lecomte","author_link":"https:\/\/fhu-premimpact.org\/en\/author\/laurence-lecomte\/"},"uagb_comment_info":0,"uagb_excerpt":"WASHINGTON, 15 septembre 2025 &#8211; Un nouveau mod\u00e8le visant \u00e0 pr\u00e9dire de fa\u00e7on dynamique (toutes les deux heures) le risque d&#8217;h\u00e9morragie majeure ou de d\u00e9c\u00e8s chez les nouveau-n\u00e9s pr\u00e9matur\u00e9s atteints de thrombocytop\u00e9nie s\u00e9v\u00e8re, en pr\u00e9sence ou en l&#8217;absence d&#8217;une transfusion de plaquettes prophylactique, a \u00e9t\u00e9 d\u00e9velopp\u00e9 par une \u00e9quipe de chercheurs europ\u00e9ens, montrant des variations&hellip;","_links":{"self":[{"href":"https:\/\/fhu-premimpact.org\/en\/wp-json\/wp\/v2\/pages\/9245","targetHints":{"allow":["GET"]}}],"collection":[{"href":"https:\/\/fhu-premimpact.org\/en\/wp-json\/wp\/v2\/pages"}],"about":[{"href":"https:\/\/fhu-premimpact.org\/en\/wp-json\/wp\/v2\/types\/page"}],"author":[{"embeddable":true,"href":"https:\/\/fhu-premimpact.org\/en\/wp-json\/wp\/v2\/users\/87"}],"replies":[{"embeddable":true,"href":"https:\/\/fhu-premimpact.org\/en\/wp-json\/wp\/v2\/comments?post=9245"}],"version-history":[{"count":1,"href":"https:\/\/fhu-premimpact.org\/en\/wp-json\/wp\/v2\/pages\/9245\/revisions"}],"predecessor-version":[{"id":9246,"href":"https:\/\/fhu-premimpact.org\/en\/wp-json\/wp\/v2\/pages\/9245\/revisions\/9246"}],"up":[{"embeddable":true,"href":"https:\/\/fhu-premimpact.org\/en\/wp-json\/wp\/v2\/pages\/151"}],"wp:attachment":[{"href":"https:\/\/fhu-premimpact.org\/en\/wp-json\/wp\/v2\/media?parent=9245"}],"curies":[{"name":"wp","href":"https:\/\/api.w.org\/{rel}","templated":true}]}}