{"id":9105,"date":"2026-03-04T16:38:09","date_gmt":"2026-03-04T15:38:09","guid":{"rendered":"https:\/\/fhu-premimpact.org\/?page_id=9105"},"modified":"2026-04-13T15:29:17","modified_gmt":"2026-04-13T13:29:17","slug":"impact-du-depistage-de-la-preeclampsie-au-premier-trimestre-sur-la-morbidite-perinatale-et-maternelle-un-essai-randomise-multicentrique-copie","status":"publish","type":"page","link":"https:\/\/fhu-premimpact.org\/en\/recherche\/impact-du-depistage-de-la-preeclampsie-au-premier-trimestre-sur-la-morbidite-perinatale-et-maternelle-un-essai-randomise-multicentrique-copie\/","title":{"rendered":"APHERESE-2"},"content":{"rendered":"\n<div class=\"wp-block-columns is-layout-flex wp-container-core-columns-is-layout-9d6595d7 wp-block-columns-is-layout-flex\">\n<div class=\"wp-block-column is-layout-flow wp-block-column-is-layout-flow\">\n<p>Investigateur coordonnateur : <\/p>\n\n\n\n<p><a><strong>Vassilis Tsatsaris<\/strong><\/a> :Maternit\u00e9 de Port Royal,  H\u00f4pital Cochin AP-HP &#8211; Paris<\/p>\n\n\n\n<p>Responsable scientifique<\/p>\n\n\n\n<p><mark style=\"background-color:rgba(0, 0, 0, 0)\" class=\"has-inline-color has-accent-color\"><strong>\u00c9douard Lecarpentier<\/strong> <\/mark>: Service de Gyn\u00e9cologie Obst\u00e9trique, H\u00f4pital Intercommunal de Cr\u00e9teil<br><mark style=\"background-color:rgba(0, 0, 0, 0)\" class=\"has-inline-color has-accent-color\"><strong>Jean GUIBOURDENCHE<\/strong><\/mark> : Laboratoire d\u2019Hormonologie, DMU Biophygen, H\u00f4pital Cochin, AP-HP<\/p>\n<\/div>\n<\/div>\n\n\n\n<h2 class=\"wp-block-heading has-text-align-center\">D\u00e9veloppement d\u2019une bio-collection pour approche<br>th\u00e9rapeutique innovante de la pr\u00e9-\u00e9clampsie par<br>aph\u00e9r\u00e8se sp\u00e9cifique de sFlt-1 et lib\u00e9ration de PlGF<br>endog\u00e8ne<\/h2>\n\n\n\n<p class=\"has-text-align-center\"><\/p>\n\n\n\n<h3 class=\"wp-block-heading\">Justification scientifique<\/h3>\n\n\n\n<figure class=\"wp-block-table\"><table><tbody><tr><td>li\u00e9e \u00e0 une dysfonction placentaire responsable de la lib\u00e9ration dans la circulation maternelle de facteurs induisant une dysfonction endoth\u00e9liale maternelle g\u00e9n\u00e9ralis\u00e9e. Parmi ces facteurs, un des plus significatifs est le sFlt-1, qui est la forme soluble du r\u00e9cepteur au VEGF (facteur de croissance endoth\u00e9lial vasculaire) et au PlGF (facteur de croissance placentaire). Le sFlt-1 se lie au PlGF et au VEGF libres dans la circulation maternelle r\u00e9duisant ainsi leur biodisponibilit\u00e9 pour la forme membranaire du r\u00e9cepteur et provoquant alors une inhibition des effets de ces facteurs de croissance sur l\u2019endoth\u00e9lium maternel. Cette alt\u00e9ration de la balance<br>pro\/anti-angiog\u00e9nique est un facteur causal dans la physiopathologie de la pr\u00e9-\u00e9clampsie et constitue une cible th\u00e9rapeutique prioritaire pour cette complication grave de la grossesse pour laquelle nous ne disposons actuellement pas de traitement. La dysfonction placentaire est responsable sur le versant foetal d\u2019un retard de croissance intra-ut\u00e9rin (RCIU). Le RCIU est souvent associ\u00e9 \u00e0 la pr\u00e9-\u00e9clampsie mais un certain nombre de patientes pr\u00e9sentent l\u2019atteinte maternelle ou l\u2019atteint f\u0153tale exclusivement. Les m\u00e9canismes physiopathologiques expliquant ces formes dissoci\u00e9es ne sont pas bien compris actuellement.<br>L\u2019approche que nous avons choisie, est de d\u00e9velopper un dispositif d\u2019aph\u00e9r\u00e8se sp\u00e9cifique du sFLT-1 par une approche ligand comp\u00e9titive. L\u2019objectif est le d\u00e9veloppement d\u2019un dispositif m\u00e9dical pour le traitement de la pr\u00e9-\u00e9clampsie, permettant de capter le sFLT-1 par un ligand ayant une forte affinit\u00e9 pour le r\u00e9cepteur, ce qui permet de lib\u00e9rer le VEGF et le PlGF et de r\u00e9tablir une balance angiog\u00e9nique physiologique. Le projet, financ\u00e9 par l\u2019ANR (Projet APHERESE 2 New therapeutic strategy against preeclampsia: Angiogenic switch to Physiological state by Extracorporeal Removal of sFlt-1 and release of PlGF), est au stade pr\u00e9clinique avec le d\u00e9veloppement d\u2019une colonne fonctionnalis\u00e9e qui est test\u00e9e ex-vivo. Des \u00e9chantillons sanguins de femmes enceintes seront utilis\u00e9s pour tester et optimiser la capacit\u00e9 des colonnes d\u2019aph\u00e9r\u00e8se \u00e0 capter le sFlt-1 le plus sp\u00e9cifiquement possible et \u00e0 r\u00e9tablir une balance angiog\u00e9nique physiologique. Le projet permettra aussi de mener des travaux pour mieux comprendre le profil pro\/antiangiog\u00e9nique dans les formes dissoci\u00e9es de dysfonctions placentaires (pr\u00e9-\u00e9clampsie seule et RCIU seul).<\/td><\/tr><\/tbody><\/table><\/figure>\n\n\n\n<h3 class=\"wp-block-heading\">Objectifs<\/h3>\n\n\n\n<p>Objectif principal : Collecter des \u00e9chantillons sanguins de femmes enceintes (avec une grossesse normale ou compliqu\u00e9e de pr\u00e9-\u00e9clampsie et\/ou de RCIU) pour la mise au point d\u2019une technique d\u2019aph\u00e9r\u00e8se permettant l\u2019adsorption sp\u00e9cifique du r\u00e9cepteur soluble sFlt-1 et restaurant une balance angiog\u00e9nique physiologique.<\/p>\n\n\n\n<p><br><br>Objectifs secondaires: <\/p>\n\n\n\n<ul class=\"wp-block-list\">\n<li>\u00c9valuation in-vitro du pouvoir angiog\u00e9nique du s\u00e9rum\/plasma avant et apr\u00e8s aph\u00e9r\u00e8se.;<\/li>\n\n\n\n<li>\u00c9tude des diff\u00e9rents facteurs plasmatiques li\u00e9s \u00e0 la colonne d\u2019aph\u00e9r\u00e8se (\u00e9tude la sp\u00e9cificit\u00e9 de la capture);<\/li>\n\n\n\n<li>Constitution d\u2019une collection biologique sanguins et urinaires, permettant l\u2019\u00e9tude de nouveaux biomarqueurs et de nouvelles approches th\u00e9rapeutiques de la pr\u00e9-\u00e9clampsie.<\/li>\n<\/ul>\n\n\n\n<h3 class=\"wp-block-heading\">Sch\u00e9ma exp\u00e9rimental<\/h3>\n\n\n\n<p>Etude monocentrique  non interventionnelle.<\/p>\n\n\n\n<h3 class=\"wp-block-heading\">Population concern\u00e9e<\/h3>\n\n\n\n<p>Femmes enceintes pr\u00e9sentant une pr\u00e9-\u00e9clampsie entre 20+0 et 40+6 semaines d\u2019am\u00e9norrh\u00e9es (SA)<\/p>\n\n\n\n<p>Femmes enceintes pr\u00e9sentant pr\u00e9sentant un RCIU&lt;3\u00b0P (courbe OMS) entre 20+0 et 40+6 SA<\/p>\n\n\n\n<p>Femmes enceintes pr\u00e9sentant une grossesse normale entre 20+0 et 40+6 SA<\/p>\n\n\n\n<h3 class=\"wp-block-heading\">Nombre de sujets s\u00e9lectionn\u00e9s<\/h3>\n\n\n\n<p>250 femmes.<\/p>\n\n\n\n<h3 class=\"wp-block-heading\">Dur\u00e9e de la recherche<\/h3>\n\n\n\n<ul class=\"wp-block-list\">\n<li>dur\u00e9e d\u2019inclusion&nbsp;: 24 mois<\/li>\n\n\n\n<li>dur\u00e9e de participation&nbsp;: 1 jour<\/li>\n<\/ul>\n\n\n\n<h3 class=\"wp-block-heading\">Nombre d\u2019inclusions pr\u00e9vues par centre et par mois<\/h3>\n\n\n\n<p>10 inclusions par mois<\/p>\n\n\n\n<h3 class=\"wp-block-heading\">PROMOTEUR : AP-HP<\/h3>\n\n\n\n<h3 class=\"wp-block-heading\">Source de financement : ANR<\/h3>\n\n\n\n<h3 class=\"wp-block-heading\">Etat d&#8217;avancement <\/h3>\n\n\n\n<p><mark style=\"background-color:rgba(0, 0, 0, 0)\" class=\"has-inline-color has-accent-color\">L&#8217;\u00e9tude a d\u00e9marr\u00e9 le 9 f\u00e9vrier 2026<\/mark>.<\/p>\n\n\n\n<p>Au 27 f\u00e9vrier 2026, nous comptabilisons <mark style=\"background-color:rgba(0, 0, 0, 0)\" class=\"has-inline-color has-accent-color\">4 patientes <strong>dans l&#8217;\u00e9tude<\/strong>.<\/mark><\/p>\n\n\n\n<p><\/p>\n","protected":false},"excerpt":{"rendered":"<p>Investigateur coordonnateur : Vassilis Tsatsaris :Maternit\u00e9 de Port Royal, H\u00f4pital Cochin AP-HP &#8211; Paris Responsable scientifique \u00c9douard Lecarpentier : Service de Gyn\u00e9cologie Obst\u00e9trique, H\u00f4pital Intercommunal de Cr\u00e9teilJean GUIBOURDENCHE : Laboratoire d\u2019Hormonologie, DMU Biophygen, H\u00f4pital Cochin, AP-HP D\u00e9veloppement d\u2019une bio-collection pour approcheth\u00e9rapeutique innovante de la pr\u00e9-\u00e9clampsie paraph\u00e9r\u00e8se sp\u00e9cifique de sFlt-1 et lib\u00e9ration de PlGFendog\u00e8ne Justification scientifique [&hellip;]<\/p>\n","protected":false},"author":87,"featured_media":0,"parent":241,"menu_order":31,"comment_status":"closed","ping_status":"closed","template":"","meta":{"_editorskit_title_hidden":false,"_editorskit_reading_time":0,"_editorskit_is_block_options_detached":false,"_editorskit_block_options_position":"{}","_uag_custom_page_level_css":"","footnotes":""},"class_list":["post-9105","page","type-page","status-publish","hentry"],"yoast_head":"<!-- This site is optimized with the Yoast SEO plugin v27.2 - https:\/\/yoast.com\/product\/yoast-seo-wordpress\/ -->\n<title>APHERESE-2 - FHU Prem&#039;IMPACT<\/title>\n<meta name=\"robots\" content=\"index, follow, max-snippet:-1, max-image-preview:large, max-video-preview:-1\" \/>\n<link rel=\"canonical\" href=\"https:\/\/fhu-premimpact.org\/en\/recherche\/impact-du-depistage-de-la-preeclampsie-au-premier-trimestre-sur-la-morbidite-perinatale-et-maternelle-un-essai-randomise-multicentrique-copie\/\" \/>\n<meta property=\"og:locale\" content=\"en_US\" \/>\n<meta property=\"og:type\" content=\"article\" \/>\n<meta property=\"og:title\" content=\"APHERESE-2 - FHU Prem&#039;IMPACT\" \/>\n<meta property=\"og:description\" content=\"Investigateur coordonnateur : Vassilis Tsatsaris :Maternit\u00e9 de Port Royal, H\u00f4pital Cochin AP-HP &#8211; Paris Responsable scientifique \u00c9douard Lecarpentier : Service de Gyn\u00e9cologie Obst\u00e9trique, H\u00f4pital Intercommunal de Cr\u00e9teilJean GUIBOURDENCHE : Laboratoire d\u2019Hormonologie, DMU Biophygen, H\u00f4pital Cochin, AP-HP D\u00e9veloppement d\u2019une bio-collection pour approcheth\u00e9rapeutique innovante de la pr\u00e9-\u00e9clampsie paraph\u00e9r\u00e8se sp\u00e9cifique de sFlt-1 et lib\u00e9ration de PlGFendog\u00e8ne Justification scientifique [&hellip;]\" \/>\n<meta property=\"og:url\" content=\"https:\/\/fhu-premimpact.org\/en\/recherche\/impact-du-depistage-de-la-preeclampsie-au-premier-trimestre-sur-la-morbidite-perinatale-et-maternelle-un-essai-randomise-multicentrique-copie\/\" \/>\n<meta property=\"og:site_name\" content=\"FHU Prem&#039;IMPACT\" \/>\n<meta property=\"article:modified_time\" content=\"2026-04-13T13:29:17+00:00\" \/>\n<meta name=\"twitter:card\" content=\"summary_large_image\" \/>\n<meta name=\"twitter:label1\" content=\"Est. reading time\" \/>\n\t<meta name=\"twitter:data1\" content=\"3 minutes\" \/>\n<script type=\"application\/ld+json\" class=\"yoast-schema-graph\">{\"@context\":\"https:\/\/schema.org\",\"@graph\":[{\"@type\":\"WebPage\",\"@id\":\"https:\/\/fhu-premimpact.org\/en\/recherche\/impact-du-depistage-de-la-preeclampsie-au-premier-trimestre-sur-la-morbidite-perinatale-et-maternelle-un-essai-randomise-multicentrique-copie\/\",\"url\":\"https:\/\/fhu-premimpact.org\/en\/recherche\/impact-du-depistage-de-la-preeclampsie-au-premier-trimestre-sur-la-morbidite-perinatale-et-maternelle-un-essai-randomise-multicentrique-copie\/\",\"name\":\"APHERESE-2 - FHU Prem&#039;IMPACT\",\"isPartOf\":{\"@id\":\"https:\/\/fhu-premimpact.org\/en\/#website\"},\"datePublished\":\"2026-03-04T15:38:09+00:00\",\"dateModified\":\"2026-04-13T13:29:17+00:00\",\"breadcrumb\":{\"@id\":\"https:\/\/fhu-premimpact.org\/en\/recherche\/impact-du-depistage-de-la-preeclampsie-au-premier-trimestre-sur-la-morbidite-perinatale-et-maternelle-un-essai-randomise-multicentrique-copie\/#breadcrumb\"},\"inLanguage\":\"en-US\",\"potentialAction\":[{\"@type\":\"ReadAction\",\"target\":[\"https:\/\/fhu-premimpact.org\/en\/recherche\/impact-du-depistage-de-la-preeclampsie-au-premier-trimestre-sur-la-morbidite-perinatale-et-maternelle-un-essai-randomise-multicentrique-copie\/\"]}]},{\"@type\":\"BreadcrumbList\",\"@id\":\"https:\/\/fhu-premimpact.org\/en\/recherche\/impact-du-depistage-de-la-preeclampsie-au-premier-trimestre-sur-la-morbidite-perinatale-et-maternelle-un-essai-randomise-multicentrique-copie\/#breadcrumb\",\"itemListElement\":[{\"@type\":\"ListItem\",\"position\":1,\"name\":\"Accueil\",\"item\":\"https:\/\/fhu-premimpact.org\/en\/\"},{\"@type\":\"ListItem\",\"position\":2,\"name\":\"Recherche\",\"item\":\"https:\/\/fhu-premimpact.org\/en\/recherche\/\"},{\"@type\":\"ListItem\",\"position\":3,\"name\":\"APHERESE-2\"}]},{\"@type\":\"WebSite\",\"@id\":\"https:\/\/fhu-premimpact.org\/en\/#website\",\"url\":\"https:\/\/fhu-premimpact.org\/en\/\",\"name\":\"FHU PREM'IMPACT\",\"description\":\"Perinatal inflammation and prematurity\",\"publisher\":{\"@id\":\"https:\/\/fhu-premimpact.org\/en\/#organization\"},\"potentialAction\":[{\"@type\":\"SearchAction\",\"target\":{\"@type\":\"EntryPoint\",\"urlTemplate\":\"https:\/\/fhu-premimpact.org\/en\/?s={search_term_string}\"},\"query-input\":{\"@type\":\"PropertyValueSpecification\",\"valueRequired\":true,\"valueName\":\"search_term_string\"}}],\"inLanguage\":\"en-US\"},{\"@type\":\"Organization\",\"@id\":\"https:\/\/fhu-premimpact.org\/en\/#organization\",\"name\":\"FHU PREM'IMPACT\",\"url\":\"https:\/\/fhu-premimpact.org\/en\/\",\"logo\":{\"@type\":\"ImageObject\",\"inLanguage\":\"en-US\",\"@id\":\"https:\/\/fhu-premimpact.org\/en\/#\/schema\/logo\/image\/\",\"url\":\"https:\/\/fhu-premimpact.org\/wp-content\/uploads\/2025\/03\/logo-grand-centre-fhupremimpact.jpg\",\"contentUrl\":\"https:\/\/fhu-premimpact.org\/wp-content\/uploads\/2025\/03\/logo-grand-centre-fhupremimpact.jpg\",\"width\":1280,\"height\":720,\"caption\":\"FHU PREM'IMPACT\"},\"image\":{\"@id\":\"https:\/\/fhu-premimpact.org\/en\/#\/schema\/logo\/image\/\"},\"sameAs\":[\"https:\/\/www.instagram.com\/fhupremimpact\/\",\"https:\/\/www.linkedin.com\/in\/fhu-prem-impact-ap-hp-inserm-universit-paris-cit-70b911253\/\"]}]}<\/script>\n<!-- \/ Yoast SEO plugin. -->","yoast_head_json":{"title":"APHERESE-2 - FHU Prem&#039;IMPACT","robots":{"index":"index","follow":"follow","max-snippet":"max-snippet:-1","max-image-preview":"max-image-preview:large","max-video-preview":"max-video-preview:-1"},"canonical":"https:\/\/fhu-premimpact.org\/en\/recherche\/impact-du-depistage-de-la-preeclampsie-au-premier-trimestre-sur-la-morbidite-perinatale-et-maternelle-un-essai-randomise-multicentrique-copie\/","og_locale":"en_US","og_type":"article","og_title":"APHERESE-2 - FHU Prem&#039;IMPACT","og_description":"Investigateur coordonnateur : Vassilis Tsatsaris :Maternit\u00e9 de Port Royal, H\u00f4pital Cochin AP-HP &#8211; Paris Responsable scientifique \u00c9douard Lecarpentier : Service de Gyn\u00e9cologie Obst\u00e9trique, H\u00f4pital Intercommunal de Cr\u00e9teilJean GUIBOURDENCHE : Laboratoire d\u2019Hormonologie, DMU Biophygen, H\u00f4pital Cochin, AP-HP D\u00e9veloppement d\u2019une bio-collection pour approcheth\u00e9rapeutique innovante de la pr\u00e9-\u00e9clampsie paraph\u00e9r\u00e8se sp\u00e9cifique de sFlt-1 et lib\u00e9ration de PlGFendog\u00e8ne Justification scientifique [&hellip;]","og_url":"https:\/\/fhu-premimpact.org\/en\/recherche\/impact-du-depistage-de-la-preeclampsie-au-premier-trimestre-sur-la-morbidite-perinatale-et-maternelle-un-essai-randomise-multicentrique-copie\/","og_site_name":"FHU Prem&#039;IMPACT","article_modified_time":"2026-04-13T13:29:17+00:00","twitter_card":"summary_large_image","twitter_misc":{"Est. reading time":"3 minutes"},"schema":{"@context":"https:\/\/schema.org","@graph":[{"@type":"WebPage","@id":"https:\/\/fhu-premimpact.org\/en\/recherche\/impact-du-depistage-de-la-preeclampsie-au-premier-trimestre-sur-la-morbidite-perinatale-et-maternelle-un-essai-randomise-multicentrique-copie\/","url":"https:\/\/fhu-premimpact.org\/en\/recherche\/impact-du-depistage-de-la-preeclampsie-au-premier-trimestre-sur-la-morbidite-perinatale-et-maternelle-un-essai-randomise-multicentrique-copie\/","name":"APHERESE-2 - FHU Prem&#039;IMPACT","isPartOf":{"@id":"https:\/\/fhu-premimpact.org\/en\/#website"},"datePublished":"2026-03-04T15:38:09+00:00","dateModified":"2026-04-13T13:29:17+00:00","breadcrumb":{"@id":"https:\/\/fhu-premimpact.org\/en\/recherche\/impact-du-depistage-de-la-preeclampsie-au-premier-trimestre-sur-la-morbidite-perinatale-et-maternelle-un-essai-randomise-multicentrique-copie\/#breadcrumb"},"inLanguage":"en-US","potentialAction":[{"@type":"ReadAction","target":["https:\/\/fhu-premimpact.org\/en\/recherche\/impact-du-depistage-de-la-preeclampsie-au-premier-trimestre-sur-la-morbidite-perinatale-et-maternelle-un-essai-randomise-multicentrique-copie\/"]}]},{"@type":"BreadcrumbList","@id":"https:\/\/fhu-premimpact.org\/en\/recherche\/impact-du-depistage-de-la-preeclampsie-au-premier-trimestre-sur-la-morbidite-perinatale-et-maternelle-un-essai-randomise-multicentrique-copie\/#breadcrumb","itemListElement":[{"@type":"ListItem","position":1,"name":"Accueil","item":"https:\/\/fhu-premimpact.org\/en\/"},{"@type":"ListItem","position":2,"name":"Recherche","item":"https:\/\/fhu-premimpact.org\/en\/recherche\/"},{"@type":"ListItem","position":3,"name":"APHERESE-2"}]},{"@type":"WebSite","@id":"https:\/\/fhu-premimpact.org\/en\/#website","url":"https:\/\/fhu-premimpact.org\/en\/","name":"FHU PREM'IMPACT","description":"Perinatal inflammation and prematurity","publisher":{"@id":"https:\/\/fhu-premimpact.org\/en\/#organization"},"potentialAction":[{"@type":"SearchAction","target":{"@type":"EntryPoint","urlTemplate":"https:\/\/fhu-premimpact.org\/en\/?s={search_term_string}"},"query-input":{"@type":"PropertyValueSpecification","valueRequired":true,"valueName":"search_term_string"}}],"inLanguage":"en-US"},{"@type":"Organization","@id":"https:\/\/fhu-premimpact.org\/en\/#organization","name":"FHU PREM'IMPACT","url":"https:\/\/fhu-premimpact.org\/en\/","logo":{"@type":"ImageObject","inLanguage":"en-US","@id":"https:\/\/fhu-premimpact.org\/en\/#\/schema\/logo\/image\/","url":"https:\/\/fhu-premimpact.org\/wp-content\/uploads\/2025\/03\/logo-grand-centre-fhupremimpact.jpg","contentUrl":"https:\/\/fhu-premimpact.org\/wp-content\/uploads\/2025\/03\/logo-grand-centre-fhupremimpact.jpg","width":1280,"height":720,"caption":"FHU PREM'IMPACT"},"image":{"@id":"https:\/\/fhu-premimpact.org\/en\/#\/schema\/logo\/image\/"},"sameAs":["https:\/\/www.instagram.com\/fhupremimpact\/","https:\/\/www.linkedin.com\/in\/fhu-prem-impact-ap-hp-inserm-universit-paris-cit-70b911253\/"]}]}},"uagb_featured_image_src":{"full":false,"thumbnail":false,"medium":false,"medium_large":false,"large":false,"1536x1536":false,"2048x2048":false,"post-thumbnail":false,"twentytwenty-fullscreen":false},"uagb_author_info":{"display_name":"Laurence Lecomte","author_link":"https:\/\/fhu-premimpact.org\/en\/author\/laurence-lecomte\/"},"uagb_comment_info":0,"uagb_excerpt":"Investigateur coordonnateur : Vassilis Tsatsaris :Maternit\u00e9 de Port Royal, H\u00f4pital Cochin AP-HP &#8211; Paris Responsable scientifique \u00c9douard Lecarpentier : Service de Gyn\u00e9cologie Obst\u00e9trique, H\u00f4pital Intercommunal de Cr\u00e9teilJean GUIBOURDENCHE : Laboratoire d\u2019Hormonologie, DMU Biophygen, H\u00f4pital Cochin, AP-HP D\u00e9veloppement d\u2019une bio-collection pour approcheth\u00e9rapeutique innovante de la pr\u00e9-\u00e9clampsie paraph\u00e9r\u00e8se sp\u00e9cifique de sFlt-1 et lib\u00e9ration de PlGFendog\u00e8ne Justification scientifique&hellip;","_links":{"self":[{"href":"https:\/\/fhu-premimpact.org\/en\/wp-json\/wp\/v2\/pages\/9105","targetHints":{"allow":["GET"]}}],"collection":[{"href":"https:\/\/fhu-premimpact.org\/en\/wp-json\/wp\/v2\/pages"}],"about":[{"href":"https:\/\/fhu-premimpact.org\/en\/wp-json\/wp\/v2\/types\/page"}],"author":[{"embeddable":true,"href":"https:\/\/fhu-premimpact.org\/en\/wp-json\/wp\/v2\/users\/87"}],"replies":[{"embeddable":true,"href":"https:\/\/fhu-premimpact.org\/en\/wp-json\/wp\/v2\/comments?post=9105"}],"version-history":[{"count":3,"href":"https:\/\/fhu-premimpact.org\/en\/wp-json\/wp\/v2\/pages\/9105\/revisions"}],"predecessor-version":[{"id":9151,"href":"https:\/\/fhu-premimpact.org\/en\/wp-json\/wp\/v2\/pages\/9105\/revisions\/9151"}],"up":[{"embeddable":true,"href":"https:\/\/fhu-premimpact.org\/en\/wp-json\/wp\/v2\/pages\/241"}],"wp:attachment":[{"href":"https:\/\/fhu-premimpact.org\/en\/wp-json\/wp\/v2\/media?parent=9105"}],"curies":[{"name":"wp","href":"https:\/\/api.w.org\/{rel}","templated":true}]}}