{"id":9061,"date":"2026-02-11T11:59:26","date_gmt":"2026-02-11T10:59:26","guid":{"rendered":"https:\/\/fhu-premimpact.org\/?page_id=9061"},"modified":"2026-05-07T15:51:50","modified_gmt":"2026-05-07T13:51:50","slug":"https-relations-medicales-com-jnn_2025-copie","status":"publish","type":"page","link":"https:\/\/fhu-premimpact.org\/en\/enseignement\/congres\/https-relations-medicales-com-jnn_2025-copie\/","title":{"rendered":"2026 &#8211; 55\u00e8mes Journ\u00e9es Nationales de N\u00e9onatologie"},"content":{"rendered":"<div class=\"wp-block-image\">\n<figure class=\"aligncenter size-full\"><img loading=\"lazy\" decoding=\"async\" width=\"789\" height=\"267\" src=\"https:\/\/fhu-premimpact.org\/wp-content\/uploads\/2026\/02\/JJN_2026.jpg\" alt=\"\" class=\"wp-image-9071\" srcset=\"https:\/\/fhu-premimpact.org\/wp-content\/uploads\/2026\/02\/JJN_2026.jpg 789w, https:\/\/fhu-premimpact.org\/wp-content\/uploads\/2026\/02\/JJN_2026-300x102.jpg 300w, https:\/\/fhu-premimpact.org\/wp-content\/uploads\/2026\/02\/JJN_2026-768x260.jpg 768w\" sizes=\"auto, (max-width: 789px) 100vw, 789px\" \/><\/figure>\n<\/div>\n\n\n<div class=\"wp-block-buttons is-content-justification-center is-layout-flex wp-container-core-buttons-is-layout-16018d1d wp-block-buttons-is-layout-flex\">\n<div class=\"wp-block-button\"><a class=\"wp-block-button__link has-text-align-center wp-element-button\" href=\"https:\/\/relations-medicales.com\/journees-nationales-de-neonatologie\/\">inscivez-vous<\/a><\/div>\n<\/div>\n\n\n\n<h4 class=\"wp-block-heading\"><mark style=\"background-color:rgba(0, 0, 0, 0)\" class=\"has-inline-color has-accent-color\">Jeudi 26 mars \u2013 matin<\/mark><\/h4>\n\n\n\n<p><strong>8h30-10h00<\/strong> <strong>TABLE RONDE n\u00b0 1<\/strong> : <strong>MALADIES INFECTIEUSES \u00c9MERGENTES \u00c0 TRANSMISSION P\u00c9RINATALE.<\/strong><br><br>Mod\u00e9rateurs :<br>Pr Silvia IACOBELLI, N\u00e9onatalogiste, Directrice du Centre d&#8217;\u00c9tudes P\u00e9rinatales de l&#8217;Oc\u00e9an Indien (CEPOI) UR 7388 Universit\u00e9 de La R\u00e9union.<br>Pr Pierre GRESSENS, P\u00e9diatre neurologue, Directeur de recherche \u00e0 l\u2019Inserm 1141, H\u00f4pital Robert Debr\u00e9, Paris et Professeur de neurologie f\u0153tale et n\u00e9onatale au King\u2019s College \u00e0 Londres, Royaume-Uni.<\/p>\n\n\n\n<p>1\u2212 Avanc\u00e9es r\u00e9centes pour la recherche sur l&#8217;immunisation maternelle.<br>Pr Olivier PICONE, Gyn\u00e9cologue-Obst\u00e9tricien, H\u00f4pital Louis-Mourier, Colombes.<br><br>P 2\u2212 M\u00e9canismes mol\u00e9culaires de l&#8217;infection materno-f\u0153tale par le Virus Zika.<br>Dr Laurent MEERTENS, Chercheur, CR1 Inserm, Universit\u00e9 de Paris.<br><br>P 3\u2212 Clinique, pr\u00e9vention et prise en charge de l&#8217;infection p\u00e9rinatale par Chikungunya en situation d&#8217;\u00e9pid\u00e9mie : l&#8217;exp\u00e9rience de R\u00e9union \u2013 Mayotte.<br>Pr Silvia IACOBELLI, N\u00e9onatalogiste, Directrice du Centre d&#8217;\u00c9tudes P\u00e9rinatales de l&#8217;Oc\u00e9an Indien (CEPOI) UR 7388 Universit\u00e9 de La R\u00e9union.<\/p>\n\n\n\n<p><br><strong>10h00-11h00 CONF\u00c9RENCE n\u00b0 1<\/strong> : <strong>LA NATALIT\u00c9 EN FRANCE ET EN EUROPE<\/strong><br><br>Mod\u00e9rateur :<br>Pr Gilles CAMBONIE, N\u00e9onatologiste, CHU de Montpellier.<br>Dr V\u00e9ronique ZUPAN-SIMUNEK, N\u00e9onatologiste, H\u00f4pital Antoine-B\u00e9cl\u00e8re, Clamart.<\/p>\n\n\n\n<p>P 1\u2212 La baisse de la f\u00e9condit\u00e9 : donn\u00e9es actuelles en France et en Europe, analyse socio-d\u00e9mographique.<br>Pr Laurent TOULEMON, D\u00e9mographe, Directeur de recherche, Institut national d&#8217;\u00e9tudes d\u00e9mographiques, Aubervilliers.<br><br>P 2\u2212 \u00c9volution de la natalit\u00e9 en France et cons\u00e9quences en termes de politique de d\u00e9mographie m\u00e9dicale.<br>Pr Brigitte CHABROL, P\u00e9diatre, CHU de Marseille, Membre du Comit\u00e9 Consultatif National d\u2019Ethique, Conseill\u00e8re aupr\u00e8s de la ministre du Travail, de la Sant\u00e9, des Solidarit\u00e9s et des Familles.<\/p>\n\n\n\n<p><strong><br>11h30-13h00 TABLE RONDE n\u00b0 2 : INTERPROFESSIONNALIT\u00c9 EN N\u00c9ONATOLOGIE<\/strong>.<br><br>Mod\u00e9rateurs :<br>Pr C\u00e9line FISCHER-FUMEAUX, N\u00e9onatologiste, CHUV, Universit\u00e9 de Lausanne, Suisse.<br>Pr Jean-Christophe ROZE, N\u00e9onatologiste, CHU de Nantes.<\/p>\n\n\n\n<p>1\u2212 Interprofessionnalit\u00e9 et alliance parents-soignants pour un renforcement mutuel des comp\u00e9tences.<br>Mme Audrey REYNAUD, Responsable des affaires scientifiques, SOS Pr\u00e9ma, Nice.<br>Pr Pierre KUHN, N\u00e9onatologiste, CHU de Strasbourg.<br><br>P 2\u2212 Pratique avanc\u00e9e infirmi\u00e8re dans le Canton de Vaud en Suisse, enjeux et cadre l\u00e9gal.<br>Mme Teresa GYURIGA PEREZ, Infirmi\u00e8re cantonale &#8211; responsable de p\u00f4le, Direction g\u00e9n\u00e9rale de la sant\u00e9 (DGS) du Canton de Vaud, Suisse.<br><br>P 3\u2212 Un p\u00e9dopsychiatre en r\u00e9animation N\u00e9onatale : quels enjeux pour les b\u00e9b\u00e9s, leurs parents et les \u00e9quipes ?<br>Pr Sylvie VIAUX SAVELON, P\u00e9dopsychiatre en p\u00e9rinatalit\u00e9, Hospices Civils de Lyon.<\/p>\n\n\n\n<h4 class=\"wp-block-heading\"><mark style=\"background-color:rgba(0, 0, 0, 0)\" class=\"has-inline-color has-accent-color\">Jeudi 26 mars \u2013 apr\u00e8s-midi<\/mark><\/h4>\n\n\n\n<p><strong>14h00-15h00 SYMPOSIUM : NUTRITION PARENT\u00c9RALE : QUELLES PRATIQUES EN 2026 ? <\/strong><br><br>1\u2013 Partage d\u2019exp\u00e9rience et recommandations.<br>Pr Delphine MITANCHEZ, N\u00e9onatalogiste, CHRU de Tours.<br><br>P 2\u2013 Nutrition du patient agress\u00e9.<br>Pr Alexandre LAPILLONNE, N\u00e9onatalogiste, H\u00f4pital Necker-Enfants Malades, Paris.<\/p>\n\n\n\n<p><strong>15h00-16h00 CONF\u00c9RENCE n\u00b0 2<\/strong> <strong>: <\/strong>PRESSION DE S\u00c9LECTION ANTIBIOTIQUE CHEZ LE NOUVEAU-N\u00c9 : IMPACT SUR LE MICROBIOTE<br>ET LEVIERS D\u2019ACTION.<br><br>Mod\u00e9rateur :<br>Pr P\u00e9tra HUPPI, N\u00e9onatologiste, H\u00f4pital des Enfants des HUG, Gen\u00e8ve, Suisse.<br>Pr Marine BUTIN, N\u00e9onatologiste, Hospices Civils de Lyon.<br><br>1\u2013 Antibiotiques, microbiote et r\u00e9sistome chez le nouveau-n\u00e9.<br>Pr Julio AIRES, Chercheur, Universit\u00e9 Paris-Cit\u00e9.<br><br>P 2\u2013 Epargne antibiotique en n\u00e9onatologie : comment agir ?<br>Pr Marine BUTIN, N\u00e9onatologiste, Hospices Civils de Lyon.<\/p>\n\n\n\n<p><strong>16h30-18h00 TABLE RONDE n\u00b03 : LE COMPORTEMENT DU NOUVEAU-N\u00c9 : OBSERVER POUR MIEUX SOIGNER<\/strong>.<br><br>Mod\u00e9rateurs :<br>Pr Charlotte TSCHERNING, N\u00e9onatologiste, Universit\u00e9 d\u2019Oslo, Norv\u00e8ge.<br>Pr Pierre KUHN, N\u00e9onatologiste, CHU de Strasbourg.<\/p>\n\n\n\n<p>1\u2013 D\u00e9coder la maturation neurod\u00e9veloppementale du nouveau-n\u00e9 pr\u00e9matur\u00e9 : un outil pour guider les soins.<br>Dr Sandra LESCURE, N\u00e9onatologiste et formatrice NIDCAP, CHU de Toulouse.<br><br>P 2\u2013 Observer le comportement alimentaire du nouveau-n\u00e9 : un outil pour favoriser des repas de qualit\u00e9 et l&#8217;autonomie alimentaire.<br>Mme Delphine DRUART, R\u00e9f\u00e9rente NIDCAP, coordinatrice des soins de d\u00e9veloppement, CHU Saint-Pierre, Bruxelles, Belgique.<br><br>P 3\u2013 Observer la motricit\u00e9 spontan\u00e9e \u00e0 travers les mouvements g\u00e9n\u00e9raux : une \u00e9valuation pr\u00e9coce de la trajectoire d\u00e9veloppementale.<br>Pr Antoine GIRAUD, P\u00e9diatre, CHU de Saint-\u00c9tienne.<\/p>\n\n\n\n<h4 class=\"wp-block-heading\"><mark style=\"background-color:rgba(0, 0, 0, 0)\" class=\"has-inline-color has-accent-color\">Vendredi 27 mars \u2013 matin<\/mark><\/h4>\n\n\n\n<p><strong>8h30-10h00 TABLE RONDE n\u00b0 4 : RCIU ET DEVENIR \u00c0 LONG TERME<\/strong>.<br><br>Mod\u00e9rateurs :<br>Pr Delphine MITANCHEZ, N\u00e9onatologiste, CHRU de Tours.<br>Pr Jean-Michel ROU\u00c9, N\u00e9onatologiste, CHU de Brest.<\/p>\n\n\n\n<p>1\u2212 Le concept de l\u2019origine d\u00e9veloppementale de la sant\u00e9 et des maladies. (DOHaD : Developmental Origins of Health and Disease).<br>Pr Umberto SIMEONI, P\u00e9diatre, Ancien Chef du service de p\u00e9diatrie et du DOHaD Lab, CHUV, Lausanne, Suisse.<br><br>P 2\u2212 Cons\u00e9quences endocriniennes \u00e0 moyen et long terme chez l\u2019enfant n\u00e9 petit pour l\u2019\u00e2ge gestationnel.<br>Dr Fr\u00e9d\u00e9ric BRIOUDE, P\u00e9diatre Endocrinologue, H\u00f4pital Armand-Trousseau, Paris.<br><br>P 3\u2212 Devenir neurod\u00e9veloppemental et actualit\u00e9s sur les anomalies du d\u00e9veloppement c\u00e9r\u00e9bral et neurod\u00e9veloppementales li\u00e9es au RCIU.<br>Pr Gregory Anton LODYGENSKY, P\u00e9diatre, chercheur. Directeur de la plateforme canadienne du cerveau n\u00e9onatal.<br>CHU Saint de Justine, Canada.<\/p>\n\n\n\n<p><strong>10h00-11h00 CONF\u00c9RENCE n\u00b0 3 : <\/strong>ADDICTIONS AU COURS DE LA GROSSESSE. REP\u00c9RAGE ET PARCOURS DE SOINS.<br>TROUBLE DU SPECTRE DE L\u2019ALCOOLISATION F\u0152TALE.<\/p>\n\n\n\n<p>Mod\u00e9rateur :<br>Pr Silvia IACOBELLI, N\u00e9onatalogiste, Directrice du Centre d&#8217;\u00c9tudes P\u00e9rinatales de l&#8217;Oc\u00e9an Indien (CEPOI) UR 7388 Universit\u00e9 de La R\u00e9union.<br>Pr Patrick PLADYS, N\u00e9onatologiste, CHU de Rennes.<\/p>\n\n\n\n<p><br>1\u2212 SAF: D\u00e9pistage, interventions et bilan pendant la p\u00e9riode p\u00e9rinatale.<br>Pr B\u00e9r\u00e9nice ROY-DORAY, G\u00e9n\u00e9ticienne et Directrice du Centre de Ressources TSAF, CHU La R\u00e9union.<br><br>P 2\u2212 SAF et TSAF : Organisation des r\u00e9seaux et du parcours de prise en soin.<br>Dr Henri BRUEL, N\u00e9onatologiste, CH du Havre.<\/p>\n\n\n\n<p><br><strong>11h30-13h00 TABLE RONDE n\u00b0 5 : <\/strong>NOUVEAUT\u00c9S EN VENTILATION M\u00c9CANIQUE.<br><br>Mod\u00e9rateurs :<br>Pr Pierre-Henri JARREAU, N\u00e9onatologiste, H\u00f4pital Cochin, Site Port-Royal, Paris.<br>Pr Olivier TANDONNET, N\u00e9onatologiste, CHU de Bordeaux.<\/p>\n\n\n\n<p>1\u2212 Volo ou Baro traumatisme.<br>Pr Peter RIMENSBERGER, N\u00e9onatalogiste, HUG, Universit\u00e9 de Gen\u00e8ve, Suisse.<br><br>P 2\u2212 Monitorage physiopathologique avanc\u00e9 pendant la ventilation m\u00e9canique.<br>Pr Daniele DE LUCA, N\u00e9onatalogiste, H\u00f4pital Antoine-B\u00e9cl\u00e8re, Clamart.<br><br>P 3\u2212 NAVA.<br>Pr Alain BEUCH\u00c9E, N\u00e9onatologiste, CHU de Rennes.<\/p>\n\n\n\n<h4 class=\"wp-block-heading\"><mark style=\"background-color:rgba(0, 0, 0, 0)\" class=\"has-inline-color has-accent-color\">Vendredi 27 mars \u2013 apr\u00e8s-midi<\/mark><\/h4>\n\n\n\n<p><strong>14h00-15h00 TABLE RONDE n\u00b0 6 :<\/strong> <strong>LES PLUS VULN\u00c9RABLES : VACCINATION DES PR\u00c9MATUR\u00c9S ET NOUVELLES PERSPECTIVES DE PR\u00c9VENTION DU VRS<\/strong>.<\/p>\n\n\n\n<p>Mod\u00e9rateurs :<br>Dr Jean-Baptiste MULLER, N\u00e9onatologiste, CHU Rouen.<br><br>1\u2013 Vaccination des pr\u00e9matur\u00e9s.<br>Dr Didier PINQUIER, P\u00e9diatre, CHU Rouen.<br><br>P 2\u2013 Pr\u00e9vention des infections \u00e0 VRS.<br>Pr Marine BUTIN, N\u00e9onatologiste, Hospices Civils de Lyon.<\/p>\n\n\n\n<p><strong>15h00-16h30 TABLE RONDE n\u00b0 6 : CHYLOTHORAX CONG\u00c9NITAL<\/strong>.<\/p>\n\n\n\n<p>Mod\u00e9rateurs :<br>Pr Laurent STORME, N\u00e9onatologiste, H\u00f4pital Jeanne de Flandre, Lille.<br>Pr Pierre TOURNEUX, N\u00e9onatologiste, CHU Amiens, Picardie, Site Sud, Amiens.<br><br>P 1\u2013 Pathophysiology of the lymphatic system in the fetus and the newborn.<br>Pr Maxim ITKIN, Professor of Radiology and Pediatrics, Center for Lymphatic Disorders, University of Pennsylvania Medical Center, Nemours Children\u2019s Hospital, Wilmington, Philadelphia, USA.<br><br>P 2\u2013 Prise en charge pendant la grossesse.<br>Pr Alexandra BENACHI, Gyn\u00e9cologue-Obst\u00e9tricien, H\u00f4pital Antoine-B\u00e9cl\u00e8re, Clamart.<br><br>P 3\u2013 Adapter nos pratiques pour am\u00e9liorer le devenir.<br>Dr Riadh BOUKHRIS, N\u00e9onatologiste, membre du Centre de r\u00e9f\u00e9rence des hernies diaphragmatiques et des omphaloc\u00e8les, CHU Lille.<\/p>\n","protected":false},"excerpt":{"rendered":"<p>Jeudi 26 mars \u2013 matin 8h30-10h00 TABLE RONDE n\u00b0 1 : MALADIES INFECTIEUSES \u00c9MERGENTES \u00c0 TRANSMISSION P\u00c9RINATALE. Mod\u00e9rateurs :Pr Silvia IACOBELLI, N\u00e9onatalogiste, Directrice du Centre d&#8217;\u00c9tudes P\u00e9rinatales de l&#8217;Oc\u00e9an Indien (CEPOI) UR 7388 Universit\u00e9 de La R\u00e9union.Pr Pierre GRESSENS, P\u00e9diatre neurologue, Directeur de recherche \u00e0 l\u2019Inserm 1141, H\u00f4pital Robert Debr\u00e9, Paris et Professeur de neurologie [&hellip;]<\/p>\n","protected":false},"author":87,"featured_media":9063,"parent":255,"menu_order":70,"comment_status":"closed","ping_status":"closed","template":"","meta":{"_editorskit_title_hidden":false,"_editorskit_reading_time":0,"_editorskit_is_block_options_detached":false,"_editorskit_block_options_position":"{}","_uag_custom_page_level_css":"","footnotes":""},"class_list":["post-9061","page","type-page","status-publish","has-post-thumbnail","hentry"],"yoast_head":"<!-- This site is optimized with the Yoast SEO plugin v27.6 - https:\/\/yoast.com\/product\/yoast-seo-wordpress\/ -->\n<title>2026 - 55\u00e8mes Journ\u00e9es Nationales de N\u00e9onatologie - FHU Prem&#039;IMPACT<\/title>\n<meta name=\"robots\" content=\"index, follow, max-snippet:-1, max-image-preview:large, max-video-preview:-1\" \/>\n<link rel=\"canonical\" href=\"https:\/\/fhu-premimpact.org\/en\/enseignement\/congres\/https-relations-medicales-com-jnn_2025-copie\/\" \/>\n<meta property=\"og:locale\" content=\"en_US\" \/>\n<meta property=\"og:type\" content=\"article\" \/>\n<meta property=\"og:title\" content=\"2026 - 55\u00e8mes Journ\u00e9es Nationales de N\u00e9onatologie - FHU Prem&#039;IMPACT\" \/>\n<meta property=\"og:description\" content=\"Jeudi 26 mars \u2013 matin 8h30-10h00 TABLE RONDE n\u00b0 1 : MALADIES INFECTIEUSES \u00c9MERGENTES \u00c0 TRANSMISSION P\u00c9RINATALE. Mod\u00e9rateurs :Pr Silvia IACOBELLI, N\u00e9onatalogiste, Directrice du Centre d&#8217;\u00c9tudes P\u00e9rinatales de l&#8217;Oc\u00e9an Indien (CEPOI) UR 7388 Universit\u00e9 de La R\u00e9union.Pr Pierre GRESSENS, P\u00e9diatre neurologue, Directeur de recherche \u00e0 l\u2019Inserm 1141, H\u00f4pital Robert Debr\u00e9, Paris et Professeur de neurologie [&hellip;]\" \/>\n<meta property=\"og:url\" content=\"https:\/\/fhu-premimpact.org\/en\/enseignement\/congres\/https-relations-medicales-com-jnn_2025-copie\/\" \/>\n<meta property=\"og:site_name\" content=\"FHU Prem&#039;IMPACT\" \/>\n<meta property=\"article:modified_time\" content=\"2026-05-07T13:51:50+00:00\" \/>\n<meta property=\"og:image\" content=\"https:\/\/fhu-premimpact.org\/wp-content\/uploads\/2026\/02\/JNN-2026_VV.jpg\" \/>\n\t<meta property=\"og:image:width\" content=\"411\" \/>\n\t<meta property=\"og:image:height\" content=\"115\" \/>\n\t<meta property=\"og:image:type\" content=\"image\/jpeg\" \/>\n<meta name=\"twitter:card\" content=\"summary_large_image\" \/>\n<meta name=\"twitter:label1\" content=\"Est. reading time\" \/>\n\t<meta name=\"twitter:data1\" content=\"6 minutes\" \/>\n<script type=\"application\/ld+json\" class=\"yoast-schema-graph\">{\"@context\":\"https:\\\/\\\/schema.org\",\"@graph\":[{\"@type\":\"WebPage\",\"@id\":\"https:\\\/\\\/fhu-premimpact.org\\\/en\\\/enseignement\\\/congres\\\/https-relations-medicales-com-jnn_2025-copie\\\/\",\"url\":\"https:\\\/\\\/fhu-premimpact.org\\\/en\\\/enseignement\\\/congres\\\/https-relations-medicales-com-jnn_2025-copie\\\/\",\"name\":\"2026 - 55\u00e8mes Journ\u00e9es Nationales de N\u00e9onatologie - FHU Prem&#039;IMPACT\",\"isPartOf\":{\"@id\":\"https:\\\/\\\/fhu-premimpact.org\\\/en\\\/#website\"},\"primaryImageOfPage\":{\"@id\":\"https:\\\/\\\/fhu-premimpact.org\\\/en\\\/enseignement\\\/congres\\\/https-relations-medicales-com-jnn_2025-copie\\\/#primaryimage\"},\"image\":{\"@id\":\"https:\\\/\\\/fhu-premimpact.org\\\/en\\\/enseignement\\\/congres\\\/https-relations-medicales-com-jnn_2025-copie\\\/#primaryimage\"},\"thumbnailUrl\":\"https:\\\/\\\/fhu-premimpact.org\\\/wp-content\\\/uploads\\\/2026\\\/02\\\/JNN-2026_VV.jpg\",\"datePublished\":\"2026-02-11T10:59:26+00:00\",\"dateModified\":\"2026-05-07T13:51:50+00:00\",\"breadcrumb\":{\"@id\":\"https:\\\/\\\/fhu-premimpact.org\\\/en\\\/enseignement\\\/congres\\\/https-relations-medicales-com-jnn_2025-copie\\\/#breadcrumb\"},\"inLanguage\":\"en-US\",\"potentialAction\":[{\"@type\":\"ReadAction\",\"target\":[\"https:\\\/\\\/fhu-premimpact.org\\\/en\\\/enseignement\\\/congres\\\/https-relations-medicales-com-jnn_2025-copie\\\/\"]}]},{\"@type\":\"ImageObject\",\"inLanguage\":\"en-US\",\"@id\":\"https:\\\/\\\/fhu-premimpact.org\\\/en\\\/enseignement\\\/congres\\\/https-relations-medicales-com-jnn_2025-copie\\\/#primaryimage\",\"url\":\"https:\\\/\\\/fhu-premimpact.org\\\/wp-content\\\/uploads\\\/2026\\\/02\\\/JNN-2026_VV.jpg\",\"contentUrl\":\"https:\\\/\\\/fhu-premimpact.org\\\/wp-content\\\/uploads\\\/2026\\\/02\\\/JNN-2026_VV.jpg\",\"width\":411,\"height\":115},{\"@type\":\"BreadcrumbList\",\"@id\":\"https:\\\/\\\/fhu-premimpact.org\\\/en\\\/enseignement\\\/congres\\\/https-relations-medicales-com-jnn_2025-copie\\\/#breadcrumb\",\"itemListElement\":[{\"@type\":\"ListItem\",\"position\":1,\"name\":\"Accueil\",\"item\":\"https:\\\/\\\/fhu-premimpact.org\\\/en\\\/\"},{\"@type\":\"ListItem\",\"position\":2,\"name\":\"Enseignement\",\"item\":\"https:\\\/\\\/fhu-premimpact.org\\\/en\\\/enseignement\\\/\"},{\"@type\":\"ListItem\",\"position\":3,\"name\":\"Congr\u00e8s\",\"item\":\"https:\\\/\\\/fhu-premimpact.org\\\/en\\\/enseignement\\\/congres\\\/\"},{\"@type\":\"ListItem\",\"position\":4,\"name\":\"2026 &#8211; 55\u00e8mes Journ\u00e9es Nationales de N\u00e9onatologie\"}]},{\"@type\":\"WebSite\",\"@id\":\"https:\\\/\\\/fhu-premimpact.org\\\/en\\\/#website\",\"url\":\"https:\\\/\\\/fhu-premimpact.org\\\/en\\\/\",\"name\":\"FHU PREM'IMPACT\",\"description\":\"Perinatal inflammation and prematurity\",\"publisher\":{\"@id\":\"https:\\\/\\\/fhu-premimpact.org\\\/en\\\/#organization\"},\"potentialAction\":[{\"@type\":\"SearchAction\",\"target\":{\"@type\":\"EntryPoint\",\"urlTemplate\":\"https:\\\/\\\/fhu-premimpact.org\\\/en\\\/?s={search_term_string}\"},\"query-input\":{\"@type\":\"PropertyValueSpecification\",\"valueRequired\":true,\"valueName\":\"search_term_string\"}}],\"inLanguage\":\"en-US\"},{\"@type\":\"Organization\",\"@id\":\"https:\\\/\\\/fhu-premimpact.org\\\/en\\\/#organization\",\"name\":\"FHU PREM'IMPACT\",\"url\":\"https:\\\/\\\/fhu-premimpact.org\\\/en\\\/\",\"logo\":{\"@type\":\"ImageObject\",\"inLanguage\":\"en-US\",\"@id\":\"https:\\\/\\\/fhu-premimpact.org\\\/en\\\/#\\\/schema\\\/logo\\\/image\\\/\",\"url\":\"https:\\\/\\\/fhu-premimpact.org\\\/wp-content\\\/uploads\\\/2025\\\/03\\\/logo-grand-centre-fhupremimpact.jpg\",\"contentUrl\":\"https:\\\/\\\/fhu-premimpact.org\\\/wp-content\\\/uploads\\\/2025\\\/03\\\/logo-grand-centre-fhupremimpact.jpg\",\"width\":1280,\"height\":720,\"caption\":\"FHU PREM'IMPACT\"},\"image\":{\"@id\":\"https:\\\/\\\/fhu-premimpact.org\\\/en\\\/#\\\/schema\\\/logo\\\/image\\\/\"},\"sameAs\":[\"https:\\\/\\\/www.instagram.com\\\/fhupremimpact\\\/\",\"https:\\\/\\\/www.linkedin.com\\\/in\\\/fhu-prem-impact-ap-hp-inserm-universit-paris-cit-70b911253\\\/\"]}]}<\/script>\n<!-- \/ Yoast SEO plugin. -->","yoast_head_json":{"title":"2026 - 55\u00e8mes Journ\u00e9es Nationales de N\u00e9onatologie - FHU Prem&#039;IMPACT","robots":{"index":"index","follow":"follow","max-snippet":"max-snippet:-1","max-image-preview":"max-image-preview:large","max-video-preview":"max-video-preview:-1"},"canonical":"https:\/\/fhu-premimpact.org\/en\/enseignement\/congres\/https-relations-medicales-com-jnn_2025-copie\/","og_locale":"en_US","og_type":"article","og_title":"2026 - 55\u00e8mes Journ\u00e9es Nationales de N\u00e9onatologie - FHU Prem&#039;IMPACT","og_description":"Jeudi 26 mars \u2013 matin 8h30-10h00 TABLE RONDE n\u00b0 1 : MALADIES INFECTIEUSES \u00c9MERGENTES \u00c0 TRANSMISSION P\u00c9RINATALE. Mod\u00e9rateurs :Pr Silvia IACOBELLI, N\u00e9onatalogiste, Directrice du Centre d&#8217;\u00c9tudes P\u00e9rinatales de l&#8217;Oc\u00e9an Indien (CEPOI) UR 7388 Universit\u00e9 de La R\u00e9union.Pr Pierre GRESSENS, P\u00e9diatre neurologue, Directeur de recherche \u00e0 l\u2019Inserm 1141, H\u00f4pital Robert Debr\u00e9, Paris et Professeur de neurologie [&hellip;]","og_url":"https:\/\/fhu-premimpact.org\/en\/enseignement\/congres\/https-relations-medicales-com-jnn_2025-copie\/","og_site_name":"FHU Prem&#039;IMPACT","article_modified_time":"2026-05-07T13:51:50+00:00","og_image":[{"width":411,"height":115,"url":"https:\/\/fhu-premimpact.org\/wp-content\/uploads\/2026\/02\/JNN-2026_VV.jpg","type":"image\/jpeg"}],"twitter_card":"summary_large_image","twitter_misc":{"Est. reading time":"6 minutes"},"schema":{"@context":"https:\/\/schema.org","@graph":[{"@type":"WebPage","@id":"https:\/\/fhu-premimpact.org\/en\/enseignement\/congres\/https-relations-medicales-com-jnn_2025-copie\/","url":"https:\/\/fhu-premimpact.org\/en\/enseignement\/congres\/https-relations-medicales-com-jnn_2025-copie\/","name":"2026 - 55\u00e8mes Journ\u00e9es Nationales de N\u00e9onatologie - FHU Prem&#039;IMPACT","isPartOf":{"@id":"https:\/\/fhu-premimpact.org\/en\/#website"},"primaryImageOfPage":{"@id":"https:\/\/fhu-premimpact.org\/en\/enseignement\/congres\/https-relations-medicales-com-jnn_2025-copie\/#primaryimage"},"image":{"@id":"https:\/\/fhu-premimpact.org\/en\/enseignement\/congres\/https-relations-medicales-com-jnn_2025-copie\/#primaryimage"},"thumbnailUrl":"https:\/\/fhu-premimpact.org\/wp-content\/uploads\/2026\/02\/JNN-2026_VV.jpg","datePublished":"2026-02-11T10:59:26+00:00","dateModified":"2026-05-07T13:51:50+00:00","breadcrumb":{"@id":"https:\/\/fhu-premimpact.org\/en\/enseignement\/congres\/https-relations-medicales-com-jnn_2025-copie\/#breadcrumb"},"inLanguage":"en-US","potentialAction":[{"@type":"ReadAction","target":["https:\/\/fhu-premimpact.org\/en\/enseignement\/congres\/https-relations-medicales-com-jnn_2025-copie\/"]}]},{"@type":"ImageObject","inLanguage":"en-US","@id":"https:\/\/fhu-premimpact.org\/en\/enseignement\/congres\/https-relations-medicales-com-jnn_2025-copie\/#primaryimage","url":"https:\/\/fhu-premimpact.org\/wp-content\/uploads\/2026\/02\/JNN-2026_VV.jpg","contentUrl":"https:\/\/fhu-premimpact.org\/wp-content\/uploads\/2026\/02\/JNN-2026_VV.jpg","width":411,"height":115},{"@type":"BreadcrumbList","@id":"https:\/\/fhu-premimpact.org\/en\/enseignement\/congres\/https-relations-medicales-com-jnn_2025-copie\/#breadcrumb","itemListElement":[{"@type":"ListItem","position":1,"name":"Accueil","item":"https:\/\/fhu-premimpact.org\/en\/"},{"@type":"ListItem","position":2,"name":"Enseignement","item":"https:\/\/fhu-premimpact.org\/en\/enseignement\/"},{"@type":"ListItem","position":3,"name":"Congr\u00e8s","item":"https:\/\/fhu-premimpact.org\/en\/enseignement\/congres\/"},{"@type":"ListItem","position":4,"name":"2026 &#8211; 55\u00e8mes Journ\u00e9es Nationales de N\u00e9onatologie"}]},{"@type":"WebSite","@id":"https:\/\/fhu-premimpact.org\/en\/#website","url":"https:\/\/fhu-premimpact.org\/en\/","name":"FHU PREM'IMPACT","description":"Perinatal inflammation and prematurity","publisher":{"@id":"https:\/\/fhu-premimpact.org\/en\/#organization"},"potentialAction":[{"@type":"SearchAction","target":{"@type":"EntryPoint","urlTemplate":"https:\/\/fhu-premimpact.org\/en\/?s={search_term_string}"},"query-input":{"@type":"PropertyValueSpecification","valueRequired":true,"valueName":"search_term_string"}}],"inLanguage":"en-US"},{"@type":"Organization","@id":"https:\/\/fhu-premimpact.org\/en\/#organization","name":"FHU PREM'IMPACT","url":"https:\/\/fhu-premimpact.org\/en\/","logo":{"@type":"ImageObject","inLanguage":"en-US","@id":"https:\/\/fhu-premimpact.org\/en\/#\/schema\/logo\/image\/","url":"https:\/\/fhu-premimpact.org\/wp-content\/uploads\/2025\/03\/logo-grand-centre-fhupremimpact.jpg","contentUrl":"https:\/\/fhu-premimpact.org\/wp-content\/uploads\/2025\/03\/logo-grand-centre-fhupremimpact.jpg","width":1280,"height":720,"caption":"FHU PREM'IMPACT"},"image":{"@id":"https:\/\/fhu-premimpact.org\/en\/#\/schema\/logo\/image\/"},"sameAs":["https:\/\/www.instagram.com\/fhupremimpact\/","https:\/\/www.linkedin.com\/in\/fhu-prem-impact-ap-hp-inserm-universit-paris-cit-70b911253\/"]}]}},"uagb_featured_image_src":{"full":["https:\/\/fhu-premimpact.org\/wp-content\/uploads\/2026\/02\/JNN-2026_VV.jpg",411,115,false],"thumbnail":["https:\/\/fhu-premimpact.org\/wp-content\/uploads\/2026\/02\/JNN-2026_VV-150x115.jpg",150,115,true],"medium":["https:\/\/fhu-premimpact.org\/wp-content\/uploads\/2026\/02\/JNN-2026_VV-300x84.jpg",300,84,true],"medium_large":["https:\/\/fhu-premimpact.org\/wp-content\/uploads\/2026\/02\/JNN-2026_VV.jpg",411,115,false],"large":["https:\/\/fhu-premimpact.org\/wp-content\/uploads\/2026\/02\/JNN-2026_VV.jpg",411,115,false],"1536x1536":["https:\/\/fhu-premimpact.org\/wp-content\/uploads\/2026\/02\/JNN-2026_VV.jpg",411,115,false],"2048x2048":["https:\/\/fhu-premimpact.org\/wp-content\/uploads\/2026\/02\/JNN-2026_VV.jpg",411,115,false],"post-thumbnail":["https:\/\/fhu-premimpact.org\/wp-content\/uploads\/2026\/02\/JNN-2026_VV.jpg",411,115,false],"twentytwenty-fullscreen":["https:\/\/fhu-premimpact.org\/wp-content\/uploads\/2026\/02\/JNN-2026_VV.jpg",411,115,false]},"uagb_author_info":{"display_name":"Laurence Lecomte","author_link":"https:\/\/fhu-premimpact.org\/en\/author\/laurence-lecomte\/"},"uagb_comment_info":0,"uagb_excerpt":"Jeudi 26 mars \u2013 matin 8h30-10h00 TABLE RONDE n\u00b0 1 : MALADIES INFECTIEUSES \u00c9MERGENTES \u00c0 TRANSMISSION P\u00c9RINATALE. Mod\u00e9rateurs :Pr Silvia IACOBELLI, N\u00e9onatalogiste, Directrice du Centre d&#8217;\u00c9tudes P\u00e9rinatales de l&#8217;Oc\u00e9an Indien (CEPOI) UR 7388 Universit\u00e9 de La R\u00e9union.Pr Pierre GRESSENS, P\u00e9diatre neurologue, Directeur de recherche \u00e0 l\u2019Inserm 1141, H\u00f4pital Robert Debr\u00e9, Paris et Professeur de neurologie&hellip;","_links":{"self":[{"href":"https:\/\/fhu-premimpact.org\/en\/wp-json\/wp\/v2\/pages\/9061","targetHints":{"allow":["GET"]}}],"collection":[{"href":"https:\/\/fhu-premimpact.org\/en\/wp-json\/wp\/v2\/pages"}],"about":[{"href":"https:\/\/fhu-premimpact.org\/en\/wp-json\/wp\/v2\/types\/page"}],"author":[{"embeddable":true,"href":"https:\/\/fhu-premimpact.org\/en\/wp-json\/wp\/v2\/users\/87"}],"replies":[{"embeddable":true,"href":"https:\/\/fhu-premimpact.org\/en\/wp-json\/wp\/v2\/comments?post=9061"}],"version-history":[{"count":7,"href":"https:\/\/fhu-premimpact.org\/en\/wp-json\/wp\/v2\/pages\/9061\/revisions"}],"predecessor-version":[{"id":9077,"href":"https:\/\/fhu-premimpact.org\/en\/wp-json\/wp\/v2\/pages\/9061\/revisions\/9077"}],"up":[{"embeddable":true,"href":"https:\/\/fhu-premimpact.org\/en\/wp-json\/wp\/v2\/pages\/255"}],"wp:featuredmedia":[{"embeddable":true,"href":"https:\/\/fhu-premimpact.org\/en\/wp-json\/wp\/v2\/media\/9063"}],"wp:attachment":[{"href":"https:\/\/fhu-premimpact.org\/en\/wp-json\/wp\/v2\/media?parent=9061"}],"curies":[{"name":"wp","href":"https:\/\/api.w.org\/{rel}","templated":true}]}}