{"id":9008,"date":"2026-02-25T15:44:12","date_gmt":"2026-02-25T14:44:12","guid":{"rendered":"https:\/\/fhu-premimpact.org\/?page_id=9008"},"modified":"2026-03-11T12:22:18","modified_gmt":"2026-03-11T11:22:18","slug":"vers-un-futur-vaccin-contre-la-meningite-bacterienne-du-nouveau-ne-copie-copie-3-copie-copie-5","status":"publish","type":"page","link":"https:\/\/fhu-premimpact.org\/en\/focus\/vers-un-futur-vaccin-contre-la-meningite-bacterienne-du-nouveau-ne-copie-copie-3-copie-copie-5\/","title":{"rendered":"Le manque de v\u00e9g\u00e9tation et le d\u00e9savantage social\u00a0accentuent l&#8217;effet n\u00e9gatif de la chaleur sur le poids de naissance"},"content":{"rendered":"\n<p>PARIS,&nbsp; 25&nbsp;f\u00e9vrier 2026 &#8211; L&#8217;exposition \u00e0 la chaleur pendant les deux premiers trimestres de la grossesse est associ\u00e9e \u00e0 un plus petit poids de naissance, un effet accentu\u00e9 pour les femmes vivant dans des zones faiblement v\u00e9g\u00e9talis\u00e9es et d\u00e9favoris\u00e9es, selon une \u00e9tude fran\u00e7aise publi\u00e9e mardi dans Environmental Science &amp;&nbsp;Technology.<\/p>\n\n\n\n<p>Les \u00e9tudes sugg\u00e9rant un lien entre temp\u00e9ratures \u00e9lev\u00e9es et risques p\u00e9rinatals&nbsp;tels que petit poids de naissance, pr\u00e9maturit\u00e9 et mortalit\u00e9 n\u00e9onatale sont de plus en plus nombreuses. Toutefois, ces \u00e9tudes n&#8217;ont pris en compte la chaleur que de mani\u00e8re isol\u00e9e, sans examiner les interactions potentielles avec d&#8217;autres facteurs environnementaux ou de stress social, rappellent dans un communiqu\u00e9 commun l&#8217;Inserm, l&#8217;universit\u00e9 Grenoble Alpes et Sant\u00e9 publique France (SPF).<\/p>\n\n\n\n<p>Lucie Ad\u00e9la\u00efde de SPF et de l&#8217;Institut pour l&#8217;avanc\u00e9e des biosciences Inserm\/CNRS\/universit\u00e9 Grenoble-Alpes et ses coll\u00e8gues ont travaill\u00e9 sur les donn\u00e9es de quatre cohortes m\u00e8res-enfants fran\u00e7aises (P\u00e9lagie, Eden, Sepages et Elfe), soit 20.904 participantes enceintes recrut\u00e9es entre 2002 et 2017 et suivies tout au long de leur grossesse. Ils ont examin\u00e9 les fen\u00eatres critiques d&#8217;exposition pour l&#8217;association entre chaleur et croissance f\u0153tale, le r\u00f4le de la pollution atmosph\u00e9rique (particules fines PM2,5, dioxyde d&#8217;azote, ozone), de la v\u00e9g\u00e9tation et des facteurs de stress sociaux sur ces associations.<\/p>\n\n\n\n<p>L&#8217;exposition \u00e0 la chaleur pendant les deux premiers trimestres de la grossesse \u00e9tait associ\u00e9e \u00e0 une r\u00e9duction de la croissance f\u0153tale. Par rapport \u00e0 la m\u00e9diane de la temp\u00e9rature moyenne (13,6\u00b0C), une exposition \u00e0 une chaleur extr\u00eame (95\u1d49&nbsp;percentile des temp\u00e9ratures moyennes, 24,3\u00b0C) entre 2 et 15&nbsp;semaines et entre 21 et 26&nbsp;semaines de grossesse \u00e9tait associ\u00e9e \u00e0 une r\u00e9duction cumul\u00e9e du poids de naissance de 199,4&nbsp;g et 40,7&nbsp;g, respectivement.<\/p>\n\n\n\n<p>Mais entre 32 et 35&nbsp;semaines de grossesse, l&#8217;exposition \u00e0 une telle chaleur \u00e9tait associ\u00e9e \u00e0 une augmentation du poids de naissance de 56,5&nbsp;g.<\/p>\n\n\n\n<p>La r\u00e9duction du poids de naissance associ\u00e9e \u00e0 la chaleur \u00e9tait plus importante pour les femmes vivant dans une zone \u00e0 faible indice de v\u00e9g\u00e9talisation (NDVI), et la fen\u00eatre critique d&#8217;exposition \u00e9tait allong\u00e9e, par rapport aux femmes vivant dans une zone \u00e0 indice de v\u00e9g\u00e9talisation \u00e9lev\u00e9. Ainsi, une exposition \u00e0 une chaleur s\u00e9v\u00e8re (21,6\u00b0C) entre 5 et 7&nbsp;semaines de grossesse \u00e9tait associ\u00e9e \u00e0 une baisse du poids de naissance de 72,5&nbsp;g en cas de faible indice de v\u00e9g\u00e9talisation contre une baisse de 43,4&nbsp;g en cas d&#8217;indice de v\u00e9g\u00e9talisation \u00e9lev\u00e9, par rapport \u00e0 la temp\u00e9rature m\u00e9diane de 13,6\u00b0C.<\/p>\n\n\n\n<p>Une diminution du poids de naissance plus marqu\u00e9e li\u00e9e \u00e0 l&#8217;exposition \u00e0 la chaleur au premier trimestre a aussi \u00e9t\u00e9 observ\u00e9e pour les femmes ayant une position sociale plus basse par rapport \u00e0 celles ayant une position sociale plus \u00e9lev\u00e9e.<\/p>\n\n\n\n<p>L&#8217;effet de la chaleur sur le poids de naissance \u00e9tait \u00e9galement plus marqu\u00e9 chez les femmes ayant un indice de d\u00e9favorisation sociale (EDI) plus \u00e9lev\u00e9 (plus d\u00e9favoris\u00e9es): entre 5 et 18&nbsp;semaines de grossesse, l&#8217;exposition \u00e0 une chaleur s\u00e9v\u00e8re \u00e9tait associ\u00e9e \u00e0 une r\u00e9duction de 360,3&nbsp;g du poids de naissance pour les femmes ayant un EDI \u00e9lev\u00e9, tandis que chez les femmes avec un EDI plus bas, la r\u00e9duction du poids de naissance associ\u00e9e \u00e0 la chaleur s\u00e9v\u00e8re \u00e9tait moins significative, avec une fen\u00eatre critique plus pr\u00e9coce et plus courte (-131,3&nbsp;g, avec une exposition entre 2 et 7&nbsp;semaines de grossesse).<\/p>\n\n\n\n<p>&#8220;C&#8217;est la premi\u00e8re fois qu&#8217;une \u00e9tude prend en compte le r\u00f4le de ces diff\u00e9rents facteurs dans les effets de la chaleur sur le poids de naissance&#8221;, souligne Maximilien G\u00e9nard-Walton, chercheur post-doctorant \u00e0 l&#8217;Inserm et co-premier auteur de la publication, dans le communiqu\u00e9. &#8220;Nos r\u00e9sultats soulignent l&#8217;importance de mettre en place des mesures cibl\u00e9es pour prot\u00e9ger les femmes enceintes et l&#8217;enfant \u00e0 na\u00eetre d\u00e8s le d\u00e9but de grossesse, notamment par la v\u00e9g\u00e9talisation des environnements de vie qui permettent de r\u00e9duire l&#8217;exposition \u00e0 la chaleur&#8221;, conclut-il.<\/p>\n","protected":false},"excerpt":{"rendered":"<p>PARIS,&nbsp; 25&nbsp;f\u00e9vrier 2026 &#8211; L&#8217;exposition \u00e0 la chaleur pendant les deux premiers trimestres de la grossesse est associ\u00e9e \u00e0 un plus petit poids de naissance, un effet accentu\u00e9 pour les femmes vivant dans des zones faiblement v\u00e9g\u00e9talis\u00e9es et d\u00e9favoris\u00e9es, selon une \u00e9tude fran\u00e7aise publi\u00e9e mardi dans Environmental Science &amp;&nbsp;Technology. Les \u00e9tudes sugg\u00e9rant un lien entre [&hellip;]<\/p>\n","protected":false},"author":87,"featured_media":0,"parent":151,"menu_order":0,"comment_status":"closed","ping_status":"closed","template":"","meta":{"_editorskit_title_hidden":false,"_editorskit_reading_time":0,"_editorskit_is_block_options_detached":false,"_editorskit_block_options_position":"{}","_uag_custom_page_level_css":"","footnotes":""},"class_list":["post-9008","page","type-page","status-publish","hentry"],"yoast_head":"<!-- This site is optimized with the Yoast SEO plugin v27.2 - https:\/\/yoast.com\/product\/yoast-seo-wordpress\/ -->\n<title>Le manque de v\u00e9g\u00e9tation et le d\u00e9savantage social\u00a0accentuent l&#039;effet n\u00e9gatif de la chaleur sur le poids de naissance - FHU Prem&#039;IMPACT<\/title>\n<meta name=\"robots\" content=\"index, follow, max-snippet:-1, max-image-preview:large, max-video-preview:-1\" \/>\n<link rel=\"canonical\" href=\"https:\/\/fhu-premimpact.org\/en\/focus\/vers-un-futur-vaccin-contre-la-meningite-bacterienne-du-nouveau-ne-copie-copie-3-copie-copie-5\/\" \/>\n<meta property=\"og:locale\" content=\"en_US\" \/>\n<meta property=\"og:type\" content=\"article\" \/>\n<meta property=\"og:title\" content=\"Le manque de v\u00e9g\u00e9tation et le d\u00e9savantage social\u00a0accentuent l&#039;effet n\u00e9gatif de la chaleur sur le poids de naissance - FHU Prem&#039;IMPACT\" \/>\n<meta property=\"og:description\" content=\"PARIS,&nbsp; 25&nbsp;f\u00e9vrier 2026 &#8211; L&#8217;exposition \u00e0 la chaleur pendant les deux premiers trimestres de la grossesse est associ\u00e9e \u00e0 un plus petit poids de naissance, un effet accentu\u00e9 pour les femmes vivant dans des zones faiblement v\u00e9g\u00e9talis\u00e9es et d\u00e9favoris\u00e9es, selon une \u00e9tude fran\u00e7aise publi\u00e9e mardi dans Environmental Science &amp;&nbsp;Technology. Les \u00e9tudes sugg\u00e9rant un lien entre [&hellip;]\" \/>\n<meta property=\"og:url\" content=\"https:\/\/fhu-premimpact.org\/en\/focus\/vers-un-futur-vaccin-contre-la-meningite-bacterienne-du-nouveau-ne-copie-copie-3-copie-copie-5\/\" \/>\n<meta property=\"og:site_name\" content=\"FHU Prem&#039;IMPACT\" \/>\n<meta property=\"article:modified_time\" content=\"2026-03-11T11:22:18+00:00\" \/>\n<meta name=\"twitter:card\" content=\"summary_large_image\" \/>\n<meta name=\"twitter:label1\" content=\"Est. reading time\" \/>\n\t<meta name=\"twitter:data1\" content=\"4 minutes\" \/>\n<script type=\"application\/ld+json\" class=\"yoast-schema-graph\">{\"@context\":\"https:\/\/schema.org\",\"@graph\":[{\"@type\":\"WebPage\",\"@id\":\"https:\/\/fhu-premimpact.org\/en\/focus\/vers-un-futur-vaccin-contre-la-meningite-bacterienne-du-nouveau-ne-copie-copie-3-copie-copie-5\/\",\"url\":\"https:\/\/fhu-premimpact.org\/en\/focus\/vers-un-futur-vaccin-contre-la-meningite-bacterienne-du-nouveau-ne-copie-copie-3-copie-copie-5\/\",\"name\":\"Le manque de v\u00e9g\u00e9tation et le d\u00e9savantage social\u00a0accentuent l'effet n\u00e9gatif de la chaleur sur le poids de naissance - FHU Prem&#039;IMPACT\",\"isPartOf\":{\"@id\":\"https:\/\/fhu-premimpact.org\/en\/#website\"},\"datePublished\":\"2026-02-25T14:44:12+00:00\",\"dateModified\":\"2026-03-11T11:22:18+00:00\",\"breadcrumb\":{\"@id\":\"https:\/\/fhu-premimpact.org\/en\/focus\/vers-un-futur-vaccin-contre-la-meningite-bacterienne-du-nouveau-ne-copie-copie-3-copie-copie-5\/#breadcrumb\"},\"inLanguage\":\"en-US\",\"potentialAction\":[{\"@type\":\"ReadAction\",\"target\":[\"https:\/\/fhu-premimpact.org\/en\/focus\/vers-un-futur-vaccin-contre-la-meningite-bacterienne-du-nouveau-ne-copie-copie-3-copie-copie-5\/\"]}]},{\"@type\":\"BreadcrumbList\",\"@id\":\"https:\/\/fhu-premimpact.org\/en\/focus\/vers-un-futur-vaccin-contre-la-meningite-bacterienne-du-nouveau-ne-copie-copie-3-copie-copie-5\/#breadcrumb\",\"itemListElement\":[{\"@type\":\"ListItem\",\"position\":1,\"name\":\"Accueil\",\"item\":\"https:\/\/fhu-premimpact.org\/en\/\"},{\"@type\":\"ListItem\",\"position\":2,\"name\":\"Focus\",\"item\":\"https:\/\/fhu-premimpact.org\/en\/focus\/\"},{\"@type\":\"ListItem\",\"position\":3,\"name\":\"Le manque de v\u00e9g\u00e9tation et le d\u00e9savantage social\u00a0accentuent l&rsquo;effet n\u00e9gatif de la chaleur sur le poids de naissance\"}]},{\"@type\":\"WebSite\",\"@id\":\"https:\/\/fhu-premimpact.org\/en\/#website\",\"url\":\"https:\/\/fhu-premimpact.org\/en\/\",\"name\":\"FHU PREM'IMPACT\",\"description\":\"Perinatal inflammation and prematurity\",\"publisher\":{\"@id\":\"https:\/\/fhu-premimpact.org\/en\/#organization\"},\"potentialAction\":[{\"@type\":\"SearchAction\",\"target\":{\"@type\":\"EntryPoint\",\"urlTemplate\":\"https:\/\/fhu-premimpact.org\/en\/?s={search_term_string}\"},\"query-input\":{\"@type\":\"PropertyValueSpecification\",\"valueRequired\":true,\"valueName\":\"search_term_string\"}}],\"inLanguage\":\"en-US\"},{\"@type\":\"Organization\",\"@id\":\"https:\/\/fhu-premimpact.org\/en\/#organization\",\"name\":\"FHU PREM'IMPACT\",\"url\":\"https:\/\/fhu-premimpact.org\/en\/\",\"logo\":{\"@type\":\"ImageObject\",\"inLanguage\":\"en-US\",\"@id\":\"https:\/\/fhu-premimpact.org\/en\/#\/schema\/logo\/image\/\",\"url\":\"https:\/\/fhu-premimpact.org\/wp-content\/uploads\/2025\/03\/logo-grand-centre-fhupremimpact.jpg\",\"contentUrl\":\"https:\/\/fhu-premimpact.org\/wp-content\/uploads\/2025\/03\/logo-grand-centre-fhupremimpact.jpg\",\"width\":1280,\"height\":720,\"caption\":\"FHU PREM'IMPACT\"},\"image\":{\"@id\":\"https:\/\/fhu-premimpact.org\/en\/#\/schema\/logo\/image\/\"},\"sameAs\":[\"https:\/\/www.instagram.com\/fhupremimpact\/\",\"https:\/\/www.linkedin.com\/in\/fhu-prem-impact-ap-hp-inserm-universit-paris-cit-70b911253\/\"]}]}<\/script>\n<!-- \/ Yoast SEO plugin. -->","yoast_head_json":{"title":"Le manque de v\u00e9g\u00e9tation et le d\u00e9savantage social\u00a0accentuent l'effet n\u00e9gatif de la chaleur sur le poids de naissance - FHU Prem&#039;IMPACT","robots":{"index":"index","follow":"follow","max-snippet":"max-snippet:-1","max-image-preview":"max-image-preview:large","max-video-preview":"max-video-preview:-1"},"canonical":"https:\/\/fhu-premimpact.org\/en\/focus\/vers-un-futur-vaccin-contre-la-meningite-bacterienne-du-nouveau-ne-copie-copie-3-copie-copie-5\/","og_locale":"en_US","og_type":"article","og_title":"Le manque de v\u00e9g\u00e9tation et le d\u00e9savantage social\u00a0accentuent l'effet n\u00e9gatif de la chaleur sur le poids de naissance - FHU Prem&#039;IMPACT","og_description":"PARIS,&nbsp; 25&nbsp;f\u00e9vrier 2026 &#8211; L&#8217;exposition \u00e0 la chaleur pendant les deux premiers trimestres de la grossesse est associ\u00e9e \u00e0 un plus petit poids de naissance, un effet accentu\u00e9 pour les femmes vivant dans des zones faiblement v\u00e9g\u00e9talis\u00e9es et d\u00e9favoris\u00e9es, selon une \u00e9tude fran\u00e7aise publi\u00e9e mardi dans Environmental Science &amp;&nbsp;Technology. Les \u00e9tudes sugg\u00e9rant un lien entre [&hellip;]","og_url":"https:\/\/fhu-premimpact.org\/en\/focus\/vers-un-futur-vaccin-contre-la-meningite-bacterienne-du-nouveau-ne-copie-copie-3-copie-copie-5\/","og_site_name":"FHU Prem&#039;IMPACT","article_modified_time":"2026-03-11T11:22:18+00:00","twitter_card":"summary_large_image","twitter_misc":{"Est. reading time":"4 minutes"},"schema":{"@context":"https:\/\/schema.org","@graph":[{"@type":"WebPage","@id":"https:\/\/fhu-premimpact.org\/en\/focus\/vers-un-futur-vaccin-contre-la-meningite-bacterienne-du-nouveau-ne-copie-copie-3-copie-copie-5\/","url":"https:\/\/fhu-premimpact.org\/en\/focus\/vers-un-futur-vaccin-contre-la-meningite-bacterienne-du-nouveau-ne-copie-copie-3-copie-copie-5\/","name":"Le manque de v\u00e9g\u00e9tation et le d\u00e9savantage social\u00a0accentuent l'effet n\u00e9gatif de la chaleur sur le poids de naissance - FHU Prem&#039;IMPACT","isPartOf":{"@id":"https:\/\/fhu-premimpact.org\/en\/#website"},"datePublished":"2026-02-25T14:44:12+00:00","dateModified":"2026-03-11T11:22:18+00:00","breadcrumb":{"@id":"https:\/\/fhu-premimpact.org\/en\/focus\/vers-un-futur-vaccin-contre-la-meningite-bacterienne-du-nouveau-ne-copie-copie-3-copie-copie-5\/#breadcrumb"},"inLanguage":"en-US","potentialAction":[{"@type":"ReadAction","target":["https:\/\/fhu-premimpact.org\/en\/focus\/vers-un-futur-vaccin-contre-la-meningite-bacterienne-du-nouveau-ne-copie-copie-3-copie-copie-5\/"]}]},{"@type":"BreadcrumbList","@id":"https:\/\/fhu-premimpact.org\/en\/focus\/vers-un-futur-vaccin-contre-la-meningite-bacterienne-du-nouveau-ne-copie-copie-3-copie-copie-5\/#breadcrumb","itemListElement":[{"@type":"ListItem","position":1,"name":"Accueil","item":"https:\/\/fhu-premimpact.org\/en\/"},{"@type":"ListItem","position":2,"name":"Focus","item":"https:\/\/fhu-premimpact.org\/en\/focus\/"},{"@type":"ListItem","position":3,"name":"Le manque de v\u00e9g\u00e9tation et le d\u00e9savantage social\u00a0accentuent l&rsquo;effet n\u00e9gatif de la chaleur sur le poids de naissance"}]},{"@type":"WebSite","@id":"https:\/\/fhu-premimpact.org\/en\/#website","url":"https:\/\/fhu-premimpact.org\/en\/","name":"FHU PREM'IMPACT","description":"Perinatal inflammation and prematurity","publisher":{"@id":"https:\/\/fhu-premimpact.org\/en\/#organization"},"potentialAction":[{"@type":"SearchAction","target":{"@type":"EntryPoint","urlTemplate":"https:\/\/fhu-premimpact.org\/en\/?s={search_term_string}"},"query-input":{"@type":"PropertyValueSpecification","valueRequired":true,"valueName":"search_term_string"}}],"inLanguage":"en-US"},{"@type":"Organization","@id":"https:\/\/fhu-premimpact.org\/en\/#organization","name":"FHU PREM'IMPACT","url":"https:\/\/fhu-premimpact.org\/en\/","logo":{"@type":"ImageObject","inLanguage":"en-US","@id":"https:\/\/fhu-premimpact.org\/en\/#\/schema\/logo\/image\/","url":"https:\/\/fhu-premimpact.org\/wp-content\/uploads\/2025\/03\/logo-grand-centre-fhupremimpact.jpg","contentUrl":"https:\/\/fhu-premimpact.org\/wp-content\/uploads\/2025\/03\/logo-grand-centre-fhupremimpact.jpg","width":1280,"height":720,"caption":"FHU PREM'IMPACT"},"image":{"@id":"https:\/\/fhu-premimpact.org\/en\/#\/schema\/logo\/image\/"},"sameAs":["https:\/\/www.instagram.com\/fhupremimpact\/","https:\/\/www.linkedin.com\/in\/fhu-prem-impact-ap-hp-inserm-universit-paris-cit-70b911253\/"]}]}},"uagb_featured_image_src":{"full":false,"thumbnail":false,"medium":false,"medium_large":false,"large":false,"1536x1536":false,"2048x2048":false,"post-thumbnail":false,"twentytwenty-fullscreen":false},"uagb_author_info":{"display_name":"Laurence Lecomte","author_link":"https:\/\/fhu-premimpact.org\/en\/author\/laurence-lecomte\/"},"uagb_comment_info":0,"uagb_excerpt":"PARIS,&nbsp; 25&nbsp;f\u00e9vrier 2026 &#8211; L&#8217;exposition \u00e0 la chaleur pendant les deux premiers trimestres de la grossesse est associ\u00e9e \u00e0 un plus petit poids de naissance, un effet accentu\u00e9 pour les femmes vivant dans des zones faiblement v\u00e9g\u00e9talis\u00e9es et d\u00e9favoris\u00e9es, selon une \u00e9tude fran\u00e7aise publi\u00e9e mardi dans Environmental Science &amp;&nbsp;Technology. Les \u00e9tudes sugg\u00e9rant un lien entre&hellip;","_links":{"self":[{"href":"https:\/\/fhu-premimpact.org\/en\/wp-json\/wp\/v2\/pages\/9008","targetHints":{"allow":["GET"]}}],"collection":[{"href":"https:\/\/fhu-premimpact.org\/en\/wp-json\/wp\/v2\/pages"}],"about":[{"href":"https:\/\/fhu-premimpact.org\/en\/wp-json\/wp\/v2\/types\/page"}],"author":[{"embeddable":true,"href":"https:\/\/fhu-premimpact.org\/en\/wp-json\/wp\/v2\/users\/87"}],"replies":[{"embeddable":true,"href":"https:\/\/fhu-premimpact.org\/en\/wp-json\/wp\/v2\/comments?post=9008"}],"version-history":[{"count":1,"href":"https:\/\/fhu-premimpact.org\/en\/wp-json\/wp\/v2\/pages\/9008\/revisions"}],"predecessor-version":[{"id":9171,"href":"https:\/\/fhu-premimpact.org\/en\/wp-json\/wp\/v2\/pages\/9008\/revisions\/9171"}],"up":[{"embeddable":true,"href":"https:\/\/fhu-premimpact.org\/en\/wp-json\/wp\/v2\/pages\/151"}],"wp:attachment":[{"href":"https:\/\/fhu-premimpact.org\/en\/wp-json\/wp\/v2\/media?parent=9008"}],"curies":[{"name":"wp","href":"https:\/\/api.w.org\/{rel}","templated":true}]}}