{"id":8917,"date":"2025-12-10T12:11:30","date_gmt":"2025-12-10T11:11:30","guid":{"rendered":"https:\/\/fhu-premimpact.org\/?page_id=8917"},"modified":"2026-04-16T12:13:36","modified_gmt":"2026-04-16T10:13:36","slug":"vers-un-futur-vaccin-contre-la-meningite-bacterienne-du-nouveau-ne-copie-copie-3-copie-copie-3","status":"publish","type":"page","link":"https:\/\/fhu-premimpact.org\/en\/focus\/vers-un-futur-vaccin-contre-la-meningite-bacterienne-du-nouveau-ne-copie-copie-3-copie-copie-3\/","title":{"rendered":"Persistance du canal art\u00e9riel chez le pr\u00e9matur\u00e9: meilleure survie avec une strat\u00e9gie attentiste\u00a0"},"content":{"rendered":"\n<p>PWASHINGTON, 10 d\u00e9cembre 2025 &#8211; Les nouveau-n\u00e9s pr\u00e9matur\u00e9s pr\u00e9sentant une persistance du canal art\u00e9riel ont une meilleure survie avec une strat\u00e9gie attentiste qu&#8217;avec un traitement m\u00e9dicamenteux visant \u00e0 la fermeture du canal art\u00e9riel, selon une \u00e9tude am\u00e9ricaine pr\u00e9sent\u00e9e mardi au congr\u00e8s Hot Topics in Neonatology \u00e0 Washington et publi\u00e9s dans le Journal of the American Medical Association (JAMA).<\/p>\n\n\n\n<p>La prise en charge de la persistance du canal art\u00e9riel, une anomalie fr\u00e9quente chez les nouveau-n\u00e9s pr\u00e9matur\u00e9s, reste controvers\u00e9e et la pratique clinique est tr\u00e8s variable, soulignent Matthew Laughon de l&#8217;University of North Carolina \u00e0 Chapel Hill et ses coll\u00e8gues.<\/p>\n\n\n\n<p>Ils ont initi\u00e9 l&#8217;essai randomis\u00e9 PDA comparant une strat\u00e9gie attentiste \u00e0 un traitement m\u00e9dical (parac\u00e9tamol, ibuprof\u00e8ne ou indom\u00e9thacine) pour la fermeture du canal art\u00e9riel chez des b\u00e9b\u00e9s n\u00e9s entre 22 et 28 semaines gestationnelles, diagnostiqu\u00e9s lors d&#8217;un d\u00e9pistage entre 48 heures et 21 jours apr\u00e8s la naissance, dans 33 h\u00f4pitaux du National Institute of Child Health and Human Development Neonatal Research Network.<\/p>\n\n\n\n<p>Il y a eu 482 nouveau-n\u00e9s randomis\u00e9s. L&#8217;essai a \u00e9t\u00e9 arr\u00eat\u00e9 pr\u00e9cocement pour futilit\u00e9 et raison de s\u00e9curit\u00e9 apr\u00e8s une analyse interm\u00e9diaire \u00e0 mi-recrutement des patients, ayant r\u00e9v\u00e9l\u00e9 une survie plus importante dans le groupe assign\u00e9 \u00e0 la strat\u00e9gie attentiste.<\/p>\n\n\n\n<p>Le crit\u00e8re principal de jugement, regroupant les d\u00e9c\u00e8s et dysplasies bronchopulmonaires \u00e0 36 semaines d&#8217;\u00e2ge post-menstruel, n&#8217;\u00e9tait pas significativement diff\u00e9rent entre les deux groupes (80,9% contre 79,6%).<\/p>\n\n\n\n<p>Mais l&#8217;incidence des d\u00e9c\u00e8s avant 36 semaines \u00e9tait significativement plus \u00e9lev\u00e9e dans le groupe recevant le traitement m\u00e9dical (9,6%) que dans le groupe assign\u00e9 \u00e0 la strat\u00e9gie attentiste (4,1%).<\/p>\n\n\n\n<p>En particulier, les infections entra\u00eenant le d\u00e9c\u00e8s \u00e9taient plus \u00e9lev\u00e9es dans le groupe recevant le traitement actif (3,8% contre 0,8%).<\/p>\n\n\n\n<p>&#8220;Dans cet essai, le risque accru de mortalit\u00e9 observ\u00e9 dans le groupe recevant un traitement actif peut \u00eatre en partie attribuable \u00e0 une incidence plus \u00e9lev\u00e9e des infections&#8221;, soulignent les auteurs, \u00e9voquant parmi les m\u00e9canismes possibles la suspension ou le report de la nutrition ent\u00e9rale ou un recours plus important \u00e0 la nutrition parent\u00e9rale lors de ces traitements, ce qui dans les deux cas peut augmenter le risque de sepsis. Les m\u00e9dicaments eux-m\u00eames peuvent alt\u00e9rer le syst\u00e8me immunitaire ou contribuer par d&#8217;autres m\u00e9canismes directement au risque d&#8217;infection.<\/p>\n\n\n\n<p>Il s&#8217;agit du troisi\u00e8me essai randomis\u00e9 dans lequel a fermeture pharmacologique du canal art\u00e9riel n&#8217;apporte pas de b\u00e9n\u00e9fice clinique et est associ\u00e9e \u00e0 de moins bons r\u00e9sultats, malgr\u00e9 des diff\u00e9rences entre ces essais du point de vue de la conception, du moment de la randomisation et du choix du traitement m\u00e9dicamenteux, soulignent les chercheurs.<\/p>\n\n\n\n<p>Bien que les traitements pharmacologiques et chirurgicaux de fermeture du canal art\u00e9riel soient g\u00e9n\u00e9ralement efficaces, avec 70% \u00e0 80% de fermetures effectives apr\u00e8s traitement par parac\u00e9tamol, ibuprof\u00e8ne ou indom\u00e9thacine, ces interventions n&#8217;ont pas montr\u00e9 de r\u00e9duction de la mortalit\u00e9 ni des morbidit\u00e9s li\u00e9es \u00e0 la pr\u00e9maturit\u00e9, observent-ils.<\/p>\n\n\n\n<p>(JAMA, <a href=\"https:\/\/jamanetwork.com\/journals\/jama\/fullarticle\/2842696\" target=\"_blank\" rel=\"noreferrer noopener\">publication en ligne du 9 d\u00e9cembre<\/a><\/p>\n","protected":false},"excerpt":{"rendered":"<p>PWASHINGTON, 10 d\u00e9cembre 2025 &#8211; Les nouveau-n\u00e9s pr\u00e9matur\u00e9s pr\u00e9sentant une persistance du canal art\u00e9riel ont une meilleure survie avec une strat\u00e9gie attentiste qu&#8217;avec un traitement m\u00e9dicamenteux visant \u00e0 la fermeture du canal art\u00e9riel, selon une \u00e9tude am\u00e9ricaine pr\u00e9sent\u00e9e mardi au congr\u00e8s Hot Topics in Neonatology \u00e0 Washington et publi\u00e9s dans le Journal of the American [&hellip;]<\/p>\n","protected":false},"author":87,"featured_media":0,"parent":151,"menu_order":16,"comment_status":"closed","ping_status":"closed","template":"","meta":{"_editorskit_title_hidden":false,"_editorskit_reading_time":0,"_editorskit_is_block_options_detached":false,"_editorskit_block_options_position":"{}","_uag_custom_page_level_css":"","footnotes":""},"class_list":["post-8917","page","type-page","status-publish","hentry"],"yoast_head":"<!-- This site is optimized with the Yoast SEO plugin v27.2 - https:\/\/yoast.com\/product\/yoast-seo-wordpress\/ -->\n<title>Persistance du canal art\u00e9riel chez le pr\u00e9matur\u00e9: meilleure survie avec une strat\u00e9gie attentiste\u00a0 - FHU Prem&#039;IMPACT<\/title>\n<meta name=\"robots\" content=\"index, follow, max-snippet:-1, max-image-preview:large, max-video-preview:-1\" \/>\n<link rel=\"canonical\" href=\"https:\/\/fhu-premimpact.org\/en\/focus\/vers-un-futur-vaccin-contre-la-meningite-bacterienne-du-nouveau-ne-copie-copie-3-copie-copie-3\/\" \/>\n<meta property=\"og:locale\" content=\"en_US\" \/>\n<meta property=\"og:type\" content=\"article\" \/>\n<meta property=\"og:title\" content=\"Persistance du canal art\u00e9riel chez le pr\u00e9matur\u00e9: meilleure survie avec une strat\u00e9gie attentiste\u00a0 - FHU Prem&#039;IMPACT\" \/>\n<meta property=\"og:description\" content=\"PWASHINGTON, 10 d\u00e9cembre 2025 &#8211; Les nouveau-n\u00e9s pr\u00e9matur\u00e9s pr\u00e9sentant une persistance du canal art\u00e9riel ont une meilleure survie avec une strat\u00e9gie attentiste qu&#8217;avec un traitement m\u00e9dicamenteux visant \u00e0 la fermeture du canal art\u00e9riel, selon une \u00e9tude am\u00e9ricaine pr\u00e9sent\u00e9e mardi au congr\u00e8s Hot Topics in Neonatology \u00e0 Washington et publi\u00e9s dans le Journal of the American [&hellip;]\" \/>\n<meta property=\"og:url\" content=\"https:\/\/fhu-premimpact.org\/en\/focus\/vers-un-futur-vaccin-contre-la-meningite-bacterienne-du-nouveau-ne-copie-copie-3-copie-copie-3\/\" \/>\n<meta property=\"og:site_name\" content=\"FHU Prem&#039;IMPACT\" \/>\n<meta property=\"article:modified_time\" content=\"2026-04-16T10:13:36+00:00\" \/>\n<meta name=\"twitter:card\" content=\"summary_large_image\" \/>\n<meta name=\"twitter:label1\" content=\"Est. reading time\" \/>\n\t<meta name=\"twitter:data1\" content=\"3 minutes\" \/>\n<script type=\"application\/ld+json\" class=\"yoast-schema-graph\">{\"@context\":\"https:\/\/schema.org\",\"@graph\":[{\"@type\":\"WebPage\",\"@id\":\"https:\/\/fhu-premimpact.org\/en\/focus\/vers-un-futur-vaccin-contre-la-meningite-bacterienne-du-nouveau-ne-copie-copie-3-copie-copie-3\/\",\"url\":\"https:\/\/fhu-premimpact.org\/en\/focus\/vers-un-futur-vaccin-contre-la-meningite-bacterienne-du-nouveau-ne-copie-copie-3-copie-copie-3\/\",\"name\":\"Persistance du canal art\u00e9riel chez le pr\u00e9matur\u00e9: meilleure survie avec une strat\u00e9gie attentiste\u00a0 - FHU Prem&#039;IMPACT\",\"isPartOf\":{\"@id\":\"https:\/\/fhu-premimpact.org\/en\/#website\"},\"datePublished\":\"2025-12-10T11:11:30+00:00\",\"dateModified\":\"2026-04-16T10:13:36+00:00\",\"breadcrumb\":{\"@id\":\"https:\/\/fhu-premimpact.org\/en\/focus\/vers-un-futur-vaccin-contre-la-meningite-bacterienne-du-nouveau-ne-copie-copie-3-copie-copie-3\/#breadcrumb\"},\"inLanguage\":\"en-US\",\"potentialAction\":[{\"@type\":\"ReadAction\",\"target\":[\"https:\/\/fhu-premimpact.org\/en\/focus\/vers-un-futur-vaccin-contre-la-meningite-bacterienne-du-nouveau-ne-copie-copie-3-copie-copie-3\/\"]}]},{\"@type\":\"BreadcrumbList\",\"@id\":\"https:\/\/fhu-premimpact.org\/en\/focus\/vers-un-futur-vaccin-contre-la-meningite-bacterienne-du-nouveau-ne-copie-copie-3-copie-copie-3\/#breadcrumb\",\"itemListElement\":[{\"@type\":\"ListItem\",\"position\":1,\"name\":\"Accueil\",\"item\":\"https:\/\/fhu-premimpact.org\/en\/\"},{\"@type\":\"ListItem\",\"position\":2,\"name\":\"Focus\",\"item\":\"https:\/\/fhu-premimpact.org\/en\/focus\/\"},{\"@type\":\"ListItem\",\"position\":3,\"name\":\"Persistance du canal art\u00e9riel chez le pr\u00e9matur\u00e9: meilleure survie avec une strat\u00e9gie attentiste\u00a0\"}]},{\"@type\":\"WebSite\",\"@id\":\"https:\/\/fhu-premimpact.org\/en\/#website\",\"url\":\"https:\/\/fhu-premimpact.org\/en\/\",\"name\":\"FHU PREM'IMPACT\",\"description\":\"Perinatal inflammation and prematurity\",\"publisher\":{\"@id\":\"https:\/\/fhu-premimpact.org\/en\/#organization\"},\"potentialAction\":[{\"@type\":\"SearchAction\",\"target\":{\"@type\":\"EntryPoint\",\"urlTemplate\":\"https:\/\/fhu-premimpact.org\/en\/?s={search_term_string}\"},\"query-input\":{\"@type\":\"PropertyValueSpecification\",\"valueRequired\":true,\"valueName\":\"search_term_string\"}}],\"inLanguage\":\"en-US\"},{\"@type\":\"Organization\",\"@id\":\"https:\/\/fhu-premimpact.org\/en\/#organization\",\"name\":\"FHU PREM'IMPACT\",\"url\":\"https:\/\/fhu-premimpact.org\/en\/\",\"logo\":{\"@type\":\"ImageObject\",\"inLanguage\":\"en-US\",\"@id\":\"https:\/\/fhu-premimpact.org\/en\/#\/schema\/logo\/image\/\",\"url\":\"https:\/\/fhu-premimpact.org\/wp-content\/uploads\/2025\/03\/logo-grand-centre-fhupremimpact.jpg\",\"contentUrl\":\"https:\/\/fhu-premimpact.org\/wp-content\/uploads\/2025\/03\/logo-grand-centre-fhupremimpact.jpg\",\"width\":1280,\"height\":720,\"caption\":\"FHU PREM'IMPACT\"},\"image\":{\"@id\":\"https:\/\/fhu-premimpact.org\/en\/#\/schema\/logo\/image\/\"},\"sameAs\":[\"https:\/\/www.instagram.com\/fhupremimpact\/\",\"https:\/\/www.linkedin.com\/in\/fhu-prem-impact-ap-hp-inserm-universit-paris-cit-70b911253\/\"]}]}<\/script>\n<!-- \/ Yoast SEO plugin. -->","yoast_head_json":{"title":"Persistance du canal art\u00e9riel chez le pr\u00e9matur\u00e9: meilleure survie avec une strat\u00e9gie attentiste\u00a0 - FHU Prem&#039;IMPACT","robots":{"index":"index","follow":"follow","max-snippet":"max-snippet:-1","max-image-preview":"max-image-preview:large","max-video-preview":"max-video-preview:-1"},"canonical":"https:\/\/fhu-premimpact.org\/en\/focus\/vers-un-futur-vaccin-contre-la-meningite-bacterienne-du-nouveau-ne-copie-copie-3-copie-copie-3\/","og_locale":"en_US","og_type":"article","og_title":"Persistance du canal art\u00e9riel chez le pr\u00e9matur\u00e9: meilleure survie avec une strat\u00e9gie attentiste\u00a0 - FHU Prem&#039;IMPACT","og_description":"PWASHINGTON, 10 d\u00e9cembre 2025 &#8211; Les nouveau-n\u00e9s pr\u00e9matur\u00e9s pr\u00e9sentant une persistance du canal art\u00e9riel ont une meilleure survie avec une strat\u00e9gie attentiste qu&#8217;avec un traitement m\u00e9dicamenteux visant \u00e0 la fermeture du canal art\u00e9riel, selon une \u00e9tude am\u00e9ricaine pr\u00e9sent\u00e9e mardi au congr\u00e8s Hot Topics in Neonatology \u00e0 Washington et publi\u00e9s dans le Journal of the American [&hellip;]","og_url":"https:\/\/fhu-premimpact.org\/en\/focus\/vers-un-futur-vaccin-contre-la-meningite-bacterienne-du-nouveau-ne-copie-copie-3-copie-copie-3\/","og_site_name":"FHU Prem&#039;IMPACT","article_modified_time":"2026-04-16T10:13:36+00:00","twitter_card":"summary_large_image","twitter_misc":{"Est. reading time":"3 minutes"},"schema":{"@context":"https:\/\/schema.org","@graph":[{"@type":"WebPage","@id":"https:\/\/fhu-premimpact.org\/en\/focus\/vers-un-futur-vaccin-contre-la-meningite-bacterienne-du-nouveau-ne-copie-copie-3-copie-copie-3\/","url":"https:\/\/fhu-premimpact.org\/en\/focus\/vers-un-futur-vaccin-contre-la-meningite-bacterienne-du-nouveau-ne-copie-copie-3-copie-copie-3\/","name":"Persistance du canal art\u00e9riel chez le pr\u00e9matur\u00e9: meilleure survie avec une strat\u00e9gie attentiste\u00a0 - FHU Prem&#039;IMPACT","isPartOf":{"@id":"https:\/\/fhu-premimpact.org\/en\/#website"},"datePublished":"2025-12-10T11:11:30+00:00","dateModified":"2026-04-16T10:13:36+00:00","breadcrumb":{"@id":"https:\/\/fhu-premimpact.org\/en\/focus\/vers-un-futur-vaccin-contre-la-meningite-bacterienne-du-nouveau-ne-copie-copie-3-copie-copie-3\/#breadcrumb"},"inLanguage":"en-US","potentialAction":[{"@type":"ReadAction","target":["https:\/\/fhu-premimpact.org\/en\/focus\/vers-un-futur-vaccin-contre-la-meningite-bacterienne-du-nouveau-ne-copie-copie-3-copie-copie-3\/"]}]},{"@type":"BreadcrumbList","@id":"https:\/\/fhu-premimpact.org\/en\/focus\/vers-un-futur-vaccin-contre-la-meningite-bacterienne-du-nouveau-ne-copie-copie-3-copie-copie-3\/#breadcrumb","itemListElement":[{"@type":"ListItem","position":1,"name":"Accueil","item":"https:\/\/fhu-premimpact.org\/en\/"},{"@type":"ListItem","position":2,"name":"Focus","item":"https:\/\/fhu-premimpact.org\/en\/focus\/"},{"@type":"ListItem","position":3,"name":"Persistance du canal art\u00e9riel chez le pr\u00e9matur\u00e9: meilleure survie avec une strat\u00e9gie attentiste\u00a0"}]},{"@type":"WebSite","@id":"https:\/\/fhu-premimpact.org\/en\/#website","url":"https:\/\/fhu-premimpact.org\/en\/","name":"FHU PREM'IMPACT","description":"Perinatal inflammation and prematurity","publisher":{"@id":"https:\/\/fhu-premimpact.org\/en\/#organization"},"potentialAction":[{"@type":"SearchAction","target":{"@type":"EntryPoint","urlTemplate":"https:\/\/fhu-premimpact.org\/en\/?s={search_term_string}"},"query-input":{"@type":"PropertyValueSpecification","valueRequired":true,"valueName":"search_term_string"}}],"inLanguage":"en-US"},{"@type":"Organization","@id":"https:\/\/fhu-premimpact.org\/en\/#organization","name":"FHU PREM'IMPACT","url":"https:\/\/fhu-premimpact.org\/en\/","logo":{"@type":"ImageObject","inLanguage":"en-US","@id":"https:\/\/fhu-premimpact.org\/en\/#\/schema\/logo\/image\/","url":"https:\/\/fhu-premimpact.org\/wp-content\/uploads\/2025\/03\/logo-grand-centre-fhupremimpact.jpg","contentUrl":"https:\/\/fhu-premimpact.org\/wp-content\/uploads\/2025\/03\/logo-grand-centre-fhupremimpact.jpg","width":1280,"height":720,"caption":"FHU PREM'IMPACT"},"image":{"@id":"https:\/\/fhu-premimpact.org\/en\/#\/schema\/logo\/image\/"},"sameAs":["https:\/\/www.instagram.com\/fhupremimpact\/","https:\/\/www.linkedin.com\/in\/fhu-prem-impact-ap-hp-inserm-universit-paris-cit-70b911253\/"]}]}},"uagb_featured_image_src":{"full":false,"thumbnail":false,"medium":false,"medium_large":false,"large":false,"1536x1536":false,"2048x2048":false,"post-thumbnail":false,"twentytwenty-fullscreen":false},"uagb_author_info":{"display_name":"Laurence Lecomte","author_link":"https:\/\/fhu-premimpact.org\/en\/author\/laurence-lecomte\/"},"uagb_comment_info":0,"uagb_excerpt":"PWASHINGTON, 10 d\u00e9cembre 2025 &#8211; Les nouveau-n\u00e9s pr\u00e9matur\u00e9s pr\u00e9sentant une persistance du canal art\u00e9riel ont une meilleure survie avec une strat\u00e9gie attentiste qu&#8217;avec un traitement m\u00e9dicamenteux visant \u00e0 la fermeture du canal art\u00e9riel, selon une \u00e9tude am\u00e9ricaine pr\u00e9sent\u00e9e mardi au congr\u00e8s Hot Topics in Neonatology \u00e0 Washington et publi\u00e9s dans le Journal of the American&hellip;","_links":{"self":[{"href":"https:\/\/fhu-premimpact.org\/en\/wp-json\/wp\/v2\/pages\/8917","targetHints":{"allow":["GET"]}}],"collection":[{"href":"https:\/\/fhu-premimpact.org\/en\/wp-json\/wp\/v2\/pages"}],"about":[{"href":"https:\/\/fhu-premimpact.org\/en\/wp-json\/wp\/v2\/types\/page"}],"author":[{"embeddable":true,"href":"https:\/\/fhu-premimpact.org\/en\/wp-json\/wp\/v2\/users\/87"}],"replies":[{"embeddable":true,"href":"https:\/\/fhu-premimpact.org\/en\/wp-json\/wp\/v2\/comments?post=8917"}],"version-history":[{"count":1,"href":"https:\/\/fhu-premimpact.org\/en\/wp-json\/wp\/v2\/pages\/8917\/revisions"}],"predecessor-version":[{"id":8973,"href":"https:\/\/fhu-premimpact.org\/en\/wp-json\/wp\/v2\/pages\/8917\/revisions\/8973"}],"up":[{"embeddable":true,"href":"https:\/\/fhu-premimpact.org\/en\/wp-json\/wp\/v2\/pages\/151"}],"wp:attachment":[{"href":"https:\/\/fhu-premimpact.org\/en\/wp-json\/wp\/v2\/media?parent=8917"}],"curies":[{"name":"wp","href":"https:\/\/api.w.org\/{rel}","templated":true}]}}