{"id":8525,"date":"2025-06-04T15:11:37","date_gmt":"2025-06-04T13:11:37","guid":{"rendered":"https:\/\/fhu-premimpact.org\/?page_id=8525"},"modified":"2025-09-11T14:27:32","modified_gmt":"2025-09-11T12:27:32","slug":"vers-un-futur-vaccin-contre-la-meningite-bacterienne-du-nouveau-ne-copie","status":"publish","type":"page","link":"https:\/\/fhu-premimpact.org\/en\/focus\/vers-un-futur-vaccin-contre-la-meningite-bacterienne-du-nouveau-ne-copie\/","title":{"rendered":"Soci\u00e9t\u00e9s savantes et\u00a0syndicats m\u00e9dicaux clament leur opposition au\u00a0moratoire sur les\u00a0fermetures de\u00a0maternit\u00e9s"},"content":{"rendered":"\n<p><strong>PARIS, 2&nbsp;juin 2025<\/strong> &#8211; Les syndicats m\u00e9dicaux et soci\u00e9t\u00e9s savantes dans le domaine de la p\u00e9rinatalit\u00e9 d\u00e9noncent, dans plusieurs communiqu\u00e9s, la proposition d&#8217;un moratoire sur les fermetures de maternit\u00e9, jugeant cette d\u00e9marche &#8220;purement \u00e9lectoraliste&#8221;, fond\u00e9e sur des arguments peu ou pas \u00e9tay\u00e9s scientifiquement, et sans concertation avec les professionnels concern\u00e9s.<\/p>\n\n\n\n<p>L&#8217;Assembl\u00e9e nationale a adopt\u00e9 le 15&nbsp;mai en premi\u00e8re lecture une proposition de loi &#8220;visant \u00e0 lutter contre la mortalit\u00e9 infantile&#8221;, apr\u00e8s avoir r\u00e9introduit dans le texte un moratoire de trois&nbsp;ans sur les fermetures de de maternit\u00e9s. Cette mesure avait \u00e9t\u00e9 pr\u00e9c\u00e9demment retir\u00e9e en commission des affaires sociale.<\/p>\n\n\n\n<p>Dans une tribune diffus\u00e9e lundi, les syndicats* de gyn\u00e9cologues-obst\u00e9triciens, anesth\u00e9sistes-r\u00e9animateurs, p\u00e9diatres, urgentistes <em>(voir la liste en fin de d\u00e9p\u00eache)<\/em> d\u00e9noncent &#8220;une proposition de loi purement \u00e9lectoraliste : la fermeture d\u00e9finitive d&#8217;une maternit\u00e9 est toujours v\u00e9cue comme un \u00e9chec pour les \u00e9lus, qui se sont toujours battus pour maintenir &#8216;leur&#8217; maternit\u00e9 quoi qu&#8217;il en co\u00fbte\u2026&#8221;.<\/p>\n\n\n\n<p>Ils ajoutent que &#8220;sous pr\u00e9texte d&#8217;acc\u00e8s aux soins pour tous et d&#8217;un mirage de s\u00e9curit\u00e9 et de qualit\u00e9 des soins, cette mesure a \u00e9t\u00e9 imagin\u00e9e sans aucune concertation avec les professionnels concern\u00e9s&#8221;, et s&#8217;\u00e9tonnent de cette d\u00e9marche alors qu&#8217;une mission s\u00e9natoriale sur la p\u00e9rinatalit\u00e9 a eu lieu en 2024 et n&#8217;a pas conduit \u00e0 cette conclusion.<\/p>\n\n\n\n<p>Le Coll\u00e8ge national des gyn\u00e9cologues et obst\u00e9triciens fran\u00e7ais (CNGOF) s&#8217;est \u00e9galement d\u00e9clar\u00e9 &#8220;tr\u00e8s inquiet&#8221; de ce moratoire, dans un communiqu\u00e9 publi\u00e9 peu apr\u00e8s le vote en premi\u00e8re lecture \u00e0 l&#8217;Assembl\u00e9e nationale.<\/p>\n\n\n\n<p>La Soci\u00e9t\u00e9 fran\u00e7aise de m\u00e9decine p\u00e9rinatale (SFMP) d\u00e9nonce quant \u00e0 elle un &#8220;mensonge&#8221; de la part des d\u00e9put\u00e9s qui ont justifi\u00e9 le moratoire en affirmant que la mortalit\u00e9 infantile avait pour cause la fermeture des petites maternit\u00e9s.<\/p>\n\n\n\n<p>Les maternit\u00e9s de moins de 300 accouchements &#8220;ne devraient pas exister&#8221; r\u00e9glementairement, rappellent les syndicats m\u00e9dicaux dans leur tribune, puisqu&#8217;elles n&#8217;ont pas d&#8217;autorisation de soins et ne peuvent rester ouvertes que par d\u00e9rogation de l&#8217;agence r\u00e9gionale de sant\u00e9 (ARS).<\/p>\n\n\n\n<p>En outre, plusieurs fermetures de ces petites maternit\u00e9s sont intervenues justement \u00e0 la suite de d\u00e9c\u00e8s maternels et n\u00e9onataux, jug\u00e9s \u00e9vitables.<\/p>\n\n\n\n<p>&#8220;Il est impossible de maintenir des comp\u00e9tences, \u00e0 moins d&#8217;un accouchement par jour, sur la gestion de ces complications impr\u00e9visibles (c\u00e9sarienne en grande urgence, h\u00e9morragie, d\u00e9tresse respiratoire n\u00e9onatale, etc.)&#8221;, insistent-ils.<\/p>\n\n\n\n<p>Par ailleurs, l&#8217;existence d&#8217;une maternit\u00e9 sous-tend la disponibilit\u00e9 H24 d&#8217;un gyn\u00e9cologue-obst\u00e9tricien, d&#8217;un anesth\u00e9siste-r\u00e9animateur, d&#8217;un p\u00e9diatre; l&#8217;absence d&#8217;un de ces trois acteurs entra\u00eene la fermeture temporaire de la maternit\u00e9 ou l&#8217;utilisation de solutions d\u00e9grad\u00e9es non r\u00e9glementaires et dangereuses pour la femme et l&#8217;enfant \u00e0 na\u00eetre&#8221;.<\/p>\n\n\n\n<p>La p\u00e9nurie existante de m\u00e9decins dans ces trois sp\u00e9cialit\u00e9s &#8220;ne peut que nous interroger sur la<\/p>\n\n\n\n<p>pertinence de s&#8217;opposer \u00e0 un regroupement des maternit\u00e9s&#8221;. &#8220;Il s&#8217;ensuit l&#8217;absence d&#8217;\u00e9quipe stable (recours constant \u00e0 des int\u00e9rimaires), ce qui alt\u00e8re nettement la qualit\u00e9 du travail d&#8217;\u00e9quipe pourtant indispensable \u00e0 la qualit\u00e9 des soins en salle de naissance&#8221;, rappellent-ils.<\/p>\n\n\n\n<p>Et la fermeture temporaire d&#8217;une maternit\u00e9 pour manque de personnel oblige un autre \u00e9tablissement \u00e0 absorber l&#8217;activit\u00e9, souvent en urgence, contribuant \u00e0 le fragiliser encore plus \u00e0 son tour. Et &#8220;dans ces conditions, le transfert en urgence vers des maternit\u00e9s \u00e0 ressources humaines comp\u00e9tentes requiert l&#8217;utilisation d&#8217;une ligne de Smur m\u00e9dicalis\u00e9e (et on conna\u00eet la p\u00e9nurie dans cette sp\u00e9cialit\u00e9 \u00e9galement), la perte de temps induite \u00e9tant une perte de chance pour la m\u00e8re et\/ou le nouveau-n\u00e9&#8221;.<\/p>\n\n\n\n<h5 class=\"wp-block-heading\">Des mesures jug\u00e9es contradictoires et&nbsp;ineptes<\/h5>\n\n\n\n<p>Les organisations demandent donc l&#8217;abandon des mesures de la proposition de loi relatives au moratoire de trois&nbsp;ans sur la fermeture des maternit\u00e9s et \u00e0 la r\u00e9alisation par le gouvernement d&#8217;un rapport d&#8217;\u00e9valuation visant \u00e0 &#8220;garantir la p\u00e9rennit\u00e9 de ces \u00e9tablissements [de moins de 300 accouchements par an], notamment en termes de moyens financiers et humains&#8221;.<\/p>\n\n\n\n<p>Elles consid\u00e8rent que la premi\u00e8re mesure &#8220;se contredit&#8221; elle-m\u00eame: le texte de la proposition de loi indique qu'&#8221;aucune activit\u00e9 d&#8217;obst\u00e9trique ne peut voir son autorisation retir\u00e9e ou remise en cause, sauf en cas d&#8217;urgence tenant \u00e0 la s\u00e9curit\u00e9 des patients&#8221;.<\/p>\n\n\n\n<p>Or les maternit\u00e9s r\u00e9alisant moins de 300 accouchements par an sont &#8220;des maternit\u00e9s dangereuses&#8221;, si l&#8217;on suit l&#8217;argumentaire d\u00e9velopp\u00e9 par les organisations professionnelles.<\/p>\n\n\n\n<p>Elles rappellent aussi qu&#8217;une enqu\u00eate r\u00e9alis\u00e9e en 2018 montrait que les moyens humains en anesth\u00e9sie-r\u00e9animation \u00e9taient tr\u00e8s insuffisants en cas de complication dans les maternit\u00e9s r\u00e9alisant moins de 2.000 accouchements.<\/p>\n\n\n\n<p>Ainsi, la mesure de la proposition de loi relative au rapport d&#8217;\u00e9valuation visant \u00e0 donner les moyens de faire fonctionner les petites maternit\u00e9s &#8220;est une ineptie&#8221;.<\/p>\n\n\n\n<p>Les organisations demandent la r\u00e9ouverture des discussions sur la r\u00e9vision du d\u00e9cret de p\u00e9rinatalit\u00e9 de 1998 -d\u00e9sormais obsol\u00e8te. Cette r\u00e9vision avait \u00e9t\u00e9 commenc\u00e9e en 2018-2019, avant d&#8217;\u00eatre interrompue par la crise du Covid-19, et avait d\u00e9j\u00e0 permis de s\u00e9rier les \u00e9volutions de ce d\u00e9cret, sur deux&nbsp;points pr\u00e9cis:<\/p>\n\n\n\n<p>Une ad\u00e9quation des effectifs (sage-femmes, gyn\u00e9cologues-obst\u00e9triciens, p\u00e9diatres, anesth\u00e9sistes-r\u00e9animateurs et infirmiers anesth\u00e9sistes) \u00e0 la taille des maternit\u00e9s actuelles, qui constitue un \u00e9l\u00e9ment majeur de l&#8217;attractivit\u00e9 des salles de naissance pour ces professionnels, leur permettant de constituer des \u00e9quipes stables et de travailler dans une ambiance s\u00e9curitaire.<\/p>\n\n\n\n<ul class=\"wp-block-list\">\n<li>&nbsp;Une labellisation des maternit\u00e9s par niveau adapt\u00e9 au risque maternel, \u00e0 l&#8217;instar de ce qui existe pour les enfants \u00e0 na\u00eetre. &#8220;Cette double d\u00e9finition (risque n\u00e9onatal ET risque maternel) permettrait d&#8217;identifier, a priori et le cas \u00e9ch\u00e9ant a posteriori, un adressage adapt\u00e9 de la m\u00e8re et de l&#8217;enfant au bon endroit, dans le cadre d&#8217;un maillage territorial adapt\u00e9 au territoire et du r\u00e9seau p\u00e9rinatal de r\u00e9gion&#8221;.<\/li>\n<\/ul>\n\n\n\n<p>Elles d\u00e9noncent l&#8217;absence d&#8217;engagement \u00e0 ce jour de ministres qui se sont succ\u00e9d\u00e9 depuis 2020.<\/p>\n\n\n\n<h5 class=\"wp-block-heading\">L&#8217;organisation territoriale prime sur le&nbsp;nombre de&nbsp;maternit\u00e9s<\/h5>\n\n\n\n<p>Le CNGOF, rejoignant ces constats, souligne que &#8220;tous les chiffres disponibles montrent que la s\u00e9curit\u00e9 est la plus \u00e9lev\u00e9e dans les pays qui ont su renoncer aux petites maternit\u00e9s&#8221;.<\/p>\n\n\n\n<p>&#8220;Pour assurer la s\u00e9curit\u00e9, les soins doivent obligatoirement reposer sur des \u00e9quipes stables et soud\u00e9es&#8221;. Et pour cela, le coll\u00e8ge pr\u00f4ne le regroupement des maternit\u00e9s, et &#8220;le maintien d&#8217;une proximit\u00e9 sous forme de la cr\u00e9ation de centres p\u00e9rinatals de proximit\u00e9 quand ils sont n\u00e9cessaires, et le renforcement planifi\u00e9 des maternit\u00e9s dont le fonctionnement doit \u00eatre adapt\u00e9 aux \u00e9volutions des pratiques professionnelles et des souhaits des patientes&#8221;.<\/p>\n\n\n\n<p>De nouvelles bases de fonctionnement ont \u00e9t\u00e9 propos\u00e9es par le CNGOF et les soci\u00e9t\u00e9s savantes d&#8217;anesth\u00e9sie-r\u00e9animation (Sfar), de n\u00e9onatalogie (SFN) et le Coll\u00e8ge national des sages-femmes (CNSF), rappelle-t-il. &#8220;Une planification territoriale rationnelle est indispensable, seule r\u00e9ponse possible et fiable \u00e0 la r\u00e9duction de la mortalit\u00e9 maternelle et n\u00e9onatale.&#8221;<\/p>\n\n\n\n<p>La SFMP, qui a pr\u00e9sent\u00e9 ses propositions au gouvernement en&nbsp;mars note \u00e9galement qu'&#8221;en Finlande comme en Su\u00e8de les fermetures de maternit\u00e9s ont \u00e9t\u00e9 proportionnellement beaucoup plus importantes qu&#8217;en France, pourtant la mortalit\u00e9 infantile y est d&#8217;environ 2\u2030, soit deux fois moins que dans notre pays (4,1\u2030)&#8221;. Mais ces fermetures &#8220;ont \u00e9t\u00e9 planifi\u00e9es et r\u00e9alis\u00e9es dans le cadre d&#8217;une r\u00e9organisation globale de l&#8217;offre de soins, dont nous devrions nous inspirer&#8221;, souligne le Pr&nbsp;Damien Subtil, vice-pr\u00e9sident de la SFMP.<\/p>\n\n\n\n<p>Il y a en outre deux fois moins de maternit\u00e9s en Su\u00e8de qu&#8217;en France, proportionnellement \u00e0 la population, mais elles r\u00e9alisent 2.500 accouchements\/an en moyenne&#8221; et disposent toutes d&#8217;une unit\u00e9 de n\u00e9onatologie, ce qui permet d&#8217;apporter les r\u00e9ponses ad\u00e9quates aux cas d&#8217;urgence et aux accouchements \u00e0 risque&#8221;, alors qu&#8217;en France, 40% des maternit\u00e9s n&#8217;ont pas de service de n\u00e9onatologie.<\/p>\n\n\n\n<p>&#8220;En faisant primer la s\u00e9curit\u00e9 des soins sur la proximit\u00e9, la Su\u00e8de a r\u00e9duit de 20% la mortalit\u00e9 infantile en dix&nbsp;ans alors qu&#8217;elle s&#8217;est accrue chez nous de plus de 15% pendant a m\u00eame p\u00e9riode&#8221;.<\/p>\n\n\n\n<p>L&#8217;organisation territoriale des soins prime sur le nombre de maternit\u00e9s, estime la Pr&nbsp;Delphine Mitanchez, pr\u00e9sidente de la SFMP. Le moratoire &#8220;n&#8217;emp\u00eachera pas les plateaux d&#8217;accouchement de cesser leur activit\u00e9, m\u00eame si les portes des maternit\u00e9s restent ouvertes. Car nous n&#8217;avons pas assez d&#8217;obst\u00e9triciens, de sages-femmes, d&#8217;anesth\u00e9sistes-r\u00e9animateurs, de p\u00e9diatres pour faire fonctionner toutes les maternit\u00e9s de France.&#8221;<\/p>\n\n\n\n<p>* La tribune est sign\u00e9e par le Syndicat national des praticiens hospitaliers anesth\u00e9sistes-r\u00e9animateurs \u00e9largi (SNPHARE), le Syndicat des gyn\u00e9cologues et obst\u00e9triciens de France (Syngof), le Syndicat national des p\u00e9diatres des \u00e9tablissements hospitaliers (SNPEH), Samu-Urgences de France (SUdF), ainsi qu&#8217;Action Praticiens H\u00f4pital (APH)<\/p>\n\n\n\n<p><span style=\"text-decoration: underline;\" class=\"ek-underline\">R\u00e9f\u00e9rences :<\/span><\/p>\n\n\n\n<ul class=\"wp-block-list\">\n<li><\/li>\n<\/ul>\n\n\n\n<ul class=\"wp-block-list\">\n<li><\/li>\n<\/ul>\n","protected":false},"excerpt":{"rendered":"<p>PARIS, 2&nbsp;juin 2025 &#8211; Les syndicats m\u00e9dicaux et soci\u00e9t\u00e9s savantes dans le domaine de la p\u00e9rinatalit\u00e9 d\u00e9noncent, dans plusieurs communiqu\u00e9s, la proposition d&#8217;un moratoire sur les fermetures de maternit\u00e9, jugeant cette d\u00e9marche &#8220;purement \u00e9lectoraliste&#8221;, fond\u00e9e sur des arguments peu ou pas \u00e9tay\u00e9s scientifiquement, et sans concertation avec les professionnels concern\u00e9s. L&#8217;Assembl\u00e9e nationale a adopt\u00e9 le [&hellip;]<\/p>\n","protected":false},"author":87,"featured_media":0,"parent":151,"menu_order":3,"comment_status":"closed","ping_status":"closed","template":"","meta":{"_editorskit_title_hidden":false,"_editorskit_reading_time":0,"_editorskit_is_block_options_detached":false,"_editorskit_block_options_position":"{}","_uag_custom_page_level_css":"","footnotes":""},"class_list":["post-8525","page","type-page","status-publish","hentry"],"yoast_head":"<!-- This site is optimized with the Yoast SEO plugin v27.2 - https:\/\/yoast.com\/product\/yoast-seo-wordpress\/ -->\n<title>Soci\u00e9t\u00e9s savantes et\u00a0syndicats m\u00e9dicaux clament leur opposition au\u00a0moratoire sur les\u00a0fermetures de\u00a0maternit\u00e9s - FHU Prem&#039;IMPACT<\/title>\n<meta name=\"robots\" content=\"index, follow, max-snippet:-1, max-image-preview:large, max-video-preview:-1\" \/>\n<link rel=\"canonical\" href=\"https:\/\/fhu-premimpact.org\/en\/focus\/vers-un-futur-vaccin-contre-la-meningite-bacterienne-du-nouveau-ne-copie\/\" \/>\n<meta property=\"og:locale\" content=\"en_US\" \/>\n<meta property=\"og:type\" content=\"article\" \/>\n<meta property=\"og:title\" content=\"Soci\u00e9t\u00e9s savantes et\u00a0syndicats m\u00e9dicaux clament leur opposition au\u00a0moratoire sur les\u00a0fermetures de\u00a0maternit\u00e9s - FHU Prem&#039;IMPACT\" \/>\n<meta property=\"og:description\" content=\"PARIS, 2&nbsp;juin 2025 &#8211; Les syndicats m\u00e9dicaux et soci\u00e9t\u00e9s savantes dans le domaine de la p\u00e9rinatalit\u00e9 d\u00e9noncent, dans plusieurs communiqu\u00e9s, la proposition d&#8217;un moratoire sur les fermetures de maternit\u00e9, jugeant cette d\u00e9marche &#8220;purement \u00e9lectoraliste&#8221;, fond\u00e9e sur des arguments peu ou pas \u00e9tay\u00e9s scientifiquement, et sans concertation avec les professionnels concern\u00e9s. L&#8217;Assembl\u00e9e nationale a adopt\u00e9 le [&hellip;]\" \/>\n<meta property=\"og:url\" content=\"https:\/\/fhu-premimpact.org\/en\/focus\/vers-un-futur-vaccin-contre-la-meningite-bacterienne-du-nouveau-ne-copie\/\" \/>\n<meta property=\"og:site_name\" content=\"FHU Prem&#039;IMPACT\" \/>\n<meta property=\"article:modified_time\" content=\"2025-09-11T12:27:32+00:00\" \/>\n<meta name=\"twitter:card\" content=\"summary_large_image\" \/>\n<meta name=\"twitter:label1\" content=\"Est. reading time\" \/>\n\t<meta name=\"twitter:data1\" content=\"7 minutes\" \/>\n<script type=\"application\/ld+json\" class=\"yoast-schema-graph\">{\"@context\":\"https:\/\/schema.org\",\"@graph\":[{\"@type\":\"WebPage\",\"@id\":\"https:\/\/fhu-premimpact.org\/en\/focus\/vers-un-futur-vaccin-contre-la-meningite-bacterienne-du-nouveau-ne-copie\/\",\"url\":\"https:\/\/fhu-premimpact.org\/en\/focus\/vers-un-futur-vaccin-contre-la-meningite-bacterienne-du-nouveau-ne-copie\/\",\"name\":\"Soci\u00e9t\u00e9s savantes et\u00a0syndicats m\u00e9dicaux clament leur opposition au\u00a0moratoire sur les\u00a0fermetures de\u00a0maternit\u00e9s - FHU Prem&#039;IMPACT\",\"isPartOf\":{\"@id\":\"https:\/\/fhu-premimpact.org\/en\/#website\"},\"datePublished\":\"2025-06-04T13:11:37+00:00\",\"dateModified\":\"2025-09-11T12:27:32+00:00\",\"breadcrumb\":{\"@id\":\"https:\/\/fhu-premimpact.org\/en\/focus\/vers-un-futur-vaccin-contre-la-meningite-bacterienne-du-nouveau-ne-copie\/#breadcrumb\"},\"inLanguage\":\"en-US\",\"potentialAction\":[{\"@type\":\"ReadAction\",\"target\":[\"https:\/\/fhu-premimpact.org\/en\/focus\/vers-un-futur-vaccin-contre-la-meningite-bacterienne-du-nouveau-ne-copie\/\"]}]},{\"@type\":\"BreadcrumbList\",\"@id\":\"https:\/\/fhu-premimpact.org\/en\/focus\/vers-un-futur-vaccin-contre-la-meningite-bacterienne-du-nouveau-ne-copie\/#breadcrumb\",\"itemListElement\":[{\"@type\":\"ListItem\",\"position\":1,\"name\":\"Accueil\",\"item\":\"https:\/\/fhu-premimpact.org\/en\/\"},{\"@type\":\"ListItem\",\"position\":2,\"name\":\"Focus\",\"item\":\"https:\/\/fhu-premimpact.org\/en\/focus\/\"},{\"@type\":\"ListItem\",\"position\":3,\"name\":\"Soci\u00e9t\u00e9s savantes et\u00a0syndicats m\u00e9dicaux clament leur opposition au\u00a0moratoire sur les\u00a0fermetures de\u00a0maternit\u00e9s\"}]},{\"@type\":\"WebSite\",\"@id\":\"https:\/\/fhu-premimpact.org\/en\/#website\",\"url\":\"https:\/\/fhu-premimpact.org\/en\/\",\"name\":\"FHU PREM'IMPACT\",\"description\":\"Perinatal inflammation and prematurity\",\"publisher\":{\"@id\":\"https:\/\/fhu-premimpact.org\/en\/#organization\"},\"potentialAction\":[{\"@type\":\"SearchAction\",\"target\":{\"@type\":\"EntryPoint\",\"urlTemplate\":\"https:\/\/fhu-premimpact.org\/en\/?s={search_term_string}\"},\"query-input\":{\"@type\":\"PropertyValueSpecification\",\"valueRequired\":true,\"valueName\":\"search_term_string\"}}],\"inLanguage\":\"en-US\"},{\"@type\":\"Organization\",\"@id\":\"https:\/\/fhu-premimpact.org\/en\/#organization\",\"name\":\"FHU PREM'IMPACT\",\"url\":\"https:\/\/fhu-premimpact.org\/en\/\",\"logo\":{\"@type\":\"ImageObject\",\"inLanguage\":\"en-US\",\"@id\":\"https:\/\/fhu-premimpact.org\/en\/#\/schema\/logo\/image\/\",\"url\":\"https:\/\/fhu-premimpact.org\/wp-content\/uploads\/2025\/03\/logo-grand-centre-fhupremimpact.jpg\",\"contentUrl\":\"https:\/\/fhu-premimpact.org\/wp-content\/uploads\/2025\/03\/logo-grand-centre-fhupremimpact.jpg\",\"width\":1280,\"height\":720,\"caption\":\"FHU PREM'IMPACT\"},\"image\":{\"@id\":\"https:\/\/fhu-premimpact.org\/en\/#\/schema\/logo\/image\/\"},\"sameAs\":[\"https:\/\/www.instagram.com\/fhupremimpact\/\",\"https:\/\/www.linkedin.com\/in\/fhu-prem-impact-ap-hp-inserm-universit-paris-cit-70b911253\/\"]}]}<\/script>\n<!-- \/ Yoast SEO plugin. -->","yoast_head_json":{"title":"Soci\u00e9t\u00e9s savantes et\u00a0syndicats m\u00e9dicaux clament leur opposition au\u00a0moratoire sur les\u00a0fermetures de\u00a0maternit\u00e9s - FHU Prem&#039;IMPACT","robots":{"index":"index","follow":"follow","max-snippet":"max-snippet:-1","max-image-preview":"max-image-preview:large","max-video-preview":"max-video-preview:-1"},"canonical":"https:\/\/fhu-premimpact.org\/en\/focus\/vers-un-futur-vaccin-contre-la-meningite-bacterienne-du-nouveau-ne-copie\/","og_locale":"en_US","og_type":"article","og_title":"Soci\u00e9t\u00e9s savantes et\u00a0syndicats m\u00e9dicaux clament leur opposition au\u00a0moratoire sur les\u00a0fermetures de\u00a0maternit\u00e9s - FHU Prem&#039;IMPACT","og_description":"PARIS, 2&nbsp;juin 2025 &#8211; Les syndicats m\u00e9dicaux et soci\u00e9t\u00e9s savantes dans le domaine de la p\u00e9rinatalit\u00e9 d\u00e9noncent, dans plusieurs communiqu\u00e9s, la proposition d&#8217;un moratoire sur les fermetures de maternit\u00e9, jugeant cette d\u00e9marche &#8220;purement \u00e9lectoraliste&#8221;, fond\u00e9e sur des arguments peu ou pas \u00e9tay\u00e9s scientifiquement, et sans concertation avec les professionnels concern\u00e9s. L&#8217;Assembl\u00e9e nationale a adopt\u00e9 le [&hellip;]","og_url":"https:\/\/fhu-premimpact.org\/en\/focus\/vers-un-futur-vaccin-contre-la-meningite-bacterienne-du-nouveau-ne-copie\/","og_site_name":"FHU Prem&#039;IMPACT","article_modified_time":"2025-09-11T12:27:32+00:00","twitter_card":"summary_large_image","twitter_misc":{"Est. reading time":"7 minutes"},"schema":{"@context":"https:\/\/schema.org","@graph":[{"@type":"WebPage","@id":"https:\/\/fhu-premimpact.org\/en\/focus\/vers-un-futur-vaccin-contre-la-meningite-bacterienne-du-nouveau-ne-copie\/","url":"https:\/\/fhu-premimpact.org\/en\/focus\/vers-un-futur-vaccin-contre-la-meningite-bacterienne-du-nouveau-ne-copie\/","name":"Soci\u00e9t\u00e9s savantes et\u00a0syndicats m\u00e9dicaux clament leur opposition au\u00a0moratoire sur les\u00a0fermetures de\u00a0maternit\u00e9s - FHU Prem&#039;IMPACT","isPartOf":{"@id":"https:\/\/fhu-premimpact.org\/en\/#website"},"datePublished":"2025-06-04T13:11:37+00:00","dateModified":"2025-09-11T12:27:32+00:00","breadcrumb":{"@id":"https:\/\/fhu-premimpact.org\/en\/focus\/vers-un-futur-vaccin-contre-la-meningite-bacterienne-du-nouveau-ne-copie\/#breadcrumb"},"inLanguage":"en-US","potentialAction":[{"@type":"ReadAction","target":["https:\/\/fhu-premimpact.org\/en\/focus\/vers-un-futur-vaccin-contre-la-meningite-bacterienne-du-nouveau-ne-copie\/"]}]},{"@type":"BreadcrumbList","@id":"https:\/\/fhu-premimpact.org\/en\/focus\/vers-un-futur-vaccin-contre-la-meningite-bacterienne-du-nouveau-ne-copie\/#breadcrumb","itemListElement":[{"@type":"ListItem","position":1,"name":"Accueil","item":"https:\/\/fhu-premimpact.org\/en\/"},{"@type":"ListItem","position":2,"name":"Focus","item":"https:\/\/fhu-premimpact.org\/en\/focus\/"},{"@type":"ListItem","position":3,"name":"Soci\u00e9t\u00e9s savantes et\u00a0syndicats m\u00e9dicaux clament leur opposition au\u00a0moratoire sur les\u00a0fermetures de\u00a0maternit\u00e9s"}]},{"@type":"WebSite","@id":"https:\/\/fhu-premimpact.org\/en\/#website","url":"https:\/\/fhu-premimpact.org\/en\/","name":"FHU PREM'IMPACT","description":"Perinatal inflammation and prematurity","publisher":{"@id":"https:\/\/fhu-premimpact.org\/en\/#organization"},"potentialAction":[{"@type":"SearchAction","target":{"@type":"EntryPoint","urlTemplate":"https:\/\/fhu-premimpact.org\/en\/?s={search_term_string}"},"query-input":{"@type":"PropertyValueSpecification","valueRequired":true,"valueName":"search_term_string"}}],"inLanguage":"en-US"},{"@type":"Organization","@id":"https:\/\/fhu-premimpact.org\/en\/#organization","name":"FHU PREM'IMPACT","url":"https:\/\/fhu-premimpact.org\/en\/","logo":{"@type":"ImageObject","inLanguage":"en-US","@id":"https:\/\/fhu-premimpact.org\/en\/#\/schema\/logo\/image\/","url":"https:\/\/fhu-premimpact.org\/wp-content\/uploads\/2025\/03\/logo-grand-centre-fhupremimpact.jpg","contentUrl":"https:\/\/fhu-premimpact.org\/wp-content\/uploads\/2025\/03\/logo-grand-centre-fhupremimpact.jpg","width":1280,"height":720,"caption":"FHU PREM'IMPACT"},"image":{"@id":"https:\/\/fhu-premimpact.org\/en\/#\/schema\/logo\/image\/"},"sameAs":["https:\/\/www.instagram.com\/fhupremimpact\/","https:\/\/www.linkedin.com\/in\/fhu-prem-impact-ap-hp-inserm-universit-paris-cit-70b911253\/"]}]}},"uagb_featured_image_src":{"full":false,"thumbnail":false,"medium":false,"medium_large":false,"large":false,"1536x1536":false,"2048x2048":false,"post-thumbnail":false,"twentytwenty-fullscreen":false},"uagb_author_info":{"display_name":"Laurence Lecomte","author_link":"https:\/\/fhu-premimpact.org\/en\/author\/laurence-lecomte\/"},"uagb_comment_info":0,"uagb_excerpt":"PARIS, 2&nbsp;juin 2025 &#8211; Les syndicats m\u00e9dicaux et soci\u00e9t\u00e9s savantes dans le domaine de la p\u00e9rinatalit\u00e9 d\u00e9noncent, dans plusieurs communiqu\u00e9s, la proposition d&#8217;un moratoire sur les fermetures de maternit\u00e9, jugeant cette d\u00e9marche &#8220;purement \u00e9lectoraliste&#8221;, fond\u00e9e sur des arguments peu ou pas \u00e9tay\u00e9s scientifiquement, et sans concertation avec les professionnels concern\u00e9s. L&#8217;Assembl\u00e9e nationale a adopt\u00e9 le&hellip;","_links":{"self":[{"href":"https:\/\/fhu-premimpact.org\/en\/wp-json\/wp\/v2\/pages\/8525","targetHints":{"allow":["GET"]}}],"collection":[{"href":"https:\/\/fhu-premimpact.org\/en\/wp-json\/wp\/v2\/pages"}],"about":[{"href":"https:\/\/fhu-premimpact.org\/en\/wp-json\/wp\/v2\/types\/page"}],"author":[{"embeddable":true,"href":"https:\/\/fhu-premimpact.org\/en\/wp-json\/wp\/v2\/users\/87"}],"replies":[{"embeddable":true,"href":"https:\/\/fhu-premimpact.org\/en\/wp-json\/wp\/v2\/comments?post=8525"}],"version-history":[{"count":2,"href":"https:\/\/fhu-premimpact.org\/en\/wp-json\/wp\/v2\/pages\/8525\/revisions"}],"predecessor-version":[{"id":8763,"href":"https:\/\/fhu-premimpact.org\/en\/wp-json\/wp\/v2\/pages\/8525\/revisions\/8763"}],"up":[{"embeddable":true,"href":"https:\/\/fhu-premimpact.org\/en\/wp-json\/wp\/v2\/pages\/151"}],"wp:attachment":[{"href":"https:\/\/fhu-premimpact.org\/en\/wp-json\/wp\/v2\/media?parent=8525"}],"curies":[{"name":"wp","href":"https:\/\/api.w.org\/{rel}","templated":true}]}}