{"id":8394,"date":"2022-11-28T16:14:52","date_gmt":"2022-11-28T15:14:52","guid":{"rendered":"https:\/\/fhu-premimpact.org\/?page_id=8394"},"modified":"2025-05-28T17:12:33","modified_gmt":"2025-05-28T15:12:33","slug":"caliprem","status":"publish","type":"page","link":"https:\/\/fhu-premimpact.org\/en\/recherche\/projects-in-progress\/caliprem\/","title":{"rendered":"CaliPrem"},"content":{"rendered":"\n<h4 class=\"wp-block-heading\">Evaluation of a device for broadcasting a recording of the maternal voice and heartbeat in hospitalized premature newborns coordinated by Dr Juliana Patkai (Service de M\u00e9decine et R\u00e9animation N\u00e9onatales de Port-Royal, Paris)<\/h4>\n\n\n\n<p>There is some evidence to suggest that the maternal voice is an important stimulus for premature infants hospitalized in intensive care units. It could act positively to compensate for the excess sensory stimulation to which the child is exposed in these wards, resulting in an observed calming effect.<\/p>\n\n\n\n<p>The CaliNange\u00ae device, initially designed specifically for hospital use, comes in the form of a small heart placed on the mother&#8217;s chest, without a wave and without a screen. It enables the mother&#8217;s voice to be recorded for up to 5 minutes, with the recording associated with a calming heartbeat. The sound level is limited and complies with the recommendations of scientific societies for premature or full-term newborns.<\/p>\n\n\n\n<p>To assess the effect of Calinange\u00ae, a recording of the NIPE (Newborn Infant Parasympathetic Evaluation) index is made in the child after a treatment with or without CaliNange\u00ae.<\/p>\n\n\n\n<div class=\"wp-block-columns is-layout-flex wp-container-core-columns-is-layout-9d6595d7 wp-block-columns-is-layout-flex\">\n<div class=\"wp-block-column is-layout-flow wp-block-column-is-layout-flow\">\n<div class=\"wp-block-columns is-layout-flex wp-container-core-columns-is-layout-9d6595d7 wp-block-columns-is-layout-flex\">\n<div class=\"wp-block-column is-layout-flow wp-block-column-is-layout-flow\" style=\"flex-basis:25%\"><\/div>\n\n\n\n<div class=\"wp-block-column is-layout-flow wp-block-column-is-layout-flow\" style=\"flex-basis:50%\">\n<figure class=\"wp-block-image size-large\"><img loading=\"lazy\" decoding=\"async\" width=\"1024\" height=\"484\" src=\"https:\/\/fhu-premimpact.org\/wp-content\/uploads\/2023\/01\/caliprem-photo-1024x484.jpg\" alt=\"\" class=\"wp-image-6321\" srcset=\"https:\/\/fhu-premimpact.org\/wp-content\/uploads\/2023\/01\/caliprem-photo-1024x484.jpg 1024w, https:\/\/fhu-premimpact.org\/wp-content\/uploads\/2023\/01\/caliprem-photo-300x142.jpg 300w, https:\/\/fhu-premimpact.org\/wp-content\/uploads\/2023\/01\/caliprem-photo-768x363.jpg 768w, https:\/\/fhu-premimpact.org\/wp-content\/uploads\/2023\/01\/caliprem-photo-1200x567.jpg 1200w, https:\/\/fhu-premimpact.org\/wp-content\/uploads\/2023\/01\/caliprem-photo.jpg 1205w\" sizes=\"auto, (max-width: 1024px) 100vw, 1024px\" \/><\/figure>\n<\/div>\n\n\n\n<div class=\"wp-block-column is-layout-flow wp-block-column-is-layout-flow\" style=\"flex-basis:25%\"><\/div>\n<\/div>\n<\/div>\n<\/div>\n\n\n\n<h6 class=\"wp-block-heading\">The experimental design of the CaliPrem study is:<\/h6>\n\n\n\n<figure class=\"wp-block-image size-large\"><img loading=\"lazy\" decoding=\"async\" width=\"1024\" height=\"576\" src=\"https:\/\/fhu-premimpact.org\/wp-content\/uploads\/2022\/11\/caliprem-schema1-1024x576.jpg\" alt=\"\" class=\"wp-image-6049\" srcset=\"https:\/\/fhu-premimpact.org\/wp-content\/uploads\/2022\/11\/caliprem-schema1-1024x576.jpg 1024w, https:\/\/fhu-premimpact.org\/wp-content\/uploads\/2022\/11\/caliprem-schema1-300x169.jpg 300w, https:\/\/fhu-premimpact.org\/wp-content\/uploads\/2022\/11\/caliprem-schema1-768x432.jpg 768w, https:\/\/fhu-premimpact.org\/wp-content\/uploads\/2022\/11\/caliprem-schema1-1200x675.jpg 1200w, https:\/\/fhu-premimpact.org\/wp-content\/uploads\/2022\/11\/caliprem-schema1.jpg 1280w\" sizes=\"auto, (max-width: 1024px) 100vw, 1024px\" \/><\/figure>\n\n\n\n<p>The effect of using a CaliNange\u00ae device to broadcast the mother&#8217;s voice and heartbeat on the well-being of hospitalized premature newborns in the first days of life.<\/p>\n\n\n\n<p>Maternal satisfaction using a satisfaction questionnaire.<\/p>\n\n\n\n<h6 class=\"wp-block-heading\">The objectives of this research are to evaluate:<\/h6>\n\n\n\n<ul class=\"wp-block-list\">\n<li>The effect of using a CaliNange\u00ae device to broadcast maternal voice and heartbeat on the well-being of hospitalized premature newborns in the first days of life;<\/li>\n\n\n\n<li>Maternal satisfaction using a satisfaction questionnaire.<\/li>\n<\/ul>\n\n\n\n<h6 class=\"wp-block-heading\">The expected benefits are\u00a0:<\/h6>\n\n\n\n<ul class=\"wp-block-list\">\n<li>Improved clinical condition of the treated patient: reduced stress (heart rate (HR) variability index, and fewer critical events in the post-care period);<\/li>\n\n\n\n<li>Improved quality of care;<\/li>\n\n\n\n<li>Improved maternal experience of hospitalization.<\/li>\n<\/ul>\n\n\n\n<h6 class=\"wp-block-heading\">study progress :<\/h6>\n\n\n\n<p>30 newborns were included in the neonatology department of the Port-Royal maternity hospital.<\/p>\n\n\n\n<p>Inclusion and follow-up have been completed. Statistical analyses are in progress.<\/p>\n","protected":false},"excerpt":{"rendered":"<p>Evaluation of a device for broadcasting a recording of the maternal voice and heartbeat in hospitalized premature newborns coordinated by Dr Juliana Patkai (Service de M\u00e9decine et R\u00e9animation N\u00e9onatales de Port-Royal, Paris) There is some evidence to suggest that the maternal voice is an important stimulus for premature infants hospitalized in intensive care units. It [&hellip;]<\/p>\n","protected":false},"author":87,"featured_media":0,"parent":2699,"menu_order":26,"comment_status":"closed","ping_status":"closed","template":"","meta":{"_editorskit_title_hidden":false,"_editorskit_reading_time":0,"_editorskit_is_block_options_detached":false,"_editorskit_block_options_position":"{}","_uag_custom_page_level_css":"","footnotes":""},"class_list":["post-8394","page","type-page","status-publish","hentry"],"yoast_head":"<!-- This site is optimized with the Yoast SEO plugin v27.2 - https:\/\/yoast.com\/product\/yoast-seo-wordpress\/ -->\n<title>CaliPrem - FHU Prem&#039;IMPACT<\/title>\n<meta name=\"robots\" content=\"index, follow, max-snippet:-1, max-image-preview:large, max-video-preview:-1\" \/>\n<link rel=\"canonical\" href=\"https:\/\/fhu-premimpact.org\/en\/recherche\/projects-in-progress\/caliprem\/\" \/>\n<meta property=\"og:locale\" content=\"en_US\" \/>\n<meta property=\"og:type\" content=\"article\" \/>\n<meta property=\"og:title\" content=\"CaliPrem - FHU Prem&#039;IMPACT\" \/>\n<meta property=\"og:description\" content=\"Evaluation of a device for broadcasting a recording of the maternal voice and heartbeat in hospitalized premature newborns coordinated by Dr Juliana Patkai (Service de M\u00e9decine et R\u00e9animation N\u00e9onatales de Port-Royal, Paris) There is some evidence to suggest that the maternal voice is an important stimulus for premature infants hospitalized in intensive care units. It [&hellip;]\" \/>\n<meta property=\"og:url\" content=\"https:\/\/fhu-premimpact.org\/en\/recherche\/projects-in-progress\/caliprem\/\" \/>\n<meta property=\"og:site_name\" content=\"FHU Prem&#039;IMPACT\" \/>\n<meta property=\"article:modified_time\" content=\"2025-05-28T15:12:33+00:00\" \/>\n<meta property=\"og:image\" content=\"https:\/\/fhu-premimpact.org\/wp-content\/uploads\/2023\/01\/caliprem-photo.jpg\" \/>\n\t<meta property=\"og:image:width\" content=\"1205\" \/>\n\t<meta property=\"og:image:height\" content=\"569\" \/>\n\t<meta property=\"og:image:type\" content=\"image\/jpeg\" \/>\n<meta name=\"twitter:card\" content=\"summary_large_image\" \/>\n<meta name=\"twitter:label1\" content=\"Est. reading time\" \/>\n\t<meta name=\"twitter:data1\" content=\"3 minutes\" \/>\n<script type=\"application\/ld+json\" class=\"yoast-schema-graph\">{\"@context\":\"https:\/\/schema.org\",\"@graph\":[{\"@type\":\"WebPage\",\"@id\":\"https:\/\/fhu-premimpact.org\/en\/recherche\/projects-in-progress\/caliprem\/\",\"url\":\"https:\/\/fhu-premimpact.org\/en\/recherche\/projects-in-progress\/caliprem\/\",\"name\":\"CaliPrem - FHU Prem&#039;IMPACT\",\"isPartOf\":{\"@id\":\"https:\/\/fhu-premimpact.org\/en\/#website\"},\"primaryImageOfPage\":{\"@id\":\"https:\/\/fhu-premimpact.org\/en\/recherche\/projects-in-progress\/caliprem\/#primaryimage\"},\"image\":{\"@id\":\"https:\/\/fhu-premimpact.org\/en\/recherche\/projects-in-progress\/caliprem\/#primaryimage\"},\"thumbnailUrl\":\"https:\/\/fhu-premimpact.org\/wp-content\/uploads\/2023\/01\/caliprem-photo-1024x484.jpg\",\"datePublished\":\"2022-11-28T15:14:52+00:00\",\"dateModified\":\"2025-05-28T15:12:33+00:00\",\"breadcrumb\":{\"@id\":\"https:\/\/fhu-premimpact.org\/en\/recherche\/projects-in-progress\/caliprem\/#breadcrumb\"},\"inLanguage\":\"en-US\",\"potentialAction\":[{\"@type\":\"ReadAction\",\"target\":[\"https:\/\/fhu-premimpact.org\/en\/recherche\/projects-in-progress\/caliprem\/\"]}]},{\"@type\":\"ImageObject\",\"inLanguage\":\"en-US\",\"@id\":\"https:\/\/fhu-premimpact.org\/en\/recherche\/projects-in-progress\/caliprem\/#primaryimage\",\"url\":\"https:\/\/fhu-premimpact.org\/wp-content\/uploads\/2023\/01\/caliprem-photo-1024x484.jpg\",\"contentUrl\":\"https:\/\/fhu-premimpact.org\/wp-content\/uploads\/2023\/01\/caliprem-photo-1024x484.jpg\"},{\"@type\":\"BreadcrumbList\",\"@id\":\"https:\/\/fhu-premimpact.org\/en\/recherche\/projects-in-progress\/caliprem\/#breadcrumb\",\"itemListElement\":[{\"@type\":\"ListItem\",\"position\":1,\"name\":\"Accueil\",\"item\":\"https:\/\/fhu-premimpact.org\/en\/\"},{\"@type\":\"ListItem\",\"position\":2,\"name\":\"Research\",\"item\":\"https:\/\/fhu-premimpact.org\/en\/recherche\/\"},{\"@type\":\"ListItem\",\"position\":3,\"name\":\"Projects in progress\",\"item\":\"https:\/\/fhu-premimpact.org\/en\/recherche\/projects-in-progress\/\"},{\"@type\":\"ListItem\",\"position\":4,\"name\":\"CaliPrem\"}]},{\"@type\":\"WebSite\",\"@id\":\"https:\/\/fhu-premimpact.org\/en\/#website\",\"url\":\"https:\/\/fhu-premimpact.org\/en\/\",\"name\":\"FHU PREM'IMPACT\",\"description\":\"Perinatal inflammation and prematurity\",\"publisher\":{\"@id\":\"https:\/\/fhu-premimpact.org\/en\/#organization\"},\"potentialAction\":[{\"@type\":\"SearchAction\",\"target\":{\"@type\":\"EntryPoint\",\"urlTemplate\":\"https:\/\/fhu-premimpact.org\/en\/?s={search_term_string}\"},\"query-input\":{\"@type\":\"PropertyValueSpecification\",\"valueRequired\":true,\"valueName\":\"search_term_string\"}}],\"inLanguage\":\"en-US\"},{\"@type\":\"Organization\",\"@id\":\"https:\/\/fhu-premimpact.org\/en\/#organization\",\"name\":\"FHU PREM'IMPACT\",\"url\":\"https:\/\/fhu-premimpact.org\/en\/\",\"logo\":{\"@type\":\"ImageObject\",\"inLanguage\":\"en-US\",\"@id\":\"https:\/\/fhu-premimpact.org\/en\/#\/schema\/logo\/image\/\",\"url\":\"https:\/\/fhu-premimpact.org\/wp-content\/uploads\/2025\/03\/logo-grand-centre-fhupremimpact.jpg\",\"contentUrl\":\"https:\/\/fhu-premimpact.org\/wp-content\/uploads\/2025\/03\/logo-grand-centre-fhupremimpact.jpg\",\"width\":1280,\"height\":720,\"caption\":\"FHU PREM'IMPACT\"},\"image\":{\"@id\":\"https:\/\/fhu-premimpact.org\/en\/#\/schema\/logo\/image\/\"},\"sameAs\":[\"https:\/\/www.instagram.com\/fhupremimpact\/\",\"https:\/\/www.linkedin.com\/in\/fhu-prem-impact-ap-hp-inserm-universit-paris-cit-70b911253\/\"]}]}<\/script>\n<!-- \/ Yoast SEO plugin. -->","yoast_head_json":{"title":"CaliPrem - FHU Prem&#039;IMPACT","robots":{"index":"index","follow":"follow","max-snippet":"max-snippet:-1","max-image-preview":"max-image-preview:large","max-video-preview":"max-video-preview:-1"},"canonical":"https:\/\/fhu-premimpact.org\/en\/recherche\/projects-in-progress\/caliprem\/","og_locale":"en_US","og_type":"article","og_title":"CaliPrem - FHU Prem&#039;IMPACT","og_description":"Evaluation of a device for broadcasting a recording of the maternal voice and heartbeat in hospitalized premature newborns coordinated by Dr Juliana Patkai (Service de M\u00e9decine et R\u00e9animation N\u00e9onatales de Port-Royal, Paris) There is some evidence to suggest that the maternal voice is an important stimulus for premature infants hospitalized in intensive care units. It [&hellip;]","og_url":"https:\/\/fhu-premimpact.org\/en\/recherche\/projects-in-progress\/caliprem\/","og_site_name":"FHU Prem&#039;IMPACT","article_modified_time":"2025-05-28T15:12:33+00:00","og_image":[{"width":1205,"height":569,"url":"https:\/\/fhu-premimpact.org\/wp-content\/uploads\/2023\/01\/caliprem-photo.jpg","type":"image\/jpeg"}],"twitter_card":"summary_large_image","twitter_misc":{"Est. reading time":"3 minutes"},"schema":{"@context":"https:\/\/schema.org","@graph":[{"@type":"WebPage","@id":"https:\/\/fhu-premimpact.org\/en\/recherche\/projects-in-progress\/caliprem\/","url":"https:\/\/fhu-premimpact.org\/en\/recherche\/projects-in-progress\/caliprem\/","name":"CaliPrem - FHU Prem&#039;IMPACT","isPartOf":{"@id":"https:\/\/fhu-premimpact.org\/en\/#website"},"primaryImageOfPage":{"@id":"https:\/\/fhu-premimpact.org\/en\/recherche\/projects-in-progress\/caliprem\/#primaryimage"},"image":{"@id":"https:\/\/fhu-premimpact.org\/en\/recherche\/projects-in-progress\/caliprem\/#primaryimage"},"thumbnailUrl":"https:\/\/fhu-premimpact.org\/wp-content\/uploads\/2023\/01\/caliprem-photo-1024x484.jpg","datePublished":"2022-11-28T15:14:52+00:00","dateModified":"2025-05-28T15:12:33+00:00","breadcrumb":{"@id":"https:\/\/fhu-premimpact.org\/en\/recherche\/projects-in-progress\/caliprem\/#breadcrumb"},"inLanguage":"en-US","potentialAction":[{"@type":"ReadAction","target":["https:\/\/fhu-premimpact.org\/en\/recherche\/projects-in-progress\/caliprem\/"]}]},{"@type":"ImageObject","inLanguage":"en-US","@id":"https:\/\/fhu-premimpact.org\/en\/recherche\/projects-in-progress\/caliprem\/#primaryimage","url":"https:\/\/fhu-premimpact.org\/wp-content\/uploads\/2023\/01\/caliprem-photo-1024x484.jpg","contentUrl":"https:\/\/fhu-premimpact.org\/wp-content\/uploads\/2023\/01\/caliprem-photo-1024x484.jpg"},{"@type":"BreadcrumbList","@id":"https:\/\/fhu-premimpact.org\/en\/recherche\/projects-in-progress\/caliprem\/#breadcrumb","itemListElement":[{"@type":"ListItem","position":1,"name":"Accueil","item":"https:\/\/fhu-premimpact.org\/en\/"},{"@type":"ListItem","position":2,"name":"Research","item":"https:\/\/fhu-premimpact.org\/en\/recherche\/"},{"@type":"ListItem","position":3,"name":"Projects in progress","item":"https:\/\/fhu-premimpact.org\/en\/recherche\/projects-in-progress\/"},{"@type":"ListItem","position":4,"name":"CaliPrem"}]},{"@type":"WebSite","@id":"https:\/\/fhu-premimpact.org\/en\/#website","url":"https:\/\/fhu-premimpact.org\/en\/","name":"FHU PREM'IMPACT","description":"Perinatal inflammation and prematurity","publisher":{"@id":"https:\/\/fhu-premimpact.org\/en\/#organization"},"potentialAction":[{"@type":"SearchAction","target":{"@type":"EntryPoint","urlTemplate":"https:\/\/fhu-premimpact.org\/en\/?s={search_term_string}"},"query-input":{"@type":"PropertyValueSpecification","valueRequired":true,"valueName":"search_term_string"}}],"inLanguage":"en-US"},{"@type":"Organization","@id":"https:\/\/fhu-premimpact.org\/en\/#organization","name":"FHU PREM'IMPACT","url":"https:\/\/fhu-premimpact.org\/en\/","logo":{"@type":"ImageObject","inLanguage":"en-US","@id":"https:\/\/fhu-premimpact.org\/en\/#\/schema\/logo\/image\/","url":"https:\/\/fhu-premimpact.org\/wp-content\/uploads\/2025\/03\/logo-grand-centre-fhupremimpact.jpg","contentUrl":"https:\/\/fhu-premimpact.org\/wp-content\/uploads\/2025\/03\/logo-grand-centre-fhupremimpact.jpg","width":1280,"height":720,"caption":"FHU PREM'IMPACT"},"image":{"@id":"https:\/\/fhu-premimpact.org\/en\/#\/schema\/logo\/image\/"},"sameAs":["https:\/\/www.instagram.com\/fhupremimpact\/","https:\/\/www.linkedin.com\/in\/fhu-prem-impact-ap-hp-inserm-universit-paris-cit-70b911253\/"]}]}},"uagb_featured_image_src":{"full":false,"thumbnail":false,"medium":false,"medium_large":false,"large":false,"1536x1536":false,"2048x2048":false,"post-thumbnail":false,"twentytwenty-fullscreen":false},"uagb_author_info":{"display_name":"Laurence Lecomte","author_link":"https:\/\/fhu-premimpact.org\/en\/author\/laurence-lecomte\/"},"uagb_comment_info":0,"uagb_excerpt":"Evaluation of a device for broadcasting a recording of the maternal voice and heartbeat in hospitalized premature newborns coordinated by Dr Juliana Patkai (Service de M\u00e9decine et R\u00e9animation N\u00e9onatales de Port-Royal, Paris) There is some evidence to suggest that the maternal voice is an important stimulus for premature infants hospitalized in intensive care units. It&hellip;","_links":{"self":[{"href":"https:\/\/fhu-premimpact.org\/en\/wp-json\/wp\/v2\/pages\/8394","targetHints":{"allow":["GET"]}}],"collection":[{"href":"https:\/\/fhu-premimpact.org\/en\/wp-json\/wp\/v2\/pages"}],"about":[{"href":"https:\/\/fhu-premimpact.org\/en\/wp-json\/wp\/v2\/types\/page"}],"author":[{"embeddable":true,"href":"https:\/\/fhu-premimpact.org\/en\/wp-json\/wp\/v2\/users\/87"}],"replies":[{"embeddable":true,"href":"https:\/\/fhu-premimpact.org\/en\/wp-json\/wp\/v2\/comments?post=8394"}],"version-history":[{"count":3,"href":"https:\/\/fhu-premimpact.org\/en\/wp-json\/wp\/v2\/pages\/8394\/revisions"}],"predecessor-version":[{"id":8397,"href":"https:\/\/fhu-premimpact.org\/en\/wp-json\/wp\/v2\/pages\/8394\/revisions\/8397"}],"up":[{"embeddable":true,"href":"https:\/\/fhu-premimpact.org\/en\/wp-json\/wp\/v2\/pages\/2699"}],"wp:attachment":[{"href":"https:\/\/fhu-premimpact.org\/en\/wp-json\/wp\/v2\/media?parent=8394"}],"curies":[{"name":"wp","href":"https:\/\/api.w.org\/{rel}","templated":true}]}}