{"id":7229,"date":"2023-12-04T17:45:35","date_gmt":"2023-12-04T16:45:35","guid":{"rendered":"https:\/\/fhu-premimpact.org\/?page_id=7229"},"modified":"2025-09-11T14:22:44","modified_gmt":"2025-09-11T12:22:44","slug":"de-la-prise-de-medicaments-pendant-la-grossesse","status":"publish","type":"page","link":"https:\/\/fhu-premimpact.org\/en\/focus\/de-la-prise-de-medicaments-pendant-la-grossesse\/","title":{"rendered":"De la prise de m\u00e9dicaments pendant la grossesse"},"content":{"rendered":"\n<h2 class=\"wp-block-heading\">Au-del\u00e0 du risque malformatif, la prise de m\u00e9dicaments pendant la grossesse peut perturber le d\u00e9veloppement du f\u0153tus et \u00eatre responsable de diverses complications f\u0153tales, n\u00e9onatales ou p\u00e9diatriques.<\/h2>\n\n\n\n<p>Des \u00e9tudes sur la consommation de m\u00e9dicaments dans les pays occidentaux ont r\u00e9v\u00e9l\u00e9 qu&#8217;environ neuf femmes sur dix consomment au moins un m\u00e9dicament pendant leur grossesse. La grande majorit\u00e9 des m\u00e9dicaments passe le placenta et est diffus\u00e9e au f\u0153tus qui est encore un \u00eatre en d\u00e9veloppement.<\/p>\n\n\n\n<p>Cependant, les femmes enceintes sont habituellement exclues des \u00e9tudes cliniques et les effets ind\u00e9sirables des m\u00e9dicaments chez le f\u0153tus ne sont g\u00e9n\u00e9ralement identifi\u00e9s qu\u2019apr\u00e8s leur utilisation en cours de grossesse. Les effets ind\u00e9sirables les plus connus sont les effets malformatifs. Au-del\u00e0 de ces effets, et apr\u00e8s la formation de l\u2019organe, certains m\u00e9dicaments pourront alt\u00e9rer son d\u00e9veloppement et \u00eatre responsables de troubles de son fonctionnement. On parlera alors de troubles neurod\u00e9veloppementaux, d\u2019insuffisance r\u00e9nale, d\u2019alt\u00e9ration du syst\u00e8me immunitaire, etc\u2026 Tous les organes ou tissus peuvent th\u00e9oriquement \u00eatre atteints.<\/p>\n\n\n\n<p>Les \u00e9quipes de l\u2019unit\u00e9 propre de recherche 7323 (\u00ab&nbsp;Pharmacologie et \u00e9valuation des th\u00e9rapeutiques chez l\u2019enfant et la femme enceinte&nbsp;\u00bb) de l\u2019Universit\u00e9 Paris Cit\u00e9 et celle du Centre r\u00e9gional de pharmacovigilance des h\u00f4pitaux Cochin et Necker ont men\u00e9 une revue de litt\u00e9rature coordonn\u00e9e par Laurent Chouchana sur les effets ind\u00e9sirables potentiels des m\u00e9dicaments pris pendant la grossesse. N\u2019\u00e9tudiant pas les effets malformatifs, ils discutent les effets de certaines classes th\u00e9rapeutiques sur le d\u00e9veloppement des organes du f\u0153tus et les complications potentielles chez le nouveau-n\u00e9 voire chez l\u2019enfant.<\/p>\n\n\n\n<p>Les auteurs s\u2019int\u00e9ressent d\u2019abord aux effets des m\u00e9dicaments sur la croissance du f\u0153tus en discutant le risque de naitre \u00ab&nbsp;petit pour l\u2019\u00e2ge gestationnel&nbsp;\u00bb ou avec un retard de croissance apr\u00e8s l\u2019exposition \u00e0 des m\u00e9dicaments anticanc\u00e9reux, beta-bloquants ou antimigraineux de type triptans. Ils discutent aussi le risque de pr\u00e9maturit\u00e9 apr\u00e8s la prise d\u2019anticoagulants oraux, d\u2019antid\u00e9presseurs ou d\u2019anxiolytiques.<\/p>\n\n\n\n<p>Les effets des antiinflammatoires non st\u00e9ro\u00efdiens (AINS) et des antihypertenseurs inhibiteurs du syst\u00e8me r\u00e9nine-angiotensine-aldost\u00e9rone sont rappel\u00e9s dans cette revue. Leur prise en cours de grossesse peut induire une insuffisance r\u00e9nale chez le f\u0153tus, elle-m\u00eame responsable d\u2019une diminution de la production de liquide amniotique. La faible quantit\u00e9 de liquide amniotique autour du f\u0153tus peut alt\u00e9rer le d\u00e9veloppement de ses poumons et \u00eatre responsable d\u2019une insuffisance respiratoire \u00e0 la naissance. La prise d\u2019AINS ou d\u2019inhibiteurs du syst\u00e8me r\u00e9nine-angiotensine-aldost\u00e9rone est aussi pourvoyeuse de fermeture pr\u00e9matur\u00e9e du canal art\u00e9riel avec un risque d\u2019insuffisance cardiaque \u00e0 la naissance.<\/p>\n\n\n\n<p>Les auteurs s\u2019int\u00e9ressent ensuite aux syndromes d\u2019impr\u00e9gnation et de sevrage n\u00e9onatal. Le nouveau-n\u00e9 qui a re\u00e7u pendant la grossesse un m\u00e9dicament peut \u00eatre encore soumis \u00e0 la naissance aux effets pharmacologiques de ce m\u00e9dicament&nbsp;: on parle d\u2019impr\u00e9gnation&nbsp;aux anxiolytiques, antid\u00e9presseurs, antipsychotiques, etc. A l\u2019inverse, le nouveau-n\u00e9 peut subir un syndrome de sevrage quand, apr\u00e8s la naissance, il n\u2019est plus expos\u00e9 \u00e0 aucune mol\u00e9cule \u00e0 travers le placenta. On parle par exemple de syndrome de sevrage aux opio\u00efdes.<\/p>\n\n\n\n<p>Les complications infectieuses ou d\u00e9sordres immunitaires de type asthme sont aussi \u00e9voqu\u00e9s dans cette revue de litt\u00e9rature avec le r\u00f4le discut\u00e9 des antiacides, antibiotiques, anti-TNF et immunomodulateurs, m\u00eame si actuellement les donn\u00e9es sont d\u00e9battues.<\/p>\n\n\n\n<p>Enfin, les auteurs rappellent et soulignent le risque de troubles neurod\u00e9veloppementaux et d\u2019autisme apr\u00e8s exposition \u00e0 certains anti-\u00e9pileptiques, et notamment le valproate et ses d\u00e9riv\u00e9s ou le topiramate.<\/p>\n\n\n\n<p>En conclusion, les auteurs recommandent vivement de proposer des consultations pr\u00e9-conceptionnelles pour les femmes ayant un traitement chronique et un d\u00e9sir de grossesse. Ils rappellent le r\u00f4le de la pathologie maternelle dans les troubles du d\u00e9veloppement et des complications n\u00e9onatales \u00e9tudi\u00e9es dans cette revue de litt\u00e9rature.<\/p>\n\n\n\n<h4 class=\"wp-block-heading\">r\u00e9f\u00e9rence<\/h4>\n\n\n\n<p><em>Drug-induced fetal and offspring disorders, beyond birth defects. Margaux Louchet, Myl\u00e8ne Tisseyre, Florentia Kaguelidou, Jean-Marc Treluyer, Laure-H\u00e9l\u00e8ne Pr\u00e9ta, Laurent Chouchana<\/em><em><\/em><\/p>\n\n\n\n<p><em>PMID:&nbsp;38008599<\/em><em><\/em><\/p>\n\n\n\n<p><em>DOI:&nbsp;<\/em><a href=\"https:\/\/doi-org.ezproxy.u-paris.fr\/10.1016\/j.therap.2023.11.002\" target=\"_blank\" rel=\"noreferrer noopener\"><em>10.1016\/j.therap.2023.11.002<\/em><\/a><em><\/em><\/p>\n","protected":false},"excerpt":{"rendered":"<p>Au-del\u00e0 du risque malformatif, la prise de m\u00e9dicaments pendant la grossesse peut perturber le d\u00e9veloppement du f\u0153tus et \u00eatre responsable de diverses complications f\u0153tales, n\u00e9onatales ou p\u00e9diatriques. Des \u00e9tudes sur la consommation de m\u00e9dicaments dans les pays occidentaux ont r\u00e9v\u00e9l\u00e9 qu&#8217;environ neuf femmes sur dix consomment au moins un m\u00e9dicament pendant leur grossesse. La grande [&hellip;]<\/p>\n","protected":false},"author":87,"featured_media":0,"parent":151,"menu_order":7,"comment_status":"closed","ping_status":"closed","template":"","meta":{"_editorskit_title_hidden":false,"_editorskit_reading_time":0,"_editorskit_is_block_options_detached":false,"_editorskit_block_options_position":"{}","_uag_custom_page_level_css":"","footnotes":""},"class_list":["post-7229","page","type-page","status-publish","hentry"],"yoast_head":"<!-- This site is optimized with the Yoast SEO plugin v27.2 - https:\/\/yoast.com\/product\/yoast-seo-wordpress\/ -->\n<title>De la prise de m\u00e9dicaments pendant la grossesse - FHU Prem&#039;IMPACT<\/title>\n<meta name=\"robots\" content=\"index, follow, max-snippet:-1, max-image-preview:large, max-video-preview:-1\" \/>\n<link rel=\"canonical\" href=\"https:\/\/fhu-premimpact.org\/en\/focus\/de-la-prise-de-medicaments-pendant-la-grossesse\/\" \/>\n<meta property=\"og:locale\" content=\"en_US\" \/>\n<meta property=\"og:type\" content=\"article\" \/>\n<meta property=\"og:title\" content=\"De la prise de m\u00e9dicaments pendant la grossesse - FHU Prem&#039;IMPACT\" \/>\n<meta property=\"og:description\" content=\"Au-del\u00e0 du risque malformatif, la prise de m\u00e9dicaments pendant la grossesse peut perturber le d\u00e9veloppement du f\u0153tus et \u00eatre responsable de diverses complications f\u0153tales, n\u00e9onatales ou p\u00e9diatriques. Des \u00e9tudes sur la consommation de m\u00e9dicaments dans les pays occidentaux ont r\u00e9v\u00e9l\u00e9 qu&#8217;environ neuf femmes sur dix consomment au moins un m\u00e9dicament pendant leur grossesse. La grande [&hellip;]\" \/>\n<meta property=\"og:url\" content=\"https:\/\/fhu-premimpact.org\/en\/focus\/de-la-prise-de-medicaments-pendant-la-grossesse\/\" \/>\n<meta property=\"og:site_name\" content=\"FHU Prem&#039;IMPACT\" \/>\n<meta property=\"article:modified_time\" content=\"2025-09-11T12:22:44+00:00\" \/>\n<meta name=\"twitter:card\" content=\"summary_large_image\" \/>\n<meta name=\"twitter:label1\" content=\"Est. reading time\" \/>\n\t<meta name=\"twitter:data1\" content=\"4 minutes\" \/>\n<script type=\"application\/ld+json\" class=\"yoast-schema-graph\">{\"@context\":\"https:\/\/schema.org\",\"@graph\":[{\"@type\":\"WebPage\",\"@id\":\"https:\/\/fhu-premimpact.org\/en\/focus\/de-la-prise-de-medicaments-pendant-la-grossesse\/\",\"url\":\"https:\/\/fhu-premimpact.org\/en\/focus\/de-la-prise-de-medicaments-pendant-la-grossesse\/\",\"name\":\"De la prise de m\u00e9dicaments pendant la grossesse - FHU Prem&#039;IMPACT\",\"isPartOf\":{\"@id\":\"https:\/\/fhu-premimpact.org\/en\/#website\"},\"datePublished\":\"2023-12-04T16:45:35+00:00\",\"dateModified\":\"2025-09-11T12:22:44+00:00\",\"breadcrumb\":{\"@id\":\"https:\/\/fhu-premimpact.org\/en\/focus\/de-la-prise-de-medicaments-pendant-la-grossesse\/#breadcrumb\"},\"inLanguage\":\"en-US\",\"potentialAction\":[{\"@type\":\"ReadAction\",\"target\":[\"https:\/\/fhu-premimpact.org\/en\/focus\/de-la-prise-de-medicaments-pendant-la-grossesse\/\"]}]},{\"@type\":\"BreadcrumbList\",\"@id\":\"https:\/\/fhu-premimpact.org\/en\/focus\/de-la-prise-de-medicaments-pendant-la-grossesse\/#breadcrumb\",\"itemListElement\":[{\"@type\":\"ListItem\",\"position\":1,\"name\":\"Accueil\",\"item\":\"https:\/\/fhu-premimpact.org\/en\/\"},{\"@type\":\"ListItem\",\"position\":2,\"name\":\"Focus\",\"item\":\"https:\/\/fhu-premimpact.org\/en\/focus\/\"},{\"@type\":\"ListItem\",\"position\":3,\"name\":\"De la prise de m\u00e9dicaments pendant la grossesse\"}]},{\"@type\":\"WebSite\",\"@id\":\"https:\/\/fhu-premimpact.org\/en\/#website\",\"url\":\"https:\/\/fhu-premimpact.org\/en\/\",\"name\":\"FHU PREM'IMPACT\",\"description\":\"Perinatal inflammation and prematurity\",\"publisher\":{\"@id\":\"https:\/\/fhu-premimpact.org\/en\/#organization\"},\"potentialAction\":[{\"@type\":\"SearchAction\",\"target\":{\"@type\":\"EntryPoint\",\"urlTemplate\":\"https:\/\/fhu-premimpact.org\/en\/?s={search_term_string}\"},\"query-input\":{\"@type\":\"PropertyValueSpecification\",\"valueRequired\":true,\"valueName\":\"search_term_string\"}}],\"inLanguage\":\"en-US\"},{\"@type\":\"Organization\",\"@id\":\"https:\/\/fhu-premimpact.org\/en\/#organization\",\"name\":\"FHU PREM'IMPACT\",\"url\":\"https:\/\/fhu-premimpact.org\/en\/\",\"logo\":{\"@type\":\"ImageObject\",\"inLanguage\":\"en-US\",\"@id\":\"https:\/\/fhu-premimpact.org\/en\/#\/schema\/logo\/image\/\",\"url\":\"https:\/\/fhu-premimpact.org\/wp-content\/uploads\/2025\/03\/logo-grand-centre-fhupremimpact.jpg\",\"contentUrl\":\"https:\/\/fhu-premimpact.org\/wp-content\/uploads\/2025\/03\/logo-grand-centre-fhupremimpact.jpg\",\"width\":1280,\"height\":720,\"caption\":\"FHU PREM'IMPACT\"},\"image\":{\"@id\":\"https:\/\/fhu-premimpact.org\/en\/#\/schema\/logo\/image\/\"},\"sameAs\":[\"https:\/\/www.instagram.com\/fhupremimpact\/\",\"https:\/\/www.linkedin.com\/in\/fhu-prem-impact-ap-hp-inserm-universit-paris-cit-70b911253\/\"]}]}<\/script>\n<!-- \/ Yoast SEO plugin. -->","yoast_head_json":{"title":"De la prise de m\u00e9dicaments pendant la grossesse - FHU Prem&#039;IMPACT","robots":{"index":"index","follow":"follow","max-snippet":"max-snippet:-1","max-image-preview":"max-image-preview:large","max-video-preview":"max-video-preview:-1"},"canonical":"https:\/\/fhu-premimpact.org\/en\/focus\/de-la-prise-de-medicaments-pendant-la-grossesse\/","og_locale":"en_US","og_type":"article","og_title":"De la prise de m\u00e9dicaments pendant la grossesse - FHU Prem&#039;IMPACT","og_description":"Au-del\u00e0 du risque malformatif, la prise de m\u00e9dicaments pendant la grossesse peut perturber le d\u00e9veloppement du f\u0153tus et \u00eatre responsable de diverses complications f\u0153tales, n\u00e9onatales ou p\u00e9diatriques. Des \u00e9tudes sur la consommation de m\u00e9dicaments dans les pays occidentaux ont r\u00e9v\u00e9l\u00e9 qu&#8217;environ neuf femmes sur dix consomment au moins un m\u00e9dicament pendant leur grossesse. La grande [&hellip;]","og_url":"https:\/\/fhu-premimpact.org\/en\/focus\/de-la-prise-de-medicaments-pendant-la-grossesse\/","og_site_name":"FHU Prem&#039;IMPACT","article_modified_time":"2025-09-11T12:22:44+00:00","twitter_card":"summary_large_image","twitter_misc":{"Est. reading time":"4 minutes"},"schema":{"@context":"https:\/\/schema.org","@graph":[{"@type":"WebPage","@id":"https:\/\/fhu-premimpact.org\/en\/focus\/de-la-prise-de-medicaments-pendant-la-grossesse\/","url":"https:\/\/fhu-premimpact.org\/en\/focus\/de-la-prise-de-medicaments-pendant-la-grossesse\/","name":"De la prise de m\u00e9dicaments pendant la grossesse - FHU Prem&#039;IMPACT","isPartOf":{"@id":"https:\/\/fhu-premimpact.org\/en\/#website"},"datePublished":"2023-12-04T16:45:35+00:00","dateModified":"2025-09-11T12:22:44+00:00","breadcrumb":{"@id":"https:\/\/fhu-premimpact.org\/en\/focus\/de-la-prise-de-medicaments-pendant-la-grossesse\/#breadcrumb"},"inLanguage":"en-US","potentialAction":[{"@type":"ReadAction","target":["https:\/\/fhu-premimpact.org\/en\/focus\/de-la-prise-de-medicaments-pendant-la-grossesse\/"]}]},{"@type":"BreadcrumbList","@id":"https:\/\/fhu-premimpact.org\/en\/focus\/de-la-prise-de-medicaments-pendant-la-grossesse\/#breadcrumb","itemListElement":[{"@type":"ListItem","position":1,"name":"Accueil","item":"https:\/\/fhu-premimpact.org\/en\/"},{"@type":"ListItem","position":2,"name":"Focus","item":"https:\/\/fhu-premimpact.org\/en\/focus\/"},{"@type":"ListItem","position":3,"name":"De la prise de m\u00e9dicaments pendant la grossesse"}]},{"@type":"WebSite","@id":"https:\/\/fhu-premimpact.org\/en\/#website","url":"https:\/\/fhu-premimpact.org\/en\/","name":"FHU PREM'IMPACT","description":"Perinatal inflammation and prematurity","publisher":{"@id":"https:\/\/fhu-premimpact.org\/en\/#organization"},"potentialAction":[{"@type":"SearchAction","target":{"@type":"EntryPoint","urlTemplate":"https:\/\/fhu-premimpact.org\/en\/?s={search_term_string}"},"query-input":{"@type":"PropertyValueSpecification","valueRequired":true,"valueName":"search_term_string"}}],"inLanguage":"en-US"},{"@type":"Organization","@id":"https:\/\/fhu-premimpact.org\/en\/#organization","name":"FHU PREM'IMPACT","url":"https:\/\/fhu-premimpact.org\/en\/","logo":{"@type":"ImageObject","inLanguage":"en-US","@id":"https:\/\/fhu-premimpact.org\/en\/#\/schema\/logo\/image\/","url":"https:\/\/fhu-premimpact.org\/wp-content\/uploads\/2025\/03\/logo-grand-centre-fhupremimpact.jpg","contentUrl":"https:\/\/fhu-premimpact.org\/wp-content\/uploads\/2025\/03\/logo-grand-centre-fhupremimpact.jpg","width":1280,"height":720,"caption":"FHU PREM'IMPACT"},"image":{"@id":"https:\/\/fhu-premimpact.org\/en\/#\/schema\/logo\/image\/"},"sameAs":["https:\/\/www.instagram.com\/fhupremimpact\/","https:\/\/www.linkedin.com\/in\/fhu-prem-impact-ap-hp-inserm-universit-paris-cit-70b911253\/"]}]}},"uagb_featured_image_src":{"full":false,"thumbnail":false,"medium":false,"medium_large":false,"large":false,"1536x1536":false,"2048x2048":false,"post-thumbnail":false,"twentytwenty-fullscreen":false},"uagb_author_info":{"display_name":"Laurence Lecomte","author_link":"https:\/\/fhu-premimpact.org\/en\/author\/laurence-lecomte\/"},"uagb_comment_info":0,"uagb_excerpt":"Au-del\u00e0 du risque malformatif, la prise de m\u00e9dicaments pendant la grossesse peut perturber le d\u00e9veloppement du f\u0153tus et \u00eatre responsable de diverses complications f\u0153tales, n\u00e9onatales ou p\u00e9diatriques. Des \u00e9tudes sur la consommation de m\u00e9dicaments dans les pays occidentaux ont r\u00e9v\u00e9l\u00e9 qu&#8217;environ neuf femmes sur dix consomment au moins un m\u00e9dicament pendant leur grossesse. La grande&hellip;","_links":{"self":[{"href":"https:\/\/fhu-premimpact.org\/en\/wp-json\/wp\/v2\/pages\/7229","targetHints":{"allow":["GET"]}}],"collection":[{"href":"https:\/\/fhu-premimpact.org\/en\/wp-json\/wp\/v2\/pages"}],"about":[{"href":"https:\/\/fhu-premimpact.org\/en\/wp-json\/wp\/v2\/types\/page"}],"author":[{"embeddable":true,"href":"https:\/\/fhu-premimpact.org\/en\/wp-json\/wp\/v2\/users\/87"}],"replies":[{"embeddable":true,"href":"https:\/\/fhu-premimpact.org\/en\/wp-json\/wp\/v2\/comments?post=7229"}],"version-history":[{"count":3,"href":"https:\/\/fhu-premimpact.org\/en\/wp-json\/wp\/v2\/pages\/7229\/revisions"}],"predecessor-version":[{"id":8762,"href":"https:\/\/fhu-premimpact.org\/en\/wp-json\/wp\/v2\/pages\/7229\/revisions\/8762"}],"up":[{"embeddable":true,"href":"https:\/\/fhu-premimpact.org\/en\/wp-json\/wp\/v2\/pages\/151"}],"wp:attachment":[{"href":"https:\/\/fhu-premimpact.org\/en\/wp-json\/wp\/v2\/media?parent=7229"}],"curies":[{"name":"wp","href":"https:\/\/api.w.org\/{rel}","templated":true}]}}