{"id":468,"date":"2020-04-11T15:11:39","date_gmt":"2020-04-11T13:11:39","guid":{"rendered":"https:\/\/fhu-premimpact.org\/?page_id=468"},"modified":"2020-04-30T12:40:20","modified_gmt":"2020-04-30T10:40:20","slug":"les-rmm","status":"publish","type":"page","link":"https:\/\/fhu-premimpact.org\/en\/soins\/les-rmm\/","title":{"rendered":"Morbidity-Mortality Reviews (MMR)"},"content":{"rendered":"\n<p>The mortality and morbidity process and meetings are a retrospective peer review of death or morbidity cases with systemic analysis of care provided. The case selection is based on safety incidents, which resulted in moderate to severe harm, or near misses, where patients could have been harmed. The purpose is a collective learning, the implementation of relevant actions for care quality and safety improvement.<\/p>\n\n\n\n<p><br>To benefit from these meetings, the process has to be a blame-free but a professionally accountable forum to understand and learn about these issues. The focus is on learning and improvement of systems and processes of care and not on individual performance.<\/p>\n\n\n\n<h2 class=\"wp-block-heading\">MMR in the FHU PREMA<\/h2>\n\n\n\n<p>Taking over the MMR of DHU Risks in Pregnancy, the FHU PREMA organizes a morbidity and mortality meeting with their 5 perinatal centers\u2019professionals (gynecology-AMP, obstetrics, neonatology) twice a year. Each time, two detailed reviews of clinical records are presented and, at least, one case bears upon prematurity or a theme of the FHU PREMA. In turn, all centers are requested to present a case.<\/p>\n\n\n\n<h2 class=\"wp-block-heading\">LIdentification and preparation of FHU PREMA MMR<\/h2>\n\n\n\n<p>The medical commission of the FHU PREMA is in charge to select the cases and of preparation for discussion and supervision of the systemic analysis. A senior doctor (or midwife), in the same medical specialty and same unit as that responsible for the patient\u2019s care, is appointed to pilot investigations and presentation.<\/p>\n\n\n\n<h2 class=\"wp-block-heading\">The MMR meeting<\/h2>\n\n\n\n<p>All clinicians, doctors in training, midwives and healthcare staff are encouraged to attend the meetings, particularly those involved in patient care cases. An attendance sheet is held. At the meeting day, the senior doctors present the cases and the preliminary analysis. All participants discuss underlying causes and relevant actions to implement. Une feuille de pr\u00e9sence est tenue.<\/p>\n\n\n\n<h2 class=\"wp-block-heading\">Following the MMR<\/h2>\n\n\n\n<p>A report of the analysis and suggested actions is drawn and at the disposal of the participants. A certification of attendance could be issued if requested of the FHU PREMA coordination (mail address here). Any attending an MMR is bound by professional secrecy (article L. 1110-4 du Code de la sant\u00e9 publique et article 226-13 du Code p\u00e9nal).<br>Each pilot is responsible of following the implementation of actions. At the next meeting, a reporting on the actions taken is expected from the team concerned.<\/p>\n\n\n\n<p>Les RMM de la FHU PREMA contribuent \u00e0 la pratique de ces revues mais ne remplacent pas les RMM men\u00e9es dans chaque service au plus pr\u00e8s du terrain. Voir le dispositif en place \u00e0 la maternit\u00e9 de Louis Mourier&nbsp;:<\/p>\n\n\n\n<ul class=\"wp-block-list\"><li><a href=\"https:\/\/fhu-premimpact.org\/soins\/les-rmm\/les-crex-et-rmm-a-louis-mourier\/\" class=\"ek-link\">Les CREX et RMM \u00e0 Louis Mourier<\/a><\/li><li><a aria-label=\" (opens in a new tab)\" href=\"https:\/\/fhu-premimpact.org\/wp-content\/uploads\/2020\/04\/RMM_EM_DHU_050315_neonat.pdf\" target=\"_blank\" rel=\"noreferrer noopener\" class=\"ek-link\">Les erreurs m\u00e9dicamenteuse en n\u00e9onatalogie<\/a><\/li><\/ul>\n\n\n\n<p><\/p>\n","protected":false},"excerpt":{"rendered":"<p>The mortality and morbidity process and meetings are a retrospective peer review of death or morbidity cases with systemic analysis of care provided. The case selection is based on safety incidents, which resulted in moderate to severe harm, or near misses, where patients could have been harmed. The purpose is a collective learning, the implementation [&hellip;]<\/p>\n","protected":false},"author":1,"featured_media":0,"parent":460,"menu_order":34,"comment_status":"closed","ping_status":"closed","template":"","meta":{"_editorskit_title_hidden":false,"_editorskit_reading_time":2,"_editorskit_is_block_options_detached":false,"_editorskit_block_options_position":"{}","_uag_custom_page_level_css":"","footnotes":""},"class_list":["post-468","page","type-page","status-publish","hentry"],"yoast_head":"<!-- This site is optimized with the Yoast SEO plugin v27.2 - https:\/\/yoast.com\/product\/yoast-seo-wordpress\/ -->\n<title>Morbidity-Mortality Reviews (MMR) - FHU Prem&#039;IMPACT<\/title>\n<meta name=\"robots\" content=\"index, follow, max-snippet:-1, max-image-preview:large, max-video-preview:-1\" \/>\n<link rel=\"canonical\" href=\"https:\/\/fhu-premimpact.org\/en\/soins\/les-rmm\/\" \/>\n<meta property=\"og:locale\" content=\"en_US\" \/>\n<meta property=\"og:type\" content=\"article\" \/>\n<meta property=\"og:title\" content=\"Morbidity-Mortality Reviews (MMR) - FHU Prem&#039;IMPACT\" \/>\n<meta property=\"og:description\" content=\"The mortality and morbidity process and meetings are a retrospective peer review of death or morbidity cases with systemic analysis of care provided. The case selection is based on safety incidents, which resulted in moderate to severe harm, or near misses, where patients could have been harmed. The purpose is a collective learning, the implementation [&hellip;]\" \/>\n<meta property=\"og:url\" content=\"https:\/\/fhu-premimpact.org\/en\/soins\/les-rmm\/\" \/>\n<meta property=\"og:site_name\" content=\"FHU Prem&#039;IMPACT\" \/>\n<meta property=\"article:modified_time\" content=\"2020-04-30T10:40:20+00:00\" \/>\n<meta name=\"twitter:card\" content=\"summary_large_image\" \/>\n<meta name=\"twitter:label1\" content=\"Est. reading time\" \/>\n\t<meta name=\"twitter:data1\" content=\"2 minutes\" \/>\n<script type=\"application\/ld+json\" class=\"yoast-schema-graph\">{\"@context\":\"https:\/\/schema.org\",\"@graph\":[{\"@type\":\"WebPage\",\"@id\":\"https:\/\/fhu-premimpact.org\/en\/soins\/les-rmm\/\",\"url\":\"https:\/\/fhu-premimpact.org\/en\/soins\/les-rmm\/\",\"name\":\"Morbidity-Mortality Reviews (MMR) - FHU Prem&#039;IMPACT\",\"isPartOf\":{\"@id\":\"https:\/\/fhu-premimpact.org\/en\/#website\"},\"datePublished\":\"2020-04-11T13:11:39+00:00\",\"dateModified\":\"2020-04-30T10:40:20+00:00\",\"breadcrumb\":{\"@id\":\"https:\/\/fhu-premimpact.org\/en\/soins\/les-rmm\/#breadcrumb\"},\"inLanguage\":\"en-US\",\"potentialAction\":[{\"@type\":\"ReadAction\",\"target\":[\"https:\/\/fhu-premimpact.org\/en\/soins\/les-rmm\/\"]}]},{\"@type\":\"BreadcrumbList\",\"@id\":\"https:\/\/fhu-premimpact.org\/en\/soins\/les-rmm\/#breadcrumb\",\"itemListElement\":[{\"@type\":\"ListItem\",\"position\":1,\"name\":\"Accueil\",\"item\":\"https:\/\/fhu-premimpact.org\/en\/\"},{\"@type\":\"ListItem\",\"position\":2,\"name\":\"Healthcare\",\"item\":\"https:\/\/fhu-premimpact.org\/en\/soins\/\"},{\"@type\":\"ListItem\",\"position\":3,\"name\":\"Morbidity-Mortality Reviews (MMR)\"}]},{\"@type\":\"WebSite\",\"@id\":\"https:\/\/fhu-premimpact.org\/en\/#website\",\"url\":\"https:\/\/fhu-premimpact.org\/en\/\",\"name\":\"FHU PREM'IMPACT\",\"description\":\"Perinatal inflammation and prematurity\",\"publisher\":{\"@id\":\"https:\/\/fhu-premimpact.org\/en\/#organization\"},\"potentialAction\":[{\"@type\":\"SearchAction\",\"target\":{\"@type\":\"EntryPoint\",\"urlTemplate\":\"https:\/\/fhu-premimpact.org\/en\/?s={search_term_string}\"},\"query-input\":{\"@type\":\"PropertyValueSpecification\",\"valueRequired\":true,\"valueName\":\"search_term_string\"}}],\"inLanguage\":\"en-US\"},{\"@type\":\"Organization\",\"@id\":\"https:\/\/fhu-premimpact.org\/en\/#organization\",\"name\":\"FHU PREM'IMPACT\",\"url\":\"https:\/\/fhu-premimpact.org\/en\/\",\"logo\":{\"@type\":\"ImageObject\",\"inLanguage\":\"en-US\",\"@id\":\"https:\/\/fhu-premimpact.org\/en\/#\/schema\/logo\/image\/\",\"url\":\"https:\/\/fhu-premimpact.org\/wp-content\/uploads\/2025\/03\/logo-grand-centre-fhupremimpact.jpg\",\"contentUrl\":\"https:\/\/fhu-premimpact.org\/wp-content\/uploads\/2025\/03\/logo-grand-centre-fhupremimpact.jpg\",\"width\":1280,\"height\":720,\"caption\":\"FHU PREM'IMPACT\"},\"image\":{\"@id\":\"https:\/\/fhu-premimpact.org\/en\/#\/schema\/logo\/image\/\"},\"sameAs\":[\"https:\/\/www.instagram.com\/fhupremimpact\/\",\"https:\/\/www.linkedin.com\/in\/fhu-prem-impact-ap-hp-inserm-universit-paris-cit-70b911253\/\"]}]}<\/script>\n<!-- \/ Yoast SEO plugin. -->","yoast_head_json":{"title":"Morbidity-Mortality Reviews (MMR) - FHU Prem&#039;IMPACT","robots":{"index":"index","follow":"follow","max-snippet":"max-snippet:-1","max-image-preview":"max-image-preview:large","max-video-preview":"max-video-preview:-1"},"canonical":"https:\/\/fhu-premimpact.org\/en\/soins\/les-rmm\/","og_locale":"en_US","og_type":"article","og_title":"Morbidity-Mortality Reviews (MMR) - FHU Prem&#039;IMPACT","og_description":"The mortality and morbidity process and meetings are a retrospective peer review of death or morbidity cases with systemic analysis of care provided. The case selection is based on safety incidents, which resulted in moderate to severe harm, or near misses, where patients could have been harmed. The purpose is a collective learning, the implementation [&hellip;]","og_url":"https:\/\/fhu-premimpact.org\/en\/soins\/les-rmm\/","og_site_name":"FHU Prem&#039;IMPACT","article_modified_time":"2020-04-30T10:40:20+00:00","twitter_card":"summary_large_image","twitter_misc":{"Est. reading time":"2 minutes"},"schema":{"@context":"https:\/\/schema.org","@graph":[{"@type":"WebPage","@id":"https:\/\/fhu-premimpact.org\/en\/soins\/les-rmm\/","url":"https:\/\/fhu-premimpact.org\/en\/soins\/les-rmm\/","name":"Morbidity-Mortality Reviews (MMR) - FHU Prem&#039;IMPACT","isPartOf":{"@id":"https:\/\/fhu-premimpact.org\/en\/#website"},"datePublished":"2020-04-11T13:11:39+00:00","dateModified":"2020-04-30T10:40:20+00:00","breadcrumb":{"@id":"https:\/\/fhu-premimpact.org\/en\/soins\/les-rmm\/#breadcrumb"},"inLanguage":"en-US","potentialAction":[{"@type":"ReadAction","target":["https:\/\/fhu-premimpact.org\/en\/soins\/les-rmm\/"]}]},{"@type":"BreadcrumbList","@id":"https:\/\/fhu-premimpact.org\/en\/soins\/les-rmm\/#breadcrumb","itemListElement":[{"@type":"ListItem","position":1,"name":"Accueil","item":"https:\/\/fhu-premimpact.org\/en\/"},{"@type":"ListItem","position":2,"name":"Healthcare","item":"https:\/\/fhu-premimpact.org\/en\/soins\/"},{"@type":"ListItem","position":3,"name":"Morbidity-Mortality Reviews (MMR)"}]},{"@type":"WebSite","@id":"https:\/\/fhu-premimpact.org\/en\/#website","url":"https:\/\/fhu-premimpact.org\/en\/","name":"FHU PREM'IMPACT","description":"Perinatal inflammation and prematurity","publisher":{"@id":"https:\/\/fhu-premimpact.org\/en\/#organization"},"potentialAction":[{"@type":"SearchAction","target":{"@type":"EntryPoint","urlTemplate":"https:\/\/fhu-premimpact.org\/en\/?s={search_term_string}"},"query-input":{"@type":"PropertyValueSpecification","valueRequired":true,"valueName":"search_term_string"}}],"inLanguage":"en-US"},{"@type":"Organization","@id":"https:\/\/fhu-premimpact.org\/en\/#organization","name":"FHU PREM'IMPACT","url":"https:\/\/fhu-premimpact.org\/en\/","logo":{"@type":"ImageObject","inLanguage":"en-US","@id":"https:\/\/fhu-premimpact.org\/en\/#\/schema\/logo\/image\/","url":"https:\/\/fhu-premimpact.org\/wp-content\/uploads\/2025\/03\/logo-grand-centre-fhupremimpact.jpg","contentUrl":"https:\/\/fhu-premimpact.org\/wp-content\/uploads\/2025\/03\/logo-grand-centre-fhupremimpact.jpg","width":1280,"height":720,"caption":"FHU PREM'IMPACT"},"image":{"@id":"https:\/\/fhu-premimpact.org\/en\/#\/schema\/logo\/image\/"},"sameAs":["https:\/\/www.instagram.com\/fhupremimpact\/","https:\/\/www.linkedin.com\/in\/fhu-prem-impact-ap-hp-inserm-universit-paris-cit-70b911253\/"]}]}},"uagb_featured_image_src":{"full":false,"thumbnail":false,"medium":false,"medium_large":false,"large":false,"1536x1536":false,"2048x2048":false,"post-thumbnail":false,"twentytwenty-fullscreen":false},"uagb_author_info":{"display_name":"adm_fhup_la","author_link":"https:\/\/fhu-premimpact.org\/en\/author\/adm_fhup_la\/"},"uagb_comment_info":0,"uagb_excerpt":"The mortality and morbidity process and meetings are a retrospective peer review of death or morbidity cases with systemic analysis of care provided. The case selection is based on safety incidents, which resulted in moderate to severe harm, or near misses, where patients could have been harmed. The purpose is a collective learning, the implementation&hellip;","_links":{"self":[{"href":"https:\/\/fhu-premimpact.org\/en\/wp-json\/wp\/v2\/pages\/468","targetHints":{"allow":["GET"]}}],"collection":[{"href":"https:\/\/fhu-premimpact.org\/en\/wp-json\/wp\/v2\/pages"}],"about":[{"href":"https:\/\/fhu-premimpact.org\/en\/wp-json\/wp\/v2\/types\/page"}],"author":[{"embeddable":true,"href":"https:\/\/fhu-premimpact.org\/en\/wp-json\/wp\/v2\/users\/1"}],"replies":[{"embeddable":true,"href":"https:\/\/fhu-premimpact.org\/en\/wp-json\/wp\/v2\/comments?post=468"}],"version-history":[{"count":2,"href":"https:\/\/fhu-premimpact.org\/en\/wp-json\/wp\/v2\/pages\/468\/revisions"}],"predecessor-version":[{"id":798,"href":"https:\/\/fhu-premimpact.org\/en\/wp-json\/wp\/v2\/pages\/468\/revisions\/798"}],"up":[{"embeddable":true,"href":"https:\/\/fhu-premimpact.org\/en\/wp-json\/wp\/v2\/pages\/460"}],"wp:attachment":[{"href":"https:\/\/fhu-premimpact.org\/en\/wp-json\/wp\/v2\/media?parent=468"}],"curies":[{"name":"wp","href":"https:\/\/api.w.org\/{rel}","templated":true}]}}