{"id":446,"date":"2020-04-11T15:11:39","date_gmt":"2020-04-11T13:11:39","guid":{"rendered":"https:\/\/fhu-premimpact.org\/?page_id=446"},"modified":"2020-06-08T15:08:56","modified_gmt":"2020-06-08T13:08:56","slug":"research-teams","status":"publish","type":"page","link":"https:\/\/fhu-premimpact.org\/en\/recherche\/research-teams\/","title":{"rendered":"Research Teams"},"content":{"rendered":"\n<section class=\"wp-block-uagb-section uagb-section__wrap uagb-section__background-undefined uagb-block-64cd2699-5070-4677-b294-94ada05af48d\"><div class=\"uagb-section__overlay\"><\/div><div class=\"uagb-section__inner-wrap\">\n<h2 class=\"has-text-align-center wp-block-heading\">INSERM D\u00e9l\u00e9gation 5<\/h2>\n\n\n\n<div class=\"wp-block-columns is-layout-flex wp-container-core-columns-is-layout-9d6595d7 wp-block-columns-is-layout-flex\">\n<div class=\"wp-block-column is-layout-flow wp-block-column-is-layout-flow\">\n<div class=\"wp-block-uagb-team uagb-team uagb-team__outer-wrap uagb-team__image-position-above uagb-team__align-center uagb-team__stack-tablet uagb-block-befe8524-c4a9-429d-a418-8547fd315495\"><div class=\"uagb-team__wrap\"><div class=\"uagb-team__content\"><div class=\"uagb-team__title-wrap\"><h4 class=\"uagb-team__title\"><a href=\"http:\/\/www.epop\u00e9-inserm.fr\/\" target=\"_blank\" aria-label=\"UMR 1153 EPOP\u00e9  (opens in a new tab)\" rel=\"noreferrer noopener\" class=\"ek-link\">UMR 1153 EPOP\u00e9 <\/a><br>CRESS<\/h4><span class=\"uagb-team__prefix\">Director<\/span><\/div><div class=\"uagb-team__desc-wrap\"><p class=\"uagb-team__desc\">Pr Pierre-Yves ANCEL<\/p><\/div><\/div><\/div><\/div>\n\n\n\n<p><\/p>\n<\/div>\n\n\n\n<div class=\"wp-block-column is-layout-flow wp-block-column-is-layout-flow\">\n<div class=\"wp-block-uagb-team uagb-team uagb-team__outer-wrap uagb-team__image-position-above uagb-team__align-center uagb-team__stack-tablet uagb-block-c0fd1b95-0155-47e0-bf4a-4baed46feb38\"><div class=\"uagb-team__wrap\"><div class=\"uagb-team__content\"><div class=\"uagb-team__title-wrap\"><h4 class=\"uagb-team__title\">UMR 1139 3PHM<br>Human Placenta and Microbiota<\/h4><span class=\"uagb-team__prefix\">Co-Directors<\/span><\/div><div class=\"uagb-team__desc-wrap\"><p class=\"uagb-team__desc\">Thierry FOURNIER &amp;<br>Pr Fr\u00e9d\u00e9ric BARBUT<\/p><\/div><\/div><\/div><\/div>\n<\/div>\n\n\n\n<div class=\"wp-block-column is-layout-flow wp-block-column-is-layout-flow\">\n<div class=\"wp-block-uagb-team uagb-team uagb-team__outer-wrap uagb-team__image-position-above uagb-team__align-center uagb-team__stack-tablet uagb-block-66d97dd2-6808-4c5f-93da-4a8b9d1e0e8a\"><div class=\"uagb-team__wrap\"><div class=\"uagb-team__content\"><div class=\"uagb-team__title-wrap\"><h4 class=\"uagb-team__title\"><a href=\"https:\/\/www.institutcochin.fr\/la-recherche\/drc\/equipe-vaiman?set_language=fr\" target=\"_blank\" aria-label=\"UMR 1016 FGTB  (opens in a new tab)\" rel=\"noreferrer noopener\" class=\"ek-link\">UMR 1016 FGTB <\/a><br>Institut Cochin<\/h4><span class=\"uagb-team__prefix\">Director<\/span><\/div><div class=\"uagb-team__desc-wrap\"><p class=\"uagb-team__desc\">Daniel VAIMAN<\/p><\/div><\/div><\/div><\/div>\n<\/div>\n<\/div>\n\n\n\n<div class=\"wp-block-columns is-layout-flex wp-container-core-columns-is-layout-9d6595d7 wp-block-columns-is-layout-flex\">\n<div class=\"wp-block-column is-layout-flow wp-block-column-is-layout-flow\">\n<div class=\"wp-block-uagb-team uagb-team uagb-team__outer-wrap uagb-team__image-position-above uagb-team__align-center uagb-team__stack-tablet uagb-block-f58aed19-3da8-4136-908a-f293c25b68cc\"><div class=\"uagb-team__wrap\"><div class=\"uagb-team__content\"><div class=\"uagb-team__title-wrap\"><h4 class=\"uagb-team__title\"><a aria-label=\"UMR 1267 UTCBS (opens in a new tab)\" rel=\"noreferrer noopener\" href=\"http:\/\/cnanoidf.org\/fr\/recherche\/nanobiosciences-nbs\/equipes\/equipes-paris-centre\/article\/equipe-conception-de-vecteurs-pour\" target=\"_blank\" class=\"ek-link\">UMR 1267 UTCBS<\/a><br>Vectors team<\/h4><span class=\"uagb-team__prefix\">Director<\/span><\/div><div class=\"uagb-team__desc-wrap\"><p class=\"uagb-team__desc\">Nathalie MIGNET<\/p><\/div><\/div><\/div><\/div>\n<\/div>\n\n\n\n<div class=\"wp-block-column is-layout-flow wp-block-column-is-layout-flow\">\n<div class=\"wp-block-uagb-team uagb-team uagb-team__outer-wrap uagb-team__image-position-above uagb-team__align-center uagb-team__stack-tablet uagb-block-438b98a5-4ccd-4b07-a4fd-3be075e58d36\"><div class=\"uagb-team__wrap\"><div class=\"uagb-team__content\"><div class=\"uagb-team__title-wrap\"><h4 class=\"uagb-team__title\"><a aria-label=\"UMR 168  MMBM (opens in a new tab)\" rel=\"noreferrer noopener\" href=\"https:\/\/science.curie.fr\/recherche\/physique-chimie-biologie-multi-echelle-et-cancer\/physico-chimie\/equipe-descroix\/\" target=\"_blank\" class=\"ek-link\">UMR 168  MMBM<\/a><br>Institut Curie<\/h4><span class=\"uagb-team__prefix\">Director<\/span><\/div><div class=\"uagb-team__desc-wrap\"><p class=\"uagb-team__desc\">St\u00e9phanie DESCROIX<\/p><\/div><\/div><\/div><\/div>\n<\/div>\n\n\n\n<div class=\"wp-block-column is-layout-flow wp-block-column-is-layout-flow\">\n<div class=\"wp-block-uagb-team uagb-team uagb-team__outer-wrap uagb-team__image-position-above uagb-team__align-center uagb-team__stack-tablet uagb-block-407c18aa-c25c-4b51-baf1-eadc0f95c876\"><div class=\"uagb-team__wrap\"><div class=\"uagb-team__content\"><div class=\"uagb-team__title-wrap\"><h4 class=\"uagb-team__title\"><a aria-label=\"UMR 1016 Bacteria and perinatality (opens in a new tab)\" href=\"https:\/\/www.institutcochin.fr\/la-recherche\/3i\/equipe-poyart-fouet\" target=\"_blank\" rel=\"noreferrer noopener\" class=\"ek-link\">UMR 1016 Bacteria and perinatality<\/a> Institut Cochin<\/h4><span class=\"uagb-team__prefix\">Co-directors<\/span><\/div><div class=\"uagb-team__desc-wrap\"><p class=\"uagb-team__desc\">Pr Claire POYART<br>&amp; Agn\u00e8s FOUET<\/p><\/div><\/div><\/div><\/div>\n<\/div>\n<\/div>\n\n\n\n<div class=\"wp-block-columns is-layout-flex wp-container-core-columns-is-layout-9d6595d7 wp-block-columns-is-layout-flex\">\n<div class=\"wp-block-column is-layout-flow wp-block-column-is-layout-flow\">\n<div class=\"wp-block-uagb-team uagb-team uagb-team__outer-wrap uagb-team__image-position-above uagb-team__align-center uagb-team__stack-tablet uagb-block-eea8b92e-6aa2-48f3-aa17-c6de26fb2c94\"><div class=\"uagb-team__wrap\"><div class=\"uagb-team__content\"><div class=\"uagb-team__title-wrap\"><h4 class=\"uagb-team__title\"><a aria-label=\"UMR 1151 INEM - I2H (opens in a new tab)\" rel=\"noreferrer noopener\" href=\"https:\/\/www.institut-necker-enfants-malades.fr\/index.php?menu=team&amp;rubric=teamtabs&amp;idfac=charbit-nassif\" target=\"_blank\" class=\"ek-link\">UMR 1151 INEM &#8211; I2H<\/a><br>Institut Necker Enfants Malades<br>Pathogenesis of systemic infections- Axe 4<\/h4><span class=\"uagb-team__prefix\">Director<\/span><\/div><div class=\"uagb-team__desc-wrap\"><p class=\"uagb-team__desc\">Pr David SKURNIK<\/p><\/div><\/div><\/div><\/div>\n\n\n\n<p><\/p>\n<\/div>\n\n\n\n<div class=\"wp-block-column is-layout-flow wp-block-column-is-layout-flow\">\n<div class=\"wp-block-uagb-team uagb-team uagb-team__outer-wrap uagb-team__image-position-above uagb-team__align-center uagb-team__stack-tablet uagb-block-8b43e74c-601f-47fd-b33c-6bc8a5dfc3e2\"><div class=\"uagb-team__wrap\"><div class=\"uagb-team__content\"><div class=\"uagb-team__title-wrap\"><h4 class=\"uagb-team__title\"><a aria-label=\"UMR 1016 3I - Groupe endom\u00e9triose  (opens in a new tab)\" class=\"ek-link ek-link\" rel=\"noreferrer noopener\" href=\"https:\/\/www.institutcochin.fr\/la-recherche\/3i\/equipe-y.-allanore\" target=\"_blank\">UMR 1016 Endometriosis Group <\/a><br>3I : Infection, Immunity and Inflammation <br>Institut Cochin<\/h4><span class=\"uagb-team__prefix\">Director<\/span><\/div><div class=\"uagb-team__desc-wrap\"><p class=\"uagb-team__desc\">Pr Fr\u00e9d\u00e9ric BATTEUX<\/p><\/div><\/div><\/div><\/div>\n<\/div>\n<\/div>\n<\/div><\/section>\n\n\n\n<section class=\"wp-block-uagb-section uagb-section__wrap uagb-section__background-undefined uagb-block-95f1efd5-3812-44ce-be08-cf4ddb0d9695\"><div class=\"uagb-section__overlay\"><\/div><div class=\"uagb-section__inner-wrap\">\n<h2 class=\"has-text-align-center wp-block-heading\">University of Paris<\/h2>\n\n\n\n<div class=\"wp-block-columns is-layout-flex wp-container-core-columns-is-layout-9d6595d7 wp-block-columns-is-layout-flex\">\n<div class=\"wp-block-column is-layout-flow wp-block-column-is-layout-flow\">\n<div class=\"wp-block-uagb-team uagb-team uagb-team__outer-wrap uagb-team__image-position-above uagb-team__align-center uagb-team__stack-tablet uagb-block-41c991bf-b59d-4cb2-87ab-7c974a0c9ffe\"><div class=\"uagb-team__wrap\"><div class=\"uagb-team__content\"><div class=\"uagb-team__title-wrap\"><h4 class=\"uagb-team__title\"><a aria-label=\"EA 7323 Pharmacologie et Th\u00e9rapeutiques chez la femme et l'enfant (opens in a new tab)\" rel=\"noreferrer noopener\" href=\"http:\/\/ecolesdoctorales.parisdescartes.fr\/ed436\/Equipes-de-recherche\/Composition-des-equipes\/Pharmacologie-et-evaluation-des-therapeutiques-chez-l-enfant-et-la-femme-enceinte\" target=\"_blank\" class=\"ek-link\">EA 7323 Pharmacology and Evaluation of Therapeutics with child and pregnant woman<\/a><\/h4><span class=\"uagb-team__prefix\">Director<\/span><\/div><div class=\"uagb-team__desc-wrap\"><p class=\"uagb-team__desc\">Pr Jean-Marc TRELUYER<\/p><\/div><\/div><\/div><\/div>\n<\/div>\n\n\n\n<div class=\"wp-block-column is-layout-flow wp-block-column-is-layout-flow\">\n<div class=\"wp-block-uagb-team uagb-team uagb-team__outer-wrap uagb-team__image-position-above uagb-team__align-center uagb-team__stack-tablet uagb-block-9a1d1b5a-fc91-4f46-be2f-68c008431842\"><div class=\"uagb-team__wrap\"><div class=\"uagb-team__content\"><div class=\"uagb-team__title-wrap\"><h4 class=\"uagb-team__title\"><a aria-label=\"UMR 261 MERIT (opens in a new tab)\" rel=\"noreferrer noopener\" href=\"https:\/\/umr-merit.ird.fr\/\" target=\"_blank\" class=\"ek-link\">UMR 261 MERIT<\/a><br>IRD<\/h4><span class=\"uagb-team__prefix\">Director<\/span><\/div><div class=\"uagb-team__desc-wrap\"><p class=\"uagb-team__desc\">Andr\u00e9 GARCIA<\/p><\/div><\/div><\/div><\/div>\n\n\n\n<p><\/p>\n<\/div>\n<\/div>\n\n\n\n<p><\/p>\n<\/div><\/section>\n\n\n\n<section class=\"wp-block-uagb-section uagb-section__wrap uagb-section__background-undefined uagb-block-df436714-ec4c-46d9-9172-e72687c7915b\"><div class=\"uagb-section__overlay\"><\/div><div class=\"uagb-section__inner-wrap\">\n<h2 class=\"has-text-align-center wp-block-heading\">Others Research Teams<\/h2>\n\n\n\n<div class=\"wp-block-columns is-layout-flex wp-container-core-columns-is-layout-9d6595d7 wp-block-columns-is-layout-flex\">\n<div class=\"wp-block-column is-layout-flow wp-block-column-is-layout-flow\">\n<div class=\"wp-block-uagb-team uagb-team uagb-team__outer-wrap uagb-team__image-position-above uagb-team__align-center uagb-team__stack-tablet uagb-block-c20a0d68-254b-4ea6-8eab-dcfac5529df8\"><div class=\"uagb-team__wrap\"><div class=\"uagb-team__content\"><div class=\"uagb-team__title-wrap\"><h4 class=\"uagb-team__title\"><a aria-label=\"Psichologica (opens in a new tab)\" rel=\"noreferrer noopener\" href=\"https:\/\/www.unimib.it\/aree-disciplinari\/psicologica\" target=\"_blank\" class=\"ek-link\">Psichologica<\/a><br>University MILANO-BICCOCA<\/h4><span class=\"uagb-team__prefix\">Director<\/span><\/div><div class=\"uagb-team__desc-wrap\"><p class=\"uagb-team__desc\">Emanuela BRICOLO<\/p><\/div><\/div><\/div><\/div>\n<\/div>\n\n\n\n<div class=\"wp-block-column is-layout-flow wp-block-column-is-layout-flow\">\n<div class=\"wp-block-uagb-team uagb-team uagb-team__outer-wrap uagb-team__image-position-above uagb-team__align-center uagb-team__stack-tablet uagb-block-31a25a08-66f6-40a2-a3e2-71220b15b089\"><div class=\"uagb-team__wrap\"><div class=\"uagb-team__content\"><div class=\"uagb-team__title-wrap\"><h4 class=\"uagb-team__title\"><a aria-label=\"UMR 1050 Physique multi-\u00e9chelle de la morphog\u00e9n\u00e8se (opens in a new tab)\" class=\"ek-link ek-link\" rel=\"noreferrer noopener\" href=\"https:\/\/www.college-de-france.fr\/site\/en-cirb\/Turlier.htm\" target=\"_blank\">UMR 1050 Multiscale Physics of Morphogenesis<\/a><br>CIRB &#8211; Coll\u00e8ge de france<\/h4><span class=\"uagb-team__prefix\">Director<\/span><\/div><div class=\"uagb-team__desc-wrap\"><p class=\"uagb-team__desc\">Herv\u00e9 TURLIER<\/p><\/div><\/div><\/div><\/div>\n<\/div>\n<\/div>\n\n\n\n<p><\/p>\n<\/div><\/section>\n","protected":false},"excerpt":{"rendered":"","protected":false},"author":1,"featured_media":0,"parent":443,"menu_order":14,"comment_status":"closed","ping_status":"closed","template":"","meta":{"_editorskit_title_hidden":false,"_editorskit_reading_time":1,"_editorskit_is_block_options_detached":false,"_editorskit_block_options_position":"{}","_uag_custom_page_level_css":"","footnotes":""},"class_list":["post-446","page","type-page","status-publish","hentry"],"yoast_head":"<!-- This site is optimized with the Yoast SEO plugin v27.6 - https:\/\/yoast.com\/product\/yoast-seo-wordpress\/ -->\n<title>Research Teams - FHU Prem&#039;IMPACT<\/title>\n<meta name=\"robots\" content=\"index, follow, max-snippet:-1, max-image-preview:large, max-video-preview:-1\" \/>\n<link rel=\"canonical\" href=\"https:\/\/fhu-premimpact.org\/en\/recherche\/research-teams\/\" \/>\n<meta property=\"og:locale\" content=\"en_US\" \/>\n<meta property=\"og:type\" content=\"article\" \/>\n<meta property=\"og:title\" content=\"Research Teams - FHU Prem&#039;IMPACT\" \/>\n<meta property=\"og:url\" content=\"https:\/\/fhu-premimpact.org\/en\/recherche\/research-teams\/\" \/>\n<meta property=\"og:site_name\" content=\"FHU Prem&#039;IMPACT\" \/>\n<meta property=\"article:modified_time\" content=\"2020-06-08T13:08:56+00:00\" \/>\n<meta name=\"twitter:card\" content=\"summary_large_image\" \/>\n<meta name=\"twitter:label1\" content=\"Est. reading time\" \/>\n\t<meta name=\"twitter:data1\" content=\"1 minute\" \/>\n<script type=\"application\/ld+json\" class=\"yoast-schema-graph\">{\"@context\":\"https:\\\/\\\/schema.org\",\"@graph\":[{\"@type\":\"WebPage\",\"@id\":\"https:\\\/\\\/fhu-premimpact.org\\\/en\\\/recherche\\\/research-teams\\\/\",\"url\":\"https:\\\/\\\/fhu-premimpact.org\\\/en\\\/recherche\\\/research-teams\\\/\",\"name\":\"Research Teams - FHU Prem&#039;IMPACT\",\"isPartOf\":{\"@id\":\"https:\\\/\\\/fhu-premimpact.org\\\/en\\\/#website\"},\"datePublished\":\"2020-04-11T13:11:39+00:00\",\"dateModified\":\"2020-06-08T13:08:56+00:00\",\"breadcrumb\":{\"@id\":\"https:\\\/\\\/fhu-premimpact.org\\\/en\\\/recherche\\\/research-teams\\\/#breadcrumb\"},\"inLanguage\":\"en-US\",\"potentialAction\":[{\"@type\":\"ReadAction\",\"target\":[\"https:\\\/\\\/fhu-premimpact.org\\\/en\\\/recherche\\\/research-teams\\\/\"]}]},{\"@type\":\"BreadcrumbList\",\"@id\":\"https:\\\/\\\/fhu-premimpact.org\\\/en\\\/recherche\\\/research-teams\\\/#breadcrumb\",\"itemListElement\":[{\"@type\":\"ListItem\",\"position\":1,\"name\":\"Accueil\",\"item\":\"https:\\\/\\\/fhu-premimpact.org\\\/en\\\/\"},{\"@type\":\"ListItem\",\"position\":2,\"name\":\"Research\",\"item\":\"https:\\\/\\\/fhu-premimpact.org\\\/en\\\/recherche\\\/\"},{\"@type\":\"ListItem\",\"position\":3,\"name\":\"Research Teams\"}]},{\"@type\":\"WebSite\",\"@id\":\"https:\\\/\\\/fhu-premimpact.org\\\/en\\\/#website\",\"url\":\"https:\\\/\\\/fhu-premimpact.org\\\/en\\\/\",\"name\":\"FHU PREM'IMPACT\",\"description\":\"Perinatal inflammation and prematurity\",\"publisher\":{\"@id\":\"https:\\\/\\\/fhu-premimpact.org\\\/en\\\/#organization\"},\"potentialAction\":[{\"@type\":\"SearchAction\",\"target\":{\"@type\":\"EntryPoint\",\"urlTemplate\":\"https:\\\/\\\/fhu-premimpact.org\\\/en\\\/?s={search_term_string}\"},\"query-input\":{\"@type\":\"PropertyValueSpecification\",\"valueRequired\":true,\"valueName\":\"search_term_string\"}}],\"inLanguage\":\"en-US\"},{\"@type\":\"Organization\",\"@id\":\"https:\\\/\\\/fhu-premimpact.org\\\/en\\\/#organization\",\"name\":\"FHU PREM'IMPACT\",\"url\":\"https:\\\/\\\/fhu-premimpact.org\\\/en\\\/\",\"logo\":{\"@type\":\"ImageObject\",\"inLanguage\":\"en-US\",\"@id\":\"https:\\\/\\\/fhu-premimpact.org\\\/en\\\/#\\\/schema\\\/logo\\\/image\\\/\",\"url\":\"https:\\\/\\\/fhu-premimpact.org\\\/wp-content\\\/uploads\\\/2025\\\/03\\\/logo-grand-centre-fhupremimpact.jpg\",\"contentUrl\":\"https:\\\/\\\/fhu-premimpact.org\\\/wp-content\\\/uploads\\\/2025\\\/03\\\/logo-grand-centre-fhupremimpact.jpg\",\"width\":1280,\"height\":720,\"caption\":\"FHU PREM'IMPACT\"},\"image\":{\"@id\":\"https:\\\/\\\/fhu-premimpact.org\\\/en\\\/#\\\/schema\\\/logo\\\/image\\\/\"},\"sameAs\":[\"https:\\\/\\\/www.instagram.com\\\/fhupremimpact\\\/\",\"https:\\\/\\\/www.linkedin.com\\\/in\\\/fhu-prem-impact-ap-hp-inserm-universit-paris-cit-70b911253\\\/\"]}]}<\/script>\n<!-- \/ Yoast SEO plugin. -->","yoast_head_json":{"title":"Research Teams - FHU Prem&#039;IMPACT","robots":{"index":"index","follow":"follow","max-snippet":"max-snippet:-1","max-image-preview":"max-image-preview:large","max-video-preview":"max-video-preview:-1"},"canonical":"https:\/\/fhu-premimpact.org\/en\/recherche\/research-teams\/","og_locale":"en_US","og_type":"article","og_title":"Research Teams - FHU Prem&#039;IMPACT","og_url":"https:\/\/fhu-premimpact.org\/en\/recherche\/research-teams\/","og_site_name":"FHU Prem&#039;IMPACT","article_modified_time":"2020-06-08T13:08:56+00:00","twitter_card":"summary_large_image","twitter_misc":{"Est. reading time":"1 minute"},"schema":{"@context":"https:\/\/schema.org","@graph":[{"@type":"WebPage","@id":"https:\/\/fhu-premimpact.org\/en\/recherche\/research-teams\/","url":"https:\/\/fhu-premimpact.org\/en\/recherche\/research-teams\/","name":"Research Teams - FHU Prem&#039;IMPACT","isPartOf":{"@id":"https:\/\/fhu-premimpact.org\/en\/#website"},"datePublished":"2020-04-11T13:11:39+00:00","dateModified":"2020-06-08T13:08:56+00:00","breadcrumb":{"@id":"https:\/\/fhu-premimpact.org\/en\/recherche\/research-teams\/#breadcrumb"},"inLanguage":"en-US","potentialAction":[{"@type":"ReadAction","target":["https:\/\/fhu-premimpact.org\/en\/recherche\/research-teams\/"]}]},{"@type":"BreadcrumbList","@id":"https:\/\/fhu-premimpact.org\/en\/recherche\/research-teams\/#breadcrumb","itemListElement":[{"@type":"ListItem","position":1,"name":"Accueil","item":"https:\/\/fhu-premimpact.org\/en\/"},{"@type":"ListItem","position":2,"name":"Research","item":"https:\/\/fhu-premimpact.org\/en\/recherche\/"},{"@type":"ListItem","position":3,"name":"Research Teams"}]},{"@type":"WebSite","@id":"https:\/\/fhu-premimpact.org\/en\/#website","url":"https:\/\/fhu-premimpact.org\/en\/","name":"FHU PREM'IMPACT","description":"Perinatal inflammation and prematurity","publisher":{"@id":"https:\/\/fhu-premimpact.org\/en\/#organization"},"potentialAction":[{"@type":"SearchAction","target":{"@type":"EntryPoint","urlTemplate":"https:\/\/fhu-premimpact.org\/en\/?s={search_term_string}"},"query-input":{"@type":"PropertyValueSpecification","valueRequired":true,"valueName":"search_term_string"}}],"inLanguage":"en-US"},{"@type":"Organization","@id":"https:\/\/fhu-premimpact.org\/en\/#organization","name":"FHU PREM'IMPACT","url":"https:\/\/fhu-premimpact.org\/en\/","logo":{"@type":"ImageObject","inLanguage":"en-US","@id":"https:\/\/fhu-premimpact.org\/en\/#\/schema\/logo\/image\/","url":"https:\/\/fhu-premimpact.org\/wp-content\/uploads\/2025\/03\/logo-grand-centre-fhupremimpact.jpg","contentUrl":"https:\/\/fhu-premimpact.org\/wp-content\/uploads\/2025\/03\/logo-grand-centre-fhupremimpact.jpg","width":1280,"height":720,"caption":"FHU PREM'IMPACT"},"image":{"@id":"https:\/\/fhu-premimpact.org\/en\/#\/schema\/logo\/image\/"},"sameAs":["https:\/\/www.instagram.com\/fhupremimpact\/","https:\/\/www.linkedin.com\/in\/fhu-prem-impact-ap-hp-inserm-universit-paris-cit-70b911253\/"]}]}},"uagb_featured_image_src":{"full":false,"thumbnail":false,"medium":false,"medium_large":false,"large":false,"1536x1536":false,"2048x2048":false,"post-thumbnail":false,"twentytwenty-fullscreen":false},"uagb_author_info":{"display_name":"adm_fhup_la","author_link":"https:\/\/fhu-premimpact.org\/en\/author\/adm_fhup_la\/"},"uagb_comment_info":0,"uagb_excerpt":null,"_links":{"self":[{"href":"https:\/\/fhu-premimpact.org\/en\/wp-json\/wp\/v2\/pages\/446","targetHints":{"allow":["GET"]}}],"collection":[{"href":"https:\/\/fhu-premimpact.org\/en\/wp-json\/wp\/v2\/pages"}],"about":[{"href":"https:\/\/fhu-premimpact.org\/en\/wp-json\/wp\/v2\/types\/page"}],"author":[{"embeddable":true,"href":"https:\/\/fhu-premimpact.org\/en\/wp-json\/wp\/v2\/users\/1"}],"replies":[{"embeddable":true,"href":"https:\/\/fhu-premimpact.org\/en\/wp-json\/wp\/v2\/comments?post=446"}],"version-history":[{"count":4,"href":"https:\/\/fhu-premimpact.org\/en\/wp-json\/wp\/v2\/pages\/446\/revisions"}],"predecessor-version":[{"id":1780,"href":"https:\/\/fhu-premimpact.org\/en\/wp-json\/wp\/v2\/pages\/446\/revisions\/1780"}],"up":[{"embeddable":true,"href":"https:\/\/fhu-premimpact.org\/en\/wp-json\/wp\/v2\/pages\/443"}],"wp:attachment":[{"href":"https:\/\/fhu-premimpact.org\/en\/wp-json\/wp\/v2\/media?parent=446"}],"curies":[{"name":"wp","href":"https:\/\/api.w.org\/{rel}","templated":true}]}}