{"id":4311,"date":"2022-09-20T14:06:00","date_gmt":"2022-09-20T12:06:00","guid":{"rendered":"https:\/\/fhu-premimpact.org\/?page_id=4311"},"modified":"2026-04-13T15:32:06","modified_gmt":"2026-04-13T13:32:06","slug":"jmp-2021-ethique-et-prematurite-regards-croises","status":"publish","type":"page","link":"https:\/\/fhu-premimpact.org\/en\/enseignement\/formations-et-dpc\/jmp-2021-ethique-et-prematurite-regards-croises\/","title":{"rendered":"JMP 2022 &#8211; Optimiser l\u2019alimentation du nouveau-n\u00e9 pr\u00e9matur\u00e9"},"content":{"rendered":"\n<p><strong>\u00c0 l\u2019occasion de la Journ\u00e9e mondiale de la pr\u00e9maturit\u00e9, la FHU PREMA organise une journ\u00e9e consacr\u00e9e \u00e0 la nutrition du nouveau-n\u00e9 pr\u00e9matur\u00e9. Un apr\u00e8s-midi pour faire le point sur les enjeux de l\u2019alimentation au cours de la prise en charge du nouveau-n\u00e9 tr\u00e8s ou mod\u00e9r\u00e9ment pr\u00e9matur\u00e9&nbsp;: de la nutrition parent\u00e9rale \u00e0 la nutrition ent\u00e9rale, les populations sp\u00e9cifiques, l\u2019oralit\u00e9 et l\u2019allaitement du pr\u00e9matur\u00e9<\/strong><\/p>\n\n\n\n<h2 class=\"wp-block-heading\"><strong> Campus Jussieu<\/strong> \u00e0 Paris 5\u00e8me , Amphith\u00e9\u00e2tre 25 <\/h2>\n\n\n\n<p><strong>14h00 : 1\u00e8re session<\/strong><br>Introduction : Les enjeux de l\u2019alimentation du pr\u00e9matur\u00e9 (Pr Pierre-Henri Jarreau)<br>14h20 : La nutrition parent\u00e9rale du grand pr\u00e9matur\u00e9 (Pr Alexandre Lapillonne)<br>14h40 : La Nutrition ent\u00e9rale et le r\u00f4le des lactariums en n\u00e9onatalogie (Pr Jean-Charles Picaud)<br>15h00 : La nutrition post-hospitalisation chez le nouveau-n\u00e9 pr\u00e9matur\u00e9 (Pr Patrick Tounian)<br>15h 20 : Nourrir un nouveau-n\u00e9 pr\u00e9matur\u00e9 au B\u00e9nin (Pr Jules Alao)<br>15h40 : Discussion<\/p>\n\n\n\n<p><strong><em>Pause caf\u00e9<\/em><\/strong><\/p>\n\n\n\n<p><strong>16h30 : 2\u00e8me session<\/strong><br>16h30 : Le microbiote du pr\u00e9matur\u00e9 (Dr Julio Aires)<br>16h50 : Le retard de croissance extra-ut\u00e9rin (Dr Rym El Rafei)<br>17h10 : La maturation de l\u2019oralit\u00e9 et l\u2019allaitement du nouveau-n\u00e9 grand pr\u00e9matur\u00e9 (Mme Claire Jutard)<br>17h 30 : La croissance ult\u00e9rieure des pr\u00e9matur\u00e9s (Pr R\u00e9gis Coutant).<br>Conclusion : Pierre-Henri Jarreau<\/p>\n\n\n\n<p><strong><em>18h40 Cocktail servi sur place<\/em><\/strong><\/p>\n","protected":false},"excerpt":{"rendered":"<p>\u00c0 l\u2019occasion de la Journ\u00e9e mondiale de la pr\u00e9maturit\u00e9, la FHU PREMA organise une journ\u00e9e consacr\u00e9e \u00e0 la nutrition du nouveau-n\u00e9 pr\u00e9matur\u00e9. Un apr\u00e8s-midi pour faire le point sur les enjeux de l\u2019alimentation au cours de la prise en charge du nouveau-n\u00e9 tr\u00e8s ou mod\u00e9r\u00e9ment pr\u00e9matur\u00e9&nbsp;: de la nutrition parent\u00e9rale \u00e0 la nutrition ent\u00e9rale, les [&hellip;]<\/p>\n","protected":false},"author":87,"featured_media":3985,"parent":257,"menu_order":47,"comment_status":"closed","ping_status":"closed","template":"","meta":{"_editorskit_title_hidden":false,"_editorskit_reading_time":1,"_editorskit_is_block_options_detached":false,"_editorskit_block_options_position":"{}","_uag_custom_page_level_css":"","footnotes":""},"class_list":["post-4311","page","type-page","status-publish","has-post-thumbnail","hentry"],"yoast_head":"<!-- This site is optimized with the Yoast SEO plugin v27.2 - https:\/\/yoast.com\/product\/yoast-seo-wordpress\/ -->\n<title>JMP 2022 - Optimiser l\u2019alimentation du nouveau-n\u00e9 pr\u00e9matur\u00e9 - FHU Prem&#039;IMPACT<\/title>\n<meta name=\"robots\" content=\"index, follow, max-snippet:-1, max-image-preview:large, max-video-preview:-1\" \/>\n<link rel=\"canonical\" href=\"https:\/\/fhu-premimpact.org\/en\/enseignement\/formations-et-dpc\/jmp-2021-ethique-et-prematurite-regards-croises\/\" \/>\n<meta property=\"og:locale\" content=\"en_US\" \/>\n<meta property=\"og:type\" content=\"article\" \/>\n<meta property=\"og:title\" content=\"JMP 2022 - Optimiser l\u2019alimentation du nouveau-n\u00e9 pr\u00e9matur\u00e9 - FHU Prem&#039;IMPACT\" \/>\n<meta property=\"og:description\" content=\"\u00c0 l\u2019occasion de la Journ\u00e9e mondiale de la pr\u00e9maturit\u00e9, la FHU PREMA organise une journ\u00e9e consacr\u00e9e \u00e0 la nutrition du nouveau-n\u00e9 pr\u00e9matur\u00e9. Un apr\u00e8s-midi pour faire le point sur les enjeux de l\u2019alimentation au cours de la prise en charge du nouveau-n\u00e9 tr\u00e8s ou mod\u00e9r\u00e9ment pr\u00e9matur\u00e9&nbsp;: de la nutrition parent\u00e9rale \u00e0 la nutrition ent\u00e9rale, les [&hellip;]\" \/>\n<meta property=\"og:url\" content=\"https:\/\/fhu-premimpact.org\/en\/enseignement\/formations-et-dpc\/jmp-2021-ethique-et-prematurite-regards-croises\/\" \/>\n<meta property=\"og:site_name\" content=\"FHU Prem&#039;IMPACT\" \/>\n<meta property=\"article:modified_time\" content=\"2026-04-13T13:32:06+00:00\" \/>\n<meta property=\"og:image\" content=\"https:\/\/fhu-premimpact.org\/wp-content\/uploads\/2021\/07\/prema-phototherapie-1024x682.png\" \/>\n\t<meta property=\"og:image:width\" content=\"1024\" \/>\n\t<meta property=\"og:image:height\" content=\"682\" \/>\n\t<meta property=\"og:image:type\" content=\"image\/png\" \/>\n<meta name=\"twitter:card\" content=\"summary_large_image\" \/>\n<meta name=\"twitter:label1\" content=\"Est. reading time\" \/>\n\t<meta name=\"twitter:data1\" content=\"2 minutes\" \/>\n<script type=\"application\/ld+json\" class=\"yoast-schema-graph\">{\"@context\":\"https:\/\/schema.org\",\"@graph\":[{\"@type\":\"WebPage\",\"@id\":\"https:\/\/fhu-premimpact.org\/en\/enseignement\/formations-et-dpc\/jmp-2021-ethique-et-prematurite-regards-croises\/\",\"url\":\"https:\/\/fhu-premimpact.org\/en\/enseignement\/formations-et-dpc\/jmp-2021-ethique-et-prematurite-regards-croises\/\",\"name\":\"JMP 2022 - Optimiser l\u2019alimentation du nouveau-n\u00e9 pr\u00e9matur\u00e9 - FHU Prem&#039;IMPACT\",\"isPartOf\":{\"@id\":\"https:\/\/fhu-premimpact.org\/en\/#website\"},\"primaryImageOfPage\":{\"@id\":\"https:\/\/fhu-premimpact.org\/en\/enseignement\/formations-et-dpc\/jmp-2021-ethique-et-prematurite-regards-croises\/#primaryimage\"},\"image\":{\"@id\":\"https:\/\/fhu-premimpact.org\/en\/enseignement\/formations-et-dpc\/jmp-2021-ethique-et-prematurite-regards-croises\/#primaryimage\"},\"thumbnailUrl\":\"https:\/\/fhu-premimpact.org\/wp-content\/uploads\/2021\/07\/prema-phototherapie.png\",\"datePublished\":\"2022-09-20T12:06:00+00:00\",\"dateModified\":\"2026-04-13T13:32:06+00:00\",\"breadcrumb\":{\"@id\":\"https:\/\/fhu-premimpact.org\/en\/enseignement\/formations-et-dpc\/jmp-2021-ethique-et-prematurite-regards-croises\/#breadcrumb\"},\"inLanguage\":\"en-US\",\"potentialAction\":[{\"@type\":\"ReadAction\",\"target\":[\"https:\/\/fhu-premimpact.org\/en\/enseignement\/formations-et-dpc\/jmp-2021-ethique-et-prematurite-regards-croises\/\"]}]},{\"@type\":\"ImageObject\",\"inLanguage\":\"en-US\",\"@id\":\"https:\/\/fhu-premimpact.org\/en\/enseignement\/formations-et-dpc\/jmp-2021-ethique-et-prematurite-regards-croises\/#primaryimage\",\"url\":\"https:\/\/fhu-premimpact.org\/wp-content\/uploads\/2021\/07\/prema-phototherapie.png\",\"contentUrl\":\"https:\/\/fhu-premimpact.org\/wp-content\/uploads\/2021\/07\/prema-phototherapie.png\",\"width\":2000,\"height\":1333},{\"@type\":\"BreadcrumbList\",\"@id\":\"https:\/\/fhu-premimpact.org\/en\/enseignement\/formations-et-dpc\/jmp-2021-ethique-et-prematurite-regards-croises\/#breadcrumb\",\"itemListElement\":[{\"@type\":\"ListItem\",\"position\":1,\"name\":\"Accueil\",\"item\":\"https:\/\/fhu-premimpact.org\/en\/\"},{\"@type\":\"ListItem\",\"position\":2,\"name\":\"Enseignement\",\"item\":\"https:\/\/fhu-premimpact.org\/en\/enseignement\/\"},{\"@type\":\"ListItem\",\"position\":3,\"name\":\"S\u00e9minaires et formations\",\"item\":\"https:\/\/fhu-premimpact.org\/en\/enseignement\/formations-et-dpc\/\"},{\"@type\":\"ListItem\",\"position\":4,\"name\":\"JMP 2022 &#8211; Optimiser l\u2019alimentation du nouveau-n\u00e9 pr\u00e9matur\u00e9\"}]},{\"@type\":\"WebSite\",\"@id\":\"https:\/\/fhu-premimpact.org\/en\/#website\",\"url\":\"https:\/\/fhu-premimpact.org\/en\/\",\"name\":\"FHU PREM'IMPACT\",\"description\":\"Perinatal inflammation and prematurity\",\"publisher\":{\"@id\":\"https:\/\/fhu-premimpact.org\/en\/#organization\"},\"potentialAction\":[{\"@type\":\"SearchAction\",\"target\":{\"@type\":\"EntryPoint\",\"urlTemplate\":\"https:\/\/fhu-premimpact.org\/en\/?s={search_term_string}\"},\"query-input\":{\"@type\":\"PropertyValueSpecification\",\"valueRequired\":true,\"valueName\":\"search_term_string\"}}],\"inLanguage\":\"en-US\"},{\"@type\":\"Organization\",\"@id\":\"https:\/\/fhu-premimpact.org\/en\/#organization\",\"name\":\"FHU PREM'IMPACT\",\"url\":\"https:\/\/fhu-premimpact.org\/en\/\",\"logo\":{\"@type\":\"ImageObject\",\"inLanguage\":\"en-US\",\"@id\":\"https:\/\/fhu-premimpact.org\/en\/#\/schema\/logo\/image\/\",\"url\":\"https:\/\/fhu-premimpact.org\/wp-content\/uploads\/2025\/03\/logo-grand-centre-fhupremimpact.jpg\",\"contentUrl\":\"https:\/\/fhu-premimpact.org\/wp-content\/uploads\/2025\/03\/logo-grand-centre-fhupremimpact.jpg\",\"width\":1280,\"height\":720,\"caption\":\"FHU PREM'IMPACT\"},\"image\":{\"@id\":\"https:\/\/fhu-premimpact.org\/en\/#\/schema\/logo\/image\/\"},\"sameAs\":[\"https:\/\/www.instagram.com\/fhupremimpact\/\",\"https:\/\/www.linkedin.com\/in\/fhu-prem-impact-ap-hp-inserm-universit-paris-cit-70b911253\/\"]}]}<\/script>\n<!-- \/ Yoast SEO plugin. -->","yoast_head_json":{"title":"JMP 2022 - Optimiser l\u2019alimentation du nouveau-n\u00e9 pr\u00e9matur\u00e9 - FHU Prem&#039;IMPACT","robots":{"index":"index","follow":"follow","max-snippet":"max-snippet:-1","max-image-preview":"max-image-preview:large","max-video-preview":"max-video-preview:-1"},"canonical":"https:\/\/fhu-premimpact.org\/en\/enseignement\/formations-et-dpc\/jmp-2021-ethique-et-prematurite-regards-croises\/","og_locale":"en_US","og_type":"article","og_title":"JMP 2022 - Optimiser l\u2019alimentation du nouveau-n\u00e9 pr\u00e9matur\u00e9 - FHU Prem&#039;IMPACT","og_description":"\u00c0 l\u2019occasion de la Journ\u00e9e mondiale de la pr\u00e9maturit\u00e9, la FHU PREMA organise une journ\u00e9e consacr\u00e9e \u00e0 la nutrition du nouveau-n\u00e9 pr\u00e9matur\u00e9. Un apr\u00e8s-midi pour faire le point sur les enjeux de l\u2019alimentation au cours de la prise en charge du nouveau-n\u00e9 tr\u00e8s ou mod\u00e9r\u00e9ment pr\u00e9matur\u00e9&nbsp;: de la nutrition parent\u00e9rale \u00e0 la nutrition ent\u00e9rale, les [&hellip;]","og_url":"https:\/\/fhu-premimpact.org\/en\/enseignement\/formations-et-dpc\/jmp-2021-ethique-et-prematurite-regards-croises\/","og_site_name":"FHU Prem&#039;IMPACT","article_modified_time":"2026-04-13T13:32:06+00:00","og_image":[{"width":1024,"height":682,"url":"https:\/\/fhu-premimpact.org\/wp-content\/uploads\/2021\/07\/prema-phototherapie-1024x682.png","type":"image\/png"}],"twitter_card":"summary_large_image","twitter_misc":{"Est. reading time":"2 minutes"},"schema":{"@context":"https:\/\/schema.org","@graph":[{"@type":"WebPage","@id":"https:\/\/fhu-premimpact.org\/en\/enseignement\/formations-et-dpc\/jmp-2021-ethique-et-prematurite-regards-croises\/","url":"https:\/\/fhu-premimpact.org\/en\/enseignement\/formations-et-dpc\/jmp-2021-ethique-et-prematurite-regards-croises\/","name":"JMP 2022 - Optimiser l\u2019alimentation du nouveau-n\u00e9 pr\u00e9matur\u00e9 - FHU Prem&#039;IMPACT","isPartOf":{"@id":"https:\/\/fhu-premimpact.org\/en\/#website"},"primaryImageOfPage":{"@id":"https:\/\/fhu-premimpact.org\/en\/enseignement\/formations-et-dpc\/jmp-2021-ethique-et-prematurite-regards-croises\/#primaryimage"},"image":{"@id":"https:\/\/fhu-premimpact.org\/en\/enseignement\/formations-et-dpc\/jmp-2021-ethique-et-prematurite-regards-croises\/#primaryimage"},"thumbnailUrl":"https:\/\/fhu-premimpact.org\/wp-content\/uploads\/2021\/07\/prema-phototherapie.png","datePublished":"2022-09-20T12:06:00+00:00","dateModified":"2026-04-13T13:32:06+00:00","breadcrumb":{"@id":"https:\/\/fhu-premimpact.org\/en\/enseignement\/formations-et-dpc\/jmp-2021-ethique-et-prematurite-regards-croises\/#breadcrumb"},"inLanguage":"en-US","potentialAction":[{"@type":"ReadAction","target":["https:\/\/fhu-premimpact.org\/en\/enseignement\/formations-et-dpc\/jmp-2021-ethique-et-prematurite-regards-croises\/"]}]},{"@type":"ImageObject","inLanguage":"en-US","@id":"https:\/\/fhu-premimpact.org\/en\/enseignement\/formations-et-dpc\/jmp-2021-ethique-et-prematurite-regards-croises\/#primaryimage","url":"https:\/\/fhu-premimpact.org\/wp-content\/uploads\/2021\/07\/prema-phototherapie.png","contentUrl":"https:\/\/fhu-premimpact.org\/wp-content\/uploads\/2021\/07\/prema-phototherapie.png","width":2000,"height":1333},{"@type":"BreadcrumbList","@id":"https:\/\/fhu-premimpact.org\/en\/enseignement\/formations-et-dpc\/jmp-2021-ethique-et-prematurite-regards-croises\/#breadcrumb","itemListElement":[{"@type":"ListItem","position":1,"name":"Accueil","item":"https:\/\/fhu-premimpact.org\/en\/"},{"@type":"ListItem","position":2,"name":"Enseignement","item":"https:\/\/fhu-premimpact.org\/en\/enseignement\/"},{"@type":"ListItem","position":3,"name":"S\u00e9minaires et formations","item":"https:\/\/fhu-premimpact.org\/en\/enseignement\/formations-et-dpc\/"},{"@type":"ListItem","position":4,"name":"JMP 2022 &#8211; Optimiser l\u2019alimentation du nouveau-n\u00e9 pr\u00e9matur\u00e9"}]},{"@type":"WebSite","@id":"https:\/\/fhu-premimpact.org\/en\/#website","url":"https:\/\/fhu-premimpact.org\/en\/","name":"FHU PREM'IMPACT","description":"Perinatal inflammation and prematurity","publisher":{"@id":"https:\/\/fhu-premimpact.org\/en\/#organization"},"potentialAction":[{"@type":"SearchAction","target":{"@type":"EntryPoint","urlTemplate":"https:\/\/fhu-premimpact.org\/en\/?s={search_term_string}"},"query-input":{"@type":"PropertyValueSpecification","valueRequired":true,"valueName":"search_term_string"}}],"inLanguage":"en-US"},{"@type":"Organization","@id":"https:\/\/fhu-premimpact.org\/en\/#organization","name":"FHU PREM'IMPACT","url":"https:\/\/fhu-premimpact.org\/en\/","logo":{"@type":"ImageObject","inLanguage":"en-US","@id":"https:\/\/fhu-premimpact.org\/en\/#\/schema\/logo\/image\/","url":"https:\/\/fhu-premimpact.org\/wp-content\/uploads\/2025\/03\/logo-grand-centre-fhupremimpact.jpg","contentUrl":"https:\/\/fhu-premimpact.org\/wp-content\/uploads\/2025\/03\/logo-grand-centre-fhupremimpact.jpg","width":1280,"height":720,"caption":"FHU PREM'IMPACT"},"image":{"@id":"https:\/\/fhu-premimpact.org\/en\/#\/schema\/logo\/image\/"},"sameAs":["https:\/\/www.instagram.com\/fhupremimpact\/","https:\/\/www.linkedin.com\/in\/fhu-prem-impact-ap-hp-inserm-universit-paris-cit-70b911253\/"]}]}},"uagb_featured_image_src":{"full":["https:\/\/fhu-premimpact.org\/wp-content\/uploads\/2021\/07\/prema-phototherapie.png",2000,1333,false],"thumbnail":["https:\/\/fhu-premimpact.org\/wp-content\/uploads\/2021\/07\/prema-phototherapie-150x150.png",150,150,true],"medium":["https:\/\/fhu-premimpact.org\/wp-content\/uploads\/2021\/07\/prema-phototherapie-300x200.png",300,200,true],"medium_large":["https:\/\/fhu-premimpact.org\/wp-content\/uploads\/2021\/07\/prema-phototherapie-768x512.png",580,387,true],"large":["https:\/\/fhu-premimpact.org\/wp-content\/uploads\/2021\/07\/prema-phototherapie-1024x682.png",580,386,true],"1536x1536":["https:\/\/fhu-premimpact.org\/wp-content\/uploads\/2021\/07\/prema-phototherapie-1536x1024.png",1536,1024,true],"2048x2048":["https:\/\/fhu-premimpact.org\/wp-content\/uploads\/2021\/07\/prema-phototherapie.png",2000,1333,false],"post-thumbnail":["https:\/\/fhu-premimpact.org\/wp-content\/uploads\/2021\/07\/prema-phototherapie-1200x800.png",1200,800,true],"twentytwenty-fullscreen":["https:\/\/fhu-premimpact.org\/wp-content\/uploads\/2021\/07\/prema-phototherapie-1980x1320.png",1980,1320,true]},"uagb_author_info":{"display_name":"Laurence Lecomte","author_link":"https:\/\/fhu-premimpact.org\/en\/author\/laurence-lecomte\/"},"uagb_comment_info":0,"uagb_excerpt":"\u00c0 l\u2019occasion de la Journ\u00e9e mondiale de la pr\u00e9maturit\u00e9, la FHU PREMA organise une journ\u00e9e consacr\u00e9e \u00e0 la nutrition du nouveau-n\u00e9 pr\u00e9matur\u00e9. Un apr\u00e8s-midi pour faire le point sur les enjeux de l\u2019alimentation au cours de la prise en charge du nouveau-n\u00e9 tr\u00e8s ou mod\u00e9r\u00e9ment pr\u00e9matur\u00e9&nbsp;: de la nutrition parent\u00e9rale \u00e0 la nutrition ent\u00e9rale, les&hellip;","_links":{"self":[{"href":"https:\/\/fhu-premimpact.org\/en\/wp-json\/wp\/v2\/pages\/4311","targetHints":{"allow":["GET"]}}],"collection":[{"href":"https:\/\/fhu-premimpact.org\/en\/wp-json\/wp\/v2\/pages"}],"about":[{"href":"https:\/\/fhu-premimpact.org\/en\/wp-json\/wp\/v2\/types\/page"}],"author":[{"embeddable":true,"href":"https:\/\/fhu-premimpact.org\/en\/wp-json\/wp\/v2\/users\/87"}],"replies":[{"embeddable":true,"href":"https:\/\/fhu-premimpact.org\/en\/wp-json\/wp\/v2\/comments?post=4311"}],"version-history":[{"count":13,"href":"https:\/\/fhu-premimpact.org\/en\/wp-json\/wp\/v2\/pages\/4311\/revisions"}],"predecessor-version":[{"id":8754,"href":"https:\/\/fhu-premimpact.org\/en\/wp-json\/wp\/v2\/pages\/4311\/revisions\/8754"}],"up":[{"embeddable":true,"href":"https:\/\/fhu-premimpact.org\/en\/wp-json\/wp\/v2\/pages\/257"}],"wp:featuredmedia":[{"embeddable":true,"href":"https:\/\/fhu-premimpact.org\/en\/wp-json\/wp\/v2\/media\/3985"}],"wp:attachment":[{"href":"https:\/\/fhu-premimpact.org\/en\/wp-json\/wp\/v2\/media?parent=4311"}],"curies":[{"name":"wp","href":"https:\/\/api.w.org\/{rel}","templated":true}]}}