{"id":3067,"date":"2021-01-05T17:33:44","date_gmt":"2021-01-05T16:33:44","guid":{"rendered":"https:\/\/fhu-premimpact.org\/?page_id=3067"},"modified":"2023-02-16T18:56:32","modified_gmt":"2023-02-16T17:56:32","slug":"cours-2021-du-du-precarite-sante-maternelle-sante-perinatale","status":"publish","type":"page","link":"https:\/\/fhu-premimpact.org\/en\/enseignement\/du-diu\/diplome-universitaire-precarite-sante-maternelle-sante-perinatale\/cours-2021-du-du-precarite-sante-maternelle-sante-perinatale\/","title":{"rendered":"Cours 2021 du DU Pr\u00e9carit\u00e9, Sant\u00e9 maternelle, Sant\u00e9 p\u00e9rinatale"},"content":{"rendered":"","protected":true},"excerpt":{"rendered":"","protected":true},"author":87,"featured_media":0,"parent":1783,"menu_order":1,"comment_status":"closed","ping_status":"closed","template":"","meta":{"_editorskit_title_hidden":false,"_editorskit_reading_time":3,"_editorskit_is_block_options_detached":false,"_editorskit_block_options_position":"{}","_uag_custom_page_level_css":"","footnotes":""},"class_list":["post-3067","page","type-page","status-publish","post-password-required","hentry"],"yoast_head":"<!-- This site is optimized with the Yoast SEO plugin v27.2 - https:\/\/yoast.com\/product\/yoast-seo-wordpress\/ -->\n<title>Cours 2021 du DU Pr\u00e9carit\u00e9, Sant\u00e9 maternelle, Sant\u00e9 p\u00e9rinatale - FHU Prem&#039;IMPACT<\/title>\n<meta name=\"robots\" content=\"index, follow, max-snippet:-1, max-image-preview:large, max-video-preview:-1\" \/>\n<link rel=\"canonical\" href=\"https:\/\/fhu-premimpact.org\/en\/enseignement\/du-diu\/diplome-universitaire-precarite-sante-maternelle-sante-perinatale\/cours-2021-du-du-precarite-sante-maternelle-sante-perinatale\/\" \/>\n<meta property=\"og:locale\" content=\"en_US\" \/>\n<meta property=\"og:type\" content=\"article\" \/>\n<meta property=\"og:title\" content=\"Cours 2021 du DU Pr\u00e9carit\u00e9, Sant\u00e9 maternelle, Sant\u00e9 p\u00e9rinatale - FHU Prem&#039;IMPACT\" \/>\n<meta property=\"og:description\" content=\"There is no excerpt because this is a protected post.\" \/>\n<meta property=\"og:url\" content=\"https:\/\/fhu-premimpact.org\/en\/enseignement\/du-diu\/diplome-universitaire-precarite-sante-maternelle-sante-perinatale\/cours-2021-du-du-precarite-sante-maternelle-sante-perinatale\/\" \/>\n<meta property=\"og:site_name\" content=\"FHU Prem&#039;IMPACT\" \/>\n<meta property=\"article:modified_time\" content=\"2023-02-16T17:56:32+00:00\" \/>\n<meta name=\"twitter:card\" content=\"summary_large_image\" \/>\n<meta name=\"twitter:label1\" content=\"Est. reading time\" \/>\n\t<meta name=\"twitter:data1\" content=\"17 minutes\" \/>\n<script type=\"application\/ld+json\" class=\"yoast-schema-graph\">{\"@context\":\"https:\/\/schema.org\",\"@graph\":[{\"@type\":\"WebPage\",\"@id\":\"https:\/\/fhu-premimpact.org\/en\/enseignement\/du-diu\/diplome-universitaire-precarite-sante-maternelle-sante-perinatale\/cours-2021-du-du-precarite-sante-maternelle-sante-perinatale\/\",\"url\":\"https:\/\/fhu-premimpact.org\/en\/enseignement\/du-diu\/diplome-universitaire-precarite-sante-maternelle-sante-perinatale\/cours-2021-du-du-precarite-sante-maternelle-sante-perinatale\/\",\"name\":\"Cours 2021 du DU Pr\u00e9carit\u00e9, Sant\u00e9 maternelle, Sant\u00e9 p\u00e9rinatale - FHU Prem&#039;IMPACT\",\"isPartOf\":{\"@id\":\"https:\/\/fhu-premimpact.org\/en\/#website\"},\"datePublished\":\"2021-01-05T16:33:44+00:00\",\"dateModified\":\"2023-02-16T17:56:32+00:00\",\"breadcrumb\":{\"@id\":\"https:\/\/fhu-premimpact.org\/en\/enseignement\/du-diu\/diplome-universitaire-precarite-sante-maternelle-sante-perinatale\/cours-2021-du-du-precarite-sante-maternelle-sante-perinatale\/#breadcrumb\"},\"inLanguage\":\"en-US\"},{\"@type\":\"WebSite\",\"@id\":\"https:\/\/fhu-premimpact.org\/en\/#website\",\"url\":\"https:\/\/fhu-premimpact.org\/en\/\",\"name\":\"FHU PREM'IMPACT\",\"description\":\"Perinatal inflammation and prematurity\",\"publisher\":{\"@id\":\"https:\/\/fhu-premimpact.org\/en\/#organization\"},\"potentialAction\":[{\"@type\":\"SearchAction\",\"target\":{\"@type\":\"EntryPoint\",\"urlTemplate\":\"https:\/\/fhu-premimpact.org\/en\/?s={search_term_string}\"},\"query-input\":{\"@type\":\"PropertyValueSpecification\",\"valueRequired\":true,\"valueName\":\"search_term_string\"}}],\"inLanguage\":\"en-US\"},{\"@type\":\"Organization\",\"@id\":\"https:\/\/fhu-premimpact.org\/en\/#organization\",\"name\":\"FHU PREM'IMPACT\",\"url\":\"https:\/\/fhu-premimpact.org\/en\/\",\"logo\":{\"@type\":\"ImageObject\",\"inLanguage\":\"en-US\",\"@id\":\"https:\/\/fhu-premimpact.org\/en\/#\/schema\/logo\/image\/\",\"url\":\"https:\/\/fhu-premimpact.org\/wp-content\/uploads\/2025\/03\/logo-grand-centre-fhupremimpact.jpg\",\"contentUrl\":\"https:\/\/fhu-premimpact.org\/wp-content\/uploads\/2025\/03\/logo-grand-centre-fhupremimpact.jpg\",\"width\":1280,\"height\":720,\"caption\":\"FHU PREM'IMPACT\"},\"image\":{\"@id\":\"https:\/\/fhu-premimpact.org\/en\/#\/schema\/logo\/image\/\"},\"sameAs\":[\"https:\/\/www.instagram.com\/fhupremimpact\/\",\"https:\/\/www.linkedin.com\/in\/fhu-prem-impact-ap-hp-inserm-universit-paris-cit-70b911253\/\"]}]}<\/script>\n<!-- \/ Yoast SEO plugin. -->","yoast_head_json":{"title":"Cours 2021 du DU Pr\u00e9carit\u00e9, Sant\u00e9 maternelle, Sant\u00e9 p\u00e9rinatale - FHU Prem&#039;IMPACT","robots":{"index":"index","follow":"follow","max-snippet":"max-snippet:-1","max-image-preview":"max-image-preview:large","max-video-preview":"max-video-preview:-1"},"canonical":"https:\/\/fhu-premimpact.org\/en\/enseignement\/du-diu\/diplome-universitaire-precarite-sante-maternelle-sante-perinatale\/cours-2021-du-du-precarite-sante-maternelle-sante-perinatale\/","og_locale":"en_US","og_type":"article","og_title":"Cours 2021 du DU Pr\u00e9carit\u00e9, Sant\u00e9 maternelle, Sant\u00e9 p\u00e9rinatale - FHU Prem&#039;IMPACT","og_description":"There is no excerpt because this is a protected post.","og_url":"https:\/\/fhu-premimpact.org\/en\/enseignement\/du-diu\/diplome-universitaire-precarite-sante-maternelle-sante-perinatale\/cours-2021-du-du-precarite-sante-maternelle-sante-perinatale\/","og_site_name":"FHU Prem&#039;IMPACT","article_modified_time":"2023-02-16T17:56:32+00:00","twitter_card":"summary_large_image","twitter_misc":{"Est. reading time":"17 minutes"},"schema":{"@context":"https:\/\/schema.org","@graph":[{"@type":"WebPage","@id":"https:\/\/fhu-premimpact.org\/en\/enseignement\/du-diu\/diplome-universitaire-precarite-sante-maternelle-sante-perinatale\/cours-2021-du-du-precarite-sante-maternelle-sante-perinatale\/","url":"https:\/\/fhu-premimpact.org\/en\/enseignement\/du-diu\/diplome-universitaire-precarite-sante-maternelle-sante-perinatale\/cours-2021-du-du-precarite-sante-maternelle-sante-perinatale\/","name":"Cours 2021 du DU Pr\u00e9carit\u00e9, Sant\u00e9 maternelle, Sant\u00e9 p\u00e9rinatale - FHU Prem&#039;IMPACT","isPartOf":{"@id":"https:\/\/fhu-premimpact.org\/en\/#website"},"datePublished":"2021-01-05T16:33:44+00:00","dateModified":"2023-02-16T17:56:32+00:00","breadcrumb":{"@id":"https:\/\/fhu-premimpact.org\/en\/enseignement\/du-diu\/diplome-universitaire-precarite-sante-maternelle-sante-perinatale\/cours-2021-du-du-precarite-sante-maternelle-sante-perinatale\/#breadcrumb"},"inLanguage":"en-US"},{"@type":"WebSite","@id":"https:\/\/fhu-premimpact.org\/en\/#website","url":"https:\/\/fhu-premimpact.org\/en\/","name":"FHU PREM'IMPACT","description":"Perinatal inflammation and prematurity","publisher":{"@id":"https:\/\/fhu-premimpact.org\/en\/#organization"},"potentialAction":[{"@type":"SearchAction","target":{"@type":"EntryPoint","urlTemplate":"https:\/\/fhu-premimpact.org\/en\/?s={search_term_string}"},"query-input":{"@type":"PropertyValueSpecification","valueRequired":true,"valueName":"search_term_string"}}],"inLanguage":"en-US"},{"@type":"Organization","@id":"https:\/\/fhu-premimpact.org\/en\/#organization","name":"FHU PREM'IMPACT","url":"https:\/\/fhu-premimpact.org\/en\/","logo":{"@type":"ImageObject","inLanguage":"en-US","@id":"https:\/\/fhu-premimpact.org\/en\/#\/schema\/logo\/image\/","url":"https:\/\/fhu-premimpact.org\/wp-content\/uploads\/2025\/03\/logo-grand-centre-fhupremimpact.jpg","contentUrl":"https:\/\/fhu-premimpact.org\/wp-content\/uploads\/2025\/03\/logo-grand-centre-fhupremimpact.jpg","width":1280,"height":720,"caption":"FHU PREM'IMPACT"},"image":{"@id":"https:\/\/fhu-premimpact.org\/en\/#\/schema\/logo\/image\/"},"sameAs":["https:\/\/www.instagram.com\/fhupremimpact\/","https:\/\/www.linkedin.com\/in\/fhu-prem-impact-ap-hp-inserm-universit-paris-cit-70b911253\/"]}]}},"uagb_featured_image_src":{"full":false,"thumbnail":false,"medium":false,"medium_large":false,"large":false,"1536x1536":false,"2048x2048":false,"post-thumbnail":false,"twentytwenty-fullscreen":false},"uagb_author_info":{"display_name":"Laurence Lecomte","author_link":"https:\/\/fhu-premimpact.org\/en\/author\/laurence-lecomte\/"},"uagb_comment_info":0,"uagb_excerpt":"There is no excerpt because this is a protected post.","_links":{"self":[{"href":"https:\/\/fhu-premimpact.org\/en\/wp-json\/wp\/v2\/pages\/3067","targetHints":{"allow":["GET"]}}],"collection":[{"href":"https:\/\/fhu-premimpact.org\/en\/wp-json\/wp\/v2\/pages"}],"about":[{"href":"https:\/\/fhu-premimpact.org\/en\/wp-json\/wp\/v2\/types\/page"}],"author":[{"embeddable":true,"href":"https:\/\/fhu-premimpact.org\/en\/wp-json\/wp\/v2\/users\/87"}],"replies":[{"embeddable":true,"href":"https:\/\/fhu-premimpact.org\/en\/wp-json\/wp\/v2\/comments?post=3067"}],"version-history":[{"count":144,"href":"https:\/\/fhu-premimpact.org\/en\/wp-json\/wp\/v2\/pages\/3067\/revisions"}],"predecessor-version":[{"id":6581,"href":"https:\/\/fhu-premimpact.org\/en\/wp-json\/wp\/v2\/pages\/3067\/revisions\/6581"}],"up":[{"embeddable":true,"href":"https:\/\/fhu-premimpact.org\/en\/wp-json\/wp\/v2\/pages\/1783"}],"wp:attachment":[{"href":"https:\/\/fhu-premimpact.org\/en\/wp-json\/wp\/v2\/media?parent=3067"}],"curies":[{"name":"wp","href":"https:\/\/api.w.org\/{rel}","templated":true}]}}