{"id":1731,"date":"2020-06-05T18:03:34","date_gmt":"2020-06-05T16:03:34","guid":{"rendered":"https:\/\/fhu-premimpact.org\/?page_id=1731"},"modified":"2026-03-19T17:14:48","modified_gmt":"2026-03-19T16:14:48","slug":"journees-nationales-de-neonatalogie","status":"publish","type":"page","link":"https:\/\/fhu-premimpact.org\/en\/enseignement\/congres\/journees-nationales-de-neonatalogie\/","title":{"rendered":"2021-Journ\u00e9es nationales de N\u00e9onatalogie"},"content":{"rendered":"\n<h3 class=\"has-text-align-center wp-block-heading\"><span style=\"color:#e5070e\" class=\"has-inline-color\">Report\u00e9 aux 25 et 26 Mars 2021 \u00e0 PARIS<\/span><\/h3>\n\n\n\n<h2 class=\"has-text-align-center wp-block-heading\">50\u00e8me anniversaire<\/h2>\n\n\n\n<div class=\"wp-block-media-text alignwide is-stacked-on-mobile\" style=\"grid-template-columns:46% auto\"><figure class=\"wp-block-media-text__media\"><img loading=\"lazy\" decoding=\"async\" width=\"368\" height=\"158\" src=\"https:\/\/fhu-premimpact.org\/wp-content\/uploads\/2020\/06\/JNN-2020.png\" alt=\"\" class=\"wp-image-1732 size-full\" srcset=\"https:\/\/fhu-premimpact.org\/wp-content\/uploads\/2020\/06\/JNN-2020.png 368w, https:\/\/fhu-premimpact.org\/wp-content\/uploads\/2020\/06\/JNN-2020-300x129.png 300w\" sizes=\"auto, (max-width: 368px) 100vw, 368px\" \/><\/figure><div class=\"wp-block-media-text__content\">\n<p class=\"has-large-font-size\"><strong>Coordonnateur Scientifique<\/strong> : Pr Pierre-Henri JARREAU<\/p>\n\n\n\n<p>Lundi 28 et mardi 29 SEPTEMBRE 2020<\/p>\n<\/div><\/div>\n\n\n\n<p>Institut Pasteur<br>28, rue du Dr Roux<br>75 015 PARIS<\/p>\n\n\n\n<h2 class=\"wp-block-heading\"><a href=\"https:\/\/fhu-premimpact.org\/wp-content\/uploads\/2020\/06\/Programme_C229_JNN_2020.pdf\" target=\"_blank\" aria-label=\"Le  (opens in a new tab)\" rel=\"noreferrer noopener\" class=\"ek-link\">Le <\/a><a href=\"https:\/\/fhu-premimpact.org\/wp-content\/uploads\/2020\/06\/Programme_C229_JNN_2020.pdf\" target=\"_blank\" aria-label=\"programme (opens in a new tab)\" rel=\"noreferrer noopener\" class=\"ek-link\">programme<\/a><\/h2>\n\n\n\n<h4 class=\"wp-block-heading\"><a href=\"https:\/\/www.infocongres.com\/inscription.php?congres_id=489\" target=\"_blank\" aria-label=\"S'inscrire en ligne (opens in a new tab)\" rel=\"noreferrer noopener\" class=\"ek-link\">S&#8217;inscrire en ligne<\/a><\/h4>\n\n\n\n<h4 class=\"wp-block-heading\"><a href=\"https:\/\/www.relations-medicales.com\/bulletin\/Bulletin_Event_2020\/Event_JNN\/C229_Bulletin_JNN_2020.pdf\" target=\"_blank\" aria-label=\"Le bulletin d'inscription (opens in a new tab)\" rel=\"noreferrer noopener\" class=\"ek-link\">Le bulletin d&#8217;inscription<\/a><\/h4>\n\n\n\n<p><\/p>\n","protected":false},"excerpt":{"rendered":"<p>Report\u00e9 aux 25 et 26 Mars 2021 \u00e0 PARIS 50\u00e8me anniversaire Coordonnateur Scientifique : Pr Pierre-Henri JARREAU Lundi 28 et mardi 29 SEPTEMBRE 2020 Institut Pasteur28, rue du Dr Roux75 015 PARIS Le programme S&#8217;inscrire en ligne Le bulletin d&#8217;inscription<\/p>\n","protected":false},"author":87,"featured_media":0,"parent":255,"menu_order":64,"comment_status":"closed","ping_status":"closed","template":"","meta":{"_editorskit_title_hidden":false,"_editorskit_reading_time":1,"_editorskit_is_block_options_detached":false,"_editorskit_block_options_position":"{}","_uag_custom_page_level_css":"","footnotes":""},"class_list":["post-1731","page","type-page","status-publish","hentry"],"yoast_head":"<!-- This site is optimized with the Yoast SEO plugin v27.2 - https:\/\/yoast.com\/product\/yoast-seo-wordpress\/ -->\n<title>2021-Journ\u00e9es nationales de N\u00e9onatalogie - FHU Prem&#039;IMPACT<\/title>\n<meta name=\"robots\" content=\"index, follow, max-snippet:-1, max-image-preview:large, max-video-preview:-1\" \/>\n<link rel=\"canonical\" href=\"https:\/\/fhu-premimpact.org\/en\/enseignement\/congres\/journees-nationales-de-neonatalogie\/\" \/>\n<meta property=\"og:locale\" content=\"en_US\" \/>\n<meta property=\"og:type\" content=\"article\" \/>\n<meta property=\"og:title\" content=\"2021-Journ\u00e9es nationales de N\u00e9onatalogie - FHU Prem&#039;IMPACT\" \/>\n<meta property=\"og:description\" content=\"Report\u00e9 aux 25 et 26 Mars 2021 \u00e0 PARIS 50\u00e8me anniversaire Coordonnateur Scientifique : Pr Pierre-Henri JARREAU Lundi 28 et mardi 29 SEPTEMBRE 2020 Institut Pasteur28, rue du Dr Roux75 015 PARIS Le programme S&#8217;inscrire en ligne Le bulletin d&#8217;inscription\" \/>\n<meta property=\"og:url\" content=\"https:\/\/fhu-premimpact.org\/en\/enseignement\/congres\/journees-nationales-de-neonatalogie\/\" \/>\n<meta property=\"og:site_name\" content=\"FHU Prem&#039;IMPACT\" \/>\n<meta property=\"article:modified_time\" content=\"2026-03-19T16:14:48+00:00\" \/>\n<meta property=\"og:image\" content=\"https:\/\/fhu-premimpact.org\/wp-content\/uploads\/2020\/06\/JNN-2020.png\" \/>\n\t<meta property=\"og:image:width\" content=\"368\" \/>\n\t<meta property=\"og:image:height\" content=\"158\" \/>\n\t<meta property=\"og:image:type\" content=\"image\/png\" \/>\n<meta name=\"twitter:card\" content=\"summary_large_image\" \/>\n<meta name=\"twitter:label1\" content=\"Est. reading time\" \/>\n\t<meta name=\"twitter:data1\" content=\"1 minute\" \/>\n<script type=\"application\/ld+json\" class=\"yoast-schema-graph\">{\"@context\":\"https:\/\/schema.org\",\"@graph\":[{\"@type\":\"WebPage\",\"@id\":\"https:\/\/fhu-premimpact.org\/en\/enseignement\/congres\/journees-nationales-de-neonatalogie\/\",\"url\":\"https:\/\/fhu-premimpact.org\/en\/enseignement\/congres\/journees-nationales-de-neonatalogie\/\",\"name\":\"2021-Journ\u00e9es nationales de N\u00e9onatalogie - FHU Prem&#039;IMPACT\",\"isPartOf\":{\"@id\":\"https:\/\/fhu-premimpact.org\/en\/#website\"},\"primaryImageOfPage\":{\"@id\":\"https:\/\/fhu-premimpact.org\/en\/enseignement\/congres\/journees-nationales-de-neonatalogie\/#primaryimage\"},\"image\":{\"@id\":\"https:\/\/fhu-premimpact.org\/en\/enseignement\/congres\/journees-nationales-de-neonatalogie\/#primaryimage\"},\"thumbnailUrl\":\"https:\/\/fhu-premimpact.org\/wp-content\/uploads\/2020\/06\/JNN-2020.png\",\"datePublished\":\"2020-06-05T16:03:34+00:00\",\"dateModified\":\"2026-03-19T16:14:48+00:00\",\"breadcrumb\":{\"@id\":\"https:\/\/fhu-premimpact.org\/en\/enseignement\/congres\/journees-nationales-de-neonatalogie\/#breadcrumb\"},\"inLanguage\":\"en-US\",\"potentialAction\":[{\"@type\":\"ReadAction\",\"target\":[\"https:\/\/fhu-premimpact.org\/en\/enseignement\/congres\/journees-nationales-de-neonatalogie\/\"]}]},{\"@type\":\"ImageObject\",\"inLanguage\":\"en-US\",\"@id\":\"https:\/\/fhu-premimpact.org\/en\/enseignement\/congres\/journees-nationales-de-neonatalogie\/#primaryimage\",\"url\":\"https:\/\/fhu-premimpact.org\/wp-content\/uploads\/2020\/06\/JNN-2020.png\",\"contentUrl\":\"https:\/\/fhu-premimpact.org\/wp-content\/uploads\/2020\/06\/JNN-2020.png\"},{\"@type\":\"BreadcrumbList\",\"@id\":\"https:\/\/fhu-premimpact.org\/en\/enseignement\/congres\/journees-nationales-de-neonatalogie\/#breadcrumb\",\"itemListElement\":[{\"@type\":\"ListItem\",\"position\":1,\"name\":\"Accueil\",\"item\":\"https:\/\/fhu-premimpact.org\/en\/\"},{\"@type\":\"ListItem\",\"position\":2,\"name\":\"Enseignement\",\"item\":\"https:\/\/fhu-premimpact.org\/en\/enseignement\/\"},{\"@type\":\"ListItem\",\"position\":3,\"name\":\"Congr\u00e8s\",\"item\":\"https:\/\/fhu-premimpact.org\/en\/enseignement\/congres\/\"},{\"@type\":\"ListItem\",\"position\":4,\"name\":\"2021-Journ\u00e9es nationales de N\u00e9onatalogie\"}]},{\"@type\":\"WebSite\",\"@id\":\"https:\/\/fhu-premimpact.org\/en\/#website\",\"url\":\"https:\/\/fhu-premimpact.org\/en\/\",\"name\":\"FHU PREM'IMPACT\",\"description\":\"Perinatal inflammation and prematurity\",\"publisher\":{\"@id\":\"https:\/\/fhu-premimpact.org\/en\/#organization\"},\"potentialAction\":[{\"@type\":\"SearchAction\",\"target\":{\"@type\":\"EntryPoint\",\"urlTemplate\":\"https:\/\/fhu-premimpact.org\/en\/?s={search_term_string}\"},\"query-input\":{\"@type\":\"PropertyValueSpecification\",\"valueRequired\":true,\"valueName\":\"search_term_string\"}}],\"inLanguage\":\"en-US\"},{\"@type\":\"Organization\",\"@id\":\"https:\/\/fhu-premimpact.org\/en\/#organization\",\"name\":\"FHU PREM'IMPACT\",\"url\":\"https:\/\/fhu-premimpact.org\/en\/\",\"logo\":{\"@type\":\"ImageObject\",\"inLanguage\":\"en-US\",\"@id\":\"https:\/\/fhu-premimpact.org\/en\/#\/schema\/logo\/image\/\",\"url\":\"https:\/\/fhu-premimpact.org\/wp-content\/uploads\/2025\/03\/logo-grand-centre-fhupremimpact.jpg\",\"contentUrl\":\"https:\/\/fhu-premimpact.org\/wp-content\/uploads\/2025\/03\/logo-grand-centre-fhupremimpact.jpg\",\"width\":1280,\"height\":720,\"caption\":\"FHU PREM'IMPACT\"},\"image\":{\"@id\":\"https:\/\/fhu-premimpact.org\/en\/#\/schema\/logo\/image\/\"},\"sameAs\":[\"https:\/\/www.instagram.com\/fhupremimpact\/\",\"https:\/\/www.linkedin.com\/in\/fhu-prem-impact-ap-hp-inserm-universit-paris-cit-70b911253\/\"]}]}<\/script>\n<!-- \/ Yoast SEO plugin. -->","yoast_head_json":{"title":"2021-Journ\u00e9es nationales de N\u00e9onatalogie - FHU Prem&#039;IMPACT","robots":{"index":"index","follow":"follow","max-snippet":"max-snippet:-1","max-image-preview":"max-image-preview:large","max-video-preview":"max-video-preview:-1"},"canonical":"https:\/\/fhu-premimpact.org\/en\/enseignement\/congres\/journees-nationales-de-neonatalogie\/","og_locale":"en_US","og_type":"article","og_title":"2021-Journ\u00e9es nationales de N\u00e9onatalogie - FHU Prem&#039;IMPACT","og_description":"Report\u00e9 aux 25 et 26 Mars 2021 \u00e0 PARIS 50\u00e8me anniversaire Coordonnateur Scientifique : Pr Pierre-Henri JARREAU Lundi 28 et mardi 29 SEPTEMBRE 2020 Institut Pasteur28, rue du Dr Roux75 015 PARIS Le programme S&#8217;inscrire en ligne Le bulletin d&#8217;inscription","og_url":"https:\/\/fhu-premimpact.org\/en\/enseignement\/congres\/journees-nationales-de-neonatalogie\/","og_site_name":"FHU Prem&#039;IMPACT","article_modified_time":"2026-03-19T16:14:48+00:00","og_image":[{"width":368,"height":158,"url":"https:\/\/fhu-premimpact.org\/wp-content\/uploads\/2020\/06\/JNN-2020.png","type":"image\/png"}],"twitter_card":"summary_large_image","twitter_misc":{"Est. reading time":"1 minute"},"schema":{"@context":"https:\/\/schema.org","@graph":[{"@type":"WebPage","@id":"https:\/\/fhu-premimpact.org\/en\/enseignement\/congres\/journees-nationales-de-neonatalogie\/","url":"https:\/\/fhu-premimpact.org\/en\/enseignement\/congres\/journees-nationales-de-neonatalogie\/","name":"2021-Journ\u00e9es nationales de N\u00e9onatalogie - FHU Prem&#039;IMPACT","isPartOf":{"@id":"https:\/\/fhu-premimpact.org\/en\/#website"},"primaryImageOfPage":{"@id":"https:\/\/fhu-premimpact.org\/en\/enseignement\/congres\/journees-nationales-de-neonatalogie\/#primaryimage"},"image":{"@id":"https:\/\/fhu-premimpact.org\/en\/enseignement\/congres\/journees-nationales-de-neonatalogie\/#primaryimage"},"thumbnailUrl":"https:\/\/fhu-premimpact.org\/wp-content\/uploads\/2020\/06\/JNN-2020.png","datePublished":"2020-06-05T16:03:34+00:00","dateModified":"2026-03-19T16:14:48+00:00","breadcrumb":{"@id":"https:\/\/fhu-premimpact.org\/en\/enseignement\/congres\/journees-nationales-de-neonatalogie\/#breadcrumb"},"inLanguage":"en-US","potentialAction":[{"@type":"ReadAction","target":["https:\/\/fhu-premimpact.org\/en\/enseignement\/congres\/journees-nationales-de-neonatalogie\/"]}]},{"@type":"ImageObject","inLanguage":"en-US","@id":"https:\/\/fhu-premimpact.org\/en\/enseignement\/congres\/journees-nationales-de-neonatalogie\/#primaryimage","url":"https:\/\/fhu-premimpact.org\/wp-content\/uploads\/2020\/06\/JNN-2020.png","contentUrl":"https:\/\/fhu-premimpact.org\/wp-content\/uploads\/2020\/06\/JNN-2020.png"},{"@type":"BreadcrumbList","@id":"https:\/\/fhu-premimpact.org\/en\/enseignement\/congres\/journees-nationales-de-neonatalogie\/#breadcrumb","itemListElement":[{"@type":"ListItem","position":1,"name":"Accueil","item":"https:\/\/fhu-premimpact.org\/en\/"},{"@type":"ListItem","position":2,"name":"Enseignement","item":"https:\/\/fhu-premimpact.org\/en\/enseignement\/"},{"@type":"ListItem","position":3,"name":"Congr\u00e8s","item":"https:\/\/fhu-premimpact.org\/en\/enseignement\/congres\/"},{"@type":"ListItem","position":4,"name":"2021-Journ\u00e9es nationales de N\u00e9onatalogie"}]},{"@type":"WebSite","@id":"https:\/\/fhu-premimpact.org\/en\/#website","url":"https:\/\/fhu-premimpact.org\/en\/","name":"FHU PREM'IMPACT","description":"Perinatal inflammation and prematurity","publisher":{"@id":"https:\/\/fhu-premimpact.org\/en\/#organization"},"potentialAction":[{"@type":"SearchAction","target":{"@type":"EntryPoint","urlTemplate":"https:\/\/fhu-premimpact.org\/en\/?s={search_term_string}"},"query-input":{"@type":"PropertyValueSpecification","valueRequired":true,"valueName":"search_term_string"}}],"inLanguage":"en-US"},{"@type":"Organization","@id":"https:\/\/fhu-premimpact.org\/en\/#organization","name":"FHU PREM'IMPACT","url":"https:\/\/fhu-premimpact.org\/en\/","logo":{"@type":"ImageObject","inLanguage":"en-US","@id":"https:\/\/fhu-premimpact.org\/en\/#\/schema\/logo\/image\/","url":"https:\/\/fhu-premimpact.org\/wp-content\/uploads\/2025\/03\/logo-grand-centre-fhupremimpact.jpg","contentUrl":"https:\/\/fhu-premimpact.org\/wp-content\/uploads\/2025\/03\/logo-grand-centre-fhupremimpact.jpg","width":1280,"height":720,"caption":"FHU PREM'IMPACT"},"image":{"@id":"https:\/\/fhu-premimpact.org\/en\/#\/schema\/logo\/image\/"},"sameAs":["https:\/\/www.instagram.com\/fhupremimpact\/","https:\/\/www.linkedin.com\/in\/fhu-prem-impact-ap-hp-inserm-universit-paris-cit-70b911253\/"]}]}},"uagb_featured_image_src":{"full":false,"thumbnail":false,"medium":false,"medium_large":false,"large":false,"1536x1536":false,"2048x2048":false,"post-thumbnail":false,"twentytwenty-fullscreen":false},"uagb_author_info":{"display_name":"Laurence Lecomte","author_link":"https:\/\/fhu-premimpact.org\/en\/author\/laurence-lecomte\/"},"uagb_comment_info":0,"uagb_excerpt":"Report\u00e9 aux 25 et 26 Mars 2021 \u00e0 PARIS 50\u00e8me anniversaire Coordonnateur Scientifique : Pr Pierre-Henri JARREAU Lundi 28 et mardi 29 SEPTEMBRE 2020 Institut Pasteur28, rue du Dr Roux75 015 PARIS Le programme S&#8217;inscrire en ligne Le bulletin d&#8217;inscription","_links":{"self":[{"href":"https:\/\/fhu-premimpact.org\/en\/wp-json\/wp\/v2\/pages\/1731","targetHints":{"allow":["GET"]}}],"collection":[{"href":"https:\/\/fhu-premimpact.org\/en\/wp-json\/wp\/v2\/pages"}],"about":[{"href":"https:\/\/fhu-premimpact.org\/en\/wp-json\/wp\/v2\/types\/page"}],"author":[{"embeddable":true,"href":"https:\/\/fhu-premimpact.org\/en\/wp-json\/wp\/v2\/users\/87"}],"replies":[{"embeddable":true,"href":"https:\/\/fhu-premimpact.org\/en\/wp-json\/wp\/v2\/comments?post=1731"}],"version-history":[{"count":5,"href":"https:\/\/fhu-premimpact.org\/en\/wp-json\/wp\/v2\/pages\/1731\/revisions"}],"predecessor-version":[{"id":4713,"href":"https:\/\/fhu-premimpact.org\/en\/wp-json\/wp\/v2\/pages\/1731\/revisions\/4713"}],"up":[{"embeddable":true,"href":"https:\/\/fhu-premimpact.org\/en\/wp-json\/wp\/v2\/pages\/255"}],"wp:attachment":[{"href":"https:\/\/fhu-premimpact.org\/en\/wp-json\/wp\/v2\/media?parent=1731"}],"curies":[{"name":"wp","href":"https:\/\/api.w.org\/{rel}","templated":true}]}}