{"id":1726,"date":"2020-06-06T15:57:37","date_gmt":"2020-06-06T13:57:37","guid":{"rendered":"https:\/\/fhu-premimpact.org\/?page_id=1726"},"modified":"2026-04-23T15:50:09","modified_gmt":"2026-04-23T13:50:09","slug":"les-rencontres-de-port-royal-2020","status":"publish","type":"page","link":"https:\/\/fhu-premimpact.org\/en\/enseignement\/formations-et-dpc\/les-rencontres-de-port-royal-2020\/","title":{"rendered":"2021 &#8211; Les Rencontres de Port-Royal"},"content":{"rendered":"\n<p><\/p>\n\n\n\n<p class=\"has-text-align-center\">Le&nbsp;Pr <strong>Fran\u00e7ois GOFFINET<\/strong> et le Comit\u00e9 scientifique<br>sous la Pr\u00e9sidence du Pr <strong>Lo\u00efc SENTILHES<\/strong>&nbsp;<br>ont le plaisir de vous annoncer les prochaines &nbsp;<strong>Rencontres de Port-Royal<\/strong><\/p>\n\n\n\n<h2 class=\"has-text-align-center wp-block-heading\"> &#8220;Choisir la voie d&#8217;accouchement&#8221; <\/h2>\n\n\n\n<h3 class=\"has-text-align-center wp-block-heading\"><span style=\"color:#ef030f\" class=\"has-inline-color\">Samedi 20 novembre 2021<\/span><\/h3>\n\n\n\n<p class=\"has-text-align-center\">En partenariat avec la FHU PREMA<br> et le Service de Gyn\u00e9cologie Obst\u00e9trique du CHU de Bordeaux (H\u00f4pital Raymond Pellegrin)<\/p>\n\n\n\n<h2 class=\"wp-block-heading\"><a href=\"https:\/\/fhu-premimpact.org\/wp-content\/uploads\/2020\/06\/C237_Programme_Port-Royal_2020.pdf\" target=\"_blank\" aria-label=\"Le programme (opens in a new tab)\" rel=\"noreferrer noopener\" class=\"ek-link\">Le programme<\/a><\/h2>\n\n\n\n<h4 class=\"wp-block-heading\"><a aria-label=\"S'inscrire en ligne (opens in a new tab)\" rel=\"noreferrer noopener\" href=\"https:\/\/www.infocongres.com\/inscription.php?congres_id=499\" target=\"_blank\" class=\"ek-link\">S&#8217;inscrire en ligne<\/a> sur le site de Relations M\u00e9dicales<\/h4>\n\n\n\n<h4 class=\"wp-block-heading\"><a href=\"https:\/\/www.relations-medicales.com\/bulletin\/Bulletin_Event_2020\/Event_237_Port-Royal\/Bulletin_C237_Port_Royal_2020.pdf\" target=\"_blank\" aria-label=\"Bulletin d'inscription (opens in a new tab)\" rel=\"noreferrer noopener\" class=\"ek-link\">Bulletin d&#8217;inscription<\/a><\/h4>\n\n\n\n<p><strong>Samedi 21 novembre&nbsp;2020<br><\/strong>Amphith\u00e9\u00e2tre de la Facult\u00e9 de M\u00e9decine Paris Descartes,<br>site Cochin Port-Royal<br>24, rue du Faubourg Saint-Jacques \u2013 75014 Paris<\/p>\n","protected":false},"excerpt":{"rendered":"<p>Le&nbsp;Pr Fran\u00e7ois GOFFINET et le Comit\u00e9 scientifiquesous la Pr\u00e9sidence du Pr Lo\u00efc SENTILHES&nbsp;ont le plaisir de vous annoncer les prochaines &nbsp;Rencontres de Port-Royal &#8220;Choisir la voie d&#8217;accouchement&#8221; Samedi 20 novembre 2021 En partenariat avec la FHU PREMA et le Service de Gyn\u00e9cologie Obst\u00e9trique du CHU de Bordeaux (H\u00f4pital Raymond Pellegrin) Le programme S&#8217;inscrire en ligne [&hellip;]<\/p>\n","protected":false},"author":87,"featured_media":0,"parent":257,"menu_order":52,"comment_status":"closed","ping_status":"closed","template":"","meta":{"_editorskit_title_hidden":false,"_editorskit_reading_time":1,"_editorskit_is_block_options_detached":false,"_editorskit_block_options_position":"{}","_uag_custom_page_level_css":"","footnotes":""},"class_list":["post-1726","page","type-page","status-publish","hentry"],"yoast_head":"<!-- This site is optimized with the Yoast SEO plugin v27.2 - https:\/\/yoast.com\/product\/yoast-seo-wordpress\/ -->\n<title>2021 - Les Rencontres de Port-Royal - FHU Prem&#039;IMPACT<\/title>\n<meta name=\"robots\" content=\"index, follow, max-snippet:-1, max-image-preview:large, max-video-preview:-1\" \/>\n<link rel=\"canonical\" href=\"https:\/\/fhu-premimpact.org\/en\/enseignement\/formations-et-dpc\/les-rencontres-de-port-royal-2020\/\" \/>\n<meta property=\"og:locale\" content=\"en_US\" \/>\n<meta property=\"og:type\" content=\"article\" \/>\n<meta property=\"og:title\" content=\"2021 - Les Rencontres de Port-Royal - FHU Prem&#039;IMPACT\" \/>\n<meta property=\"og:description\" content=\"Le&nbsp;Pr Fran\u00e7ois GOFFINET et le Comit\u00e9 scientifiquesous la Pr\u00e9sidence du Pr Lo\u00efc SENTILHES&nbsp;ont le plaisir de vous annoncer les prochaines &nbsp;Rencontres de Port-Royal &#8220;Choisir la voie d&#8217;accouchement&#8221; Samedi 20 novembre 2021 En partenariat avec la FHU PREMA et le Service de Gyn\u00e9cologie Obst\u00e9trique du CHU de Bordeaux (H\u00f4pital Raymond Pellegrin) Le programme S&#8217;inscrire en ligne [&hellip;]\" \/>\n<meta property=\"og:url\" content=\"https:\/\/fhu-premimpact.org\/en\/enseignement\/formations-et-dpc\/les-rencontres-de-port-royal-2020\/\" \/>\n<meta property=\"og:site_name\" content=\"FHU Prem&#039;IMPACT\" \/>\n<meta property=\"article:modified_time\" content=\"2026-04-23T13:50:09+00:00\" \/>\n<meta name=\"twitter:card\" content=\"summary_large_image\" \/>\n<meta name=\"twitter:label1\" content=\"Est. reading time\" \/>\n\t<meta name=\"twitter:data1\" content=\"1 minute\" \/>\n<script type=\"application\/ld+json\" class=\"yoast-schema-graph\">{\"@context\":\"https:\/\/schema.org\",\"@graph\":[{\"@type\":\"WebPage\",\"@id\":\"https:\/\/fhu-premimpact.org\/en\/enseignement\/formations-et-dpc\/les-rencontres-de-port-royal-2020\/\",\"url\":\"https:\/\/fhu-premimpact.org\/en\/enseignement\/formations-et-dpc\/les-rencontres-de-port-royal-2020\/\",\"name\":\"2021 - Les Rencontres de Port-Royal - FHU Prem&#039;IMPACT\",\"isPartOf\":{\"@id\":\"https:\/\/fhu-premimpact.org\/en\/#website\"},\"datePublished\":\"2020-06-06T13:57:37+00:00\",\"dateModified\":\"2026-04-23T13:50:09+00:00\",\"breadcrumb\":{\"@id\":\"https:\/\/fhu-premimpact.org\/en\/enseignement\/formations-et-dpc\/les-rencontres-de-port-royal-2020\/#breadcrumb\"},\"inLanguage\":\"en-US\",\"potentialAction\":[{\"@type\":\"ReadAction\",\"target\":[\"https:\/\/fhu-premimpact.org\/en\/enseignement\/formations-et-dpc\/les-rencontres-de-port-royal-2020\/\"]}]},{\"@type\":\"BreadcrumbList\",\"@id\":\"https:\/\/fhu-premimpact.org\/en\/enseignement\/formations-et-dpc\/les-rencontres-de-port-royal-2020\/#breadcrumb\",\"itemListElement\":[{\"@type\":\"ListItem\",\"position\":1,\"name\":\"Accueil\",\"item\":\"https:\/\/fhu-premimpact.org\/en\/\"},{\"@type\":\"ListItem\",\"position\":2,\"name\":\"Enseignement\",\"item\":\"https:\/\/fhu-premimpact.org\/en\/enseignement\/\"},{\"@type\":\"ListItem\",\"position\":3,\"name\":\"S\u00e9minaires et formations\",\"item\":\"https:\/\/fhu-premimpact.org\/en\/enseignement\/formations-et-dpc\/\"},{\"@type\":\"ListItem\",\"position\":4,\"name\":\"2021 &#8211; Les Rencontres de Port-Royal\"}]},{\"@type\":\"WebSite\",\"@id\":\"https:\/\/fhu-premimpact.org\/en\/#website\",\"url\":\"https:\/\/fhu-premimpact.org\/en\/\",\"name\":\"FHU PREM'IMPACT\",\"description\":\"Perinatal inflammation and prematurity\",\"publisher\":{\"@id\":\"https:\/\/fhu-premimpact.org\/en\/#organization\"},\"potentialAction\":[{\"@type\":\"SearchAction\",\"target\":{\"@type\":\"EntryPoint\",\"urlTemplate\":\"https:\/\/fhu-premimpact.org\/en\/?s={search_term_string}\"},\"query-input\":{\"@type\":\"PropertyValueSpecification\",\"valueRequired\":true,\"valueName\":\"search_term_string\"}}],\"inLanguage\":\"en-US\"},{\"@type\":\"Organization\",\"@id\":\"https:\/\/fhu-premimpact.org\/en\/#organization\",\"name\":\"FHU PREM'IMPACT\",\"url\":\"https:\/\/fhu-premimpact.org\/en\/\",\"logo\":{\"@type\":\"ImageObject\",\"inLanguage\":\"en-US\",\"@id\":\"https:\/\/fhu-premimpact.org\/en\/#\/schema\/logo\/image\/\",\"url\":\"https:\/\/fhu-premimpact.org\/wp-content\/uploads\/2025\/03\/logo-grand-centre-fhupremimpact.jpg\",\"contentUrl\":\"https:\/\/fhu-premimpact.org\/wp-content\/uploads\/2025\/03\/logo-grand-centre-fhupremimpact.jpg\",\"width\":1280,\"height\":720,\"caption\":\"FHU PREM'IMPACT\"},\"image\":{\"@id\":\"https:\/\/fhu-premimpact.org\/en\/#\/schema\/logo\/image\/\"},\"sameAs\":[\"https:\/\/www.instagram.com\/fhupremimpact\/\",\"https:\/\/www.linkedin.com\/in\/fhu-prem-impact-ap-hp-inserm-universit-paris-cit-70b911253\/\"]}]}<\/script>\n<!-- \/ Yoast SEO plugin. -->","yoast_head_json":{"title":"2021 - Les Rencontres de Port-Royal - FHU Prem&#039;IMPACT","robots":{"index":"index","follow":"follow","max-snippet":"max-snippet:-1","max-image-preview":"max-image-preview:large","max-video-preview":"max-video-preview:-1"},"canonical":"https:\/\/fhu-premimpact.org\/en\/enseignement\/formations-et-dpc\/les-rencontres-de-port-royal-2020\/","og_locale":"en_US","og_type":"article","og_title":"2021 - Les Rencontres de Port-Royal - FHU Prem&#039;IMPACT","og_description":"Le&nbsp;Pr Fran\u00e7ois GOFFINET et le Comit\u00e9 scientifiquesous la Pr\u00e9sidence du Pr Lo\u00efc SENTILHES&nbsp;ont le plaisir de vous annoncer les prochaines &nbsp;Rencontres de Port-Royal &#8220;Choisir la voie d&#8217;accouchement&#8221; Samedi 20 novembre 2021 En partenariat avec la FHU PREMA et le Service de Gyn\u00e9cologie Obst\u00e9trique du CHU de Bordeaux (H\u00f4pital Raymond Pellegrin) Le programme S&#8217;inscrire en ligne [&hellip;]","og_url":"https:\/\/fhu-premimpact.org\/en\/enseignement\/formations-et-dpc\/les-rencontres-de-port-royal-2020\/","og_site_name":"FHU Prem&#039;IMPACT","article_modified_time":"2026-04-23T13:50:09+00:00","twitter_card":"summary_large_image","twitter_misc":{"Est. reading time":"1 minute"},"schema":{"@context":"https:\/\/schema.org","@graph":[{"@type":"WebPage","@id":"https:\/\/fhu-premimpact.org\/en\/enseignement\/formations-et-dpc\/les-rencontres-de-port-royal-2020\/","url":"https:\/\/fhu-premimpact.org\/en\/enseignement\/formations-et-dpc\/les-rencontres-de-port-royal-2020\/","name":"2021 - Les Rencontres de Port-Royal - FHU Prem&#039;IMPACT","isPartOf":{"@id":"https:\/\/fhu-premimpact.org\/en\/#website"},"datePublished":"2020-06-06T13:57:37+00:00","dateModified":"2026-04-23T13:50:09+00:00","breadcrumb":{"@id":"https:\/\/fhu-premimpact.org\/en\/enseignement\/formations-et-dpc\/les-rencontres-de-port-royal-2020\/#breadcrumb"},"inLanguage":"en-US","potentialAction":[{"@type":"ReadAction","target":["https:\/\/fhu-premimpact.org\/en\/enseignement\/formations-et-dpc\/les-rencontres-de-port-royal-2020\/"]}]},{"@type":"BreadcrumbList","@id":"https:\/\/fhu-premimpact.org\/en\/enseignement\/formations-et-dpc\/les-rencontres-de-port-royal-2020\/#breadcrumb","itemListElement":[{"@type":"ListItem","position":1,"name":"Accueil","item":"https:\/\/fhu-premimpact.org\/en\/"},{"@type":"ListItem","position":2,"name":"Enseignement","item":"https:\/\/fhu-premimpact.org\/en\/enseignement\/"},{"@type":"ListItem","position":3,"name":"S\u00e9minaires et formations","item":"https:\/\/fhu-premimpact.org\/en\/enseignement\/formations-et-dpc\/"},{"@type":"ListItem","position":4,"name":"2021 &#8211; Les Rencontres de Port-Royal"}]},{"@type":"WebSite","@id":"https:\/\/fhu-premimpact.org\/en\/#website","url":"https:\/\/fhu-premimpact.org\/en\/","name":"FHU PREM'IMPACT","description":"Perinatal inflammation and prematurity","publisher":{"@id":"https:\/\/fhu-premimpact.org\/en\/#organization"},"potentialAction":[{"@type":"SearchAction","target":{"@type":"EntryPoint","urlTemplate":"https:\/\/fhu-premimpact.org\/en\/?s={search_term_string}"},"query-input":{"@type":"PropertyValueSpecification","valueRequired":true,"valueName":"search_term_string"}}],"inLanguage":"en-US"},{"@type":"Organization","@id":"https:\/\/fhu-premimpact.org\/en\/#organization","name":"FHU PREM'IMPACT","url":"https:\/\/fhu-premimpact.org\/en\/","logo":{"@type":"ImageObject","inLanguage":"en-US","@id":"https:\/\/fhu-premimpact.org\/en\/#\/schema\/logo\/image\/","url":"https:\/\/fhu-premimpact.org\/wp-content\/uploads\/2025\/03\/logo-grand-centre-fhupremimpact.jpg","contentUrl":"https:\/\/fhu-premimpact.org\/wp-content\/uploads\/2025\/03\/logo-grand-centre-fhupremimpact.jpg","width":1280,"height":720,"caption":"FHU PREM'IMPACT"},"image":{"@id":"https:\/\/fhu-premimpact.org\/en\/#\/schema\/logo\/image\/"},"sameAs":["https:\/\/www.instagram.com\/fhupremimpact\/","https:\/\/www.linkedin.com\/in\/fhu-prem-impact-ap-hp-inserm-universit-paris-cit-70b911253\/"]}]}},"uagb_featured_image_src":{"full":false,"thumbnail":false,"medium":false,"medium_large":false,"large":false,"1536x1536":false,"2048x2048":false,"post-thumbnail":false,"twentytwenty-fullscreen":false},"uagb_author_info":{"display_name":"Laurence Lecomte","author_link":"https:\/\/fhu-premimpact.org\/en\/author\/laurence-lecomte\/"},"uagb_comment_info":0,"uagb_excerpt":"Le&nbsp;Pr Fran\u00e7ois GOFFINET et le Comit\u00e9 scientifiquesous la Pr\u00e9sidence du Pr Lo\u00efc SENTILHES&nbsp;ont le plaisir de vous annoncer les prochaines &nbsp;Rencontres de Port-Royal &#8220;Choisir la voie d&#8217;accouchement&#8221; Samedi 20 novembre 2021 En partenariat avec la FHU PREMA et le Service de Gyn\u00e9cologie Obst\u00e9trique du CHU de Bordeaux (H\u00f4pital Raymond Pellegrin) Le programme S&#8217;inscrire en ligne&hellip;","_links":{"self":[{"href":"https:\/\/fhu-premimpact.org\/en\/wp-json\/wp\/v2\/pages\/1726","targetHints":{"allow":["GET"]}}],"collection":[{"href":"https:\/\/fhu-premimpact.org\/en\/wp-json\/wp\/v2\/pages"}],"about":[{"href":"https:\/\/fhu-premimpact.org\/en\/wp-json\/wp\/v2\/types\/page"}],"author":[{"embeddable":true,"href":"https:\/\/fhu-premimpact.org\/en\/wp-json\/wp\/v2\/users\/87"}],"replies":[{"embeddable":true,"href":"https:\/\/fhu-premimpact.org\/en\/wp-json\/wp\/v2\/comments?post=1726"}],"version-history":[{"count":12,"href":"https:\/\/fhu-premimpact.org\/en\/wp-json\/wp\/v2\/pages\/1726\/revisions"}],"predecessor-version":[{"id":7061,"href":"https:\/\/fhu-premimpact.org\/en\/wp-json\/wp\/v2\/pages\/1726\/revisions\/7061"}],"up":[{"embeddable":true,"href":"https:\/\/fhu-premimpact.org\/en\/wp-json\/wp\/v2\/pages\/257"}],"wp:attachment":[{"href":"https:\/\/fhu-premimpact.org\/en\/wp-json\/wp\/v2\/media?parent=1726"}],"curies":[{"name":"wp","href":"https:\/\/api.w.org\/{rel}","templated":true}]}}